{"id":21146,"date":"2025-03-16T12:20:16","date_gmt":"2025-03-16T16:20:16","guid":{"rendered":"https:\/\/victoriavynn.ca\/product\/staleks-carbide-nail-drill-bit-flame-blue-head-diameter-5mm-working-part-13-5mm-ft10b050-13-5\/"},"modified":"2026-03-04T18:40:35","modified_gmt":"2026-03-04T23:40:35","slug":"staleks-carbide-nail-drill-bit-flame-blue-head-diameter-5mm-working-part-13-5mm-ft10b050-13-5","status":"publish","type":"product","link":"https:\/\/victoriavynn.ca\/fr\/product\/staleks-carbide-nail-drill-bit-flame-blue-head-diameter-5mm-working-part-13-5mm-ft10b050-13-5\/","title":{"rendered":"Staleks Carbide Nail Drill Bit, \"Flame\", Blue, Head Diameter 5mm, Working Part 13.5mm (FT10B050\/13.5)"},"content":{"rendered":"","protected":false},"excerpt":{"rendered":"<p>FT10B050\/13.5<\/p>","protected":false},"featured_media":21147,"comment_status":"open","ping_status":"closed","template":"","meta":{"jetpack_post_was_ever_published":false,"jetpack_publicize_message":"","jetpack_publicize_feature_enabled":true,"jetpack_social_post_already_shared":true,"jetpack_social_options":{"image_generator_settings":{"template":"highway","default_image_id":0,"font":"","enabled":false},"version":2}},"product_brand":[935],"product_cat":[365],"product_tag":[603],"class_list":{"0":"post-21146","1":"product","2":"type-product","3":"status-publish","4":"has-post-thumbnail","6":"product_brand-staleks","7":"product_cat-staleks-nail-bits","8":"product_tag-carbide-drill-bits","10":"first","11":"instock","12":"taxable","13":"shipping-taxable","14":"purchasable","15":"product-type-simple"},"jetpack_publicize_connections":[],"jetpack-related-posts":[{"id":14397,"url":"https:\/\/victoriavynn.ca\/fr\/product\/staleks-pro-flame-carbide-nail-bit\/","url_meta":{"origin":21146,"position":0},"title":"Staleks PRO Carbide Nail Drill Bit \"Flame\" (m\u00e8che \u00e0 clous en carbure)","author":"Serge Sahakian","date":"juillet 5, 2023","format":false,"excerpt":"Staleks PRO Flame Carbide Nail Bit Staleks se consacre \u00e0 la qualit\u00e9 de ses produits. L'acier utilis\u00e9 pour la production des embouts est exceptionnellement r\u00e9sistant \u00e0 la corrosion et poss\u00e8de une duret\u00e9 in\u00e9gal\u00e9e, garantissant un tranchant durable. Nous nous sommes associ\u00e9s \u00e0 Staleks au Canada pour fournir un ensemble complet de produits professionnels \u00e0...","rel":"","context":"Similar post","block_context":{"text":"Similar post","link":""},"img":{"alt_text":"Staleks PRO flame carbide nail bit head diameter 5mm working part 13.5mm FT10R050:13.5","src":"https:\/\/i0.wp.com\/victoriavynn.ca\/wp-content\/uploads\/2023\/07\/staleks-pro-flame-carbide-nail-bit-head-diameter-5mm-working-part-13.5mm-ft10r05013.5-.webp?fit=750%2C1000&ssl=1&resize=350%2C200","width":350,"height":200,"srcset":"https:\/\/i0.wp.com\/victoriavynn.ca\/wp-content\/uploads\/2023\/07\/staleks-pro-flame-carbide-nail-bit-head-diameter-5mm-working-part-13.5mm-ft10r05013.5-.webp?fit=750%2C1000&ssl=1&resize=350%2C200 1x, https:\/\/i0.wp.com\/victoriavynn.ca\/wp-content\/uploads\/2023\/07\/staleks-pro-flame-carbide-nail-bit-head-diameter-5mm-working-part-13.5mm-ft10r05013.5-.webp?fit=750%2C1000&ssl=1&resize=525%2C300 1.5x, https:\/\/i0.wp.com\/victoriavynn.ca\/wp-content\/uploads\/2023\/07\/staleks-pro-flame-carbide-nail-bit-head-diameter-5mm-working-part-13.5mm-ft10r05013.5-.webp?fit=750%2C1000&ssl=1&resize=700%2C400 2x"},"classes":[]},{"id":21144,"url":"https:\/\/victoriavynn.ca\/fr\/product\/staleks-carbide-nail-drill-bit-corn-blue-head-diameter-4mm-working-part-14mm-ft90b040-14\/","url_meta":{"origin":21146,"position":1},"title":"Staleks Carbide Nail Drill Bit, \"Corn\", bleu, diam\u00e8tre de la t\u00eate 4mm, partie travaillante 14mm (FT90B040\/14)","author":"Serge Sahakian","date":"mars 16, 2025","format":false,"excerpt":"FT90B040\/14","rel":"","context":"Similar post","block_context":{"text":"Similar post","link":""},"img":{"alt_text":"","src":"https:\/\/i0.wp.com\/victoriavynn.ca\/wp-content\/uploads\/2025\/03\/ft90b040_14_result.jpg?fit=1200%2C1200&ssl=1&resize=350%2C200","width":350,"height":200,"srcset":"https:\/\/i0.wp.com\/victoriavynn.ca\/wp-content\/uploads\/2025\/03\/ft90b040_14_result.jpg?fit=1200%2C1200&ssl=1&resize=350%2C200 1x, https:\/\/i0.wp.com\/victoriavynn.ca\/wp-content\/uploads\/2025\/03\/ft90b040_14_result.jpg?fit=1200%2C1200&ssl=1&resize=525%2C300 1.5x, https:\/\/i0.wp.com\/victoriavynn.ca\/wp-content\/uploads\/2025\/03\/ft90b040_14_result.jpg?fit=1200%2C1200&ssl=1&resize=700%2C400 2x, https:\/\/i0.wp.com\/victoriavynn.ca\/wp-content\/uploads\/2025\/03\/ft90b040_14_result.jpg?fit=1200%2C1200&ssl=1&resize=1050%2C600 3x"},"classes":[]},{"id":21150,"url":"https:\/\/victoriavynn.ca\/fr\/product\/staleks-carbide-nail-drill-bit-pine-cone-blue-head-diameter-6mm-working-part-14mm-ft110b060-14\/","url_meta":{"origin":21146,"position":2},"title":"Staleks Carbide Nail Drill Bit, \"Pine Cone\", Blue, Head Diameter 6mm, Working Part 14mm (FT110B060\/14)","author":"Serge Sahakian","date":"mars 16, 2025","format":false,"excerpt":"FT110B060\/14","rel":"","context":"Similar post","block_context":{"text":"Similar post","link":""},"img":{"alt_text":"","src":"https:\/\/i0.wp.com\/victoriavynn.ca\/wp-content\/uploads\/2025\/03\/ft110b060_14_result.jpg?fit=1200%2C1200&ssl=1&resize=350%2C200","width":350,"height":200,"srcset":"https:\/\/i0.wp.com\/victoriavynn.ca\/wp-content\/uploads\/2025\/03\/ft110b060_14_result.jpg?fit=1200%2C1200&ssl=1&resize=350%2C200 1x, https:\/\/i0.wp.com\/victoriavynn.ca\/wp-content\/uploads\/2025\/03\/ft110b060_14_result.jpg?fit=1200%2C1200&ssl=1&resize=525%2C300 1.5x, https:\/\/i0.wp.com\/victoriavynn.ca\/wp-content\/uploads\/2025\/03\/ft110b060_14_result.jpg?fit=1200%2C1200&ssl=1&resize=700%2C400 2x, https:\/\/i0.wp.com\/victoriavynn.ca\/wp-content\/uploads\/2025\/03\/ft110b060_14_result.jpg?fit=1200%2C1200&ssl=1&resize=1050%2C600 3x"},"classes":[]},{"id":21133,"url":"https:\/\/victoriavynn.ca\/fr\/product\/staleks-carbide-nail-drill-bit-cone-blue-head-diameter-6mm-working-part-14mm-for-left-handed-users-ft73b060-14\/","url_meta":{"origin":21146,"position":3},"title":"Staleks Carbide Nail Drill Bit, \"Cone\", Blue, Head Diameter 6mm, Working Part 14mm - Pour gauchers (FT73B060\/14)","author":"Serge Sahakian","date":"mars 15, 2025","format":false,"excerpt":"FT73B060\/14","rel":"","context":"Similar post","block_context":{"text":"Similar post","link":""},"img":{"alt_text":"","src":"https:\/\/i0.wp.com\/victoriavynn.ca\/wp-content\/uploads\/2025\/03\/ft73b060_14_result.jpg?fit=1200%2C1200&ssl=1&resize=350%2C200","width":350,"height":200,"srcset":"https:\/\/i0.wp.com\/victoriavynn.ca\/wp-content\/uploads\/2025\/03\/ft73b060_14_result.jpg?fit=1200%2C1200&ssl=1&resize=350%2C200 1x, https:\/\/i0.wp.com\/victoriavynn.ca\/wp-content\/uploads\/2025\/03\/ft73b060_14_result.jpg?fit=1200%2C1200&ssl=1&resize=525%2C300 1.5x, https:\/\/i0.wp.com\/victoriavynn.ca\/wp-content\/uploads\/2025\/03\/ft73b060_14_result.jpg?fit=1200%2C1200&ssl=1&resize=700%2C400 2x, https:\/\/i0.wp.com\/victoriavynn.ca\/wp-content\/uploads\/2025\/03\/ft73b060_14_result.jpg?fit=1200%2C1200&ssl=1&resize=1050%2C600 3x"},"classes":[]},{"id":21116,"url":"https:\/\/victoriavynn.ca\/fr\/product\/staleks-diamond-nail-drill-bit-match-blue-head-diameter-2-3mm-working-part-5mm-fa120b023-5\/","url_meta":{"origin":21146,"position":4},"title":"Staleks M\u00e8che diamant\u00e9e pour clous \"Match\", bleu, diam\u00e8tre de la t\u00eate 2.3mm, partie utile 5mm (FA120B023\/5)","author":"Serge Sahakian","date":"mars 14, 2025","format":false,"excerpt":"FA120B023\/5","rel":"","context":"Similar post","block_context":{"text":"Similar post","link":""},"img":{"alt_text":"","src":"https:\/\/i0.wp.com\/victoriavynn.ca\/wp-content\/uploads\/2025\/03\/fa120b023_5-1_result.jpg?fit=1200%2C1200&ssl=1&resize=350%2C200","width":350,"height":200,"srcset":"https:\/\/i0.wp.com\/victoriavynn.ca\/wp-content\/uploads\/2025\/03\/fa120b023_5-1_result.jpg?fit=1200%2C1200&ssl=1&resize=350%2C200 1x, https:\/\/i0.wp.com\/victoriavynn.ca\/wp-content\/uploads\/2025\/03\/fa120b023_5-1_result.jpg?fit=1200%2C1200&ssl=1&resize=525%2C300 1.5x, https:\/\/i0.wp.com\/victoriavynn.ca\/wp-content\/uploads\/2025\/03\/fa120b023_5-1_result.jpg?fit=1200%2C1200&ssl=1&resize=700%2C400 2x, https:\/\/i0.wp.com\/victoriavynn.ca\/wp-content\/uploads\/2025\/03\/fa120b023_5-1_result.jpg?fit=1200%2C1200&ssl=1&resize=1050%2C600 3x"},"classes":[]},{"id":21127,"url":"https:\/\/victoriavynn.ca\/fr\/product\/staleks-carbide-nail-drill-bit-nail-cleaner-diameter-1-2mm-working-part-2-5mm-ft11-012-2-5\/","url_meta":{"origin":21146,"position":5},"title":"Staleks Carbide Nail Drill Bit, \"Nail Cleaner\", Diameter 1.2mm, Working Part 2.5mm (FT11\/012\/2.5)","author":"Serge Sahakian","date":"mars 15, 2025","format":false,"excerpt":"FT11\/012\/2.5,Staleks Carbide Nail Drill, \"Nail Cleaner\", Diameter 1.2mm, Working Part 2.5mm (FT11\/012\/2.5) 1,Staleks Carbide Nail Drill Bit, \"Nail Cleaner\", Diameter 1.2mm, Working Part 2.5mm (FT11\/012\/2.5) 2","rel":"","context":"Similar post","block_context":{"text":"Similar post","link":""},"img":{"alt_text":"","src":"https:\/\/i0.wp.com\/victoriavynn.ca\/wp-content\/uploads\/2025\/03\/ft1101225_1_result.jpg?fit=1200%2C1200&ssl=1&resize=350%2C200","width":350,"height":200,"srcset":"https:\/\/i0.wp.com\/victoriavynn.ca\/wp-content\/uploads\/2025\/03\/ft1101225_1_result.jpg?fit=1200%2C1200&ssl=1&resize=350%2C200 1x, https:\/\/i0.wp.com\/victoriavynn.ca\/wp-content\/uploads\/2025\/03\/ft1101225_1_result.jpg?fit=1200%2C1200&ssl=1&resize=525%2C300 1.5x, https:\/\/i0.wp.com\/victoriavynn.ca\/wp-content\/uploads\/2025\/03\/ft1101225_1_result.jpg?fit=1200%2C1200&ssl=1&resize=700%2C400 2x, https:\/\/i0.wp.com\/victoriavynn.ca\/wp-content\/uploads\/2025\/03\/ft1101225_1_result.jpg?fit=1200%2C1200&ssl=1&resize=1050%2C600 3x"},"classes":[]}],"jetpack_sharing_enabled":true,"_links":{"self":[{"href":"https:\/\/victoriavynn.ca\/fr\/wp-json\/wp\/v2\/product\/21146","targetHints":{"allow":["GET"]}}],"collection":[{"href":"https:\/\/victoriavynn.ca\/fr\/wp-json\/wp\/v2\/product"}],"about":[{"href":"https:\/\/victoriavynn.ca\/fr\/wp-json\/wp\/v2\/types\/product"}],"replies":[{"embeddable":true,"href":"https:\/\/victoriavynn.ca\/fr\/wp-json\/wp\/v2\/comments?post=21146"}],"wp:featuredmedia":[{"embeddable":true,"href":"https:\/\/victoriavynn.ca\/fr\/wp-json\/wp\/v2\/media\/21147"}],"wp:attachment":[{"href":"https:\/\/victoriavynn.ca\/fr\/wp-json\/wp\/v2\/media?parent=21146"}],"wp:term":[{"taxonomy":"product_brand","embeddable":true,"href":"https:\/\/victoriavynn.ca\/fr\/wp-json\/wp\/v2\/product_brand?post=21146"},{"taxonomy":"product_cat","embeddable":true,"href":"https:\/\/victoriavynn.ca\/fr\/wp-json\/wp\/v2\/product_cat?post=21146"},{"taxonomy":"product_tag","embeddable":true,"href":"https:\/\/victoriavynn.ca\/fr\/wp-json\/wp\/v2\/product_tag?post=21146"}],"curies":[{"name":"wp","href":"https:\/\/api.w.org\/{rel}","templated":true}]}}