{"id":21181,"date":"2025-03-19T11:05:18","date_gmt":"2025-03-19T15:05:18","guid":{"rendered":"https:\/\/victoriavynn.ca\/product\/victoria-vynn-pomodoro-pure-creamy-hybrid-collection-display\/"},"modified":"2026-02-13T18:34:14","modified_gmt":"2026-02-13T23:34:14","slug":"victoria-vynn-pomodoro-pure-creamy-hybrid-collection-display","status":"publish","type":"product","link":"https:\/\/victoriavynn.ca\/fr\/product\/victoria-vynn-pomodoro-pure-creamy-hybrid-collection-display\/","title":{"rendered":"Victoria VYNN Pomodoro Pure Creamy Hybrid Collection Display"},"content":{"rendered":"","protected":false},"excerpt":{"rendered":"","protected":false},"featured_media":21182,"comment_status":"open","ping_status":"closed","template":"","meta":{"jetpack_post_was_ever_published":false,"jetpack_publicize_message":"","jetpack_publicize_feature_enabled":true,"jetpack_social_post_already_shared":true,"jetpack_social_options":{"image_generator_settings":{"template":"highway","default_image_id":0,"font":"","enabled":false},"version":2}},"product_brand":[],"product_cat":[31],"product_tag":[875],"class_list":{"0":"post-21181","1":"product","2":"type-product","3":"status-publish","4":"has-post-thumbnail","6":"product_cat-nail-tools-and-accessories","7":"product_tag-pure-creamy-hybrid-pomodoro-collection","9":"first","10":"instock","11":"taxable","12":"shipping-taxable","13":"purchasable","14":"product-type-simple"},"jetpack_publicize_connections":[],"jetpack-related-posts":[{"id":20760,"url":"https:\/\/victoriavynn.ca\/fr\/product\/victoria-vynn-pomodoro-pure-creamy-hybrid-collection-color-chart-250-267\/","url_meta":{"origin":21181,"position":0},"title":"Victoria VYNN Pomodoro Pure Creamy Hybrid Collection Nuancier 262-267","author":"Serge Sahakian","date":"f\u00e9vrier 10, 2025","format":false,"excerpt":"Victoria VYNN Hybrid Pure Creamy Gel Polish Pomodoro Collection. Une touche d\u00e9licate, une \u00e9nergie \u00e9lectrisante, une tension croissante - c'est la magie du flirt dans le monde des couleurs s\u00e9duisantes de POMODORO ! Le syst\u00e8me Pure Creamy Hybrid comprend des vernis hybrides cr\u00e9meux d'une couverture et d'une durabilit\u00e9 excellentes. Il s'agit d'une formule...","rel":"","context":"Similar post","block_context":{"text":"Similar post","link":""},"img":{"alt_text":"Victoria VYNN Pure Creamy Hybrid Pomodoro Collection No. 262-267","src":"https:\/\/i0.wp.com\/victoriavynn.ca\/wp-content\/uploads\/2025\/02\/victoria-vynn-pure-creamy-hybrid-pomodoro-collection-no.-262-267-1-3.webp?resize=350%2C200&ssl=1","width":350,"height":200,"srcset":"https:\/\/i0.wp.com\/victoriavynn.ca\/wp-content\/uploads\/2025\/02\/victoria-vynn-pure-creamy-hybrid-pomodoro-collection-no.-262-267-1-3.webp?resize=350%2C200&ssl=1 1x, https:\/\/i0.wp.com\/victoriavynn.ca\/wp-content\/uploads\/2025\/02\/victoria-vynn-pure-creamy-hybrid-pomodoro-collection-no.-262-267-1-3.webp?resize=525%2C300&ssl=1 1.5x, https:\/\/i0.wp.com\/victoriavynn.ca\/wp-content\/uploads\/2025\/02\/victoria-vynn-pure-creamy-hybrid-pomodoro-collection-no.-262-267-1-3.webp?resize=700%2C400&ssl=1 2x"},"classes":[]},{"id":20607,"url":"https:\/\/victoriavynn.ca\/fr\/product\/victoria-vynn-8-pack-promo-set-pomodoro-pure-262-267-base-top-free\/","url_meta":{"origin":21181,"position":1},"title":"Victoria VYNN 8 Pack Promo Set Pomodoro Pure 262-267 + Base &amp; Top Free","author":"Serge Sahakian","date":"f\u00e9vrier 7, 2025","format":false,"excerpt":"Victoria VYNN Hybrid Pure Creamy Gel Polish Pomodoro Collection. Une touche d\u00e9licate, une \u00e9nergie \u00e9lectrisante, une tension croissante - c'est la magie du flirt dans le monde des couleurs s\u00e9duisantes de POMODORO ! Le syst\u00e8me Pure Creamy Hybrid comprend des vernis hybrides cr\u00e9meux d'une couverture et d'une durabilit\u00e9 excellentes. Il s'agit d'une formule...","rel":"","context":"Similar post","block_context":{"text":"Similar post","link":""},"img":{"alt_text":"Victoria VYNN Pure Creamy Hybrid Pomodoro Collection No. 262-267 promotion","src":"https:\/\/i0.wp.com\/victoriavynn.ca\/wp-content\/uploads\/2025\/02\/victoria-vynn-pure-creamy-hybrid-pomodoro-collection-no.-262-267-promotion-.webp?resize=350%2C200&ssl=1","width":350,"height":200,"srcset":"https:\/\/i0.wp.com\/victoriavynn.ca\/wp-content\/uploads\/2025\/02\/victoria-vynn-pure-creamy-hybrid-pomodoro-collection-no.-262-267-promotion-.webp?resize=350%2C200&ssl=1 1x, https:\/\/i0.wp.com\/victoriavynn.ca\/wp-content\/uploads\/2025\/02\/victoria-vynn-pure-creamy-hybrid-pomodoro-collection-no.-262-267-promotion-.webp?resize=525%2C300&ssl=1 1.5x, https:\/\/i0.wp.com\/victoriavynn.ca\/wp-content\/uploads\/2025\/02\/victoria-vynn-pure-creamy-hybrid-pomodoro-collection-no.-262-267-promotion-.webp?resize=700%2C400&ssl=1 2x"},"classes":[]},{"id":20595,"url":"https:\/\/victoriavynn.ca\/fr\/product\/victoria-vynn-pure-creamy-hybrid-gel-polish-no-267-maestro\/","url_meta":{"origin":21181,"position":2},"title":"Victoria VYNN Pure Creamy Hybrid Gel Polish No. 267 Maestro !","author":"Serge Sahakian","date":"f\u00e9vrier 7, 2025","format":false,"excerpt":"Victoria VYNN Hybrid Pure Creamy Gel Polish Maestro ! No. 267 est un rose \u00e9carlate sophistiqu\u00e9 avec une nuance de violet. Le syst\u00e8me Pure Creamy Hybrid comprend des vernis hybrides cr\u00e9meux d'une couverture et d'une durabilit\u00e9 excellentes. C'est une formule avec un indice de s\u00e9curit\u00e9 \u00e9lev\u00e9, sans odeur irritante et qui s'enl\u00e8ve avec...","rel":"","context":"Similar post","block_context":{"text":"Similar post","link":""},"img":{"alt_text":"Victoria VYNN Pure Creamy Hybrid Pomodoro Collection No. 267 MAESTRO!","src":"https:\/\/i0.wp.com\/victoriavynn.ca\/wp-content\/uploads\/2025\/02\/victoria-vynn-pure-creamy-hybrid-pomodoro-collection-no.-267-maestro-.webp?resize=350%2C200&ssl=1","width":350,"height":200,"srcset":"https:\/\/i0.wp.com\/victoriavynn.ca\/wp-content\/uploads\/2025\/02\/victoria-vynn-pure-creamy-hybrid-pomodoro-collection-no.-267-maestro-.webp?resize=350%2C200&ssl=1 1x, https:\/\/i0.wp.com\/victoriavynn.ca\/wp-content\/uploads\/2025\/02\/victoria-vynn-pure-creamy-hybrid-pomodoro-collection-no.-267-maestro-.webp?resize=525%2C300&ssl=1 1.5x, https:\/\/i0.wp.com\/victoriavynn.ca\/wp-content\/uploads\/2025\/02\/victoria-vynn-pure-creamy-hybrid-pomodoro-collection-no.-267-maestro-.webp?resize=700%2C400&ssl=1 2x"},"classes":[]},{"id":20599,"url":"https:\/\/victoriavynn.ca\/fr\/product\/victoria-vynn-pure-creamy-hybrid-gel-polish-no-265-mamma-mia\/","url_meta":{"origin":21181,"position":3},"title":"Victoria VYNN Pure Creamy Hybrid Gel Polish No. 265 Mamma Mia","author":"Serge Sahakian","date":"f\u00e9vrier 7, 2025","format":false,"excerpt":"Victoria VYNN Hybrid Pure Creamy Gel Polish Mamma Mia No. 265 is a juicy red full of flavor and emotion. The Pure Creamy Hybrid system comprises creamy hybrid polishes of excellent coverage and durability. It\u2019s a formula with a high safety index, free off an irritating smell and removable with\u2026","rel":"","context":"Similar post","block_context":{"text":"Similar post","link":""},"img":{"alt_text":"Victoria VYNN Pure Creamy Hybrid Pomodoro Collection No. 265 Mamma mia","src":"https:\/\/i0.wp.com\/victoriavynn.ca\/wp-content\/uploads\/2025\/02\/victoria-vynn-pure-creamy-hybrid-pomodoro-collection-no.-265-mamma-mia-.webp?resize=350%2C200&ssl=1","width":350,"height":200,"srcset":"https:\/\/i0.wp.com\/victoriavynn.ca\/wp-content\/uploads\/2025\/02\/victoria-vynn-pure-creamy-hybrid-pomodoro-collection-no.-265-mamma-mia-.webp?resize=350%2C200&ssl=1 1x, https:\/\/i0.wp.com\/victoriavynn.ca\/wp-content\/uploads\/2025\/02\/victoria-vynn-pure-creamy-hybrid-pomodoro-collection-no.-265-mamma-mia-.webp?resize=525%2C300&ssl=1 1.5x, https:\/\/i0.wp.com\/victoriavynn.ca\/wp-content\/uploads\/2025\/02\/victoria-vynn-pure-creamy-hybrid-pomodoro-collection-no.-265-mamma-mia-.webp?resize=700%2C400&ssl=1 2x"},"classes":[]},{"id":20601,"url":"https:\/\/victoriavynn.ca\/fr\/product\/victoria-vynn-pure-creamy-hybrid-gel-polish-no-264-massimo\/","url_meta":{"origin":21181,"position":4},"title":"Victoria VYNN Pure Creamy Hybrid Gel Polish No. 264 Massimo","author":"Serge Sahakian","date":"f\u00e9vrier 7, 2025","format":false,"excerpt":"Victoria VYNN Hybrid Pure Creamy Gel Polish Massimo No. 264 is a seductive and bold shade of red. The Pure Creamy Hybrid system comprises creamy hybrid polishes of excellent coverage and durability. It\u2019s a formula with a high safety index, free off an irritating smell and removable with cosmetic alcohol.\u2026","rel":"","context":"Similar post","block_context":{"text":"Similar post","link":""},"img":{"alt_text":"Victoria VYNN Pure Creamy Hybrid Pomodoro Collection No. 264 Massimo","src":"https:\/\/i0.wp.com\/victoriavynn.ca\/wp-content\/uploads\/2025\/02\/victoria-vynn-pure-creamy-hybrid-pomodoro-collection-no.-264-massimo-.webp?resize=350%2C200&ssl=1","width":350,"height":200,"srcset":"https:\/\/i0.wp.com\/victoriavynn.ca\/wp-content\/uploads\/2025\/02\/victoria-vynn-pure-creamy-hybrid-pomodoro-collection-no.-264-massimo-.webp?resize=350%2C200&ssl=1 1x, https:\/\/i0.wp.com\/victoriavynn.ca\/wp-content\/uploads\/2025\/02\/victoria-vynn-pure-creamy-hybrid-pomodoro-collection-no.-264-massimo-.webp?resize=525%2C300&ssl=1 1.5x, https:\/\/i0.wp.com\/victoriavynn.ca\/wp-content\/uploads\/2025\/02\/victoria-vynn-pure-creamy-hybrid-pomodoro-collection-no.-264-massimo-.webp?resize=700%2C400&ssl=1 2x"},"classes":[]},{"id":20605,"url":"https:\/\/victoriavynn.ca\/fr\/product\/victoria-vynn-pure-creamy-hybrid-gel-polish-no-262-stella-mozzarella\/","url_meta":{"origin":21181,"position":5},"title":"Victoria VYNN Pure Creamy Hybrid Gel Polish No. 262 Stella Mozzarella","author":"Serge Sahakian","date":"f\u00e9vrier 7, 2025","format":false,"excerpt":"Victoria VYNN Hybrid Pure Creamy Gel Polish Stella Mozzarella No. 262 est un blanc d\u00e9licat et laiteux. Le syst\u00e8me Pure Creamy Hybrid comprend des vernis hybrides cr\u00e9meux d'une couverture et d'une durabilit\u00e9 excellentes. C'est une formule avec un indice de s\u00e9curit\u00e9 \u00e9lev\u00e9, sans odeur irritante et qui s'enl\u00e8ve avec de l'alcool cosm\u00e9tique. Durci seulement...","rel":"","context":"Similar post","block_context":{"text":"Similar post","link":""},"img":{"alt_text":"Victoria VYNN Pure Creamy Hybrid Pomodoro Collection No. 262 Stella Mozzarella","src":"https:\/\/i0.wp.com\/victoriavynn.ca\/wp-content\/uploads\/2025\/02\/victoria-vynn-pure-creamy-hybrid-pomodoro-collection-no.-262-stella-mozzarella.webp?resize=350%2C200&ssl=1","width":350,"height":200,"srcset":"https:\/\/i0.wp.com\/victoriavynn.ca\/wp-content\/uploads\/2025\/02\/victoria-vynn-pure-creamy-hybrid-pomodoro-collection-no.-262-stella-mozzarella.webp?resize=350%2C200&ssl=1 1x, https:\/\/i0.wp.com\/victoriavynn.ca\/wp-content\/uploads\/2025\/02\/victoria-vynn-pure-creamy-hybrid-pomodoro-collection-no.-262-stella-mozzarella.webp?resize=525%2C300&ssl=1 1.5x, https:\/\/i0.wp.com\/victoriavynn.ca\/wp-content\/uploads\/2025\/02\/victoria-vynn-pure-creamy-hybrid-pomodoro-collection-no.-262-stella-mozzarella.webp?resize=700%2C400&ssl=1 2x"},"classes":[]}],"jetpack_sharing_enabled":true,"_links":{"self":[{"href":"https:\/\/victoriavynn.ca\/fr\/wp-json\/wp\/v2\/product\/21181","targetHints":{"allow":["GET"]}}],"collection":[{"href":"https:\/\/victoriavynn.ca\/fr\/wp-json\/wp\/v2\/product"}],"about":[{"href":"https:\/\/victoriavynn.ca\/fr\/wp-json\/wp\/v2\/types\/product"}],"replies":[{"embeddable":true,"href":"https:\/\/victoriavynn.ca\/fr\/wp-json\/wp\/v2\/comments?post=21181"}],"wp:featuredmedia":[{"embeddable":true,"href":"https:\/\/victoriavynn.ca\/fr\/wp-json\/wp\/v2\/media\/21182"}],"wp:attachment":[{"href":"https:\/\/victoriavynn.ca\/fr\/wp-json\/wp\/v2\/media?parent=21181"}],"wp:term":[{"taxonomy":"product_brand","embeddable":true,"href":"https:\/\/victoriavynn.ca\/fr\/wp-json\/wp\/v2\/product_brand?post=21181"},{"taxonomy":"product_cat","embeddable":true,"href":"https:\/\/victoriavynn.ca\/fr\/wp-json\/wp\/v2\/product_cat?post=21181"},{"taxonomy":"product_tag","embeddable":true,"href":"https:\/\/victoriavynn.ca\/fr\/wp-json\/wp\/v2\/product_tag?post=21181"}],"curies":[{"name":"wp","href":"https:\/\/api.w.org\/{rel}","templated":true}]}}