{"id":21197,"date":"2025-03-19T11:35:23","date_gmt":"2025-03-19T15:35:23","guid":{"rendered":"https:\/\/victoriavynn.ca\/product\/pharm-foot-manuboost-15ml-manuka-line\/"},"modified":"2026-04-02T22:50:35","modified_gmt":"2026-04-03T02:50:35","slug":"pharmacie-pied-manuboost-15ml-ligne-manuka","status":"publish","type":"product","link":"https:\/\/victoriavynn.ca\/fr\/product\/pharm-foot-manuboost-15ml-manuka-line\/","title":{"rendered":"Pharm Foot manuBOOST 15ml (Ligne Manuka)"},"content":{"rendered":"","protected":false},"excerpt":{"rendered":"<p>S\u00c9RUM NOURRISSANT ET R\u00c9PARATEUR au manuka et \u00e0 la gel\u00e9e royale,Pharm Foot manuBOOST 15ml (Ligne Manuka) 1,Pharm Foot manuBOOST 15ml (Ligne Manuka) 2<\/p>","protected":false},"featured_media":21198,"comment_status":"open","ping_status":"closed","template":"","meta":{"jetpack_post_was_ever_published":false,"jetpack_publicize_message":"","jetpack_publicize_feature_enabled":true,"jetpack_social_post_already_shared":true,"jetpack_social_options":{"image_generator_settings":{"template":"highway","default_image_id":0,"font":"","enabled":false},"version":2}},"product_brand":[],"product_cat":[878],"product_tag":[879],"class_list":{"0":"post-21197","1":"product","2":"type-product","3":"status-publish","4":"has-post-thumbnail","6":"product_cat-manuka-line","7":"product_tag-manuka-line","9":"first","10":"instock","11":"taxable","12":"shipping-taxable","13":"purchasable","14":"product-type-simple"},"jetpack_publicize_connections":[],"jetpack-related-posts":[{"id":21223,"url":"https:\/\/victoriavynn.ca\/fr\/product\/pharm-foot-rescue-essence-15ml-manuka-line\/","url_meta":{"origin":21197,"position":0},"title":"Pharm Foot reSCUE ESSENCE 15ml (Manuka Line)","author":"Serge Sahakian","date":"mars 19, 2025","format":false,"excerpt":"SPRAY CALMANT \u00e0 l'hydrolat de manuka et de camomille","rel":"","context":"Similar post","block_context":{"text":"Similar post","link":""},"img":{"alt_text":"","src":"https:\/\/i0.wp.com\/victoriavynn.ca\/wp-content\/uploads\/2025\/03\/rescue-essence-150-ml.jpeg?fit=1200%2C1200&ssl=1&resize=350%2C200","width":350,"height":200,"srcset":"https:\/\/i0.wp.com\/victoriavynn.ca\/wp-content\/uploads\/2025\/03\/rescue-essence-150-ml.jpeg?fit=1200%2C1200&ssl=1&resize=350%2C200 1x, https:\/\/i0.wp.com\/victoriavynn.ca\/wp-content\/uploads\/2025\/03\/rescue-essence-150-ml.jpeg?fit=1200%2C1200&ssl=1&resize=525%2C300 1.5x, https:\/\/i0.wp.com\/victoriavynn.ca\/wp-content\/uploads\/2025\/03\/rescue-essence-150-ml.jpeg?fit=1200%2C1200&ssl=1&resize=700%2C400 2x, https:\/\/i0.wp.com\/victoriavynn.ca\/wp-content\/uploads\/2025\/03\/rescue-essence-150-ml.jpeg?fit=1200%2C1200&ssl=1&resize=1050%2C600 3x"},"classes":[]},{"id":21213,"url":"https:\/\/victoriavynn.ca\/fr\/product\/pharm-foot-rich-balm-75g-manuka-line\/","url_meta":{"origin":21197,"position":1},"title":"Pharm Foot RICH BALM 75g (Manuka Line)","author":"Serge Sahakian","date":"mars 19, 2025","format":false,"excerpt":"Pommade apaisante et r\u00e9g\u00e9n\u00e9rante au manuka et \u00e0 l'argousier","rel":"","context":"Similar post","block_context":{"text":"Similar post","link":""},"img":{"alt_text":"","src":"https:\/\/i0.wp.com\/victoriavynn.ca\/wp-content\/uploads\/2025\/03\/rich-balm-75-g.jpeg?fit=1200%2C1200&ssl=1&resize=350%2C200","width":350,"height":200,"srcset":"https:\/\/i0.wp.com\/victoriavynn.ca\/wp-content\/uploads\/2025\/03\/rich-balm-75-g.jpeg?fit=1200%2C1200&ssl=1&resize=350%2C200 1x, https:\/\/i0.wp.com\/victoriavynn.ca\/wp-content\/uploads\/2025\/03\/rich-balm-75-g.jpeg?fit=1200%2C1200&ssl=1&resize=525%2C300 1.5x, https:\/\/i0.wp.com\/victoriavynn.ca\/wp-content\/uploads\/2025\/03\/rich-balm-75-g.jpeg?fit=1200%2C1200&ssl=1&resize=700%2C400 2x, https:\/\/i0.wp.com\/victoriavynn.ca\/wp-content\/uploads\/2025\/03\/rich-balm-75-g.jpeg?fit=1200%2C1200&ssl=1&resize=1050%2C600 3x"},"classes":[]},{"id":21215,"url":"https:\/\/victoriavynn.ca\/fr\/product\/pharm-foot-renewal-scraper-200g-manuka-line\/","url_meta":{"origin":21197,"position":2},"title":"Pharm Foot reNEWAL Scraper 200g (Manuka Line)","author":"Serge Sahakian","date":"mars 19, 2025","format":false,"excerpt":"GOMMAGE REVITALISANT au manuka et \u00e0 la pierre volcanique","rel":"","context":"Similar post","block_context":{"text":"Similar post","link":""},"img":{"alt_text":"","src":"https:\/\/i0.wp.com\/victoriavynn.ca\/wp-content\/uploads\/2025\/03\/renewal-scraper-200-g.jpeg?fit=1200%2C1200&ssl=1&resize=350%2C200","width":350,"height":200,"srcset":"https:\/\/i0.wp.com\/victoriavynn.ca\/wp-content\/uploads\/2025\/03\/renewal-scraper-200-g.jpeg?fit=1200%2C1200&ssl=1&resize=350%2C200 1x, https:\/\/i0.wp.com\/victoriavynn.ca\/wp-content\/uploads\/2025\/03\/renewal-scraper-200-g.jpeg?fit=1200%2C1200&ssl=1&resize=525%2C300 1.5x, https:\/\/i0.wp.com\/victoriavynn.ca\/wp-content\/uploads\/2025\/03\/renewal-scraper-200-g.jpeg?fit=1200%2C1200&ssl=1&resize=700%2C400 2x, https:\/\/i0.wp.com\/victoriavynn.ca\/wp-content\/uploads\/2025\/03\/renewal-scraper-200-g.jpeg?fit=1200%2C1200&ssl=1&resize=1050%2C600 3x"},"classes":[]},{"id":24531,"url":"https:\/\/victoriavynn.ca\/fr\/product\/pharm-foot-manuka-patch-20-pieces\/","url_meta":{"origin":21197,"position":3},"title":"Pharm Foot Manuka Patch 20 pi\u00e8ces","author":"Serge Sahakian","date":"septembre 19, 2025","format":false,"excerpt":"","rel":"","context":"Similar post","block_context":{"text":"Similar post","link":""},"img":{"alt_text":"","src":"https:\/\/i0.wp.com\/victoriavynn.ca\/wp-content\/uploads\/2025\/09\/manuka-patch.jpeg?fit=1200%2C1200&ssl=1&resize=350%2C200","width":350,"height":200,"srcset":"https:\/\/i0.wp.com\/victoriavynn.ca\/wp-content\/uploads\/2025\/09\/manuka-patch.jpeg?fit=1200%2C1200&ssl=1&resize=350%2C200 1x, https:\/\/i0.wp.com\/victoriavynn.ca\/wp-content\/uploads\/2025\/09\/manuka-patch.jpeg?fit=1200%2C1200&ssl=1&resize=525%2C300 1.5x, https:\/\/i0.wp.com\/victoriavynn.ca\/wp-content\/uploads\/2025\/09\/manuka-patch.jpeg?fit=1200%2C1200&ssl=1&resize=700%2C400 2x, https:\/\/i0.wp.com\/victoriavynn.ca\/wp-content\/uploads\/2025\/09\/manuka-patch.jpeg?fit=1200%2C1200&ssl=1&resize=1050%2C600 3x"},"classes":[]},{"id":10880,"url":"https:\/\/victoriavynn.ca\/fr\/product\/pharm-foot-collagen-power-15ml-all-in-line\/","url_meta":{"origin":21197,"position":4},"title":"Pharm Foot COLLAGEN POWER 15ml (All in Line)","author":"Serge Sahakian","date":"mars 8, 2023","format":false,"excerpt":"S\u00c9RUM au collag\u00e8ne et \u00e0 l'huile d'arbre \u00e0 th\u00e9 15ml","rel":"","context":"Similar post","block_context":{"text":"Similar post","link":""},"img":{"alt_text":"vynn_pf_collagen_power_15ml_kart","src":"https:\/\/i0.wp.com\/victoriavynn.ca\/wp-content\/uploads\/2023\/03\/vynn_pf_collagen_power_15ml_kart.webp?fit=750%2C1000&ssl=1&resize=350%2C200","width":350,"height":200,"srcset":"https:\/\/i0.wp.com\/victoriavynn.ca\/wp-content\/uploads\/2023\/03\/vynn_pf_collagen_power_15ml_kart.webp?fit=750%2C1000&ssl=1&resize=350%2C200 1x, https:\/\/i0.wp.com\/victoriavynn.ca\/wp-content\/uploads\/2023\/03\/vynn_pf_collagen_power_15ml_kart.webp?fit=750%2C1000&ssl=1&resize=525%2C300 1.5x, https:\/\/i0.wp.com\/victoriavynn.ca\/wp-content\/uploads\/2023\/03\/vynn_pf_collagen_power_15ml_kart.webp?fit=750%2C1000&ssl=1&resize=700%2C400 2x"},"classes":[]},{"id":11274,"url":"https:\/\/victoriavynn.ca\/fr\/product\/antibacterial-serum-for-feet-mycoverrum-15\/","url_meta":{"origin":21197,"position":5},"title":"Pharm Foot mycoVERRUM 15ml (Ligne Ozone Oil &amp; Herbs)","author":"Serge Sahakian","date":"avril 13, 2023","format":false,"excerpt":"Pharm Foot mycoVERRUM - le meilleur s\u00e9rum antibact\u00e9rien pour les pieds qui soutient les th\u00e9rapies antifongiques et antivirales. Il a un fort effet r\u00e9g\u00e9n\u00e9rateur, am\u00e9liore l'\u00e9tat de la peau et la renforce. Pour les salons et l'usage domestique - Capacit\u00e9 15ml Sp\u00e9cifications du produit : \u00a0 \u00a0 \u00a0 \u00a0 \u00a0 \u00a0 \u00a0","rel":"","context":"Similar post","block_context":{"text":"Similar post","link":""},"img":{"alt_text":"Pharm Foot antibacterial serum for feet mycoVERRUM 15ml Victoria VYNN","src":"https:\/\/i0.wp.com\/victoriavynn.ca\/wp-content\/uploads\/2023\/04\/Pharm-Foot-antibacterial-serum-for-feet-mycoVERRUM-15ml-Victoria-VYNN.webp?fit=750%2C1000&ssl=1&resize=350%2C200","width":350,"height":200,"srcset":"https:\/\/i0.wp.com\/victoriavynn.ca\/wp-content\/uploads\/2023\/04\/Pharm-Foot-antibacterial-serum-for-feet-mycoVERRUM-15ml-Victoria-VYNN.webp?fit=750%2C1000&ssl=1&resize=350%2C200 1x, https:\/\/i0.wp.com\/victoriavynn.ca\/wp-content\/uploads\/2023\/04\/Pharm-Foot-antibacterial-serum-for-feet-mycoVERRUM-15ml-Victoria-VYNN.webp?fit=750%2C1000&ssl=1&resize=525%2C300 1.5x, https:\/\/i0.wp.com\/victoriavynn.ca\/wp-content\/uploads\/2023\/04\/Pharm-Foot-antibacterial-serum-for-feet-mycoVERRUM-15ml-Victoria-VYNN.webp?fit=750%2C1000&ssl=1&resize=700%2C400 2x"},"classes":[]}],"jetpack_sharing_enabled":true,"_links":{"self":[{"href":"https:\/\/victoriavynn.ca\/fr\/wp-json\/wp\/v2\/product\/21197","targetHints":{"allow":["GET"]}}],"collection":[{"href":"https:\/\/victoriavynn.ca\/fr\/wp-json\/wp\/v2\/product"}],"about":[{"href":"https:\/\/victoriavynn.ca\/fr\/wp-json\/wp\/v2\/types\/product"}],"replies":[{"embeddable":true,"href":"https:\/\/victoriavynn.ca\/fr\/wp-json\/wp\/v2\/comments?post=21197"}],"wp:featuredmedia":[{"embeddable":true,"href":"https:\/\/victoriavynn.ca\/fr\/wp-json\/wp\/v2\/media\/21198"}],"wp:attachment":[{"href":"https:\/\/victoriavynn.ca\/fr\/wp-json\/wp\/v2\/media?parent=21197"}],"wp:term":[{"taxonomy":"product_brand","embeddable":true,"href":"https:\/\/victoriavynn.ca\/fr\/wp-json\/wp\/v2\/product_brand?post=21197"},{"taxonomy":"product_cat","embeddable":true,"href":"https:\/\/victoriavynn.ca\/fr\/wp-json\/wp\/v2\/product_cat?post=21197"},{"taxonomy":"product_tag","embeddable":true,"href":"https:\/\/victoriavynn.ca\/fr\/wp-json\/wp\/v2\/product_tag?post=21197"}],"curies":[{"name":"wp","href":"https:\/\/api.w.org\/{rel}","templated":true}]}}