{"id":21219,"date":"2025-03-19T12:00:19","date_gmt":"2025-03-19T16:00:19","guid":{"rendered":"https:\/\/victoriavynn.ca\/product\/victoria-vynn-ceramic-mug-green\/"},"modified":"2026-03-04T17:49:21","modified_gmt":"2026-03-04T22:49:21","slug":"mug-ceramique-victoria-vynn-vert","status":"publish","type":"product","link":"https:\/\/victoriavynn.ca\/fr\/product\/victoria-vynn-ceramic-mug-green\/","title":{"rendered":"Victoria VYNN Ceramic Mug, Green"},"content":{"rendered":"","protected":false},"excerpt":{"rendered":"","protected":false},"featured_media":21220,"comment_status":"open","ping_status":"closed","template":"","meta":{"jetpack_post_was_ever_published":false,"jetpack_publicize_message":"","jetpack_publicize_feature_enabled":true,"jetpack_social_post_already_shared":true,"jetpack_social_options":{"image_generator_settings":{"template":"highway","default_image_id":0,"font":"","enabled":false},"version":2}},"product_brand":[],"product_cat":[31],"product_tag":[881],"class_list":{"0":"post-21219","1":"product","2":"type-product","3":"status-publish","4":"has-post-thumbnail","6":"product_cat-nail-tools-and-accessories","7":"product_tag-gadgets","9":"first","10":"instock","11":"taxable","12":"shipping-taxable","13":"purchasable","14":"product-type-simple"},"jetpack_publicize_connections":[],"jetpack-related-posts":[{"id":21221,"url":"https:\/\/victoriavynn.ca\/fr\/product\/victoria-vynn-ceramic-mug-pink\/","url_meta":{"origin":21219,"position":0},"title":"Victoria VYNN Ceramic Mug, Pink","author":"Serge Sahakian","date":"mars 19, 2025","format":false,"excerpt":"","rel":"","context":"Similar post","block_context":{"text":"Similar post","link":""},"img":{"alt_text":"","src":"https:\/\/i0.wp.com\/victoriavynn.ca\/wp-content\/uploads\/2025\/03\/ceramic-mug-pink-2.jpg?resize=350%2C200&ssl=1","width":350,"height":200,"srcset":"https:\/\/i0.wp.com\/victoriavynn.ca\/wp-content\/uploads\/2025\/03\/ceramic-mug-pink-2.jpg?resize=350%2C200&ssl=1 1x, https:\/\/i0.wp.com\/victoriavynn.ca\/wp-content\/uploads\/2025\/03\/ceramic-mug-pink-2.jpg?resize=525%2C300&ssl=1 1.5x, https:\/\/i0.wp.com\/victoriavynn.ca\/wp-content\/uploads\/2025\/03\/ceramic-mug-pink-2.jpg?resize=700%2C400&ssl=1 2x, https:\/\/i0.wp.com\/victoriavynn.ca\/wp-content\/uploads\/2025\/03\/ceramic-mug-pink-2.jpg?resize=1050%2C600&ssl=1 3x"},"classes":[]},{"id":12360,"url":"https:\/\/victoriavynn.ca\/fr\/product\/victoria-vynn-keepcup-reusable-tempered-glass-coffee-cup-travel-mug-with-spill-proof-lid-brew-cork-band-lightweight-bpa-free-medium-12oz-deep\/","url_meta":{"origin":21219,"position":1},"title":"Victoria VYNN KeepCup Tasse \u00e0 caf\u00e9 en verre tremp\u00e9 r\u00e9utilisable avec couvercle anti-d\u00e9versement, bande de li\u00e8ge, l\u00e9g\u00e8re, sans BPA | moyenne | 12oz| profonde","author":"Serge Sahakian","date":"juin 5, 2023","format":false,"excerpt":"","rel":"","context":"Similar post","block_context":{"text":"Similar post","link":""},"img":{"alt_text":"","src":"https:\/\/i0.wp.com\/victoriavynn.ca\/wp-content\/uploads\/2023\/06\/Victoria-VYNN-Mug-3.png?resize=350%2C200&ssl=1","width":350,"height":200,"srcset":"https:\/\/i0.wp.com\/victoriavynn.ca\/wp-content\/uploads\/2023\/06\/Victoria-VYNN-Mug-3.png?resize=350%2C200&ssl=1 1x, https:\/\/i0.wp.com\/victoriavynn.ca\/wp-content\/uploads\/2023\/06\/Victoria-VYNN-Mug-3.png?resize=525%2C300&ssl=1 1.5x, https:\/\/i0.wp.com\/victoriavynn.ca\/wp-content\/uploads\/2023\/06\/Victoria-VYNN-Mug-3.png?resize=700%2C400&ssl=1 2x"},"classes":[]},{"id":11368,"url":"https:\/\/victoriavynn.ca\/fr\/product\/best-professional-ceramic-cone-drill-bit\/","url_meta":{"origin":21219,"position":2},"title":"Victoria VYNN Professional Drill Bit Ceramic Cone 4mm","author":"Serge Sahakian","date":"avril 13, 2023","format":false,"excerpt":"Le meilleur foret professionnel \u00e0 c\u00f4ne en c\u00e9ramique. Principalement utilis\u00e9 pour l'\u00e9limination du gel de polissage, du gel et de l'acrylique. Longue dur\u00e9e de vie et super efficace. Le foret en c\u00e9ramique en forme de c\u00f4ne arrondi et \u00e9troit est con\u00e7u pour travailler sur les pointes d'ongles, les masses hybrides, de gel et d'acrylique-gel. Il est recommand\u00e9 pour nettoyer...","rel":"","context":"Similar post","block_context":{"text":"Similar post","link":""},"img":{"alt_text":"Victoria VYNN best professional ceramic cone drill bit 4mm","src":"https:\/\/i0.wp.com\/victoriavynn.ca\/wp-content\/uploads\/2023\/04\/CERAMIC-AND-CARBIDE-NAIL-DRILL-BITS-.webp?resize=350%2C200&ssl=1","width":350,"height":200,"srcset":"https:\/\/i0.wp.com\/victoriavynn.ca\/wp-content\/uploads\/2023\/04\/CERAMIC-AND-CARBIDE-NAIL-DRILL-BITS-.webp?resize=350%2C200&ssl=1 1x, https:\/\/i0.wp.com\/victoriavynn.ca\/wp-content\/uploads\/2023\/04\/CERAMIC-AND-CARBIDE-NAIL-DRILL-BITS-.webp?resize=525%2C300&ssl=1 1.5x, https:\/\/i0.wp.com\/victoriavynn.ca\/wp-content\/uploads\/2023\/04\/CERAMIC-AND-CARBIDE-NAIL-DRILL-BITS-.webp?resize=700%2C400&ssl=1 2x"},"classes":[]},{"id":20766,"url":"https:\/\/victoriavynn.ca\/fr\/product\/victoria-vynn-water-bottle-with-straw-green\/","url_meta":{"origin":21219,"position":3},"title":"Victoria VYNN Bouteille d'eau avec paille (verte)","author":"Serge Sahakian","date":"f\u00e9vrier 10, 2025","format":false,"excerpt":"","rel":"","context":"Similar post","block_context":{"text":"Similar post","link":""},"img":{"alt_text":"","src":"https:\/\/i0.wp.com\/victoriavynn.ca\/wp-content\/uploads\/2025\/02\/water-bottle-with-straw-green.jpg?resize=350%2C200&ssl=1","width":350,"height":200,"srcset":"https:\/\/i0.wp.com\/victoriavynn.ca\/wp-content\/uploads\/2025\/02\/water-bottle-with-straw-green.jpg?resize=350%2C200&ssl=1 1x, https:\/\/i0.wp.com\/victoriavynn.ca\/wp-content\/uploads\/2025\/02\/water-bottle-with-straw-green.jpg?resize=525%2C300&ssl=1 1.5x, https:\/\/i0.wp.com\/victoriavynn.ca\/wp-content\/uploads\/2025\/02\/water-bottle-with-straw-green.jpg?resize=700%2C400&ssl=1 2x, https:\/\/i0.wp.com\/victoriavynn.ca\/wp-content\/uploads\/2025\/02\/water-bottle-with-straw-green.jpg?resize=1050%2C600&ssl=1 3x"},"classes":[]},{"id":21205,"url":"https:\/\/victoriavynn.ca\/fr\/product\/victoria-vynn-hoodie-green-medium-oversize\/","url_meta":{"origin":21219,"position":4},"title":"Victoria VYNN Hoodie, Green, Medium (Oversize)","author":"Serge Sahakian","date":"mars 19, 2025","format":false,"excerpt":"","rel":"","context":"Similar post","block_context":{"text":"Similar post","link":""},"img":{"alt_text":"","src":"https:\/\/i0.wp.com\/victoriavynn.ca\/wp-content\/uploads\/2025\/03\/hoodie-green-m.jpg?resize=350%2C200&ssl=1","width":350,"height":200,"srcset":"https:\/\/i0.wp.com\/victoriavynn.ca\/wp-content\/uploads\/2025\/03\/hoodie-green-m.jpg?resize=350%2C200&ssl=1 1x, https:\/\/i0.wp.com\/victoriavynn.ca\/wp-content\/uploads\/2025\/03\/hoodie-green-m.jpg?resize=525%2C300&ssl=1 1.5x, https:\/\/i0.wp.com\/victoriavynn.ca\/wp-content\/uploads\/2025\/03\/hoodie-green-m.jpg?resize=700%2C400&ssl=1 2x, https:\/\/i0.wp.com\/victoriavynn.ca\/wp-content\/uploads\/2025\/03\/hoodie-green-m.jpg?resize=1050%2C600&ssl=1 3x"},"classes":[]},{"id":21207,"url":"https:\/\/victoriavynn.ca\/fr\/product\/victoria-vynn-hoodie-green-xl-oversize\/","url_meta":{"origin":21219,"position":5},"title":"Victoria VYNN Hoodie, Green, XL (Oversize)","author":"Serge Sahakian","date":"mars 19, 2025","format":false,"excerpt":"","rel":"","context":"Similar post","block_context":{"text":"Similar post","link":""},"img":{"alt_text":"","src":"https:\/\/i0.wp.com\/victoriavynn.ca\/wp-content\/uploads\/2025\/03\/hoodie-green-m-1.jpg?resize=350%2C200&ssl=1","width":350,"height":200,"srcset":"https:\/\/i0.wp.com\/victoriavynn.ca\/wp-content\/uploads\/2025\/03\/hoodie-green-m-1.jpg?resize=350%2C200&ssl=1 1x, https:\/\/i0.wp.com\/victoriavynn.ca\/wp-content\/uploads\/2025\/03\/hoodie-green-m-1.jpg?resize=525%2C300&ssl=1 1.5x, https:\/\/i0.wp.com\/victoriavynn.ca\/wp-content\/uploads\/2025\/03\/hoodie-green-m-1.jpg?resize=700%2C400&ssl=1 2x, https:\/\/i0.wp.com\/victoriavynn.ca\/wp-content\/uploads\/2025\/03\/hoodie-green-m-1.jpg?resize=1050%2C600&ssl=1 3x"},"classes":[]}],"jetpack_sharing_enabled":true,"_links":{"self":[{"href":"https:\/\/victoriavynn.ca\/fr\/wp-json\/wp\/v2\/product\/21219","targetHints":{"allow":["GET"]}}],"collection":[{"href":"https:\/\/victoriavynn.ca\/fr\/wp-json\/wp\/v2\/product"}],"about":[{"href":"https:\/\/victoriavynn.ca\/fr\/wp-json\/wp\/v2\/types\/product"}],"replies":[{"embeddable":true,"href":"https:\/\/victoriavynn.ca\/fr\/wp-json\/wp\/v2\/comments?post=21219"}],"wp:featuredmedia":[{"embeddable":true,"href":"https:\/\/victoriavynn.ca\/fr\/wp-json\/wp\/v2\/media\/21220"}],"wp:attachment":[{"href":"https:\/\/victoriavynn.ca\/fr\/wp-json\/wp\/v2\/media?parent=21219"}],"wp:term":[{"taxonomy":"product_brand","embeddable":true,"href":"https:\/\/victoriavynn.ca\/fr\/wp-json\/wp\/v2\/product_brand?post=21219"},{"taxonomy":"product_cat","embeddable":true,"href":"https:\/\/victoriavynn.ca\/fr\/wp-json\/wp\/v2\/product_cat?post=21219"},{"taxonomy":"product_tag","embeddable":true,"href":"https:\/\/victoriavynn.ca\/fr\/wp-json\/wp\/v2\/product_tag?post=21219"}],"curies":[{"name":"wp","href":"https:\/\/api.w.org\/{rel}","templated":true}]}}