{"id":21221,"date":"2025-03-19T12:05:21","date_gmt":"2025-03-19T16:05:21","guid":{"rendered":"https:\/\/victoriavynn.ca\/product\/victoria-vynn-ceramic-mug-pink\/"},"modified":"2026-03-04T17:49:21","modified_gmt":"2026-03-04T22:49:21","slug":"victoria-vynn-tasse-en-ceramique-rose","status":"publish","type":"product","link":"https:\/\/victoriavynn.ca\/fr\/product\/victoria-vynn-ceramic-mug-pink\/","title":{"rendered":"Victoria VYNN Ceramic Mug, Pink"},"content":{"rendered":"","protected":false},"excerpt":{"rendered":"","protected":false},"featured_media":21222,"comment_status":"open","ping_status":"closed","template":"","meta":{"jetpack_post_was_ever_published":false,"jetpack_publicize_message":"","jetpack_publicize_feature_enabled":true,"jetpack_social_post_already_shared":true,"jetpack_social_options":{"image_generator_settings":{"template":"highway","default_image_id":0,"font":"","enabled":false},"version":2}},"product_brand":[],"product_cat":[31],"product_tag":[881],"class_list":{"0":"post-21221","1":"product","2":"type-product","3":"status-publish","4":"has-post-thumbnail","6":"product_cat-nail-tools-and-accessories","7":"product_tag-gadgets","9":"first","10":"instock","11":"taxable","12":"shipping-taxable","13":"purchasable","14":"product-type-simple"},"jetpack_publicize_connections":[],"jetpack-related-posts":[{"id":21219,"url":"https:\/\/victoriavynn.ca\/fr\/product\/victoria-vynn-ceramic-mug-green\/","url_meta":{"origin":21221,"position":0},"title":"Victoria VYNN Ceramic Mug, Green","author":"Serge Sahakian","date":"mars 19, 2025","format":false,"excerpt":"","rel":"","context":"Similar post","block_context":{"text":"Similar post","link":""},"img":{"alt_text":"","src":"https:\/\/i0.wp.com\/victoriavynn.ca\/wp-content\/uploads\/2025\/03\/ceramic-mug-green-2.jpg?fit=1200%2C1200&ssl=1&resize=350%2C200","width":350,"height":200,"srcset":"https:\/\/i0.wp.com\/victoriavynn.ca\/wp-content\/uploads\/2025\/03\/ceramic-mug-green-2.jpg?fit=1200%2C1200&ssl=1&resize=350%2C200 1x, https:\/\/i0.wp.com\/victoriavynn.ca\/wp-content\/uploads\/2025\/03\/ceramic-mug-green-2.jpg?fit=1200%2C1200&ssl=1&resize=525%2C300 1.5x, https:\/\/i0.wp.com\/victoriavynn.ca\/wp-content\/uploads\/2025\/03\/ceramic-mug-green-2.jpg?fit=1200%2C1200&ssl=1&resize=700%2C400 2x, https:\/\/i0.wp.com\/victoriavynn.ca\/wp-content\/uploads\/2025\/03\/ceramic-mug-green-2.jpg?fit=1200%2C1200&ssl=1&resize=1050%2C600 3x"},"classes":[]},{"id":12360,"url":"https:\/\/victoriavynn.ca\/fr\/product\/victoria-vynn-keepcup-reusable-tempered-glass-coffee-cup-travel-mug-with-spill-proof-lid-brew-cork-band-lightweight-bpa-free-medium-12oz-deep\/","url_meta":{"origin":21221,"position":1},"title":"Victoria VYNN KeepCup Tasse \u00e0 caf\u00e9 en verre tremp\u00e9 r\u00e9utilisable avec couvercle anti-d\u00e9versement, bande de li\u00e8ge, l\u00e9g\u00e8re, sans BPA | moyenne | 12oz| profonde","author":"Serge Sahakian","date":"juin 5, 2023","format":false,"excerpt":"","rel":"","context":"Similar post","block_context":{"text":"Similar post","link":""},"img":{"alt_text":"","src":"https:\/\/i0.wp.com\/victoriavynn.ca\/wp-content\/uploads\/2023\/06\/Victoria-VYNN-Mug-3.png?fit=750%2C1000&ssl=1&resize=350%2C200","width":350,"height":200,"srcset":"https:\/\/i0.wp.com\/victoriavynn.ca\/wp-content\/uploads\/2023\/06\/Victoria-VYNN-Mug-3.png?fit=750%2C1000&ssl=1&resize=350%2C200 1x, https:\/\/i0.wp.com\/victoriavynn.ca\/wp-content\/uploads\/2023\/06\/Victoria-VYNN-Mug-3.png?fit=750%2C1000&ssl=1&resize=525%2C300 1.5x, https:\/\/i0.wp.com\/victoriavynn.ca\/wp-content\/uploads\/2023\/06\/Victoria-VYNN-Mug-3.png?fit=750%2C1000&ssl=1&resize=700%2C400 2x"},"classes":[]},{"id":11368,"url":"https:\/\/victoriavynn.ca\/fr\/product\/best-professional-ceramic-cone-drill-bit\/","url_meta":{"origin":21221,"position":2},"title":"Victoria VYNN Professional Drill Bit Ceramic Cone 4mm","author":"Serge Sahakian","date":"avril 13, 2023","format":false,"excerpt":"Le meilleur foret professionnel \u00e0 c\u00f4ne en c\u00e9ramique. Principalement utilis\u00e9 pour l'\u00e9limination du gel de polissage, du gel et de l'acrylique. Longue dur\u00e9e de vie et super efficace. Le foret en c\u00e9ramique en forme de c\u00f4ne arrondi et \u00e9troit est con\u00e7u pour travailler sur les pointes d'ongles, les masses hybrides, de gel et d'acrylique-gel. Il est recommand\u00e9 pour nettoyer...","rel":"","context":"Similar post","block_context":{"text":"Similar post","link":""},"img":{"alt_text":"Victoria VYNN best professional ceramic cone drill bit 4mm","src":"https:\/\/i0.wp.com\/victoriavynn.ca\/wp-content\/uploads\/2023\/04\/CERAMIC-AND-CARBIDE-NAIL-DRILL-BITS-.webp?fit=750%2C1000&ssl=1&resize=350%2C200","width":350,"height":200,"srcset":"https:\/\/i0.wp.com\/victoriavynn.ca\/wp-content\/uploads\/2023\/04\/CERAMIC-AND-CARBIDE-NAIL-DRILL-BITS-.webp?fit=750%2C1000&ssl=1&resize=350%2C200 1x, https:\/\/i0.wp.com\/victoriavynn.ca\/wp-content\/uploads\/2023\/04\/CERAMIC-AND-CARBIDE-NAIL-DRILL-BITS-.webp?fit=750%2C1000&ssl=1&resize=525%2C300 1.5x, https:\/\/i0.wp.com\/victoriavynn.ca\/wp-content\/uploads\/2023\/04\/CERAMIC-AND-CARBIDE-NAIL-DRILL-BITS-.webp?fit=750%2C1000&ssl=1&resize=700%2C400 2x"},"classes":[]},{"id":18518,"url":"https:\/\/victoriavynn.ca\/fr\/product\/victoria-vynn-gel-polish-no-383-pink-prosecco\/","url_meta":{"origin":21221,"position":3},"title":"Victoria VYNN Gel Polish No. 383 Pink Prosecco","author":"Serge Sahakian","date":"ao\u00fbt 19, 2024","format":false,"excerpt":"Celebrate the birth of\u00a0Pink Prosecco! Join us in making a\u00a0toast to\u00a0the new GEL POLISH\u00a0Pink Prosecco\u00a0color and celebrate the arrival of the first\u00a0Victoria Vynn\u00a0color chosen by technicians! This is a\u00a0unique hybrid varnish created together with you. The name and color was chosen in a\u00a0competition for the occasion of the International Technicians\u2026","rel":"","context":"Similar post","block_context":{"text":"Similar post","link":""},"img":{"alt_text":"victoria vynn gel polish 383","src":"https:\/\/i0.wp.com\/victoriavynn.ca\/wp-content\/uploads\/2024\/08\/victoria-vynn-gel-polish-383-.webp?fit=750%2C1000&ssl=1&resize=350%2C200","width":350,"height":200,"srcset":"https:\/\/i0.wp.com\/victoriavynn.ca\/wp-content\/uploads\/2024\/08\/victoria-vynn-gel-polish-383-.webp?fit=750%2C1000&ssl=1&resize=350%2C200 1x, https:\/\/i0.wp.com\/victoriavynn.ca\/wp-content\/uploads\/2024\/08\/victoria-vynn-gel-polish-383-.webp?fit=750%2C1000&ssl=1&resize=525%2C300 1.5x, https:\/\/i0.wp.com\/victoriavynn.ca\/wp-content\/uploads\/2024\/08\/victoria-vynn-gel-polish-383-.webp?fit=750%2C1000&ssl=1&resize=700%2C400 2x"},"classes":[]},{"id":20764,"url":"https:\/\/victoriavynn.ca\/fr\/product\/victoria-vynn-water-bottle-with-straw-pink\/","url_meta":{"origin":21221,"position":4},"title":"Victoria VYNN Bouteille d'eau avec paille (rose)","author":"Serge Sahakian","date":"f\u00e9vrier 10, 2025","format":false,"excerpt":"","rel":"","context":"Similar post","block_context":{"text":"Similar post","link":""},"img":{"alt_text":"","src":"https:\/\/i0.wp.com\/victoriavynn.ca\/wp-content\/uploads\/2025\/02\/water-bottle-with-straw-pink.jpg?fit=1200%2C1200&ssl=1&resize=350%2C200","width":350,"height":200,"srcset":"https:\/\/i0.wp.com\/victoriavynn.ca\/wp-content\/uploads\/2025\/02\/water-bottle-with-straw-pink.jpg?fit=1200%2C1200&ssl=1&resize=350%2C200 1x, https:\/\/i0.wp.com\/victoriavynn.ca\/wp-content\/uploads\/2025\/02\/water-bottle-with-straw-pink.jpg?fit=1200%2C1200&ssl=1&resize=525%2C300 1.5x, https:\/\/i0.wp.com\/victoriavynn.ca\/wp-content\/uploads\/2025\/02\/water-bottle-with-straw-pink.jpg?fit=1200%2C1200&ssl=1&resize=700%2C400 2x, https:\/\/i0.wp.com\/victoriavynn.ca\/wp-content\/uploads\/2025\/02\/water-bottle-with-straw-pink.jpg?fit=1200%2C1200&ssl=1&resize=1050%2C600 3x"},"classes":[]},{"id":21209,"url":"https:\/\/victoriavynn.ca\/fr\/product\/victoria-vynn-hoodie-pink-xl-oversize\/","url_meta":{"origin":21221,"position":5},"title":"Victoria VYNN Hoodie, Pink, XL (Oversize)","author":"Serge Sahakian","date":"mars 19, 2025","format":false,"excerpt":"","rel":"","context":"Similar post","block_context":{"text":"Similar post","link":""},"img":{"alt_text":"","src":"https:\/\/i0.wp.com\/victoriavynn.ca\/wp-content\/uploads\/2025\/03\/hoodie-pink-xl-1.jpg?fit=1200%2C1200&ssl=1&resize=350%2C200","width":350,"height":200,"srcset":"https:\/\/i0.wp.com\/victoriavynn.ca\/wp-content\/uploads\/2025\/03\/hoodie-pink-xl-1.jpg?fit=1200%2C1200&ssl=1&resize=350%2C200 1x, https:\/\/i0.wp.com\/victoriavynn.ca\/wp-content\/uploads\/2025\/03\/hoodie-pink-xl-1.jpg?fit=1200%2C1200&ssl=1&resize=525%2C300 1.5x, https:\/\/i0.wp.com\/victoriavynn.ca\/wp-content\/uploads\/2025\/03\/hoodie-pink-xl-1.jpg?fit=1200%2C1200&ssl=1&resize=700%2C400 2x, https:\/\/i0.wp.com\/victoriavynn.ca\/wp-content\/uploads\/2025\/03\/hoodie-pink-xl-1.jpg?fit=1200%2C1200&ssl=1&resize=1050%2C600 3x"},"classes":[]}],"jetpack_sharing_enabled":true,"_links":{"self":[{"href":"https:\/\/victoriavynn.ca\/fr\/wp-json\/wp\/v2\/product\/21221","targetHints":{"allow":["GET"]}}],"collection":[{"href":"https:\/\/victoriavynn.ca\/fr\/wp-json\/wp\/v2\/product"}],"about":[{"href":"https:\/\/victoriavynn.ca\/fr\/wp-json\/wp\/v2\/types\/product"}],"replies":[{"embeddable":true,"href":"https:\/\/victoriavynn.ca\/fr\/wp-json\/wp\/v2\/comments?post=21221"}],"wp:featuredmedia":[{"embeddable":true,"href":"https:\/\/victoriavynn.ca\/fr\/wp-json\/wp\/v2\/media\/21222"}],"wp:attachment":[{"href":"https:\/\/victoriavynn.ca\/fr\/wp-json\/wp\/v2\/media?parent=21221"}],"wp:term":[{"taxonomy":"product_brand","embeddable":true,"href":"https:\/\/victoriavynn.ca\/fr\/wp-json\/wp\/v2\/product_brand?post=21221"},{"taxonomy":"product_cat","embeddable":true,"href":"https:\/\/victoriavynn.ca\/fr\/wp-json\/wp\/v2\/product_cat?post=21221"},{"taxonomy":"product_tag","embeddable":true,"href":"https:\/\/victoriavynn.ca\/fr\/wp-json\/wp\/v2\/product_tag?post=21221"}],"curies":[{"name":"wp","href":"https:\/\/api.w.org\/{rel}","templated":true}]}}