{"id":21227,"date":"2025-03-19T12:15:17","date_gmt":"2025-03-19T16:15:17","guid":{"rendered":"https:\/\/victoriavynn.ca\/product\/victoria-vynn-quick-trick-nail-forms-400-pieces\/"},"modified":"2026-02-13T18:34:05","modified_gmt":"2026-02-13T23:34:05","slug":"victoria-vynn-quick-trick-nail-forms-400-pieces","status":"publish","type":"product","link":"https:\/\/victoriavynn.ca\/fr\/product\/victoria-vynn-quick-trick-nail-forms-400-pieces\/","title":{"rendered":"Victoria VYNN Quick Trick Nail Forms, 400 Pieces,Victoria VYNN Quick Trick Nail Forms, 100 Pieces,Pharm Foot reSCUE ESSENCE 15ml (Manuka Line),Victoria VYNN Ceramic Mug, Pink,Victoria VYNN Ceramic Mug, Green,Victoria VYNN Universal Wipes, 100 Pieces,Pharm Foot reNEWAL Scraper 200g (Manuka Line),Pharm Foot RICH BALM 75g (Manuka Line),Victoria VYNN Hoodie, Pink, Medium (Oversize),Victoria VYNN Hoodie, Pink, XL (Oversize),Victoria VYNN Hoodie, Green, XL (Oversize),Victoria VYNN Hoodie, Green, Medium (Oversize),Victoria VYNN Senso Nail Care Oil Love Me,Victoria VYNN Senso Nail Care Oil Kiss Me,Victoria VYNN Senso Nail Care Oil Follow Me,Victoria VYNN Quick Trick Nail Forms, 400 Pieces,Victoria VYNN Quick Trick Nail Forms, 100 Pi\u00e8ces,Pharm Foot reSCUE ESSENCE 15ml (Manuka Line),Tasse en c\u00e9ramique Victoria VYNN, Rose,Tasse en c\u00e9ramique Victoria VYNN, Vert,Victoria VYNN Lingettes universelles, 100 pi\u00e8ces,Pharm Foot reNEWAL Scraper 200g (Manuka Line),Pharm Foot RICH BALM 75g (Manuka Line),Victoria VYNN Hoodie, Pink, Medium (Oversize),Victoria VYNN Hoodie, Pink, XL (Oversize),Victoria VYNN Hoodie, Vert, XL (Oversize),Victoria VYNN Hoodie, Vert, Medium (Oversize),Victoria VYNN Senso Nail Care Oil Love Me,Victoria VYNN Senso Huile de soin des ongles Kiss Me,Victoria VYNN Senso Huile de soin des ongles Follow Me, Victoria VYNN Senso Huile de soin des ongles Kiss Me."},"content":{"rendered":"","protected":false},"excerpt":{"rendered":"","protected":false},"featured_media":21228,"comment_status":"open","ping_status":"closed","template":"","meta":{"jetpack_post_was_ever_published":false,"jetpack_publicize_message":"","jetpack_publicize_feature_enabled":true,"jetpack_social_post_already_shared":true,"jetpack_social_options":{"image_generator_settings":{"template":"highway","enabled":false},"version":2}},"product_brand":[],"product_cat":[31,35,851,25,32,22],"product_tag":[92],"class_list":{"0":"post-21227","1":"product","2":"type-product","3":"status-publish","4":"has-post-thumbnail","6":"product_cat-nail-tools-and-accessories","7":"product_cat-builder-in-a-bottle","8":"product_cat-easy-fiber-gel","9":"product_cat-gel-acrylic-nails","10":"product_cat-thixotropic-gel","11":"product_cat-hard-nail-gel","12":"product_tag-nail-accessories","14":"first","15":"instock","16":"taxable","17":"shipping-taxable","18":"purchasable","19":"product-type-simple"},"jetpack_publicize_connections":[],"jetpack-related-posts":[{"id":21225,"url":"https:\/\/victoriavynn.ca\/fr\/product\/victoria-vynn-quick-trick-nail-forms-100-pieces\/","url_meta":{"origin":21227,"position":0},"title":"Victoria VYNN Quick Trick Nail Forms, 100 Pieces","author":"Serge Sahakian","date":"mars 19, 2025","format":false,"excerpt":"","rel":"","context":"Similar post","block_context":{"text":"Similar post","link":""},"img":{"alt_text":"","src":"https:\/\/i0.wp.com\/victoriavynn.ca\/wp-content\/uploads\/2025\/03\/quick-trick-nail-forms-100pcs-1.jpg?fit=1200%2C1200&ssl=1&resize=350%2C200","width":350,"height":200,"srcset":"https:\/\/i0.wp.com\/victoriavynn.ca\/wp-content\/uploads\/2025\/03\/quick-trick-nail-forms-100pcs-1.jpg?fit=1200%2C1200&ssl=1&resize=350%2C200 1x, https:\/\/i0.wp.com\/victoriavynn.ca\/wp-content\/uploads\/2025\/03\/quick-trick-nail-forms-100pcs-1.jpg?fit=1200%2C1200&ssl=1&resize=525%2C300 1.5x, https:\/\/i0.wp.com\/victoriavynn.ca\/wp-content\/uploads\/2025\/03\/quick-trick-nail-forms-100pcs-1.jpg?fit=1200%2C1200&ssl=1&resize=700%2C400 2x, https:\/\/i0.wp.com\/victoriavynn.ca\/wp-content\/uploads\/2025\/03\/quick-trick-nail-forms-100pcs-1.jpg?fit=1200%2C1200&ssl=1&resize=1050%2C600 3x"},"classes":[]},{"id":3034,"url":"https:\/\/victoriavynn.ca\/fr\/product\/victoria-vynn-nail-forms-basic-400-pcs\/","url_meta":{"origin":21227,"position":1},"title":"Victoria VYNN Nail Forms Basic 400 Pcs","author":"Serge Sahakian","date":"ao\u00fbt 18, 2022","format":false,"excerpt":"Mat\u00e9riel de marketing de Victoria VYNN","rel":"","context":"Similar post","block_context":{"text":"Similar post","link":""},"img":{"alt_text":"","src":"https:\/\/i0.wp.com\/victoriavynn.ca\/wp-content\/uploads\/2022\/08\/nail-forms-basic-100-szt-1-1.jpeg?fit=753%2C753&ssl=1&resize=350%2C200","width":350,"height":200,"srcset":"https:\/\/i0.wp.com\/victoriavynn.ca\/wp-content\/uploads\/2022\/08\/nail-forms-basic-100-szt-1-1.jpeg?fit=753%2C753&ssl=1&resize=350%2C200 1x, https:\/\/i0.wp.com\/victoriavynn.ca\/wp-content\/uploads\/2022\/08\/nail-forms-basic-100-szt-1-1.jpeg?fit=753%2C753&ssl=1&resize=525%2C300 1.5x, https:\/\/i0.wp.com\/victoriavynn.ca\/wp-content\/uploads\/2022\/08\/nail-forms-basic-100-szt-1-1.jpeg?fit=753%2C753&ssl=1&resize=700%2C400 2x"},"classes":[]},{"id":3038,"url":"https:\/\/victoriavynn.ca\/fr\/product\/victoria-vynn-salon-nail-forms-black-400-pcs\/","url_meta":{"origin":21227,"position":2},"title":"Victoria VYNN Salon Nail Forms Noir 400 Pcs","author":"Serge Sahakian","date":"ao\u00fbt 18, 2022","format":false,"excerpt":"Mat\u00e9riel de marketing de Victoria VYNN","rel":"","context":"Similar post","block_context":{"text":"Similar post","link":""},"img":{"alt_text":"","src":"https:\/\/i0.wp.com\/victoriavynn.ca\/wp-content\/uploads\/2022\/08\/salon-nail-forms-black-100-szt-1-1.jpeg?fit=753%2C753&ssl=1&resize=350%2C200","width":350,"height":200,"srcset":"https:\/\/i0.wp.com\/victoriavynn.ca\/wp-content\/uploads\/2022\/08\/salon-nail-forms-black-100-szt-1-1.jpeg?fit=753%2C753&ssl=1&resize=350%2C200 1x, https:\/\/i0.wp.com\/victoriavynn.ca\/wp-content\/uploads\/2022\/08\/salon-nail-forms-black-100-szt-1-1.jpeg?fit=753%2C753&ssl=1&resize=525%2C300 1.5x, https:\/\/i0.wp.com\/victoriavynn.ca\/wp-content\/uploads\/2022\/08\/salon-nail-forms-black-100-szt-1-1.jpeg?fit=753%2C753&ssl=1&resize=700%2C400 2x"},"classes":[]},{"id":15172,"url":"https:\/\/victoriavynn.ca\/fr\/product\/victoria-vynn-nail-wipes-500-pieces\/","url_meta":{"origin":21227,"position":3},"title":"Victoria VYNN Lingettes pour ongles (500 pi\u00e8ces)","author":"Serge Sahakian","date":"septembre 9, 2023","format":false,"excerpt":"","rel":"","context":"Similar post","block_context":{"text":"Similar post","link":""},"img":{"alt_text":"","src":"https:\/\/i0.wp.com\/victoriavynn.ca\/wp-content\/uploads\/2023\/09\/nail-wipes-500-pcs.jpg?fit=1200%2C1200&ssl=1&resize=350%2C200","width":350,"height":200,"srcset":"https:\/\/i0.wp.com\/victoriavynn.ca\/wp-content\/uploads\/2023\/09\/nail-wipes-500-pcs.jpg?fit=1200%2C1200&ssl=1&resize=350%2C200 1x, https:\/\/i0.wp.com\/victoriavynn.ca\/wp-content\/uploads\/2023\/09\/nail-wipes-500-pcs.jpg?fit=1200%2C1200&ssl=1&resize=525%2C300 1.5x, https:\/\/i0.wp.com\/victoriavynn.ca\/wp-content\/uploads\/2023\/09\/nail-wipes-500-pcs.jpg?fit=1200%2C1200&ssl=1&resize=700%2C400 2x, https:\/\/i0.wp.com\/victoriavynn.ca\/wp-content\/uploads\/2023\/09\/nail-wipes-500-pcs.jpg?fit=1200%2C1200&ssl=1&resize=1050%2C600 3x"},"classes":[]},{"id":10842,"url":"https:\/\/victoriavynn.ca\/fr\/product\/victoria-vynn-quick-art-no-3-medium\/","url_meta":{"origin":21227,"position":4},"title":"Victoria VYNN Quick Art No. 3 (Medium)","author":"Serge Sahakian","date":"mars 8, 2023","format":false,"excerpt":"Victoria VYNN Nail Art","rel":"","context":"Similar post","block_context":{"text":"Similar post","link":""},"img":{"alt_text":"","src":"https:\/\/i0.wp.com\/victoriavynn.ca\/wp-content\/uploads\/2023\/03\/quick-art-03-medium.jpeg?fit=1200%2C1200&ssl=1&resize=350%2C200","width":350,"height":200,"srcset":"https:\/\/i0.wp.com\/victoriavynn.ca\/wp-content\/uploads\/2023\/03\/quick-art-03-medium.jpeg?fit=1200%2C1200&ssl=1&resize=350%2C200 1x, https:\/\/i0.wp.com\/victoriavynn.ca\/wp-content\/uploads\/2023\/03\/quick-art-03-medium.jpeg?fit=1200%2C1200&ssl=1&resize=525%2C300 1.5x, https:\/\/i0.wp.com\/victoriavynn.ca\/wp-content\/uploads\/2023\/03\/quick-art-03-medium.jpeg?fit=1200%2C1200&ssl=1&resize=700%2C400 2x, https:\/\/i0.wp.com\/victoriavynn.ca\/wp-content\/uploads\/2023\/03\/quick-art-03-medium.jpeg?fit=1200%2C1200&ssl=1&resize=1050%2C600 3x"},"classes":[]},{"id":10844,"url":"https:\/\/victoriavynn.ca\/fr\/product\/victoria-vynn-quick-art-no-5-medium\/","url_meta":{"origin":21227,"position":5},"title":"Victoria VYNN Quick Art No. 5 (Medium)","author":"Serge Sahakian","date":"mars 8, 2023","format":false,"excerpt":"Victoria VYNN Nail Art","rel":"","context":"Similar post","block_context":{"text":"Similar post","link":""},"img":{"alt_text":"","src":"https:\/\/i0.wp.com\/victoriavynn.ca\/wp-content\/uploads\/2023\/03\/quick-art-05-medium.jpeg?fit=1200%2C1200&ssl=1&resize=350%2C200","width":350,"height":200,"srcset":"https:\/\/i0.wp.com\/victoriavynn.ca\/wp-content\/uploads\/2023\/03\/quick-art-05-medium.jpeg?fit=1200%2C1200&ssl=1&resize=350%2C200 1x, https:\/\/i0.wp.com\/victoriavynn.ca\/wp-content\/uploads\/2023\/03\/quick-art-05-medium.jpeg?fit=1200%2C1200&ssl=1&resize=525%2C300 1.5x, https:\/\/i0.wp.com\/victoriavynn.ca\/wp-content\/uploads\/2023\/03\/quick-art-05-medium.jpeg?fit=1200%2C1200&ssl=1&resize=700%2C400 2x, https:\/\/i0.wp.com\/victoriavynn.ca\/wp-content\/uploads\/2023\/03\/quick-art-05-medium.jpeg?fit=1200%2C1200&ssl=1&resize=1050%2C600 3x"},"classes":[]}],"jetpack_sharing_enabled":true,"_links":{"self":[{"href":"https:\/\/victoriavynn.ca\/fr\/wp-json\/wp\/v2\/product\/21227","targetHints":{"allow":["GET"]}}],"collection":[{"href":"https:\/\/victoriavynn.ca\/fr\/wp-json\/wp\/v2\/product"}],"about":[{"href":"https:\/\/victoriavynn.ca\/fr\/wp-json\/wp\/v2\/types\/product"}],"replies":[{"embeddable":true,"href":"https:\/\/victoriavynn.ca\/fr\/wp-json\/wp\/v2\/comments?post=21227"}],"wp:featuredmedia":[{"embeddable":true,"href":"https:\/\/victoriavynn.ca\/fr\/wp-json\/wp\/v2\/media\/21228"}],"wp:attachment":[{"href":"https:\/\/victoriavynn.ca\/fr\/wp-json\/wp\/v2\/media?parent=21227"}],"wp:term":[{"taxonomy":"product_brand","embeddable":true,"href":"https:\/\/victoriavynn.ca\/fr\/wp-json\/wp\/v2\/product_brand?post=21227"},{"taxonomy":"product_cat","embeddable":true,"href":"https:\/\/victoriavynn.ca\/fr\/wp-json\/wp\/v2\/product_cat?post=21227"},{"taxonomy":"product_tag","embeddable":true,"href":"https:\/\/victoriavynn.ca\/fr\/wp-json\/wp\/v2\/product_tag?post=21227"}],"curies":[{"name":"wp","href":"https:\/\/api.w.org\/{rel}","templated":true}]}}