{"id":21556,"date":"2025-04-25T15:31:23","date_gmt":"2025-04-25T19:31:23","guid":{"rendered":"https:\/\/victoriavynn.ca\/product\/victoria-vynn-color-chart-luna-glass-gel-polish-408-414\/"},"modified":"2026-02-13T18:33:57","modified_gmt":"2026-02-13T23:33:57","slug":"victoria-vynn-color-chart-luna-glass-gel-polish-408-414","status":"publish","type":"product","link":"https:\/\/victoriavynn.ca\/fr\/product\/victoria-vynn-color-chart-luna-glass-gel-polish-408-414\/","title":{"rendered":"Victoria VYNN Color Chart Luna Glass Gel Polish 408-414"},"content":{"rendered":"<p>Le syst\u00e8me Gel Polish comprend des vernis hybrides classiques et durables durcis dans des lampes UV et LED. Le syst\u00e8me contient des bases et des tops aux propri\u00e9t\u00e9s, \u00e0 la durabilit\u00e9 et \u00e0 la finition diff\u00e9rentes. Nous r\u00e9pondons aux besoins de nos clients en offrant une riche vari\u00e9t\u00e9 de couleurs avec des vernis hybrides de diff\u00e9rentes couvertures et effets, dans plus de 200 couleurs. L'avant-gardiste Modern Violet est une nuance forte de violet. Victoria VYNN Gel Polish Color est une ligne de vernis hybrides photopolym\u00e9risables, utilis\u00e9s dans deux types de coiffage : Syst\u00e8me hybride en 3 \u00e9tapes et Syst\u00e8me Soak Off en 4 \u00e9tapes. Gel Polish Color impressionne par la qualit\u00e9 du coiffage et les applications possibles - une palette de couleurs, deux types de coiffage.<\/p>\n\n\n\n<p>Sp\u00e9cifications du produit :<\/p>\n\n\n\n<ul class=\"wp-block-list\">\n<li>\u00c0 utiliser pour les manucures hybrides et Soak Off.<\/li>\n\n\n\n<li>Formule laque-gel.<\/li>\n\n\n\n<li>Deux couches fines assurent une couverture et une profondeur de couleur parfaites.<\/li>\n\n\n\n<li>Il s'\u00e9tale uniform\u00e9ment, sans traces.<\/li>\n\n\n\n<li>Une large gamme de couleurs : \u00e9maux, paillettes, pastels, n\u00e9ons, semi-trans.<\/li>\n<\/ul>","protected":false},"excerpt":{"rendered":"<p>Laissez-vous inspirer par l'espace et d\u00e9passez les horizons de la Terre. LUNAglass est un voyage au-del\u00e0 de l'atmosph\u00e8re terrestre, o\u00f9 la lumi\u00e8re argent\u00e9e de la lune \u00e9blouit et hypnotise. Pr\u00e9parez-vous \u00e0 une collection qui va intriguer et cr\u00e9er de nouvelles tendances en mati\u00e8re de manucure. La cl\u00e9 de l'effet galactique ? Notre sensationnel \u0153il de chat argent\u00e9 ! Appliqu\u00e9 comme base pour les couleurs Lunaglass translucides, il leur donne imm\u00e9diatement une profondeur incroyable et l'effet d'un cristal clair. C'est la perc\u00e9e que vous attendiez !<\/p>\n<p><a href=\"https:\/\/victoriavynn.ca\/wp-content\/uploads\/2025\/04\/product-specification-card-luna-glass.pdf\" target=\"_blank\" rel=\"noopener\">T\u00e9l\u00e9charger la fiche technique du produit<\/a><\/p>","protected":false},"featured_media":21602,"comment_status":"open","ping_status":"closed","template":"","meta":[],"product_brand":[],"product_cat":[31],"product_tag":[616,884],"class_list":{"0":"post-21556","1":"product","2":"type-product","3":"status-publish","4":"has-post-thumbnail","6":"product_cat-nail-tools-and-accessories","7":"product_tag-color-charts","8":"product_tag-salon-gel-polish-luna-glass-collection","10":"first","11":"instock","12":"taxable","13":"shipping-taxable","14":"purchasable","15":"product-type-simple"},"jetpack_sharing_enabled":true,"_links":{"self":[{"href":"https:\/\/victoriavynn.ca\/fr\/wp-json\/wp\/v2\/product\/21556","targetHints":{"allow":["GET"]}}],"collection":[{"href":"https:\/\/victoriavynn.ca\/fr\/wp-json\/wp\/v2\/product"}],"about":[{"href":"https:\/\/victoriavynn.ca\/fr\/wp-json\/wp\/v2\/types\/product"}],"replies":[{"embeddable":true,"href":"https:\/\/victoriavynn.ca\/fr\/wp-json\/wp\/v2\/comments?post=21556"}],"wp:featuredmedia":[{"embeddable":true,"href":"https:\/\/victoriavynn.ca\/fr\/wp-json\/wp\/v2\/media\/21602"}],"wp:attachment":[{"href":"https:\/\/victoriavynn.ca\/fr\/wp-json\/wp\/v2\/media?parent=21556"}],"wp:term":[{"taxonomy":"product_brand","embeddable":true,"href":"https:\/\/victoriavynn.ca\/fr\/wp-json\/wp\/v2\/product_brand?post=21556"},{"taxonomy":"product_cat","embeddable":true,"href":"https:\/\/victoriavynn.ca\/fr\/wp-json\/wp\/v2\/product_cat?post=21556"},{"taxonomy":"product_tag","embeddable":true,"href":"https:\/\/victoriavynn.ca\/fr\/wp-json\/wp\/v2\/product_tag?post=21556"}],"curies":[{"name":"wp","href":"https:\/\/api.w.org\/{rel}","templated":true}]}}