{"id":21758,"date":"2025-05-16T17:15:37","date_gmt":"2025-05-16T21:15:37","guid":{"rendered":"https:\/\/victoriavynn.ca\/product\/ulka-premium-desktop-white-manicure-dust-collector-kit-2-hepa-filter-1-wooden-stick-1-brush\/"},"modified":"2026-03-04T18:03:54","modified_gmt":"2026-03-04T23:03:54","slug":"ulka-premium-desktop-white-manicure-dust-collector-kit-2-hepa-filter-1-wooden-stick-1-brush","status":"publish","type":"product","link":"https:\/\/victoriavynn.ca\/fr\/product\/ulka-premium-desktop-white-manicure-dust-collector-kit-2-hepa-filter-1-wooden-stick-1-brush\/","title":{"rendered":"\u00dcLKA Premium X2F D\u00e9poussi\u00e9reur de bureau pour manucure + Kit (2 filtres HEPA, 1 b\u00e2ton en bois et 1 brosse)"},"content":{"rendered":"<p>Le mod\u00e8le est universel et convient aussi bien \u00e0 la manucure qu'\u00e0 la p\u00e9dicure. Une option parfaite pour les professionnels de l'ongle qui travaillent avec une grande quantit\u00e9 de poussi\u00e8re. Les grilles sup\u00e9rieure et lat\u00e9rales sont en m\u00e9tal. Il est possible de faire une inscription individuelle sur la grille sup\u00e9rieure. Gr\u00e2ce \u00e0 son ventilateur \u00e9conome en \u00e9nergie, il consomme moins d'\u00e9lectricit\u00e9 et produit plus de puissance que ce qui a \u00e9t\u00e9 d\u00e9clar\u00e9. Il est dot\u00e9 d'un corps en plastique r\u00e9sistant aux chocs, de deux modes de fonctionnement commutables \u00e0 l'aide d'un bouton\/r\u00e9gulateur situ\u00e9 sur le corps et d'une plus grande surface d'absorption de la poussi\u00e8re.<\/p>\n\n\n\n<p>Il existe diff\u00e9rents types d'interrupteurs dans les d\u00e9poussi\u00e9reurs : un r\u00e9gulateur de puissance ou un bouton d'interrupteur.<\/p>\n\n\n\n<ul class=\"wp-block-list\">\n<li>Niveau sonore (dB) : 55<\/li>\n\n\n\n<li>Puissance (W) : 52<\/li>\n\n\n\n<li>Vitesse d'aspiration (m\/s) : 3.0<\/li>\n\n\n\n<li>Dimensions (cm) : 26,5\u00d724,5\u00d711 (r\u00e9el)<\/li>\n\n\n\n<li>Poids (kg) : 2,15 (r\u00e9el)<\/li>\n\n\n\n<li>Couleurs de la base : Noir, Blanc, Gris<\/li>\n<\/ul>\n\n\n\n<p>MISE \u00c0 JOUR IMPORTANTE<\/p>\n\n\n\n<p>\u00c0 partir du 1er juillet 2025, de nouvelles conditions de garantie s'appliqueront \u00e0 toutes les ventes effectu\u00e9es \u00e0 partir de cette date. Ces mises \u00e0 jour sont con\u00e7ues pour aider les clients \u00e0 maintenir leurs machines en parfait \u00e9tat et entra\u00eeneront \u00e9galement une augmentation de la demande de filtres de remplacement, ce qui cr\u00e9era une excellente opportunit\u00e9 de vente pour vous.<\/p>\n\n\n\n<p>Qu'est-ce qui change ?<br>Remplacement r\u00e9gulier du filtre pour une performance optimale<br>Les clients doivent remplacer leurs filtres HEPA tous les 2 mois et leurs filtres \u00e0 poches tous les 4 mois pour garantir un fonctionnement optimal. Pour les demandes de garantie, ils devront fournir la preuve de l'achat des filtres.<\/p>","protected":false},"excerpt":{"rendered":"<p>L'un des mod\u00e8les les plus puissants de d\u00e9poussi\u00e9reurs avec filtre Mod\u00e8le \u00e9conome en \u00e9nergie avec ventilateur centrifuge, 2 fois plus puissant que les d\u00e9poussi\u00e9reurs similaires avec sac, faible niveau sonore.<\/p>\n<ul>\n<li>Corps en plastique r\u00e9sistant aux chocs<\/li>\n<li>Deux modes de fonctionnement<\/li>\n<li>La plus grande zone de d\u00e9poussi\u00e9rage<\/li>\n<\/ul>\n<p>Sp\u00e9cifications du produit :<\/p>\n<p><img loading=\"lazy\" decoding=\"async\" class=\"size-full wp-image-21796 alignleft\" src=\"http:\/\/victoriavynn.ca\/wp-content\/uploads\/2025\/05\/dust-extracted.webp\" alt=\"POUSSI\u00c8RE EXTRAITE\" width=\"125\" height=\"150\" srcset=\"https:\/\/i0.wp.com\/victoriavynn.ca\/wp-content\/uploads\/2025\/05\/dust-extracted.webp?w=125&amp;ssl=1 125w, https:\/\/i0.wp.com\/victoriavynn.ca\/wp-content\/uploads\/2025\/05\/dust-extracted.webp?resize=10%2C12&amp;ssl=1 10w, https:\/\/i0.wp.com\/victoriavynn.ca\/wp-content\/uploads\/2025\/05\/dust-extracted.webp?resize=64%2C77&amp;ssl=1 64w\" sizes=\"auto, (max-width: 125px) 100vw, 125px\" \/> <img loading=\"lazy\" decoding=\"async\" class=\"size-full wp-image-21797 alignleft\" src=\"http:\/\/victoriavynn.ca\/wp-content\/uploads\/2025\/05\/52w-power.webp\" alt=\"52W POWER\" width=\"125\" height=\"150\" srcset=\"https:\/\/i0.wp.com\/victoriavynn.ca\/wp-content\/uploads\/2025\/05\/52w-power.webp?w=125&amp;ssl=1 125w, https:\/\/i0.wp.com\/victoriavynn.ca\/wp-content\/uploads\/2025\/05\/52w-power.webp?resize=10%2C12&amp;ssl=1 10w, https:\/\/i0.wp.com\/victoriavynn.ca\/wp-content\/uploads\/2025\/05\/52w-power.webp?resize=64%2C77&amp;ssl=1 64w\" sizes=\"auto, (max-width: 125px) 100vw, 125px\" \/><img loading=\"lazy\" decoding=\"async\" class=\"size-full wp-image-21798 alignleft\" src=\"http:\/\/victoriavynn.ca\/wp-content\/uploads\/2025\/05\/5-years-warranty.webp\" alt=\"5 ANS DE GARANTIE\" width=\"125\" height=\"150\" srcset=\"https:\/\/i0.wp.com\/victoriavynn.ca\/wp-content\/uploads\/2025\/05\/5-years-warranty.webp?w=125&amp;ssl=1 125w, https:\/\/i0.wp.com\/victoriavynn.ca\/wp-content\/uploads\/2025\/05\/5-years-warranty.webp?resize=10%2C12&amp;ssl=1 10w, https:\/\/i0.wp.com\/victoriavynn.ca\/wp-content\/uploads\/2025\/05\/5-years-warranty.webp?resize=64%2C77&amp;ssl=1 64w\" sizes=\"auto, (max-width: 125px) 100vw, 125px\" \/><\/p>\n<p>&nbsp;<\/p>\n<p>&nbsp;<\/p>\n<p>&nbsp;<\/p>\n<p>&nbsp;<\/p>\n<p>&nbsp;<\/p>\n<p>&nbsp;<\/p>","protected":false},"featured_media":21811,"comment_status":"open","ping_status":"closed","template":"","meta":{"jetpack_post_was_ever_published":false,"jetpack_publicize_message":"","jetpack_publicize_feature_enabled":true,"jetpack_social_post_already_shared":true,"jetpack_social_options":{"image_generator_settings":{"template":"highway","default_image_id":0,"font":"","enabled":false},"version":2}},"product_brand":[893],"product_cat":[887],"product_tag":[897],"class_list":{"0":"post-21758","1":"product","2":"type-product","3":"status-publish","4":"has-post-thumbnail","6":"product_brand-ulka","7":"product_cat-premium-dust-collectors","8":"product_tag-dust-collectors","10":"first","11":"instock","12":"taxable","13":"shipping-taxable","14":"purchasable","15":"product-type-variable"},"jetpack_publicize_connections":[],"jetpack-related-posts":[{"id":42606,"url":"https:\/\/victoriavynn.ca\/fr\/product\/ulka-built-in-tornado-desktop-black-manicure-dust-collector-kit-2-hepa-filter-1-wooden-stick-1-brush\/","url_meta":{"origin":21758,"position":0},"title":"\u00dcLKA D\u00e9poussi\u00e9reur de bureau Tornado int\u00e9gr\u00e9 pour manucure + Kit (2 filtres HEPA, 1 b\u00e2ton en bois et 1 brosse)","author":"Serge Sahakian","date":"D\u00e9cembre 3, 2025","format":false,"excerpt":"D\u00e9poussi\u00e9reur int\u00e9gr\u00e9 \u00dcLKA Tornado \u00dcLKA Tornado \u00e9l\u00e8ve la propret\u00e9 de l'espace de travail \u00e0 un niveau sup\u00e9rieur. Ce d\u00e9poussi\u00e9reur professionnel encastrable est \u00e9quip\u00e9 de deux ventilateurs puissants pour une aspiration homog\u00e8ne et constante sur toute la surface, et pas seulement au centre. Il est \u00e9quip\u00e9 d'une commande d'aspiration r\u00e9glable, d'une sortie d'air lat\u00e9rale et de grilles magn\u00e9tiques pour...","rel":"","context":"Similar post","block_context":{"text":"Similar post","link":""},"img":{"alt_text":"victoria vynn tornado new","src":"https:\/\/i0.wp.com\/victoriavynn.ca\/wp-content\/uploads\/2025\/12\/victoria-vynn-tornado-new.webp?fit=750%2C1000&ssl=1&resize=350%2C200","width":350,"height":200,"srcset":"https:\/\/i0.wp.com\/victoriavynn.ca\/wp-content\/uploads\/2025\/12\/victoria-vynn-tornado-new.webp?fit=750%2C1000&ssl=1&resize=350%2C200 1x, https:\/\/i0.wp.com\/victoriavynn.ca\/wp-content\/uploads\/2025\/12\/victoria-vynn-tornado-new.webp?fit=750%2C1000&ssl=1&resize=525%2C300 1.5x, https:\/\/i0.wp.com\/victoriavynn.ca\/wp-content\/uploads\/2025\/12\/victoria-vynn-tornado-new.webp?fit=750%2C1000&ssl=1&resize=700%2C400 2x"},"classes":[]},{"id":21772,"url":"https:\/\/victoriavynn.ca\/fr\/product\/ulka-handy-desktop-white-manicure-dust-collector-kit-2-hepa-filter-1-brush\/","url_meta":{"origin":21758,"position":1},"title":"\u00dcLKA D\u00e9poussi\u00e9reur de bureau pour manucure + Kit (2 Filtres HEPA &amp; 1 Brosse)","author":"Serge Sahakian","date":"mai 16, 2025","format":false,"excerpt":"Ce d\u00e9poussi\u00e9reur est le choix id\u00e9al pour les salons et studios professionnels qui privil\u00e9gient la qualit\u00e9, le confort et la puret\u00e9. Il offre une grande efficacit\u00e9 avec une consommation d'\u00e9nergie minimale et permet d'absorber 99,9% de poussi\u00e8re de manucure. Le corps du d\u00e9poussi\u00e9reur est fabriqu\u00e9 en plastique r\u00e9sistant aux chocs, facile \u00e0 nettoyer...","rel":"","context":"Similar post","block_context":{"text":"Similar post","link":""},"img":{"alt_text":"ulka white handy 3","src":"https:\/\/i0.wp.com\/victoriavynn.ca\/wp-content\/uploads\/2025\/05\/ulka-white-handy-3.webp?fit=750%2C1000&ssl=1&resize=350%2C200","width":350,"height":200,"srcset":"https:\/\/i0.wp.com\/victoriavynn.ca\/wp-content\/uploads\/2025\/05\/ulka-white-handy-3.webp?fit=750%2C1000&ssl=1&resize=350%2C200 1x, https:\/\/i0.wp.com\/victoriavynn.ca\/wp-content\/uploads\/2025\/05\/ulka-white-handy-3.webp?fit=750%2C1000&ssl=1&resize=525%2C300 1.5x, https:\/\/i0.wp.com\/victoriavynn.ca\/wp-content\/uploads\/2025\/05\/ulka-white-handy-3.webp?fit=750%2C1000&ssl=1&resize=700%2C400 2x"},"classes":[]},{"id":21764,"url":"https:\/\/victoriavynn.ca\/fr\/product\/ulka-nano-desktop-white-manicure-dust-collector-kit-2-hepa-filter-1-wooden-stick-1-brush\/","url_meta":{"origin":21758,"position":2},"title":"\u00dcLKA Nano Desktop White Manicure Dust Collector + Kit (2 filtres HEPA, 1 b\u00e2ton en bois et 1 brosse)","author":"Serge Sahakian","date":"mai 16, 2025","format":false,"excerpt":"Ce d\u00e9poussi\u00e9reur est le choix id\u00e9al pour les salons et studios professionnels qui privil\u00e9gient la qualit\u00e9, la commodit\u00e9 et la propret\u00e9. Mod\u00e8le \u00e9conome en \u00e9nergie, dot\u00e9 de deux ventilateurs puissants et de ports pour recharger les appareils mobiles, il est deux fois plus puissant que les d\u00e9poussi\u00e9reurs \u00e0 sacs comparables et fonctionne avec un faible niveau sonore. Corps en...","rel":"","context":"Similar post","block_context":{"text":"Similar post","link":""},"img":{"alt_text":"ULKA NANO DUST COLLECTOR 2","src":"https:\/\/i0.wp.com\/victoriavynn.ca\/wp-content\/uploads\/2025\/05\/ulka-nano-dust-collector-2.webp?fit=750%2C1000&ssl=1&resize=350%2C200","width":350,"height":200,"srcset":"https:\/\/i0.wp.com\/victoriavynn.ca\/wp-content\/uploads\/2025\/05\/ulka-nano-dust-collector-2.webp?fit=750%2C1000&ssl=1&resize=350%2C200 1x, https:\/\/i0.wp.com\/victoriavynn.ca\/wp-content\/uploads\/2025\/05\/ulka-nano-dust-collector-2.webp?fit=750%2C1000&ssl=1&resize=525%2C300 1.5x, https:\/\/i0.wp.com\/victoriavynn.ca\/wp-content\/uploads\/2025\/05\/ulka-nano-dust-collector-2.webp?fit=750%2C1000&ssl=1&resize=700%2C400 2x"},"classes":[]},{"id":21766,"url":"https:\/\/victoriavynn.ca\/fr\/product\/ulka-built-in-premium-desktop-white-manicure-dust-collector-kit-2-hepa-filter-1-wooden-stick-1-brush\/","url_meta":{"origin":21758,"position":3},"title":"\u00dcLKA D\u00e9poussi\u00e9reur de bureau Premium X2F int\u00e9gr\u00e9 + Kit (2 filtres HEPA, 1 b\u00e2ton en bois &amp; 1 brosse)","author":"Serge Sahakian","date":"mai 16, 2025","format":false,"excerpt":"The model takes up a minimum of space under the table, 9 cm only. The dust collector is made in such a way that the air removal system directs the flow away from the master and the client, thus, does not create discomfort during the treatment. There are no analogues\u2026","rel":"","context":"Similar post","block_context":{"text":"Similar post","link":""},"img":{"alt_text":"ulka premium built in white 2","src":"https:\/\/i0.wp.com\/victoriavynn.ca\/wp-content\/uploads\/2025\/05\/ulka-premium-built-in-white-2-.webp?fit=750%2C1000&ssl=1&resize=350%2C200","width":350,"height":200,"srcset":"https:\/\/i0.wp.com\/victoriavynn.ca\/wp-content\/uploads\/2025\/05\/ulka-premium-built-in-white-2-.webp?fit=750%2C1000&ssl=1&resize=350%2C200 1x, https:\/\/i0.wp.com\/victoriavynn.ca\/wp-content\/uploads\/2025\/05\/ulka-premium-built-in-white-2-.webp?fit=750%2C1000&ssl=1&resize=525%2C300 1.5x, https:\/\/i0.wp.com\/victoriavynn.ca\/wp-content\/uploads\/2025\/05\/ulka-premium-built-in-white-2-.webp?fit=750%2C1000&ssl=1&resize=700%2C400 2x"},"classes":[]},{"id":21794,"url":"https:\/\/victoriavynn.ca\/fr\/product\/ulka-hepa-filter-textile-for-ulka-handy-dust-collectors\/","url_meta":{"origin":21758,"position":4},"title":"\u00dcLKA HEPA Filter Textile pour \u00dcLKA Handy &amp; Tiny Dust Collectors","author":"Serge Sahakian","date":"mai 18, 2025","format":false,"excerpt":"Filtre rempla\u00e7able pour les d\u00e9poussi\u00e9reurs filtrants \u00dcLKA manucure. Gr\u00e2ce \u00e0 ce filtre, le d\u00e9poussi\u00e9reur nettoie efficacement l'air et \u00e9limine la poussi\u00e8re. Il est n\u00e9cessaire de laver le filtre uniquement \u00e0 l'eau courante ; ne pas le faire tremper ni le laver en machine. Le filtre doit \u00eatre nettoy\u00e9 (secou\u00e9) apr\u00e8s chaque 3\u00e8me utilisation par un client...","rel":"","context":"Similar post","block_context":{"text":"Similar post","link":""},"img":{"alt_text":"ulka handy dust collector HEPA Filter","src":"https:\/\/i0.wp.com\/victoriavynn.ca\/wp-content\/uploads\/2025\/05\/ulka-handy-dust-collector-hepa-filter-.webp?fit=750%2C1000&ssl=1&resize=350%2C200","width":350,"height":200,"srcset":"https:\/\/i0.wp.com\/victoriavynn.ca\/wp-content\/uploads\/2025\/05\/ulka-handy-dust-collector-hepa-filter-.webp?fit=750%2C1000&ssl=1&resize=350%2C200 1x, https:\/\/i0.wp.com\/victoriavynn.ca\/wp-content\/uploads\/2025\/05\/ulka-handy-dust-collector-hepa-filter-.webp?fit=750%2C1000&ssl=1&resize=525%2C300 1.5x, https:\/\/i0.wp.com\/victoriavynn.ca\/wp-content\/uploads\/2025\/05\/ulka-handy-dust-collector-hepa-filter-.webp?fit=750%2C1000&ssl=1&resize=700%2C400 2x"},"classes":[]},{"id":21792,"url":"https:\/\/victoriavynn.ca\/fr\/product\/ulka-hepa-filter-textile-for-ulka-premium-dust-collectors\/","url_meta":{"origin":21758,"position":5},"title":"\u00dcLKA Filtre textile HEPA pour d\u00e9poussi\u00e9reurs \u00dcLKA Premium X2F","author":"Serge Sahakian","date":"mai 18, 2025","format":false,"excerpt":"Filtre rempla\u00e7able pour les d\u00e9poussi\u00e9reurs filtrants \u00dcLKA manucure. Gr\u00e2ce \u00e0 ce filtre, le d\u00e9poussi\u00e9reur nettoie efficacement l'air et \u00e9limine la poussi\u00e8re. Il est n\u00e9cessaire de laver le filtre uniquement \u00e0 l'eau courante ; ne pas le faire tremper ni le laver en machine. Le filtre doit \u00eatre nettoy\u00e9 (secou\u00e9) apr\u00e8s chaque 3\u00e8me utilisation par un client...","rel":"","context":"Similar post","block_context":{"text":"Similar post","link":""},"img":{"alt_text":"ulka premium 1 copy","src":"https:\/\/i0.wp.com\/victoriavynn.ca\/wp-content\/uploads\/2025\/12\/ulka-premium-1-copy.webp?fit=750%2C1000&ssl=1&resize=350%2C200","width":350,"height":200,"srcset":"https:\/\/i0.wp.com\/victoriavynn.ca\/wp-content\/uploads\/2025\/12\/ulka-premium-1-copy.webp?fit=750%2C1000&ssl=1&resize=350%2C200 1x, https:\/\/i0.wp.com\/victoriavynn.ca\/wp-content\/uploads\/2025\/12\/ulka-premium-1-copy.webp?fit=750%2C1000&ssl=1&resize=525%2C300 1.5x, https:\/\/i0.wp.com\/victoriavynn.ca\/wp-content\/uploads\/2025\/12\/ulka-premium-1-copy.webp?fit=750%2C1000&ssl=1&resize=700%2C400 2x"},"classes":[]}],"jetpack_sharing_enabled":true,"_links":{"self":[{"href":"https:\/\/victoriavynn.ca\/fr\/wp-json\/wp\/v2\/product\/21758","targetHints":{"allow":["GET"]}}],"collection":[{"href":"https:\/\/victoriavynn.ca\/fr\/wp-json\/wp\/v2\/product"}],"about":[{"href":"https:\/\/victoriavynn.ca\/fr\/wp-json\/wp\/v2\/types\/product"}],"replies":[{"embeddable":true,"href":"https:\/\/victoriavynn.ca\/fr\/wp-json\/wp\/v2\/comments?post=21758"}],"wp:featuredmedia":[{"embeddable":true,"href":"https:\/\/victoriavynn.ca\/fr\/wp-json\/wp\/v2\/media\/21811"}],"wp:attachment":[{"href":"https:\/\/victoriavynn.ca\/fr\/wp-json\/wp\/v2\/media?parent=21758"}],"wp:term":[{"taxonomy":"product_brand","embeddable":true,"href":"https:\/\/victoriavynn.ca\/fr\/wp-json\/wp\/v2\/product_brand?post=21758"},{"taxonomy":"product_cat","embeddable":true,"href":"https:\/\/victoriavynn.ca\/fr\/wp-json\/wp\/v2\/product_cat?post=21758"},{"taxonomy":"product_tag","embeddable":true,"href":"https:\/\/victoriavynn.ca\/fr\/wp-json\/wp\/v2\/product_tag?post=21758"}],"curies":[{"name":"wp","href":"https:\/\/api.w.org\/{rel}","templated":true}]}}