{"id":21766,"date":"2025-05-16T18:00:36","date_gmt":"2025-05-16T22:00:36","guid":{"rendered":"https:\/\/victoriavynn.ca\/product\/ulka-built-in-premium-desktop-white-manicure-dust-collector-kit-2-hepa-filter-1-wooden-stick-1-brush\/"},"modified":"2026-03-04T18:02:17","modified_gmt":"2026-03-04T23:02:17","slug":"kit-de-depoussierage-manucure-blanc-integre-ulka-2-filtres-hepa-1-baton-en-bois-1-brosse","status":"publish","type":"product","link":"https:\/\/victoriavynn.ca\/fr\/product\/ulka-built-in-premium-desktop-white-manicure-dust-collector-kit-2-hepa-filter-1-wooden-stick-1-brush\/","title":{"rendered":"\u00dcLKA D\u00e9poussi\u00e9reur de bureau Premium X2F int\u00e9gr\u00e9 + Kit (2 filtres HEPA, 1 b\u00e2ton en bois &amp; 1 brosse)"},"content":{"rendered":"<p>Une excellente option pour les proth\u00e9sistes ongulaires qui souhaitent \u00e9conomiser de l'espace sur leur poste de travail. Pour une installation fiable de l'extracteur de poussi\u00e8re int\u00e9gr\u00e9, l'\u00e9paisseur recommand\u00e9e de la table doit \u00eatre comprise entre 10 et 30 mm, et la longueur des vis ne doit pas d\u00e9passer l'\u00e9paisseur de la table. Lorsqu'il est install\u00e9 dans la table, le flux d'air de l'extracteur est dirig\u00e9 \u00e0 l'oppos\u00e9 du client et du technicien. En outre, \u00e0 la demande du client, un c\u00f4t\u00e9 du flux d'air peut \u00eatre bloqu\u00e9 par un bouchon.<\/p><p>Il dispose de deux vitesses : l'une pour les limes et l'autre pour les manucures. L'aspirateur consomme 52 W, ce qui permet un d\u00e9poussi\u00e9rage puissant tout en limitant les co\u00fbts d'\u00e9lectricit\u00e9.<\/p><ul class=\"wp-block-list\"><li>Niveau sonore (dB) : 55<\/li>\n\n<li>Puissance (W) : 52<\/li>\n\n<li>Vitesse d'aspiration (m\/s) : 3,3<\/li>\n\n<li>Dimensions (cm) : 28x26x9,7<\/li>\n\n<li>Poids (kg) : 2,25<\/li>\n\n<li>Taille de l'ouverture dans le tableau : (cm) : 29\u00d726,5*<\/li>\n\n<li>Couleurs de la base : Noir, Blanc, Gris<\/li><\/ul><p>*La taille de la couverture peut \u00eatre modifi\u00e9e en fonction des besoins individuels.<\/p><p>MISE \u00c0 JOUR IMPORTANTE<\/p><p>\u00c0 partir du 1er juillet 2025, de nouvelles conditions de garantie s'appliqueront \u00e0 toutes les ventes effectu\u00e9es \u00e0 partir de cette date. Ces mises \u00e0 jour sont con\u00e7ues pour aider les clients \u00e0 maintenir leurs machines en parfait \u00e9tat et entra\u00eeneront \u00e9galement une augmentation de la demande de filtres de remplacement, ce qui cr\u00e9era une excellente opportunit\u00e9 de vente pour vous.<\/p><p>Qu'est-ce qui change ?<br>Remplacement r\u00e9gulier du filtre pour une performance optimale<br>Les clients doivent remplacer leurs filtres HEPA tous les 2 mois et leurs filtres \u00e0 poches tous les 4 mois pour garantir un fonctionnement optimal. Pour les demandes de garantie, ils devront fournir la preuve de l'achat des filtres.<\/p>","protected":false},"excerpt":{"rendered":"<p>Le mod\u00e8le occupe un minimum d'espace sous la table, 9 cm seulement. Le d\u00e9poussi\u00e9reur est con\u00e7u de mani\u00e8re \u00e0 ce que le syst\u00e8me d'\u00e9vacuation de l'air \u00e9loigne le flux du ma\u00eetre et du client et ne cr\u00e9e donc pas d'inconfort pendant le traitement. Il n'y a pas d'analogue sur le march\u00e9.<\/p>\n<ul>\n<li>Corps en plastique r\u00e9sistant aux chocs<\/li>\n<li>Une extraction puissante et des factures d'\u00e9nergie r\u00e9duites<\/li>\n<li>Deux vitesses de fonctionnement<\/li>\n<\/ul>\n<p>Sp\u00e9cifications du produit :<\/p>\n<p><img loading=\"lazy\" decoding=\"async\" class=\"size-full wp-image-21796 alignleft\" src=\"http:\/\/victoriavynn.ca\/wp-content\/uploads\/2025\/05\/dust-extracted.webp\" alt=\"POUSSI\u00c8RE EXTRAITE\" width=\"125\" height=\"150\" srcset=\"https:\/\/i0.wp.com\/victoriavynn.ca\/wp-content\/uploads\/2025\/05\/dust-extracted.webp?w=125&amp;ssl=1 125w, https:\/\/i0.wp.com\/victoriavynn.ca\/wp-content\/uploads\/2025\/05\/dust-extracted.webp?resize=10%2C12&amp;ssl=1 10w, https:\/\/i0.wp.com\/victoriavynn.ca\/wp-content\/uploads\/2025\/05\/dust-extracted.webp?resize=64%2C77&amp;ssl=1 64w\" sizes=\"auto, (max-width: 125px) 100vw, 125px\" \/> <img loading=\"lazy\" decoding=\"async\" class=\"size-full wp-image-21797 alignleft\" src=\"http:\/\/victoriavynn.ca\/wp-content\/uploads\/2025\/05\/52w-power.webp\" alt=\"52W POWER\" width=\"125\" height=\"150\" srcset=\"https:\/\/i0.wp.com\/victoriavynn.ca\/wp-content\/uploads\/2025\/05\/52w-power.webp?w=125&amp;ssl=1 125w, https:\/\/i0.wp.com\/victoriavynn.ca\/wp-content\/uploads\/2025\/05\/52w-power.webp?resize=10%2C12&amp;ssl=1 10w, https:\/\/i0.wp.com\/victoriavynn.ca\/wp-content\/uploads\/2025\/05\/52w-power.webp?resize=64%2C77&amp;ssl=1 64w\" sizes=\"auto, (max-width: 125px) 100vw, 125px\" \/><img loading=\"lazy\" decoding=\"async\" class=\"size-full wp-image-21798 alignleft\" src=\"http:\/\/victoriavynn.ca\/wp-content\/uploads\/2025\/05\/5-years-warranty.webp\" alt=\"5 ANS DE GARANTIE\" width=\"125\" height=\"150\" srcset=\"https:\/\/i0.wp.com\/victoriavynn.ca\/wp-content\/uploads\/2025\/05\/5-years-warranty.webp?w=125&amp;ssl=1 125w, https:\/\/i0.wp.com\/victoriavynn.ca\/wp-content\/uploads\/2025\/05\/5-years-warranty.webp?resize=10%2C12&amp;ssl=1 10w, https:\/\/i0.wp.com\/victoriavynn.ca\/wp-content\/uploads\/2025\/05\/5-years-warranty.webp?resize=64%2C77&amp;ssl=1 64w\" sizes=\"auto, (max-width: 125px) 100vw, 125px\" \/> \u00a0 \u00a0 \u00a0 \u00a0 \u00a0<\/p>\n<p>&nbsp;<\/p>\n<p>&nbsp;<\/p>\n<p>&nbsp;<\/p>\n<p>&nbsp;<\/p>\n<p>&nbsp;<\/p>","protected":false},"featured_media":21836,"comment_status":"open","ping_status":"closed","template":"","meta":{"jetpack_post_was_ever_published":false,"jetpack_publicize_message":"","jetpack_publicize_feature_enabled":true,"jetpack_social_post_already_shared":true,"jetpack_social_options":{"image_generator_settings":{"template":"highway","default_image_id":0,"font":"","enabled":false},"version":2}},"product_brand":[893],"product_cat":[887],"product_tag":[897],"class_list":{"0":"post-21766","1":"product","2":"type-product","3":"status-publish","4":"has-post-thumbnail","6":"product_brand-ulka","7":"product_cat-premium-dust-collectors","8":"product_tag-dust-collectors","10":"first","11":"outofstock","12":"taxable","13":"shipping-taxable","14":"purchasable","15":"product-type-variable","16":"wvs-archive-product-wrapper"},"jetpack_publicize_connections":[],"jetpack-related-posts":[{"id":42606,"url":"https:\/\/victoriavynn.ca\/fr\/product\/ulka-built-in-tornado-desktop-black-manicure-dust-collector-kit-2-hepa-filter-1-wooden-stick-1-brush\/","url_meta":{"origin":21766,"position":0},"title":"\u00dcLKA D\u00e9poussi\u00e9reur de bureau Tornado int\u00e9gr\u00e9 pour manucure + Kit (2 filtres HEPA, 1 b\u00e2ton en bois et 1 brosse)","author":"Serge Sahakian","date":"D\u00e9cembre 3, 2025","format":false,"excerpt":"Built-in dust collector \u00dcLKA Tornado \u00dcLKA Tornado takes workspace cleanliness to the next level. This professional built-in dust collector features two powerful fans for consistent, even suction across the entire surface \u2014 not just in the center. Equipped with adjustable suction control, a side air outlet, and magnetic grilles for\u2026","rel":"","context":"Similar post","block_context":{"text":"Similar post","link":""},"img":{"alt_text":"victoria vynn tornado new","src":"https:\/\/i0.wp.com\/victoriavynn.ca\/wp-content\/uploads\/2025\/12\/victoria-vynn-tornado-new.webp?fit=750%2C1000&ssl=1&resize=350%2C200","width":350,"height":200,"srcset":"https:\/\/i0.wp.com\/victoriavynn.ca\/wp-content\/uploads\/2025\/12\/victoria-vynn-tornado-new.webp?fit=750%2C1000&ssl=1&resize=350%2C200 1x, https:\/\/i0.wp.com\/victoriavynn.ca\/wp-content\/uploads\/2025\/12\/victoria-vynn-tornado-new.webp?fit=750%2C1000&ssl=1&resize=525%2C300 1.5x, https:\/\/i0.wp.com\/victoriavynn.ca\/wp-content\/uploads\/2025\/12\/victoria-vynn-tornado-new.webp?fit=750%2C1000&ssl=1&resize=700%2C400 2x"},"classes":[]},{"id":21792,"url":"https:\/\/victoriavynn.ca\/fr\/product\/ulka-hepa-filter-textile-for-ulka-premium-dust-collectors\/","url_meta":{"origin":21766,"position":1},"title":"\u00dcLKA Filtre textile HEPA pour d\u00e9poussi\u00e9reurs \u00dcLKA Premium X2F","author":"Serge Sahakian","date":"mai 18, 2025","format":false,"excerpt":"Filtre rempla\u00e7able pour les d\u00e9poussi\u00e9reurs filtrants \u00dcLKA manucure. Gr\u00e2ce \u00e0 ce filtre, le d\u00e9poussi\u00e9reur nettoie efficacement l'air et \u00e9limine la poussi\u00e8re. Il est n\u00e9cessaire de laver le filtre uniquement \u00e0 l'eau courante ; ne pas le faire tremper ni le laver en machine. Le filtre doit \u00eatre nettoy\u00e9 (secou\u00e9) apr\u00e8s chaque 3\u00e8me utilisation par un client...","rel":"","context":"Similar post","block_context":{"text":"Similar post","link":""},"img":{"alt_text":"ulka premium 1 copy","src":"https:\/\/i0.wp.com\/victoriavynn.ca\/wp-content\/uploads\/2025\/12\/ulka-premium-1-copy.webp?fit=750%2C1000&ssl=1&resize=350%2C200","width":350,"height":200,"srcset":"https:\/\/i0.wp.com\/victoriavynn.ca\/wp-content\/uploads\/2025\/12\/ulka-premium-1-copy.webp?fit=750%2C1000&ssl=1&resize=350%2C200 1x, https:\/\/i0.wp.com\/victoriavynn.ca\/wp-content\/uploads\/2025\/12\/ulka-premium-1-copy.webp?fit=750%2C1000&ssl=1&resize=525%2C300 1.5x, https:\/\/i0.wp.com\/victoriavynn.ca\/wp-content\/uploads\/2025\/12\/ulka-premium-1-copy.webp?fit=750%2C1000&ssl=1&resize=700%2C400 2x"},"classes":[]},{"id":21794,"url":"https:\/\/victoriavynn.ca\/fr\/product\/ulka-hepa-filter-textile-for-ulka-handy-dust-collectors\/","url_meta":{"origin":21766,"position":2},"title":"\u00dcLKA HEPA Filter Textile pour \u00dcLKA Handy &amp; Tiny Dust Collectors","author":"Serge Sahakian","date":"mai 18, 2025","format":false,"excerpt":"Filtre rempla\u00e7able pour les d\u00e9poussi\u00e9reurs filtrants \u00dcLKA manucure. Gr\u00e2ce \u00e0 ce filtre, le d\u00e9poussi\u00e9reur nettoie efficacement l'air et \u00e9limine la poussi\u00e8re. Il est n\u00e9cessaire de laver le filtre uniquement \u00e0 l'eau courante ; ne pas le faire tremper ni le laver en machine. Le filtre doit \u00eatre nettoy\u00e9 (secou\u00e9) apr\u00e8s chaque 3\u00e8me utilisation par un client...","rel":"","context":"Similar post","block_context":{"text":"Similar post","link":""},"img":{"alt_text":"ulka handy dust collector HEPA Filter","src":"https:\/\/i0.wp.com\/victoriavynn.ca\/wp-content\/uploads\/2025\/05\/ulka-handy-dust-collector-hepa-filter-.webp?fit=750%2C1000&ssl=1&resize=350%2C200","width":350,"height":200,"srcset":"https:\/\/i0.wp.com\/victoriavynn.ca\/wp-content\/uploads\/2025\/05\/ulka-handy-dust-collector-hepa-filter-.webp?fit=750%2C1000&ssl=1&resize=350%2C200 1x, https:\/\/i0.wp.com\/victoriavynn.ca\/wp-content\/uploads\/2025\/05\/ulka-handy-dust-collector-hepa-filter-.webp?fit=750%2C1000&ssl=1&resize=525%2C300 1.5x, https:\/\/i0.wp.com\/victoriavynn.ca\/wp-content\/uploads\/2025\/05\/ulka-handy-dust-collector-hepa-filter-.webp?fit=750%2C1000&ssl=1&resize=700%2C400 2x"},"classes":[]},{"id":42574,"url":"https:\/\/victoriavynn.ca\/fr\/product\/ulka-hepa-filter-textile-for-ulka-nano-tornado-bee-dust-collectors\/","url_meta":{"origin":21766,"position":3},"title":"\u00dcLKA HEPA Filter Textile pour les d\u00e9poussi\u00e9reurs \u00dcLKA Nano\/Tornado\/Bee","author":"Serge Sahakian","date":"D\u00e9cembre 3, 2025","format":false,"excerpt":"Filtre textile HEPA \u00e0 haute efficacit\u00e9 pour les d\u00e9poussi\u00e9reurs \u00dcLKA Nano, Tornado et Bee. Capture sup\u00e9rieure de la poussi\u00e8re et flux d'air propre.","rel":"","context":"Similar post","block_context":{"text":"Similar post","link":""},"img":{"alt_text":"","src":"https:\/\/i0.wp.com\/victoriavynn.ca\/wp-content\/uploads\/2025\/12\/ulka-nanobee-filter-.jpg?fit=750%2C1000&ssl=1&resize=350%2C200","width":350,"height":200,"srcset":"https:\/\/i0.wp.com\/victoriavynn.ca\/wp-content\/uploads\/2025\/12\/ulka-nanobee-filter-.jpg?fit=750%2C1000&ssl=1&resize=350%2C200 1x, https:\/\/i0.wp.com\/victoriavynn.ca\/wp-content\/uploads\/2025\/12\/ulka-nanobee-filter-.jpg?fit=750%2C1000&ssl=1&resize=525%2C300 1.5x, https:\/\/i0.wp.com\/victoriavynn.ca\/wp-content\/uploads\/2025\/12\/ulka-nanobee-filter-.jpg?fit=750%2C1000&ssl=1&resize=700%2C400 2x"},"classes":[]},{"id":21758,"url":"https:\/\/victoriavynn.ca\/fr\/product\/ulka-premium-desktop-white-manicure-dust-collector-kit-2-hepa-filter-1-wooden-stick-1-brush\/","url_meta":{"origin":21766,"position":4},"title":"\u00dcLKA Premium X2F D\u00e9poussi\u00e9reur de bureau pour manucure + Kit (2 filtres HEPA, 1 b\u00e2ton en bois et 1 brosse)","author":"Serge Sahakian","date":"mai 16, 2025","format":false,"excerpt":"One of the most powerful models of dust collectors with a filter Energy-efficient model with a centrifugal fan, 2 times more powerful than similar dust collectors with a bag, low noise level. Body made of impact-resistant plastic Two operating mode Largest dust extraction area Product Specifications: \u00a0 \u00a0 \u00a0 \u00a0\u2026","rel":"","context":"Similar post","block_context":{"text":"Similar post","link":""},"img":{"alt_text":"ulka premium dust collector white","src":"https:\/\/i0.wp.com\/victoriavynn.ca\/wp-content\/uploads\/2025\/05\/ulka-premium-dust-collector-white.webp?fit=750%2C1000&ssl=1&resize=350%2C200","width":350,"height":200,"srcset":"https:\/\/i0.wp.com\/victoriavynn.ca\/wp-content\/uploads\/2025\/05\/ulka-premium-dust-collector-white.webp?fit=750%2C1000&ssl=1&resize=350%2C200 1x, https:\/\/i0.wp.com\/victoriavynn.ca\/wp-content\/uploads\/2025\/05\/ulka-premium-dust-collector-white.webp?fit=750%2C1000&ssl=1&resize=525%2C300 1.5x, https:\/\/i0.wp.com\/victoriavynn.ca\/wp-content\/uploads\/2025\/05\/ulka-premium-dust-collector-white.webp?fit=750%2C1000&ssl=1&resize=700%2C400 2x"},"classes":[]},{"id":21786,"url":"https:\/\/victoriavynn.ca\/fr\/product\/ulka-premium-hand-rest-white\/","url_meta":{"origin":21766,"position":5},"title":"\u00dcLKA Support pour repose-mains","author":"Serge Sahakian","date":"mai 18, 2025","format":false,"excerpt":"Le support est dot\u00e9 de pieds m\u00e9talliques stylis\u00e9s et d'un coussin en \u00e9co-cuir de haute qualit\u00e9, facile \u00e0 nettoyer de la salet\u00e9. La taille convient \u00e0 tous les mod\u00e8les de d\u00e9poussi\u00e9reurs de table. Un large coussin rend le traitement de manucure agr\u00e9able non seulement pour le client, mais vous permet \u00e9galement de maintenir...","rel":"","context":"Similar post","block_context":{"text":"Similar post","link":""},"img":{"alt_text":"ulka hand stand white","src":"https:\/\/i0.wp.com\/victoriavynn.ca\/wp-content\/uploads\/2025\/05\/ulka-hand-stand-white.webp?fit=750%2C1000&ssl=1&resize=350%2C200","width":350,"height":200,"srcset":"https:\/\/i0.wp.com\/victoriavynn.ca\/wp-content\/uploads\/2025\/05\/ulka-hand-stand-white.webp?fit=750%2C1000&ssl=1&resize=350%2C200 1x, https:\/\/i0.wp.com\/victoriavynn.ca\/wp-content\/uploads\/2025\/05\/ulka-hand-stand-white.webp?fit=750%2C1000&ssl=1&resize=525%2C300 1.5x, https:\/\/i0.wp.com\/victoriavynn.ca\/wp-content\/uploads\/2025\/05\/ulka-hand-stand-white.webp?fit=750%2C1000&ssl=1&resize=700%2C400 2x"},"classes":[]}],"jetpack_sharing_enabled":true,"_links":{"self":[{"href":"https:\/\/victoriavynn.ca\/fr\/wp-json\/wp\/v2\/product\/21766","targetHints":{"allow":["GET"]}}],"collection":[{"href":"https:\/\/victoriavynn.ca\/fr\/wp-json\/wp\/v2\/product"}],"about":[{"href":"https:\/\/victoriavynn.ca\/fr\/wp-json\/wp\/v2\/types\/product"}],"replies":[{"embeddable":true,"href":"https:\/\/victoriavynn.ca\/fr\/wp-json\/wp\/v2\/comments?post=21766"}],"wp:featuredmedia":[{"embeddable":true,"href":"https:\/\/victoriavynn.ca\/fr\/wp-json\/wp\/v2\/media\/21836"}],"wp:attachment":[{"href":"https:\/\/victoriavynn.ca\/fr\/wp-json\/wp\/v2\/media?parent=21766"}],"wp:term":[{"taxonomy":"product_brand","embeddable":true,"href":"https:\/\/victoriavynn.ca\/fr\/wp-json\/wp\/v2\/product_brand?post=21766"},{"taxonomy":"product_cat","embeddable":true,"href":"https:\/\/victoriavynn.ca\/fr\/wp-json\/wp\/v2\/product_cat?post=21766"},{"taxonomy":"product_tag","embeddable":true,"href":"https:\/\/victoriavynn.ca\/fr\/wp-json\/wp\/v2\/product_tag?post=21766"}],"curies":[{"name":"wp","href":"https:\/\/api.w.org\/{rel}","templated":true}]}}