{"id":21772,"date":"2025-05-16T18:20:41","date_gmt":"2025-05-16T22:20:41","guid":{"rendered":"https:\/\/victoriavynn.ca\/product\/ulka-handy-desktop-white-manicure-dust-collector-kit-2-hepa-filter-1-brush\/"},"modified":"2026-03-04T18:02:17","modified_gmt":"2026-03-04T23:02:17","slug":"ulka-handy-desktop-white-manicure-dust-collector-kit-2-hepa-filter-1-brush","status":"publish","type":"product","link":"https:\/\/victoriavynn.ca\/fr\/product\/ulka-handy-desktop-white-manicure-dust-collector-kit-2-hepa-filter-1-brush\/","title":{"rendered":"\u00dcLKA D\u00e9poussi\u00e9reur de bureau pour manucure + Kit (2 Filtres HEPA &amp; 1 Brosse)"},"content":{"rendered":"<p>Il s'agit d'un nouveau b\u00e9b\u00e9 solide qui prot\u00e8ge la sant\u00e9 d'un ma\u00eetre ongulaire. Il s'agit d'un d\u00e9poussi\u00e9reur qui vous garantit un espace de travail sain et confortable. Il \u00e9limine efficacement la poussi\u00e8re et les allerg\u00e8nes qui peuvent se d\u00e9poser dans nos poumons pendant la proc\u00e9dure. En outre, Handy est l\u00e9ger et ergonomique, ce qui n'affecte en rien ses performances. Gr\u00e2ce \u00e0 un syst\u00e8me de commande simple, le d\u00e9poussi\u00e9reur se met en marche en appuyant sur un seul bouton. Le filtre situ\u00e9 devant le ventilateur emp\u00eache la poussi\u00e8re d'\u00eatre expuls\u00e9e, ce qui est souvent le cas avec les sacs. L'\u00dcLKA Handy dispose de tous les certificats de qualit\u00e9 n\u00e9cessaires, y compris le certificat CE, qui confirme sa fiabilit\u00e9.<\/p>\n\n\n\n<ul class=\"wp-block-list\">\n<li>Puissance 30 W<\/li>\n\n\n\n<li>Corps Plastique ABS<\/li>\n\n\n\n<li>Largeur 235 \u043c\u043c<\/li>\n\n\n\n<li>Profondeur 200 \u043c\u043c<\/li>\n\n\n\n<li>Hauteur 7,5 cm<\/li>\n\n\n\n<li>Poids 0,7 kg<\/li>\n\n\n\n<li>Type d'alimentation 220\/50 \u0456 110V,<\/li>\n\n\n\n<li>Vitesse du moteur 4800\u00b110% par min.<\/li>\n\n\n\n<li>Niveau sonore 75<\/li>\n\n\n\n<li>Puissance d'un courant \u00e9lectrique, A 0,14<\/li>\n\n\n\n<li>Vitesse d'aspiration m\/s 3,3<\/li>\n\n\n\n<li>Dimensions, cm, 24\u044520\u04457.5<\/li>\n\n\n\n<li>Couleurs du bo\u00eetier : Noir, Blanc<\/li>\n<\/ul>\n\n\n\n<p>MISE \u00c0 JOUR IMPORTANTE<\/p>\n\n\n\n<p>\u00c0 partir du 1er juillet 2025, de nouvelles conditions de garantie s'appliqueront \u00e0 toutes les ventes effectu\u00e9es \u00e0 partir de cette date. Ces mises \u00e0 jour sont con\u00e7ues pour aider les clients \u00e0 maintenir leurs machines en parfait \u00e9tat et entra\u00eeneront \u00e9galement une augmentation de la demande de filtres de remplacement, ce qui cr\u00e9era une excellente opportunit\u00e9 de vente pour vous.<\/p>\n\n\n\n<p>Qu'est-ce qui change ?<br>Remplacement r\u00e9gulier du filtre pour une performance optimale<br>Les clients doivent remplacer leurs filtres HEPA tous les 2 mois et leurs filtres \u00e0 poches tous les 4 mois pour garantir un fonctionnement optimal. Pour les demandes de garantie, ils devront fournir la preuve de l'achat des filtres.<\/p>","protected":false},"excerpt":{"rendered":"<p>Ce d\u00e9poussi\u00e9reur est le choix id\u00e9al pour les salons et studios professionnels qui privil\u00e9gient la qualit\u00e9, le confort et la puret\u00e9. Il offre une grande efficacit\u00e9 avec une consommation d'\u00e9nergie minimale et permet d'absorber 99,9% de poussi\u00e8re de manucure. Le corps du d\u00e9poussi\u00e9reur est fabriqu\u00e9 en plastique r\u00e9sistant aux chocs et facile \u00e0 nettoyer.<\/p>\n<ul>\n<li>Haute efficacit\u00e9 (le d\u00e9poussi\u00e9reur absorbe la poussi\u00e8re d'une hauteur allant jusqu'\u00e0 20 cm, m\u00eame pendant une p\u00e9dicure !)<\/li>\n<li>Faible niveau sonore<\/li>\n<li>Jusqu'\u00e0 8 heures d'autonomie avec l'\u00dcLKA PowerStation 60<\/li>\n<\/ul>\n<p>Sp\u00e9cifications du produit :<\/p>\n<p><img loading=\"lazy\" decoding=\"async\" class=\"size-full wp-image-21843 alignleft\" src=\"http:\/\/victoriavynn.ca\/wp-content\/uploads\/2025\/05\/99.9-dust-extracted.webp\" alt=\"99,9 POUSSI\u00c8RES EXTRAITES\" width=\"125\" height=\"150\" srcset=\"https:\/\/i0.wp.com\/victoriavynn.ca\/wp-content\/uploads\/2025\/05\/99.9-dust-extracted.webp?w=125&amp;ssl=1 125w, https:\/\/i0.wp.com\/victoriavynn.ca\/wp-content\/uploads\/2025\/05\/99.9-dust-extracted.webp?resize=10%2C12&amp;ssl=1 10w, https:\/\/i0.wp.com\/victoriavynn.ca\/wp-content\/uploads\/2025\/05\/99.9-dust-extracted.webp?resize=64%2C77&amp;ssl=1 64w\" sizes=\"auto, (max-width: 125px) 100vw, 125px\" \/> <img loading=\"lazy\" decoding=\"async\" class=\"size-full wp-image-21842 alignleft\" src=\"http:\/\/victoriavynn.ca\/wp-content\/uploads\/2025\/05\/30w-power.webp\" alt=\"30W POWER\" width=\"125\" height=\"150\" srcset=\"https:\/\/i0.wp.com\/victoriavynn.ca\/wp-content\/uploads\/2025\/05\/30w-power.webp?w=125&amp;ssl=1 125w, https:\/\/i0.wp.com\/victoriavynn.ca\/wp-content\/uploads\/2025\/05\/30w-power.webp?resize=10%2C12&amp;ssl=1 10w, https:\/\/i0.wp.com\/victoriavynn.ca\/wp-content\/uploads\/2025\/05\/30w-power.webp?resize=64%2C77&amp;ssl=1 64w\" sizes=\"auto, (max-width: 125px) 100vw, 125px\" \/> <img loading=\"lazy\" decoding=\"async\" class=\"size-full wp-image-21798 alignleft\" src=\"http:\/\/victoriavynn.ca\/wp-content\/uploads\/2025\/05\/5-years-warranty.webp\" alt=\"5 ANS DE GARANTIE\" width=\"125\" height=\"150\" srcset=\"https:\/\/i0.wp.com\/victoriavynn.ca\/wp-content\/uploads\/2025\/05\/5-years-warranty.webp?w=125&amp;ssl=1 125w, https:\/\/i0.wp.com\/victoriavynn.ca\/wp-content\/uploads\/2025\/05\/5-years-warranty.webp?resize=10%2C12&amp;ssl=1 10w, https:\/\/i0.wp.com\/victoriavynn.ca\/wp-content\/uploads\/2025\/05\/5-years-warranty.webp?resize=64%2C77&amp;ssl=1 64w\" sizes=\"auto, (max-width: 125px) 100vw, 125px\" \/><\/p>\n<p>&nbsp;<\/p>\n<p>&nbsp;<\/p>\n<p>&nbsp;<\/p>\n<p>&nbsp;<\/p>\n<p>&nbsp;<\/p>\n<p>&nbsp;<\/p>","protected":false},"featured_media":21852,"comment_status":"open","ping_status":"closed","template":"","meta":{"jetpack_post_was_ever_published":false,"jetpack_publicize_message":"","jetpack_publicize_feature_enabled":true,"jetpack_social_post_already_shared":true,"jetpack_social_options":{"image_generator_settings":{"template":"highway","default_image_id":0,"font":"","enabled":false},"version":2}},"product_brand":[893],"product_cat":[892],"product_tag":[897],"class_list":{"0":"post-21772","1":"product","2":"type-product","3":"status-publish","4":"has-post-thumbnail","6":"product_brand-ulka","7":"product_cat-handy-dust-collectors","8":"product_tag-dust-collectors","10":"first","11":"instock","12":"taxable","13":"shipping-taxable","14":"purchasable","15":"product-type-variable"},"jetpack_publicize_connections":[],"jetpack-related-posts":[{"id":21794,"url":"https:\/\/victoriavynn.ca\/fr\/product\/ulka-hepa-filter-textile-for-ulka-handy-dust-collectors\/","url_meta":{"origin":21772,"position":0},"title":"\u00dcLKA HEPA Filter Textile pour \u00dcLKA Handy &amp; Tiny Dust Collectors","author":"Serge Sahakian","date":"mai 18, 2025","format":false,"excerpt":"Filtre rempla\u00e7able pour les d\u00e9poussi\u00e9reurs filtrants \u00dcLKA manucure. Gr\u00e2ce \u00e0 ce filtre, le d\u00e9poussi\u00e9reur nettoie efficacement l'air et \u00e9limine la poussi\u00e8re. Il est n\u00e9cessaire de laver le filtre uniquement \u00e0 l'eau courante ; ne pas le faire tremper ni le laver en machine. Le filtre doit \u00eatre nettoy\u00e9 (secou\u00e9) apr\u00e8s chaque 3\u00e8me utilisation par un client...","rel":"","context":"Similar post","block_context":{"text":"Similar post","link":""},"img":{"alt_text":"ulka handy dust collector HEPA Filter","src":"https:\/\/i0.wp.com\/victoriavynn.ca\/wp-content\/uploads\/2025\/05\/ulka-handy-dust-collector-hepa-filter-.webp?fit=750%2C1000&ssl=1&resize=350%2C200","width":350,"height":200,"srcset":"https:\/\/i0.wp.com\/victoriavynn.ca\/wp-content\/uploads\/2025\/05\/ulka-handy-dust-collector-hepa-filter-.webp?fit=750%2C1000&ssl=1&resize=350%2C200 1x, https:\/\/i0.wp.com\/victoriavynn.ca\/wp-content\/uploads\/2025\/05\/ulka-handy-dust-collector-hepa-filter-.webp?fit=750%2C1000&ssl=1&resize=525%2C300 1.5x, https:\/\/i0.wp.com\/victoriavynn.ca\/wp-content\/uploads\/2025\/05\/ulka-handy-dust-collector-hepa-filter-.webp?fit=750%2C1000&ssl=1&resize=700%2C400 2x"},"classes":[]},{"id":42574,"url":"https:\/\/victoriavynn.ca\/fr\/product\/ulka-hepa-filter-textile-for-ulka-nano-tornado-bee-dust-collectors\/","url_meta":{"origin":21772,"position":1},"title":"\u00dcLKA HEPA Filter Textile pour les d\u00e9poussi\u00e9reurs \u00dcLKA Nano\/Tornado\/Bee","author":"Serge Sahakian","date":"D\u00e9cembre 3, 2025","format":false,"excerpt":"Filtre textile HEPA \u00e0 haute efficacit\u00e9 pour les d\u00e9poussi\u00e9reurs \u00dcLKA Nano, Tornado et Bee. Capture sup\u00e9rieure de la poussi\u00e8re et flux d'air propre.","rel":"","context":"Similar post","block_context":{"text":"Similar post","link":""},"img":{"alt_text":"","src":"https:\/\/i0.wp.com\/victoriavynn.ca\/wp-content\/uploads\/2025\/12\/ulka-nanobee-filter-.jpg?fit=750%2C1000&ssl=1&resize=350%2C200","width":350,"height":200,"srcset":"https:\/\/i0.wp.com\/victoriavynn.ca\/wp-content\/uploads\/2025\/12\/ulka-nanobee-filter-.jpg?fit=750%2C1000&ssl=1&resize=350%2C200 1x, https:\/\/i0.wp.com\/victoriavynn.ca\/wp-content\/uploads\/2025\/12\/ulka-nanobee-filter-.jpg?fit=750%2C1000&ssl=1&resize=525%2C300 1.5x, https:\/\/i0.wp.com\/victoriavynn.ca\/wp-content\/uploads\/2025\/12\/ulka-nanobee-filter-.jpg?fit=750%2C1000&ssl=1&resize=700%2C400 2x"},"classes":[]},{"id":21792,"url":"https:\/\/victoriavynn.ca\/fr\/product\/ulka-hepa-filter-textile-for-ulka-premium-dust-collectors\/","url_meta":{"origin":21772,"position":2},"title":"\u00dcLKA Filtre textile HEPA pour d\u00e9poussi\u00e9reurs \u00dcLKA Premium X2F","author":"Serge Sahakian","date":"mai 18, 2025","format":false,"excerpt":"Filtre rempla\u00e7able pour les d\u00e9poussi\u00e9reurs filtrants \u00dcLKA manucure. Gr\u00e2ce \u00e0 ce filtre, le d\u00e9poussi\u00e9reur nettoie efficacement l'air et \u00e9limine la poussi\u00e8re. Il est n\u00e9cessaire de laver le filtre uniquement \u00e0 l'eau courante ; ne pas le faire tremper ni le laver en machine. Le filtre doit \u00eatre nettoy\u00e9 (secou\u00e9) apr\u00e8s chaque 3\u00e8me utilisation par un client...","rel":"","context":"Similar post","block_context":{"text":"Similar post","link":""},"img":{"alt_text":"ulka premium 1 copy","src":"https:\/\/i0.wp.com\/victoriavynn.ca\/wp-content\/uploads\/2025\/12\/ulka-premium-1-copy.webp?fit=750%2C1000&ssl=1&resize=350%2C200","width":350,"height":200,"srcset":"https:\/\/i0.wp.com\/victoriavynn.ca\/wp-content\/uploads\/2025\/12\/ulka-premium-1-copy.webp?fit=750%2C1000&ssl=1&resize=350%2C200 1x, https:\/\/i0.wp.com\/victoriavynn.ca\/wp-content\/uploads\/2025\/12\/ulka-premium-1-copy.webp?fit=750%2C1000&ssl=1&resize=525%2C300 1.5x, https:\/\/i0.wp.com\/victoriavynn.ca\/wp-content\/uploads\/2025\/12\/ulka-premium-1-copy.webp?fit=750%2C1000&ssl=1&resize=700%2C400 2x"},"classes":[]},{"id":21758,"url":"https:\/\/victoriavynn.ca\/fr\/product\/ulka-premium-desktop-white-manicure-dust-collector-kit-2-hepa-filter-1-wooden-stick-1-brush\/","url_meta":{"origin":21772,"position":3},"title":"\u00dcLKA Premium X2F D\u00e9poussi\u00e9reur de bureau pour manucure + Kit (2 filtres HEPA, 1 b\u00e2ton en bois et 1 brosse)","author":"Serge Sahakian","date":"mai 16, 2025","format":false,"excerpt":"L'un des mod\u00e8les les plus puissants de d\u00e9poussi\u00e9reurs avec filtre Mod\u00e8le \u00e9conome en \u00e9nergie avec ventilateur centrifuge, 2 fois plus puissant que les d\u00e9poussi\u00e9reurs similaires avec sac, faible niveau sonore. Corps en plastique r\u00e9sistant aux chocs Deux modes de fonctionnement Plus grande zone d'extraction de la poussi\u00e8re Sp\u00e9cifications du produit :        ...","rel":"","context":"Similar post","block_context":{"text":"Similar post","link":""},"img":{"alt_text":"ulka premium dust collector white","src":"https:\/\/i0.wp.com\/victoriavynn.ca\/wp-content\/uploads\/2025\/05\/ulka-premium-dust-collector-white.webp?fit=750%2C1000&ssl=1&resize=350%2C200","width":350,"height":200,"srcset":"https:\/\/i0.wp.com\/victoriavynn.ca\/wp-content\/uploads\/2025\/05\/ulka-premium-dust-collector-white.webp?fit=750%2C1000&ssl=1&resize=350%2C200 1x, https:\/\/i0.wp.com\/victoriavynn.ca\/wp-content\/uploads\/2025\/05\/ulka-premium-dust-collector-white.webp?fit=750%2C1000&ssl=1&resize=525%2C300 1.5x, https:\/\/i0.wp.com\/victoriavynn.ca\/wp-content\/uploads\/2025\/05\/ulka-premium-dust-collector-white.webp?fit=750%2C1000&ssl=1&resize=700%2C400 2x"},"classes":[]},{"id":21764,"url":"https:\/\/victoriavynn.ca\/fr\/product\/ulka-nano-desktop-white-manicure-dust-collector-kit-2-hepa-filter-1-wooden-stick-1-brush\/","url_meta":{"origin":21772,"position":4},"title":"\u00dcLKA Nano Desktop White Manicure Dust Collector + Kit (2 filtres HEPA, 1 b\u00e2ton en bois et 1 brosse)","author":"Serge Sahakian","date":"mai 16, 2025","format":false,"excerpt":"Ce d\u00e9poussi\u00e9reur est le choix id\u00e9al pour les salons et studios professionnels qui privil\u00e9gient la qualit\u00e9, la commodit\u00e9 et la propret\u00e9. Mod\u00e8le \u00e9conome en \u00e9nergie, dot\u00e9 de deux ventilateurs puissants et de ports pour recharger les appareils mobiles, il est deux fois plus puissant que les d\u00e9poussi\u00e9reurs \u00e0 sacs comparables et fonctionne avec un faible niveau sonore. Corps en...","rel":"","context":"Similar post","block_context":{"text":"Similar post","link":""},"img":{"alt_text":"ULKA NANO DUST COLLECTOR 2","src":"https:\/\/i0.wp.com\/victoriavynn.ca\/wp-content\/uploads\/2025\/05\/ulka-nano-dust-collector-2.webp?fit=750%2C1000&ssl=1&resize=350%2C200","width":350,"height":200,"srcset":"https:\/\/i0.wp.com\/victoriavynn.ca\/wp-content\/uploads\/2025\/05\/ulka-nano-dust-collector-2.webp?fit=750%2C1000&ssl=1&resize=350%2C200 1x, https:\/\/i0.wp.com\/victoriavynn.ca\/wp-content\/uploads\/2025\/05\/ulka-nano-dust-collector-2.webp?fit=750%2C1000&ssl=1&resize=525%2C300 1.5x, https:\/\/i0.wp.com\/victoriavynn.ca\/wp-content\/uploads\/2025\/05\/ulka-nano-dust-collector-2.webp?fit=750%2C1000&ssl=1&resize=700%2C400 2x"},"classes":[]},{"id":42606,"url":"https:\/\/victoriavynn.ca\/fr\/product\/ulka-built-in-tornado-desktop-black-manicure-dust-collector-kit-2-hepa-filter-1-wooden-stick-1-brush\/","url_meta":{"origin":21772,"position":5},"title":"\u00dcLKA D\u00e9poussi\u00e9reur de bureau Tornado int\u00e9gr\u00e9 pour manucure + Kit (2 filtres HEPA, 1 b\u00e2ton en bois et 1 brosse)","author":"Serge Sahakian","date":"D\u00e9cembre 3, 2025","format":false,"excerpt":"D\u00e9poussi\u00e9reur int\u00e9gr\u00e9 \u00dcLKA Tornado \u00dcLKA Tornado \u00e9l\u00e8ve la propret\u00e9 de l'espace de travail \u00e0 un niveau sup\u00e9rieur. Ce d\u00e9poussi\u00e9reur professionnel encastrable est \u00e9quip\u00e9 de deux ventilateurs puissants pour une aspiration homog\u00e8ne et constante sur toute la surface, et pas seulement au centre. Il est \u00e9quip\u00e9 d'une commande d'aspiration r\u00e9glable, d'une sortie d'air lat\u00e9rale et de grilles magn\u00e9tiques pour...","rel":"","context":"Similar post","block_context":{"text":"Similar post","link":""},"img":{"alt_text":"victoria vynn tornado new","src":"https:\/\/i0.wp.com\/victoriavynn.ca\/wp-content\/uploads\/2025\/12\/victoria-vynn-tornado-new.webp?fit=750%2C1000&ssl=1&resize=350%2C200","width":350,"height":200,"srcset":"https:\/\/i0.wp.com\/victoriavynn.ca\/wp-content\/uploads\/2025\/12\/victoria-vynn-tornado-new.webp?fit=750%2C1000&ssl=1&resize=350%2C200 1x, https:\/\/i0.wp.com\/victoriavynn.ca\/wp-content\/uploads\/2025\/12\/victoria-vynn-tornado-new.webp?fit=750%2C1000&ssl=1&resize=525%2C300 1.5x, https:\/\/i0.wp.com\/victoriavynn.ca\/wp-content\/uploads\/2025\/12\/victoria-vynn-tornado-new.webp?fit=750%2C1000&ssl=1&resize=700%2C400 2x"},"classes":[]}],"jetpack_sharing_enabled":true,"_links":{"self":[{"href":"https:\/\/victoriavynn.ca\/fr\/wp-json\/wp\/v2\/product\/21772","targetHints":{"allow":["GET"]}}],"collection":[{"href":"https:\/\/victoriavynn.ca\/fr\/wp-json\/wp\/v2\/product"}],"about":[{"href":"https:\/\/victoriavynn.ca\/fr\/wp-json\/wp\/v2\/types\/product"}],"replies":[{"embeddable":true,"href":"https:\/\/victoriavynn.ca\/fr\/wp-json\/wp\/v2\/comments?post=21772"}],"wp:featuredmedia":[{"embeddable":true,"href":"https:\/\/victoriavynn.ca\/fr\/wp-json\/wp\/v2\/media\/21852"}],"wp:attachment":[{"href":"https:\/\/victoriavynn.ca\/fr\/wp-json\/wp\/v2\/media?parent=21772"}],"wp:term":[{"taxonomy":"product_brand","embeddable":true,"href":"https:\/\/victoriavynn.ca\/fr\/wp-json\/wp\/v2\/product_brand?post=21772"},{"taxonomy":"product_cat","embeddable":true,"href":"https:\/\/victoriavynn.ca\/fr\/wp-json\/wp\/v2\/product_cat?post=21772"},{"taxonomy":"product_tag","embeddable":true,"href":"https:\/\/victoriavynn.ca\/fr\/wp-json\/wp\/v2\/product_tag?post=21772"}],"curies":[{"name":"wp","href":"https:\/\/api.w.org\/{rel}","templated":true}]}}