{"id":21778,"date":"2025-05-16T18:46:23","date_gmt":"2025-05-16T22:46:23","guid":{"rendered":"https:\/\/victoriavynn.ca\/product\/ulka-lumos-2in1-uv-led-lamp-s50-ba-with-a-rechargeable-battery\/"},"modified":"2026-03-04T17:40:17","modified_gmt":"2026-03-04T22:40:17","slug":"ulka-lumos-2in1-lampe-led-uv-s50-ba-avec-batterie-rechargeable","status":"publish","type":"product","link":"https:\/\/victoriavynn.ca\/fr\/product\/ulka-lumos-2in1-uv-led-lamp-s50-ba-with-a-rechargeable-battery\/","title":{"rendered":"\u00dcLKA L\u00dcMOS 2in1 UV\/LED Lamp S50-BA (avec batterie rechargeable)"},"content":{"rendered":"<p>Technologie \u00e0 double lumi\u00e8re : gr\u00e2ce \u00e0 ses 30 LED, la lampe disperse un spectre d'UV plus large que les lampes LED conventionnelles, ce qui garantit une polym\u00e9risation compl\u00e8te de diff\u00e9rents types de gels. Le capteur tactile permet \u00e0 la lampe de s'allumer automatiquement lorsque le client place sa main dans la lampe. La batterie int\u00e9gr\u00e9e assure la mobilit\u00e9 et la facilit\u00e9 d'utilisation. La plaque inf\u00e9rieure de la lampe peut \u00eatre facilement retir\u00e9e, ce qui la rend id\u00e9ale pour une utilisation lors d'une p\u00e9dicure. Ports USB suppl\u00e9mentaires : L'int\u00e9gration de ports USB dans la lampe \u00dcLKA permet aux utilisateurs de recharger leurs appareils mobiles tout en travaillant.<\/p><ul class=\"wp-block-list\"><li>Autonomie de la batterie (heures) : jusqu'\u00e0 7<\/li>\n\n<li>60 cycles de 60 secondes chacun (2 \u00e0 5 manucures, selon la technique du manucure)<\/li>\n\n<li>Nombre de LED (pcs.) : 30<\/li>\n\n<li>Type de LED : LED+UV<\/li>\n\n<li>Longueur d'onde (nm) : 365 + 405<\/li>\n\n<li>Minuterie (s) : 30, 60, 99<\/li>\n\n<li>Temps de charge (h) : 3<\/li>\n\n<li>Puissance du signal d'entr\u00e9e (V) : 100-240<\/li>\n\n<li>Consommation \u00e9lectrique maximale : 30W<\/li>\n\n<li>30PCS LEDs avec lumi\u00e8re UV<\/li>\n\n<li>Tension d'alimentation (chargeur) (V) : 12.6<\/li>\n\n<li>Dimensions (cm) : 18.5\u044519\u04458 (r\u00e9el)<\/li>\n\n<li>Poids (kg) : 0.85<\/li>\n\n<li>Tension d'alimentation : AC100-240V 50\/60HZ, 0.6A, DC 12.6V, 1A<\/li>\n\n<li>Capacit\u00e9 de la batterie (mAh) : 2500<\/li>\n\n<li>Puissance de rayonnement des LED par cm2 : - 39 mW\/\u0441m2<\/li>\n\n<li>Garantie : 6 mois<\/li><\/ul><p><\/p>","protected":false},"excerpt":{"rendered":"<p>La lampe \u00e0 ongles \u00dcLKA L\u00dcMOS LED combine les technologies LED et UV. Cette solution moderne 2 en 1 est id\u00e9ale pour les manucures professionnelles qui ont besoin d'un outil efficace pour polym\u00e9riser les gels UV et LED.<\/p>\n<ul>\n<li>Chargement rapide de la batterie - 3 heures seulement<\/li>\n<li>Lampe LED puissante pour les professionnels<\/li>\n<li>\u00c9quip\u00e9 de 30 LED<\/li>\n<\/ul>\n<p>Sp\u00e9cifications du produit :<\/p>\n<p><img loading=\"lazy\" decoding=\"async\" class=\"size-full wp-image-21877 alignleft\" src=\"http:\/\/victoriavynn.ca\/wp-content\/uploads\/2025\/05\/uv-and-led-.webp\" alt=\"ULKA uv et led\" width=\"125\" height=\"150\" srcset=\"https:\/\/i0.wp.com\/victoriavynn.ca\/wp-content\/uploads\/2025\/05\/uv-and-led-.webp?w=125&amp;ssl=1 125w, https:\/\/i0.wp.com\/victoriavynn.ca\/wp-content\/uploads\/2025\/05\/uv-and-led-.webp?resize=10%2C12&amp;ssl=1 10w, https:\/\/i0.wp.com\/victoriavynn.ca\/wp-content\/uploads\/2025\/05\/uv-and-led-.webp?resize=64%2C77&amp;ssl=1 64w\" sizes=\"auto, (max-width: 125px) 100vw, 125px\" \/><img loading=\"lazy\" decoding=\"async\" class=\"size-full wp-image-21876 alignleft\" src=\"http:\/\/victoriavynn.ca\/wp-content\/uploads\/2025\/05\/100-240-v-input-power.webp\" alt=\"PUISSANCE D&#039;ENTR\u00c9E 100-240 V\" width=\"125\" height=\"150\" srcset=\"https:\/\/i0.wp.com\/victoriavynn.ca\/wp-content\/uploads\/2025\/05\/100-240-v-input-power.webp?w=125&amp;ssl=1 125w, https:\/\/i0.wp.com\/victoriavynn.ca\/wp-content\/uploads\/2025\/05\/100-240-v-input-power.webp?resize=10%2C12&amp;ssl=1 10w, https:\/\/i0.wp.com\/victoriavynn.ca\/wp-content\/uploads\/2025\/05\/100-240-v-input-power.webp?resize=64%2C77&amp;ssl=1 64w\" sizes=\"auto, (max-width: 125px) 100vw, 125px\" \/><\/p>\n<p><img loading=\"lazy\" decoding=\"async\" class=\"size-full wp-image-21880 alignleft\" src=\"http:\/\/victoriavynn.ca\/wp-content\/uploads\/2025\/05\/7-hours.webp\" alt=\"7 HEURES\" width=\"125\" height=\"150\" srcset=\"https:\/\/i0.wp.com\/victoriavynn.ca\/wp-content\/uploads\/2025\/05\/7-hours.webp?w=125&amp;ssl=1 125w, https:\/\/i0.wp.com\/victoriavynn.ca\/wp-content\/uploads\/2025\/05\/7-hours.webp?resize=10%2C12&amp;ssl=1 10w, https:\/\/i0.wp.com\/victoriavynn.ca\/wp-content\/uploads\/2025\/05\/7-hours.webp?resize=64%2C77&amp;ssl=1 64w\" sizes=\"auto, (max-width: 125px) 100vw, 125px\" \/> <img loading=\"lazy\" decoding=\"async\" class=\"size-full wp-image-21879 alignleft\" src=\"http:\/\/victoriavynn.ca\/wp-content\/uploads\/2025\/05\/6-months-warranty.webp\" alt=\"GARANTIE DE 6 MOIS\" width=\"125\" height=\"150\" srcset=\"https:\/\/i0.wp.com\/victoriavynn.ca\/wp-content\/uploads\/2025\/05\/6-months-warranty.webp?w=125&amp;ssl=1 125w, https:\/\/i0.wp.com\/victoriavynn.ca\/wp-content\/uploads\/2025\/05\/6-months-warranty.webp?resize=10%2C12&amp;ssl=1 10w, https:\/\/i0.wp.com\/victoriavynn.ca\/wp-content\/uploads\/2025\/05\/6-months-warranty.webp?resize=64%2C77&amp;ssl=1 64w\" sizes=\"auto, (max-width: 125px) 100vw, 125px\" \/><\/p>\n<p>&nbsp;<\/p>\n<p>&nbsp;<\/p>\n<p>&nbsp;<\/p>\n<p>&nbsp;<\/p>\n<p>&nbsp;<\/p>\n<p>&nbsp;<\/p>","protected":false},"featured_media":21883,"comment_status":"open","ping_status":"closed","template":"","meta":{"jetpack_post_was_ever_published":false,"jetpack_publicize_message":"","jetpack_publicize_feature_enabled":true,"jetpack_social_post_already_shared":true,"jetpack_social_options":{"image_generator_settings":{"template":"highway","default_image_id":0,"font":"","enabled":false},"version":2}},"product_brand":[893],"product_cat":[896],"product_tag":[597],"class_list":{"0":"post-21778","1":"product","2":"type-product","3":"status-publish","4":"has-post-thumbnail","6":"product_brand-ulka","7":"product_cat-ulka-uv-led-lamps","8":"product_tag-uv-led-nail-lamp","10":"first","11":"outofstock","12":"taxable","13":"shipping-taxable","14":"purchasable","15":"product-type-simple"},"jetpack_publicize_connections":[],"jetpack-related-posts":[{"id":21776,"url":"https:\/\/victoriavynn.ca\/fr\/product\/ulka-lumos-2in1-uv-led-lamp-without-battery-s50-ca\/","url_meta":{"origin":21778,"position":0},"title":"\u00dcLKA L\u00dcMOS 2in1 Lampe UV\/LED sans batterie S50-CA","author":"Serge Sahakian","date":"mai 16, 2025","format":false,"excerpt":"La lampe \u00e0 ongles \u00dcLKA L\u00dcMOS LED combine les technologies LED et UV. Cette solution moderne 2 en 1 est id\u00e9ale pour les manucures professionnelles qui ont besoin d'un outil efficace pour polym\u00e9riser les gels UV et LED. Lampe LED puissante pour les professionnels \u00c9quip\u00e9e de 30 LED Jusqu'\u00e0 7 heures de fonctionnement autonome avec \u00dcLKA...","rel":"","context":"Similar post","block_context":{"text":"Similar post","link":""},"img":{"alt_text":"ulka uv led no battery","src":"https:\/\/i0.wp.com\/victoriavynn.ca\/wp-content\/uploads\/2025\/05\/ulka-uv-led-no-battery-.webp?fit=750%2C1000&ssl=1&resize=350%2C200","width":350,"height":200,"srcset":"https:\/\/i0.wp.com\/victoriavynn.ca\/wp-content\/uploads\/2025\/05\/ulka-uv-led-no-battery-.webp?fit=750%2C1000&ssl=1&resize=350%2C200 1x, https:\/\/i0.wp.com\/victoriavynn.ca\/wp-content\/uploads\/2025\/05\/ulka-uv-led-no-battery-.webp?fit=750%2C1000&ssl=1&resize=525%2C300 1.5x, https:\/\/i0.wp.com\/victoriavynn.ca\/wp-content\/uploads\/2025\/05\/ulka-uv-led-no-battery-.webp?fit=750%2C1000&ssl=1&resize=700%2C400 2x"},"classes":[]},{"id":12334,"url":"https:\/\/victoriavynn.ca\/fr\/product\/best-rechargeable-uv-led-nail-lamp-60w-s20\/","url_meta":{"origin":21778,"position":1},"title":"Lampe UV\/LED professionnelle rechargeable sans fil S20 60 Watt","author":"Serge Sahakian","date":"juin 5, 2023","format":false,"excerpt":"Nailly S20 est une lampe \u00e0 LED UV professionnelle sans fil de 66 Watt. Cette lampe \u00e0 LED UV portable sans fil est tr\u00e8s efficace. Notre meilleure lampe UV rechargeable a une dur\u00e9e de vie de 50 000 heures. La machine l\u00e9g\u00e8re et portable peut facilement gu\u00e9rir tous les types de gels et de vernis en gel...","rel":"","context":"Similar post","block_context":{"text":"Similar post","link":""},"img":{"alt_text":"nailly professional best rechargeable uv led nail lamp 60watt s20 cordless wireless uv led dryer","src":"https:\/\/i0.wp.com\/victoriavynn.ca\/wp-content\/uploads\/2023\/06\/nailly-professional-best-rechargeable-uv-led-nail-lamp-60watt-1-5.webp?fit=750%2C1000&ssl=1&resize=350%2C200","width":350,"height":200,"srcset":"https:\/\/i0.wp.com\/victoriavynn.ca\/wp-content\/uploads\/2023\/06\/nailly-professional-best-rechargeable-uv-led-nail-lamp-60watt-1-5.webp?fit=750%2C1000&ssl=1&resize=350%2C200 1x, https:\/\/i0.wp.com\/victoriavynn.ca\/wp-content\/uploads\/2023\/06\/nailly-professional-best-rechargeable-uv-led-nail-lamp-60watt-1-5.webp?fit=750%2C1000&ssl=1&resize=525%2C300 1.5x, https:\/\/i0.wp.com\/victoriavynn.ca\/wp-content\/uploads\/2023\/06\/nailly-professional-best-rechargeable-uv-led-nail-lamp-60watt-1-5.webp?fit=750%2C1000&ssl=1&resize=700%2C400 2x"},"classes":[]},{"id":12332,"url":"https:\/\/victoriavynn.ca\/fr\/product\/nailly-best-cordless-uv-led-nail-lamp-s10\/","url_meta":{"origin":21778,"position":2},"title":"Lampe UV\/LED professionnelle rechargeable sans fil S10 66 Watt","author":"Serge Sahakian","date":"juin 5, 2023","format":false,"excerpt":"Nailly S10 Lampe UV LED professionnelle rechargeable sans fil 66 Watt est la lampe UV LED portable sans fil la plus efficace. Notre meilleure lampe \u00e0 LED UV sans fil a une dur\u00e9e de vie de 50 000 heures. La machine l\u00e9g\u00e8re et portable peut facilement gu\u00e9rir tous les types de gels et de vernis en gel...","rel":"","context":"Similar post","block_context":{"text":"Similar post","link":""},"img":{"alt_text":"Nailly professional best cordless uv led nail lamp 66watt cordless","src":"https:\/\/i0.wp.com\/victoriavynn.ca\/wp-content\/uploads\/2023\/06\/nailly-professional-Cordless-uv-led-nail-lamp-66watt-1-5.webp?fit=750%2C1000&ssl=1&resize=350%2C200","width":350,"height":200,"srcset":"https:\/\/i0.wp.com\/victoriavynn.ca\/wp-content\/uploads\/2023\/06\/nailly-professional-Cordless-uv-led-nail-lamp-66watt-1-5.webp?fit=750%2C1000&ssl=1&resize=350%2C200 1x, https:\/\/i0.wp.com\/victoriavynn.ca\/wp-content\/uploads\/2023\/06\/nailly-professional-Cordless-uv-led-nail-lamp-66watt-1-5.webp?fit=750%2C1000&ssl=1&resize=525%2C300 1.5x, https:\/\/i0.wp.com\/victoriavynn.ca\/wp-content\/uploads\/2023\/06\/nailly-professional-Cordless-uv-led-nail-lamp-66watt-1-5.webp?fit=750%2C1000&ssl=1&resize=700%2C400 2x"},"classes":[]},{"id":12336,"url":"https:\/\/victoriavynn.ca\/fr\/product\/snrqi-t8-professional-uv-led-nail-lamp-72w\/","url_meta":{"origin":21778,"position":3},"title":"SNRQI T8 Professional UV\/LED Lamp 72 Watt with Hand Pillow","author":"Serge Sahakian","date":"juin 5, 2023","format":false,"excerpt":"Nailly Professional UV LED Lamp 72 Watt with Hand Pillow. Cette machine au design moderne permet de polym\u00e9riser facilement tous les types de gels et de vernis en gel, c'est-\u00e0-dire les gels UV, les gels LED, les gels de construction, les gels acryliques, les gels durs, etc. Sp\u00e9cifications du produit :","rel":"","context":"Similar post","block_context":{"text":"Similar post","link":""},"img":{"alt_text":"nailly professional uv led nail lamp 72 watt high power","src":"https:\/\/i0.wp.com\/victoriavynn.ca\/wp-content\/uploads\/2023\/06\/nailly-professional-uv-led-nail-lamp-72-watt-high-power-.webp?fit=750%2C1000&ssl=1&resize=350%2C200","width":350,"height":200,"srcset":"https:\/\/i0.wp.com\/victoriavynn.ca\/wp-content\/uploads\/2023\/06\/nailly-professional-uv-led-nail-lamp-72-watt-high-power-.webp?fit=750%2C1000&ssl=1&resize=350%2C200 1x, https:\/\/i0.wp.com\/victoriavynn.ca\/wp-content\/uploads\/2023\/06\/nailly-professional-uv-led-nail-lamp-72-watt-high-power-.webp?fit=750%2C1000&ssl=1&resize=525%2C300 1.5x, https:\/\/i0.wp.com\/victoriavynn.ca\/wp-content\/uploads\/2023\/06\/nailly-professional-uv-led-nail-lamp-72-watt-high-power-.webp?fit=750%2C1000&ssl=1&resize=700%2C400 2x"},"classes":[]},{"id":12799,"url":"https:\/\/victoriavynn.ca\/fr\/product\/cordless-professional-multi-led-nail-lamp\/","url_meta":{"origin":21778,"position":4},"title":"Victoria VYNN Lampe professionnelle multi LED sans fil 36 Watt","author":"Serge Sahakian","date":"juin 9, 2023","format":false,"excerpt":"Victoria VYNN Cordless Professional Multi LED Nail Lamp is designed for curing all gel, acrylic gel and hybrid products. The lamp has 81 optimally placed diodes and four curing times, including the \"low heat\" mode. It is a progressive irradiation, which makes the lamp power increase gradually, and the burning\u2026","rel":"","context":"Similar post","block_context":{"text":"Similar post","link":""},"img":{"alt_text":"Victoria VYNN Cordless Professional Multi LED Nail Lamp","src":"https:\/\/i0.wp.com\/victoriavynn.ca\/wp-content\/uploads\/2023\/06\/Victoria-VYNN-Cordless-Professional-Multi-LED-Nail-Lamp-1-3.webp?fit=750%2C1000&ssl=1&resize=350%2C200","width":350,"height":200,"srcset":"https:\/\/i0.wp.com\/victoriavynn.ca\/wp-content\/uploads\/2023\/06\/Victoria-VYNN-Cordless-Professional-Multi-LED-Nail-Lamp-1-3.webp?fit=750%2C1000&ssl=1&resize=350%2C200 1x, https:\/\/i0.wp.com\/victoriavynn.ca\/wp-content\/uploads\/2023\/06\/Victoria-VYNN-Cordless-Professional-Multi-LED-Nail-Lamp-1-3.webp?fit=750%2C1000&ssl=1&resize=525%2C300 1.5x, https:\/\/i0.wp.com\/victoriavynn.ca\/wp-content\/uploads\/2023\/06\/Victoria-VYNN-Cordless-Professional-Multi-LED-Nail-Lamp-1-3.webp?fit=750%2C1000&ssl=1&resize=700%2C400 2x"},"classes":[]},{"id":12322,"url":"https:\/\/victoriavynn.ca\/fr\/product\/2in1-uv-led-nail-lamp-and-hand-rest-oval\/","url_meta":{"origin":21778,"position":5},"title":"H9 Dual 2in1 UV\/LED Lamp &amp; Hand Rest 48 Watt (White)","author":"Serge Sahakian","date":"juin 5, 2023","format":false,"excerpt":"H9 Dual 2in1 UV LED Nail Lamp and Hand Rest Oval (White). Combinaison d'une puissante lampe \u00e0 ongles \u00e0 LED UV de 48 W et d'un repose-mains. Placez confortablement votre bras sur le coussin \u00e0 ongles et attendez l'application du vernis en gel, puis glissez rapidement vers le bas pour durcir le vernis en gel.","rel":"","context":"Similar post","block_context":{"text":"Similar post","link":""},"img":{"alt_text":"Nailly Professional 2in1 UV LED Nail Lamp and Hand Rest Oval 48 Watt","src":"https:\/\/i0.wp.com\/victoriavynn.ca\/wp-content\/uploads\/2023\/06\/H9-Dual-2in1-UV-LED-Lamp-and-Hand-Arm-Rest-oval-white-48-watt_-1-3.webp?fit=750%2C1000&ssl=1&resize=350%2C200","width":350,"height":200,"srcset":"https:\/\/i0.wp.com\/victoriavynn.ca\/wp-content\/uploads\/2023\/06\/H9-Dual-2in1-UV-LED-Lamp-and-Hand-Arm-Rest-oval-white-48-watt_-1-3.webp?fit=750%2C1000&ssl=1&resize=350%2C200 1x, https:\/\/i0.wp.com\/victoriavynn.ca\/wp-content\/uploads\/2023\/06\/H9-Dual-2in1-UV-LED-Lamp-and-Hand-Arm-Rest-oval-white-48-watt_-1-3.webp?fit=750%2C1000&ssl=1&resize=525%2C300 1.5x, https:\/\/i0.wp.com\/victoriavynn.ca\/wp-content\/uploads\/2023\/06\/H9-Dual-2in1-UV-LED-Lamp-and-Hand-Arm-Rest-oval-white-48-watt_-1-3.webp?fit=750%2C1000&ssl=1&resize=700%2C400 2x"},"classes":[]}],"jetpack_sharing_enabled":true,"_links":{"self":[{"href":"https:\/\/victoriavynn.ca\/fr\/wp-json\/wp\/v2\/product\/21778","targetHints":{"allow":["GET"]}}],"collection":[{"href":"https:\/\/victoriavynn.ca\/fr\/wp-json\/wp\/v2\/product"}],"about":[{"href":"https:\/\/victoriavynn.ca\/fr\/wp-json\/wp\/v2\/types\/product"}],"replies":[{"embeddable":true,"href":"https:\/\/victoriavynn.ca\/fr\/wp-json\/wp\/v2\/comments?post=21778"}],"wp:featuredmedia":[{"embeddable":true,"href":"https:\/\/victoriavynn.ca\/fr\/wp-json\/wp\/v2\/media\/21883"}],"wp:attachment":[{"href":"https:\/\/victoriavynn.ca\/fr\/wp-json\/wp\/v2\/media?parent=21778"}],"wp:term":[{"taxonomy":"product_brand","embeddable":true,"href":"https:\/\/victoriavynn.ca\/fr\/wp-json\/wp\/v2\/product_brand?post=21778"},{"taxonomy":"product_cat","embeddable":true,"href":"https:\/\/victoriavynn.ca\/fr\/wp-json\/wp\/v2\/product_cat?post=21778"},{"taxonomy":"product_tag","embeddable":true,"href":"https:\/\/victoriavynn.ca\/fr\/wp-json\/wp\/v2\/product_tag?post=21778"}],"curies":[{"name":"wp","href":"https:\/\/api.w.org\/{rel}","templated":true}]}}