{"id":21794,"date":"2025-05-18T10:31:27","date_gmt":"2025-05-18T14:31:27","guid":{"rendered":"https:\/\/victoriavynn.ca\/product\/ulka-hepa-filter-textile-for-ulka-handy-dust-collectors\/"},"modified":"2026-02-24T21:08:04","modified_gmt":"2026-02-25T02:08:04","slug":"ulka-hepa-filter-textile-for-ulka-handy-dust-collectors","status":"publish","type":"product","link":"https:\/\/victoriavynn.ca\/fr\/product\/ulka-hepa-filter-textile-for-ulka-handy-dust-collectors\/","title":{"rendered":"\u00dcLKA HEPA Filter Textile pour \u00dcLKA Handy &amp; Tiny Dust Collectors"},"content":{"rendered":"<h2 class=\"wp-block-heading\"><strong>\u00dcLKA HEPA Filter Textile pour \u00dcLKA Handy &amp; Tiny Dust Collectors<\/strong><\/h2>\n\n\n\n<p><strong>Filtration compacte - Performance puissante - Hygi\u00e8ne professionnelle<\/strong><\/p>\n\n\n\n<p>Obtenez une qualit\u00e9 de l'air et un contr\u00f4le de la poussi\u00e8re exceptionnels gr\u00e2ce \u00e0 l'unit\u00e9 de contr\u00f4le de la qualit\u00e9 de l'air. <strong>\u00dcLKA Textile pour filtre HEPA<\/strong>, sp\u00e9cialement con\u00e7u pour les <strong>\u00dcLKA Handy<\/strong> et <strong>\u00dcLKA Tiny<\/strong> D\u00e9poussi\u00e9reurs. Malgr\u00e9 leur taille compacte, ces appareils offrent une puissance d'aspiration exceptionnelle et ce filtre textile avanc\u00e9 leur permet de fonctionner de mani\u00e8re optimale dans tout environnement professionnel de clouage.<\/p>\n\n\n\n<hr class=\"wp-block-separator has-alpha-channel-opacity\"\/>\n\n\n\n<h2 class=\"wp-block-heading\"><strong>Filtration HEPA sup\u00e9rieure pour des appareils petits mais puissants<\/strong><\/h2>\n\n\n\n<p>Le textile filtrant \u00dcLKA HEPA utilise une technologie de microfiltration multicouche pour capturer les plus petites particules, y compris celles qui sont pr\u00e9sentes dans l'air ambiant :<\/p>\n\n\n\n<ul class=\"wp-block-list\">\n<li>Poussi\u00e8re d'ongle fine<\/li>\n\n\n\n<li>R\u00e9sidus de gel et d'acrylique<\/li>\n\n\n\n<li>Allerg\u00e8nes et particules en suspension dans l'air<\/li>\n\n\n\n<li>Micro-d\u00e9bris provenant du travail sur les fichiers \u00e9lectroniques<\/li>\n<\/ul>\n\n\n\n<p>Cela garantit un espace de travail plus propre et plus sain, id\u00e9al pour les proth\u00e9sistes ongulaires, les artistes mobiles et les studios de beaut\u00e9 o\u00f9 la qualit\u00e9 de l'air est essentielle.<\/p>\n\n\n\n<hr class=\"wp-block-separator has-alpha-channel-opacity\"\/>\n\n\n\n<h2 class=\"wp-block-heading\"><strong>Parfaite adaptation aux mod\u00e8les pratiques et minuscules<\/strong><\/h2>\n\n\n\n<p>Con\u00e7u sp\u00e9cialement pour les d\u00e9poussi\u00e9reurs compacts \u00dcLKA, le filtre textile offre.. :<\/p>\n\n\n\n<ul class=\"wp-block-list\">\n<li><strong>Flux d'air optimis\u00e9<\/strong> pour une aspiration constante<\/li>\n\n\n\n<li><strong>Ajustement pr\u00e9cis<\/strong> pour maintenir l'efficacit\u00e9 de la filtration<\/li>\n\n\n\n<li><strong>Faible niveau de bruit<\/strong><\/li>\n\n\n\n<li><strong>R\u00e9partition uniforme de la poussi\u00e8re<\/strong> \u00e0 travers la surface<\/li>\n<\/ul>\n\n\n\n<p>Il n'y a pas de filtres universels - ce textile est adapt\u00e9 au syst\u00e8me unique de circulation de l'air des mod\u00e8les \u00dcLKA Handy et Tiny.<\/p>\n\n\n\n<hr class=\"wp-block-separator has-alpha-channel-opacity\"\/>\n\n\n\n<h2 class=\"wp-block-heading\"><strong>Construction durable<\/strong><\/h2>\n\n\n\n<p>Fabriqu\u00e9 \u00e0 partir de fibres de haute qualit\u00e9 r\u00e9sistantes \u00e0 la chaleur, le filtre textile r\u00e9siste \u00e0 la chaleur :<\/p>\n\n\n\n<ul class=\"wp-block-list\">\n<li>Usage quotidien intensif<\/li>\n\n\n\n<li>Aspiration rapide des poussi\u00e8res<\/li>\n\n\n\n<li>Remplacements fr\u00e9quents<\/li>\n\n\n\n<li>Des exigences d'hygi\u00e8ne dignes d'un salon de coiffure<\/li>\n<\/ul>\n\n\n\n<p>Il pr\u00e9serve les composants internes de votre d\u00e9poussi\u00e9reur et contribue \u00e0 prolonger la dur\u00e9e de vie globale de l'appareil.<\/p>\n\n\n\n<hr class=\"wp-block-separator has-alpha-channel-opacity\"\/>\n\n\n\n<h2 class=\"wp-block-heading\"><strong>Remplacement rapide, facile et sans probl\u00e8me<\/strong><\/h2>\n\n\n\n<p>Con\u00e7u pour les professionnels ayant un emploi du temps charg\u00e9 :<\/p>\n\n\n\n<ul class=\"wp-block-list\">\n<li>L\u00e9ger et flexible<\/li>\n\n\n\n<li>Facile \u00e0 ins\u00e9rer et \u00e0 retirer<\/li>\n\n\n\n<li>Maintient une forte aspiration entre les remplacements<\/li>\n\n\n\n<li>Maintient les surfaces de travail et l'air propres<\/li>\n<\/ul>\n\n\n\n<p>Un remplacement r\u00e9gulier garantit une performance constante de l'appareil et prot\u00e8ge la sant\u00e9 du technicien et du client.<\/p>\n\n\n\n<hr class=\"wp-block-separator has-alpha-channel-opacity\"\/>\n\n\n\n<h2 class=\"wp-block-heading\"><strong>Une filtration fiable pour les professionnels en d\u00e9placement<\/strong><\/h2>\n\n\n\n<p>Le site <strong>\u00dcLKA Textile pour filtre HEPA pour les petits d\u00e9poussi\u00e9reurs manuels<\/strong> combine une efficacit\u00e9 compacte avec une filtration de premi\u00e8re qualit\u00e9, ce qui le rend essentiel pour les techniciens qui appr\u00e9cient la mobilit\u00e9 sans sacrifier l'hygi\u00e8ne ou la performance.<\/p>\n\n\n\n<p><strong>Petit appareil. Performances \u00e9lev\u00e9es. Protection de qualit\u00e9 \u00dcLKA.<\/strong><\/p>","protected":false},"excerpt":{"rendered":"<p><span style=\"box-sizing: border-box; font-family: Gilroy-Regular, sans-serif; color: #2e2e2e;\">Filtre rempla\u00e7able pour les d\u00e9poussi\u00e9reurs filtrants \u00dcLKA pour manucure.<\/span><span style=\"color: #2e2e2e; font-family: Gilroy-Regular, sans-serif;\">\u00a0Gr\u00e2ce \u00e0 ce filtre, le d\u00e9poussi\u00e9reur nettoie efficacement l'air et \u00e9limine la poussi\u00e8re.<\/span> <span style=\"color: #2e2e2e; font-family: Gilroy-Regular, sans-serif;\">Il est n\u00e9cessaire de laver le filtre uniquement \u00e0 l'eau courante ; ne pas le faire tremper ni le laver en machine. Le filtre doit \u00eatre nettoy\u00e9 (secou\u00e9) tous les trois clients \u00e0 l'aide d'une brosse fine, qui enl\u00e8vera d\u00e9licatement toute la poussi\u00e8re entre les plis du filtre.<\/span> <span style=\"color: #2e2e2e; font-family: Gilroy-Regular, sans-serif;\">Le filtre doit \u00eatre remplac\u00e9 tous les 2 mois.<\/span><\/p>","protected":false},"featured_media":21892,"comment_status":"open","ping_status":"closed","template":"","meta":{"jetpack_post_was_ever_published":false,"jetpack_publicize_message":"","jetpack_publicize_feature_enabled":true,"jetpack_social_post_already_shared":true,"jetpack_social_options":{"image_generator_settings":{"template":"highway","default_image_id":0,"font":"","enabled":false},"version":2}},"product_brand":[893],"product_cat":[899,892],"product_tag":[900],"class_list":{"0":"post-21794","1":"product","2":"type-product","3":"status-publish","4":"has-post-thumbnail","6":"product_brand-ulka","7":"product_cat-hepa-filters","8":"product_cat-handy-dust-collectors","9":"product_tag-hepa-filters","11":"first","12":"instock","13":"taxable","14":"shipping-taxable","15":"purchasable","16":"product-type-variable"},"jetpack_publicize_connections":[],"jetpack-related-posts":[{"id":42574,"url":"https:\/\/victoriavynn.ca\/fr\/product\/ulka-hepa-filter-textile-for-ulka-nano-tornado-bee-dust-collectors\/","url_meta":{"origin":21794,"position":0},"title":"\u00dcLKA HEPA Filter Textile pour les d\u00e9poussi\u00e9reurs \u00dcLKA Nano\/Tornado\/Bee","author":"Serge Sahakian","date":"D\u00e9cembre 3, 2025","format":false,"excerpt":"Filtre textile HEPA \u00e0 haute efficacit\u00e9 pour les d\u00e9poussi\u00e9reurs \u00dcLKA Nano, Tornado et Bee. Capture sup\u00e9rieure de la poussi\u00e8re et flux d'air propre.","rel":"","context":"Similar post","block_context":{"text":"Similar post","link":""},"img":{"alt_text":"","src":"https:\/\/i0.wp.com\/victoriavynn.ca\/wp-content\/uploads\/2025\/12\/ulka-nanobee-filter-.jpg?fit=750%2C1000&ssl=1&resize=350%2C200","width":350,"height":200,"srcset":"https:\/\/i0.wp.com\/victoriavynn.ca\/wp-content\/uploads\/2025\/12\/ulka-nanobee-filter-.jpg?fit=750%2C1000&ssl=1&resize=350%2C200 1x, https:\/\/i0.wp.com\/victoriavynn.ca\/wp-content\/uploads\/2025\/12\/ulka-nanobee-filter-.jpg?fit=750%2C1000&ssl=1&resize=525%2C300 1.5x, https:\/\/i0.wp.com\/victoriavynn.ca\/wp-content\/uploads\/2025\/12\/ulka-nanobee-filter-.jpg?fit=750%2C1000&ssl=1&resize=700%2C400 2x"},"classes":[]},{"id":21792,"url":"https:\/\/victoriavynn.ca\/fr\/product\/ulka-hepa-filter-textile-for-ulka-premium-dust-collectors\/","url_meta":{"origin":21794,"position":1},"title":"\u00dcLKA Filtre textile HEPA pour d\u00e9poussi\u00e9reurs \u00dcLKA Premium X2F","author":"Serge Sahakian","date":"mai 18, 2025","format":false,"excerpt":"Filtre rempla\u00e7able pour les d\u00e9poussi\u00e9reurs filtrants \u00dcLKA manucure. Gr\u00e2ce \u00e0 ce filtre, le d\u00e9poussi\u00e9reur nettoie efficacement l'air et \u00e9limine la poussi\u00e8re. Il est n\u00e9cessaire de laver le filtre uniquement \u00e0 l'eau courante ; ne pas le faire tremper ni le laver en machine. Le filtre doit \u00eatre nettoy\u00e9 (secou\u00e9) apr\u00e8s chaque 3\u00e8me utilisation par un client...","rel":"","context":"Similar post","block_context":{"text":"Similar post","link":""},"img":{"alt_text":"ulka premium 1 copy","src":"https:\/\/i0.wp.com\/victoriavynn.ca\/wp-content\/uploads\/2025\/12\/ulka-premium-1-copy.webp?fit=750%2C1000&ssl=1&resize=350%2C200","width":350,"height":200,"srcset":"https:\/\/i0.wp.com\/victoriavynn.ca\/wp-content\/uploads\/2025\/12\/ulka-premium-1-copy.webp?fit=750%2C1000&ssl=1&resize=350%2C200 1x, https:\/\/i0.wp.com\/victoriavynn.ca\/wp-content\/uploads\/2025\/12\/ulka-premium-1-copy.webp?fit=750%2C1000&ssl=1&resize=525%2C300 1.5x, https:\/\/i0.wp.com\/victoriavynn.ca\/wp-content\/uploads\/2025\/12\/ulka-premium-1-copy.webp?fit=750%2C1000&ssl=1&resize=700%2C400 2x"},"classes":[]},{"id":21772,"url":"https:\/\/victoriavynn.ca\/fr\/product\/ulka-handy-desktop-white-manicure-dust-collector-kit-2-hepa-filter-1-brush\/","url_meta":{"origin":21794,"position":2},"title":"\u00dcLKA D\u00e9poussi\u00e9reur de bureau pour manucure + Kit (2 Filtres HEPA &amp; 1 Brosse)","author":"Serge Sahakian","date":"mai 16, 2025","format":false,"excerpt":"Ce d\u00e9poussi\u00e9reur est le choix id\u00e9al pour les salons et studios professionnels qui privil\u00e9gient la qualit\u00e9, le confort et la puret\u00e9. Il offre une grande efficacit\u00e9 avec une consommation d'\u00e9nergie minimale et permet d'absorber 99,9% de poussi\u00e8re de manucure. Le corps du d\u00e9poussi\u00e9reur est fabriqu\u00e9 en plastique r\u00e9sistant aux chocs, facile \u00e0 nettoyer...","rel":"","context":"Similar post","block_context":{"text":"Similar post","link":""},"img":{"alt_text":"ulka white handy 3","src":"https:\/\/i0.wp.com\/victoriavynn.ca\/wp-content\/uploads\/2025\/05\/ulka-white-handy-3.webp?fit=750%2C1000&ssl=1&resize=350%2C200","width":350,"height":200,"srcset":"https:\/\/i0.wp.com\/victoriavynn.ca\/wp-content\/uploads\/2025\/05\/ulka-white-handy-3.webp?fit=750%2C1000&ssl=1&resize=350%2C200 1x, https:\/\/i0.wp.com\/victoriavynn.ca\/wp-content\/uploads\/2025\/05\/ulka-white-handy-3.webp?fit=750%2C1000&ssl=1&resize=525%2C300 1.5x, https:\/\/i0.wp.com\/victoriavynn.ca\/wp-content\/uploads\/2025\/05\/ulka-white-handy-3.webp?fit=750%2C1000&ssl=1&resize=700%2C400 2x"},"classes":[]},{"id":42606,"url":"https:\/\/victoriavynn.ca\/fr\/product\/ulka-built-in-tornado-desktop-black-manicure-dust-collector-kit-2-hepa-filter-1-wooden-stick-1-brush\/","url_meta":{"origin":21794,"position":3},"title":"\u00dcLKA D\u00e9poussi\u00e9reur de bureau Tornado int\u00e9gr\u00e9 pour manucure + Kit (2 filtres HEPA, 1 b\u00e2ton en bois et 1 brosse)","author":"Serge Sahakian","date":"D\u00e9cembre 3, 2025","format":false,"excerpt":"D\u00e9poussi\u00e9reur int\u00e9gr\u00e9 \u00dcLKA Tornado \u00dcLKA Tornado \u00e9l\u00e8ve la propret\u00e9 de l'espace de travail \u00e0 un niveau sup\u00e9rieur. Ce d\u00e9poussi\u00e9reur professionnel encastrable est \u00e9quip\u00e9 de deux ventilateurs puissants pour une aspiration homog\u00e8ne et constante sur toute la surface, et pas seulement au centre. Il est \u00e9quip\u00e9 d'une commande d'aspiration r\u00e9glable, d'une sortie d'air lat\u00e9rale et de grilles magn\u00e9tiques pour...","rel":"","context":"Similar post","block_context":{"text":"Similar post","link":""},"img":{"alt_text":"victoria vynn tornado new","src":"https:\/\/i0.wp.com\/victoriavynn.ca\/wp-content\/uploads\/2025\/12\/victoria-vynn-tornado-new.webp?fit=750%2C1000&ssl=1&resize=350%2C200","width":350,"height":200,"srcset":"https:\/\/i0.wp.com\/victoriavynn.ca\/wp-content\/uploads\/2025\/12\/victoria-vynn-tornado-new.webp?fit=750%2C1000&ssl=1&resize=350%2C200 1x, https:\/\/i0.wp.com\/victoriavynn.ca\/wp-content\/uploads\/2025\/12\/victoria-vynn-tornado-new.webp?fit=750%2C1000&ssl=1&resize=525%2C300 1.5x, https:\/\/i0.wp.com\/victoriavynn.ca\/wp-content\/uploads\/2025\/12\/victoria-vynn-tornado-new.webp?fit=750%2C1000&ssl=1&resize=700%2C400 2x"},"classes":[]},{"id":21758,"url":"https:\/\/victoriavynn.ca\/fr\/product\/ulka-premium-desktop-white-manicure-dust-collector-kit-2-hepa-filter-1-wooden-stick-1-brush\/","url_meta":{"origin":21794,"position":4},"title":"\u00dcLKA Premium X2F D\u00e9poussi\u00e9reur de bureau pour manucure + Kit (2 filtres HEPA, 1 b\u00e2ton en bois et 1 brosse)","author":"Serge Sahakian","date":"mai 16, 2025","format":false,"excerpt":"L'un des mod\u00e8les les plus puissants de d\u00e9poussi\u00e9reurs avec filtre Mod\u00e8le \u00e9conome en \u00e9nergie avec ventilateur centrifuge, 2 fois plus puissant que les d\u00e9poussi\u00e9reurs similaires avec sac, faible niveau sonore. Corps en plastique r\u00e9sistant aux chocs Deux modes de fonctionnement Plus grande zone d'extraction de la poussi\u00e8re Sp\u00e9cifications du produit :        ...","rel":"","context":"Similar post","block_context":{"text":"Similar post","link":""},"img":{"alt_text":"ulka premium dust collector white","src":"https:\/\/i0.wp.com\/victoriavynn.ca\/wp-content\/uploads\/2025\/05\/ulka-premium-dust-collector-white.webp?fit=750%2C1000&ssl=1&resize=350%2C200","width":350,"height":200,"srcset":"https:\/\/i0.wp.com\/victoriavynn.ca\/wp-content\/uploads\/2025\/05\/ulka-premium-dust-collector-white.webp?fit=750%2C1000&ssl=1&resize=350%2C200 1x, https:\/\/i0.wp.com\/victoriavynn.ca\/wp-content\/uploads\/2025\/05\/ulka-premium-dust-collector-white.webp?fit=750%2C1000&ssl=1&resize=525%2C300 1.5x, https:\/\/i0.wp.com\/victoriavynn.ca\/wp-content\/uploads\/2025\/05\/ulka-premium-dust-collector-white.webp?fit=750%2C1000&ssl=1&resize=700%2C400 2x"},"classes":[]},{"id":21764,"url":"https:\/\/victoriavynn.ca\/fr\/product\/ulka-nano-desktop-white-manicure-dust-collector-kit-2-hepa-filter-1-wooden-stick-1-brush\/","url_meta":{"origin":21794,"position":5},"title":"\u00dcLKA Nano Desktop White Manicure Dust Collector + Kit (2 filtres HEPA, 1 b\u00e2ton en bois et 1 brosse)","author":"Serge Sahakian","date":"mai 16, 2025","format":false,"excerpt":"Ce d\u00e9poussi\u00e9reur est le choix id\u00e9al pour les salons et studios professionnels qui privil\u00e9gient la qualit\u00e9, la commodit\u00e9 et la propret\u00e9. Mod\u00e8le \u00e9conome en \u00e9nergie, dot\u00e9 de deux ventilateurs puissants et de ports pour recharger les appareils mobiles, il est deux fois plus puissant que les d\u00e9poussi\u00e9reurs \u00e0 sacs comparables et fonctionne avec un faible niveau sonore. Corps en...","rel":"","context":"Similar post","block_context":{"text":"Similar post","link":""},"img":{"alt_text":"ULKA NANO DUST COLLECTOR 2","src":"https:\/\/i0.wp.com\/victoriavynn.ca\/wp-content\/uploads\/2025\/05\/ulka-nano-dust-collector-2.webp?fit=750%2C1000&ssl=1&resize=350%2C200","width":350,"height":200,"srcset":"https:\/\/i0.wp.com\/victoriavynn.ca\/wp-content\/uploads\/2025\/05\/ulka-nano-dust-collector-2.webp?fit=750%2C1000&ssl=1&resize=350%2C200 1x, https:\/\/i0.wp.com\/victoriavynn.ca\/wp-content\/uploads\/2025\/05\/ulka-nano-dust-collector-2.webp?fit=750%2C1000&ssl=1&resize=525%2C300 1.5x, https:\/\/i0.wp.com\/victoriavynn.ca\/wp-content\/uploads\/2025\/05\/ulka-nano-dust-collector-2.webp?fit=750%2C1000&ssl=1&resize=700%2C400 2x"},"classes":[]}],"jetpack_sharing_enabled":true,"_links":{"self":[{"href":"https:\/\/victoriavynn.ca\/fr\/wp-json\/wp\/v2\/product\/21794","targetHints":{"allow":["GET"]}}],"collection":[{"href":"https:\/\/victoriavynn.ca\/fr\/wp-json\/wp\/v2\/product"}],"about":[{"href":"https:\/\/victoriavynn.ca\/fr\/wp-json\/wp\/v2\/types\/product"}],"replies":[{"embeddable":true,"href":"https:\/\/victoriavynn.ca\/fr\/wp-json\/wp\/v2\/comments?post=21794"}],"wp:featuredmedia":[{"embeddable":true,"href":"https:\/\/victoriavynn.ca\/fr\/wp-json\/wp\/v2\/media\/21892"}],"wp:attachment":[{"href":"https:\/\/victoriavynn.ca\/fr\/wp-json\/wp\/v2\/media?parent=21794"}],"wp:term":[{"taxonomy":"product_brand","embeddable":true,"href":"https:\/\/victoriavynn.ca\/fr\/wp-json\/wp\/v2\/product_brand?post=21794"},{"taxonomy":"product_cat","embeddable":true,"href":"https:\/\/victoriavynn.ca\/fr\/wp-json\/wp\/v2\/product_cat?post=21794"},{"taxonomy":"product_tag","embeddable":true,"href":"https:\/\/victoriavynn.ca\/fr\/wp-json\/wp\/v2\/product_tag?post=21794"}],"curies":[{"name":"wp","href":"https:\/\/api.w.org\/{rel}","templated":true}]}}