{"id":22097,"date":"2025-06-17T14:15:39","date_gmt":"2025-06-17T18:15:39","guid":{"rendered":"https:\/\/victoriavynn.ca\/product\/victoria-vynn-cordless-nail-drill-40000-rpm\/"},"modified":"2026-03-22T14:10:53","modified_gmt":"2026-03-22T18:10:53","slug":"victoria-vynn-perceuse-a-clous-sans-fil-40000-rpm","status":"publish","type":"product","link":"https:\/\/victoriavynn.ca\/fr\/product\/victoria-vynn-cordless-nail-drill-40000-rpm\/","title":{"rendered":"Victoria VYNN Perceuse \u00e0 clous sans fil 40 000 tr\/min"},"content":{"rendered":"<p>Toujours \u00e0 port\u00e9e de main - o\u00f9 que vous soyez !<\/p>\n\n\n\n<p>La perceuse \u00e0 ongles sans fil de Victoria Vynn est l'outil id\u00e9al pour la manucure et la p\u00e9dicure - au salon, \u00e0 la maison ou en d\u00e9placement. Il est l\u00e9ger, silencieux et confortable \u00e0 utiliser, et son emballage \u00e9l\u00e9gant facilite son transport.<\/p>\n\n\n\n<p>Adoptez la mobilit\u00e9 et le professionnalisme !&nbsp;<\/p>","protected":false},"excerpt":{"rendered":"<p>La perceuse \u00e0 ongles sans fil de Victoria Vynn est l'outil id\u00e9al pour la manucure et la p\u00e9dicure - au salon, \u00e0 la maison ou en d\u00e9placement. Il est l\u00e9ger, silencieux et confortable \u00e0 utiliser, et son emballage \u00e9l\u00e9gant facilite son transport.<\/p>\n<p>Sp\u00e9cifications des produits :<\/p>\n<p><img loading=\"lazy\" decoding=\"async\" class=\"size-full wp-image-8772 alignleft\" src=\"http:\/\/victoriavynn.ca\/wp-content\/uploads\/2019\/11\/SALON-QUALITY.webp\" alt=\"GEL NAIL BUILDER\" width=\"125\" height=\"150\" \/> <img loading=\"lazy\" decoding=\"async\" class=\"size-full wp-image-11856 alignleft\" src=\"http:\/\/victoriavynn.ca\/wp-content\/uploads\/2023\/03\/LONG-LASTING-1.webp\" alt=\"LONGUE DUR\u00c9E\" width=\"125\" height=\"150\" srcset=\"https:\/\/i0.wp.com\/victoriavynn.ca\/wp-content\/uploads\/2023\/03\/LONG-LASTING-1.webp?w=125&amp;ssl=1 125w, https:\/\/i0.wp.com\/victoriavynn.ca\/wp-content\/uploads\/2023\/03\/LONG-LASTING-1.webp?resize=10%2C12&amp;ssl=1 10w\" sizes=\"auto, (max-width: 125px) 100vw, 125px\" \/> <img loading=\"lazy\" decoding=\"async\" class=\"size-full wp-image-12466 alignleft\" src=\"http:\/\/victoriavynn.ca\/wp-content\/uploads\/2023\/06\/LITHIUM-ION-BATTERTY.webp\" alt=\"BATTERIE LITHIUM-ION\" width=\"125\" height=\"150\" srcset=\"https:\/\/i0.wp.com\/victoriavynn.ca\/wp-content\/uploads\/2023\/06\/LITHIUM-ION-BATTERTY.webp?w=125&amp;ssl=1 125w, https:\/\/i0.wp.com\/victoriavynn.ca\/wp-content\/uploads\/2023\/06\/LITHIUM-ION-BATTERTY.webp?resize=10%2C12&amp;ssl=1 10w\" sizes=\"auto, (max-width: 125px) 100vw, 125px\" \/> <img loading=\"lazy\" decoding=\"async\" class=\"size-full wp-image-12467 alignleft\" src=\"http:\/\/victoriavynn.ca\/wp-content\/uploads\/2023\/06\/RECHARGEABLE-LOGO.webp\" alt=\"LOGO RECHARGEABLE\" width=\"125\" height=\"150\" srcset=\"https:\/\/i0.wp.com\/victoriavynn.ca\/wp-content\/uploads\/2023\/06\/RECHARGEABLE-LOGO.webp?w=125&amp;ssl=1 125w, https:\/\/i0.wp.com\/victoriavynn.ca\/wp-content\/uploads\/2023\/06\/RECHARGEABLE-LOGO.webp?resize=10%2C12&amp;ssl=1 10w\" sizes=\"auto, (max-width: 125px) 100vw, 125px\" \/><\/p>\n<p>&nbsp;<\/p>\n<p>&nbsp;<\/p>\n<p>&nbsp;<\/p>\n<p>&nbsp;<\/p>\n<p>&nbsp;<\/p>\n<p>&nbsp;<\/p>","protected":false},"featured_media":22305,"comment_status":"open","ping_status":"closed","template":"","meta":{"jetpack_post_was_ever_published":false,"jetpack_publicize_message":"","jetpack_publicize_feature_enabled":true,"jetpack_social_post_already_shared":true,"jetpack_social_options":{"image_generator_settings":{"template":"highway","default_image_id":0,"enabled":false},"version":2}},"product_brand":[],"product_cat":[31],"product_tag":[599],"class_list":{"0":"post-22097","1":"product","2":"type-product","3":"status-publish","4":"has-post-thumbnail","6":"product_cat-nail-tools-and-accessories","7":"product_tag-e-file-machines","9":"first","10":"instock","11":"taxable","12":"shipping-taxable","13":"purchasable","14":"product-type-simple"},"jetpack_publicize_connections":[],"jetpack-related-posts":[{"id":12324,"url":"https:\/\/victoriavynn.ca\/fr\/product\/professional-cordless-nail-e-file-machine\/","url_meta":{"origin":22097,"position":0},"title":"US-809 E-File Foreuse \u00e9lectrique rechargeable pour clous 35 000 tr\/min","author":"Serge Sahakian","date":"juin 5, 2023","format":false,"excerpt":"Nos machines \u00e0 ongles sans fil Nailly Professional sont con\u00e7ues pour les professionnels - ces produits acc\u00e9l\u00e8rent le processus d'\u00e9limination du vernis et des cuticules tout en apportant de la pr\u00e9cision \u00e0 votre manucure ou p\u00e9dicure. Un ensemble d'outils de manucure \u00e9lectrique peut fonctionner \u00e0 la fois sur les faux ongles et les ongles naturels et peut \u00eatre multit\u00e2che : il peut...","rel":"","context":"Similar post","block_context":{"text":"Similar post","link":""},"img":{"alt_text":"Nailly Professional Cordless Nail E-File Machine 35,000 RPM White","src":"https:\/\/i0.wp.com\/victoriavynn.ca\/wp-content\/uploads\/2023\/06\/Nailly-Professional-Cordless-E-File-35000-RPM-US-809-White-1.webp?fit=750%2C1000&ssl=1&resize=350%2C200","width":350,"height":200,"srcset":"https:\/\/i0.wp.com\/victoriavynn.ca\/wp-content\/uploads\/2023\/06\/Nailly-Professional-Cordless-E-File-35000-RPM-US-809-White-1.webp?fit=750%2C1000&ssl=1&resize=350%2C200 1x, https:\/\/i0.wp.com\/victoriavynn.ca\/wp-content\/uploads\/2023\/06\/Nailly-Professional-Cordless-E-File-35000-RPM-US-809-White-1.webp?fit=750%2C1000&ssl=1&resize=525%2C300 1.5x, https:\/\/i0.wp.com\/victoriavynn.ca\/wp-content\/uploads\/2023\/06\/Nailly-Professional-Cordless-E-File-35000-RPM-US-809-White-1.webp?fit=750%2C1000&ssl=1&resize=700%2C400 2x"},"classes":[]},{"id":11376,"url":"https:\/\/victoriavynn.ca\/fr\/product\/best-professional-flame-nail-drill-bit-2-1\/","url_meta":{"origin":22097,"position":1},"title":"Victoria VYNN Professional Drill Bit Diamond Groove Flame 2.1mm","author":"Serge Sahakian","date":"avril 13, 2023","format":false,"excerpt":"Le meilleur foret professionnel pour ongles. Longue dur\u00e9e et super efficace. Victoria VYNN est la marque de fournitures pour ongles de salon la plus vendue au Canada. Sp\u00e9cifications du produit : \u00a0 \u00a0 \u00a0 \u00a0 \u00a0 \u00a0 \u00a0 \u00a0","rel":"","context":"Similar post","block_context":{"text":"Similar post","link":""},"img":{"alt_text":"Best Professional Flame Nail Drill Bit Victoria VYNN Groove 2.1","src":"https:\/\/i0.wp.com\/victoriavynn.ca\/wp-content\/uploads\/2023\/04\/Best-Professional-Flame-Nail-Drill-Bit-Victoria-VYNN-Grrove-2.1.webp?fit=750%2C1000&ssl=1&resize=350%2C200","width":350,"height":200,"srcset":"https:\/\/i0.wp.com\/victoriavynn.ca\/wp-content\/uploads\/2023\/04\/Best-Professional-Flame-Nail-Drill-Bit-Victoria-VYNN-Grrove-2.1.webp?fit=750%2C1000&ssl=1&resize=350%2C200 1x, https:\/\/i0.wp.com\/victoriavynn.ca\/wp-content\/uploads\/2023\/04\/Best-Professional-Flame-Nail-Drill-Bit-Victoria-VYNN-Grrove-2.1.webp?fit=750%2C1000&ssl=1&resize=525%2C300 1.5x, https:\/\/i0.wp.com\/victoriavynn.ca\/wp-content\/uploads\/2023\/04\/Best-Professional-Flame-Nail-Drill-Bit-Victoria-VYNN-Grrove-2.1.webp?fit=750%2C1000&ssl=1&resize=700%2C400 2x"},"classes":[]},{"id":11372,"url":"https:\/\/victoriavynn.ca\/fr\/product\/best-professional-mini-flame-drill-bit\/","url_meta":{"origin":22097,"position":2},"title":"Victoria VYNN Professional Drill Bit Diamond Flame 1.8mm","author":"Serge Sahakian","date":"avril 13, 2023","format":false,"excerpt":"Le meilleur mini-m\u00e8che \u00e0 flamme professionnelle. Longue dur\u00e9e et super efficace. Victoria VYNN est la marque de fournitures pour ongles de salon la plus vendue au Canada. Sp\u00e9cifications du produit : \u00a0 \u00a0 \u00a0 \u00a0 \u00a0 \u00a0 \u00a0 \u00a0","rel":"","context":"Similar post","block_context":{"text":"Similar post","link":""},"img":{"alt_text":"Victoria VYNN best professional mini flame drill bit 1.8mm","src":"https:\/\/i0.wp.com\/victoriavynn.ca\/wp-content\/uploads\/2023\/04\/Victoria-VYNN-best-professional-mini-flame-drill-bit-1.8mm.webp?fit=750%2C1000&ssl=1&resize=350%2C200","width":350,"height":200,"srcset":"https:\/\/i0.wp.com\/victoriavynn.ca\/wp-content\/uploads\/2023\/04\/Victoria-VYNN-best-professional-mini-flame-drill-bit-1.8mm.webp?fit=750%2C1000&ssl=1&resize=350%2C200 1x, https:\/\/i0.wp.com\/victoriavynn.ca\/wp-content\/uploads\/2023\/04\/Victoria-VYNN-best-professional-mini-flame-drill-bit-1.8mm.webp?fit=750%2C1000&ssl=1&resize=525%2C300 1.5x, https:\/\/i0.wp.com\/victoriavynn.ca\/wp-content\/uploads\/2023\/04\/Victoria-VYNN-best-professional-mini-flame-drill-bit-1.8mm.webp?fit=750%2C1000&ssl=1&resize=700%2C400 2x"},"classes":[]},{"id":12799,"url":"https:\/\/victoriavynn.ca\/fr\/product\/cordless-professional-multi-led-nail-lamp\/","url_meta":{"origin":22097,"position":3},"title":"Victoria VYNN Lampe professionnelle multi LED sans fil 36 Watt","author":"Serge Sahakian","date":"juin 9, 2023","format":false,"excerpt":"Victoria VYNN Cordless Professional Multi LED Nail Lamp is designed for curing all gel, acrylic gel and hybrid products. The lamp has 81 optimally placed diodes and four curing times, including the \"low heat\" mode. It is a progressive irradiation, which makes the lamp power increase gradually, and the burning\u2026","rel":"","context":"Similar post","block_context":{"text":"Similar post","link":""},"img":{"alt_text":"Victoria VYNN Cordless Professional Multi LED Nail Lamp","src":"https:\/\/i0.wp.com\/victoriavynn.ca\/wp-content\/uploads\/2023\/06\/Victoria-VYNN-Cordless-Professional-Multi-LED-Nail-Lamp-1-3.webp?fit=750%2C1000&ssl=1&resize=350%2C200","width":350,"height":200,"srcset":"https:\/\/i0.wp.com\/victoriavynn.ca\/wp-content\/uploads\/2023\/06\/Victoria-VYNN-Cordless-Professional-Multi-LED-Nail-Lamp-1-3.webp?fit=750%2C1000&ssl=1&resize=350%2C200 1x, https:\/\/i0.wp.com\/victoriavynn.ca\/wp-content\/uploads\/2023\/06\/Victoria-VYNN-Cordless-Professional-Multi-LED-Nail-Lamp-1-3.webp?fit=750%2C1000&ssl=1&resize=525%2C300 1.5x, https:\/\/i0.wp.com\/victoriavynn.ca\/wp-content\/uploads\/2023\/06\/Victoria-VYNN-Cordless-Professional-Multi-LED-Nail-Lamp-1-3.webp?fit=750%2C1000&ssl=1&resize=700%2C400 2x"},"classes":[]},{"id":11374,"url":"https:\/\/victoriavynn.ca\/fr\/product\/best-professional-ball-nail-drill-bit-5mm\/","url_meta":{"origin":22097,"position":4},"title":"Victoria VYNN Professional Drill Bit Diamond Groove Ball 5mm","author":"Serge Sahakian","date":"avril 13, 2023","format":false,"excerpt":"Le meilleur foret professionnel pour clous \u00e0 bille. Longue dur\u00e9e de vie et super efficace. Victoria VYNN est la marque de fournitures pour ongles de salon la plus vendue au Canada. Sp\u00e9cifications du produit : \u00a0 \u00a0 \u00a0 \u00a0 \u00a0 \u00a0 \u00a0 \u00a0","rel":"","context":"Similar post","block_context":{"text":"Similar post","link":""},"img":{"alt_text":"best professional ball nail drill bit 5mm","src":"https:\/\/i0.wp.com\/victoriavynn.ca\/wp-content\/uploads\/2023\/04\/best-professional-ball-nail-drill-bit-5mm.webp?fit=750%2C1000&ssl=1&resize=350%2C200","width":350,"height":200,"srcset":"https:\/\/i0.wp.com\/victoriavynn.ca\/wp-content\/uploads\/2023\/04\/best-professional-ball-nail-drill-bit-5mm.webp?fit=750%2C1000&ssl=1&resize=350%2C200 1x, https:\/\/i0.wp.com\/victoriavynn.ca\/wp-content\/uploads\/2023\/04\/best-professional-ball-nail-drill-bit-5mm.webp?fit=750%2C1000&ssl=1&resize=525%2C300 1.5x, https:\/\/i0.wp.com\/victoriavynn.ca\/wp-content\/uploads\/2023\/04\/best-professional-ball-nail-drill-bit-5mm.webp?fit=750%2C1000&ssl=1&resize=700%2C400 2x"},"classes":[]},{"id":11284,"url":"https:\/\/victoriavynn.ca\/fr\/product\/best-professional-small-ball-drill-bit\/","url_meta":{"origin":22097,"position":5},"title":"Victoria VYNN Professional Drill Bit Diamond Small Ball 3.3mm","author":"Serge Sahakian","date":"avril 13, 2023","format":false,"excerpt":"Le meilleur foret professionnel \u00e0 petite bille. Longue dur\u00e9e de vie et super efficace. Le petit foret diamant\u00e9 en forme de boule est utilis\u00e9 pour enlever, nettoyer et lisser les plis p\u00e9riungu\u00e9aux. Victoria VYNN est la marque de fournitures de salon la plus vendue au Canada. Sp\u00e9cifications du produit : \u00a0 \u00a0 \u00a0 \u00a0 \u00a0 \u00a0 \u00a0 \u00a0","rel":"","context":"Similar post","block_context":{"text":"Similar post","link":""},"img":{"alt_text":"Victoria VYNN best professional small ball drill bit 3.3mm","src":"https:\/\/i0.wp.com\/victoriavynn.ca\/wp-content\/uploads\/2023\/04\/Victoria-VYNN-best-professional-small-ball-drill-bit-3.3mm.webp?fit=750%2C1000&ssl=1&resize=350%2C200","width":350,"height":200,"srcset":"https:\/\/i0.wp.com\/victoriavynn.ca\/wp-content\/uploads\/2023\/04\/Victoria-VYNN-best-professional-small-ball-drill-bit-3.3mm.webp?fit=750%2C1000&ssl=1&resize=350%2C200 1x, https:\/\/i0.wp.com\/victoriavynn.ca\/wp-content\/uploads\/2023\/04\/Victoria-VYNN-best-professional-small-ball-drill-bit-3.3mm.webp?fit=750%2C1000&ssl=1&resize=525%2C300 1.5x, https:\/\/i0.wp.com\/victoriavynn.ca\/wp-content\/uploads\/2023\/04\/Victoria-VYNN-best-professional-small-ball-drill-bit-3.3mm.webp?fit=750%2C1000&ssl=1&resize=700%2C400 2x"},"classes":[]}],"jetpack_sharing_enabled":true,"_links":{"self":[{"href":"https:\/\/victoriavynn.ca\/fr\/wp-json\/wp\/v2\/product\/22097","targetHints":{"allow":["GET"]}}],"collection":[{"href":"https:\/\/victoriavynn.ca\/fr\/wp-json\/wp\/v2\/product"}],"about":[{"href":"https:\/\/victoriavynn.ca\/fr\/wp-json\/wp\/v2\/types\/product"}],"replies":[{"embeddable":true,"href":"https:\/\/victoriavynn.ca\/fr\/wp-json\/wp\/v2\/comments?post=22097"}],"wp:featuredmedia":[{"embeddable":true,"href":"https:\/\/victoriavynn.ca\/fr\/wp-json\/wp\/v2\/media\/22305"}],"wp:attachment":[{"href":"https:\/\/victoriavynn.ca\/fr\/wp-json\/wp\/v2\/media?parent=22097"}],"wp:term":[{"taxonomy":"product_brand","embeddable":true,"href":"https:\/\/victoriavynn.ca\/fr\/wp-json\/wp\/v2\/product_brand?post=22097"},{"taxonomy":"product_cat","embeddable":true,"href":"https:\/\/victoriavynn.ca\/fr\/wp-json\/wp\/v2\/product_cat?post=22097"},{"taxonomy":"product_tag","embeddable":true,"href":"https:\/\/victoriavynn.ca\/fr\/wp-json\/wp\/v2\/product_tag?post=22097"}],"curies":[{"name":"wp","href":"https:\/\/api.w.org\/{rel}","templated":true}]}}