{"id":2366,"date":"2022-08-17T13:38:55","date_gmt":"2022-08-17T17:38:55","guid":{"rendered":"https:\/\/victoriavynn.ca\/index.php\/product\/victoria-vynn-5-oils-complex-30ml\/"},"modified":"2026-03-31T19:19:56","modified_gmt":"2026-03-31T23:19:56","slug":"huile-pour-cuticules-du-complexe-des-5-huiles-30ml","status":"publish","type":"product","link":"https:\/\/victoriavynn.ca\/fr\/product\/5-oils-complex-cuticle-oil-30ml\/","title":{"rendered":"Complexe des 5 huiles 30ml"},"content":{"rendered":"<p>Cuticle Oil pour le soin des cuticules et des ongles est une composition hautement concentr\u00e9e de 5 huiles naturelles, enrichie en vitamines, antioxydants et acides gras. Gr\u00e2ce \u00e0 ce traitement puissant, les cuticules sont r\u00e9g\u00e9n\u00e9r\u00e9es, nourries, hydrat\u00e9es, et la plaque de l'ongle est durcie, lisse et brillante.<\/p>\n<p>Veillez \u00e0 l'\u00e9tat et au niveau d'hydratation appropri\u00e9 des cuticules et des ongles.<\/p>","protected":false},"excerpt":{"rendered":"<p>L'huile pour le soin des cuticules et des ongles est une composition hautement concentr\u00e9e de 5 huiles naturelles, enrichie de vitamines, d'antioxydants et d'acides gras. Gr\u00e2ce \u00e0 ce traitement puissant, les cuticules sont r\u00e9g\u00e9n\u00e9r\u00e9es, nourries, hydrat\u00e9es, et la plaque de l'ongle est durcie, lisse et brillante.<\/p>\n<p>Veillez \u00e0 l'\u00e9tat et au niveau d'hydratation appropri\u00e9 des cuticules et des ongles.<\/p>","protected":false},"featured_media":6889,"comment_status":"open","ping_status":"closed","template":"","meta":{"jetpack_post_was_ever_published":false,"jetpack_publicize_message":"","jetpack_publicize_feature_enabled":true,"jetpack_social_post_already_shared":true,"jetpack_social_options":{"image_generator_settings":{"template":"highway","default_image_id":0,"font":"","enabled":false},"version":2}},"product_brand":[],"product_cat":[45],"product_tag":[76],"class_list":{"0":"post-2366","1":"product","2":"type-product","3":"status-publish","4":"has-post-thumbnail","6":"product_cat-nail-care","7":"product_tag-nail-care","8":"product_shipping_class-cardboard-box","9":"pa_size-30ml","11":"first","12":"instock","13":"taxable","14":"shipping-taxable","15":"purchasable","16":"product-type-simple"},"jetpack_publicize_connections":[],"jetpack-related-posts":[{"id":2368,"url":"https:\/\/victoriavynn.ca\/fr\/product\/5-oils-complex-cuticle-oil-9ml\/","url_meta":{"origin":2366,"position":0},"title":"Complexe des 5 huiles 9ml","author":"Serge Sahakian","date":"ao\u00fbt 17, 2022","format":false,"excerpt":"Cuticle Oil pour le soin des cuticules et des ongles est une composition hautement concentr\u00e9e de 5 huiles naturelles, enrichie de vitamines, d'antioxydants et d'acides gras. Gr\u00e2ce \u00e0 ce traitement puissant, les cuticules sont r\u00e9g\u00e9n\u00e9r\u00e9es, nourries, hydrat\u00e9es, et la plaque de l'ongle est durcie, lisse et brillante. Prenez soin de l'\u00e9tat...","rel":"","context":"Similar post","block_context":{"text":"Similar post","link":""},"img":{"alt_text":"5 Oils Complex Cuticle Oil","src":"https:\/\/i0.wp.com\/victoriavynn.ca\/wp-content\/uploads\/2022\/08\/5-Oils-Complex-Cuticle-Oil.png?fit=1000%2C1000&ssl=1&resize=350%2C200","width":350,"height":200,"srcset":"https:\/\/i0.wp.com\/victoriavynn.ca\/wp-content\/uploads\/2022\/08\/5-Oils-Complex-Cuticle-Oil.png?fit=1000%2C1000&ssl=1&resize=350%2C200 1x, https:\/\/i0.wp.com\/victoriavynn.ca\/wp-content\/uploads\/2022\/08\/5-Oils-Complex-Cuticle-Oil.png?fit=1000%2C1000&ssl=1&resize=525%2C300 1.5x, https:\/\/i0.wp.com\/victoriavynn.ca\/wp-content\/uploads\/2022\/08\/5-Oils-Complex-Cuticle-Oil.png?fit=1000%2C1000&ssl=1&resize=700%2C400 2x"},"classes":[]},{"id":2896,"url":"https:\/\/victoriavynn.ca\/fr\/product\/cuticle-remover-away\/","url_meta":{"origin":2366,"position":1},"title":"Victoria VYNN Cuticle Away","author":"Serge Sahakian","date":"ao\u00fbt 18, 2022","format":false,"excerpt":"Victoria VYNN \"Cuticle Away\" Cuticle Remover est un gel pr\u00e9paratoire pour adoucir et enlever les cuticules. Compos\u00e9 d'huile d'amande douce naturelle et de glyc\u00e9rine, il pr\u00e9vient le dess\u00e8chement et le craqu\u00e8lement des cuticules, adoucit et r\u00e9\u00e9quilibre l'hydratation.","rel":"","context":"Similar post","block_context":{"text":"Similar post","link":""},"img":{"alt_text":"Cuticle away Cuticle remover","src":"https:\/\/i0.wp.com\/victoriavynn.ca\/wp-content\/uploads\/2022\/08\/Cuticle-away.png?fit=1000%2C1000&ssl=1&resize=350%2C200","width":350,"height":200,"srcset":"https:\/\/i0.wp.com\/victoriavynn.ca\/wp-content\/uploads\/2022\/08\/Cuticle-away.png?fit=1000%2C1000&ssl=1&resize=350%2C200 1x, https:\/\/i0.wp.com\/victoriavynn.ca\/wp-content\/uploads\/2022\/08\/Cuticle-away.png?fit=1000%2C1000&ssl=1&resize=525%2C300 1.5x, https:\/\/i0.wp.com\/victoriavynn.ca\/wp-content\/uploads\/2022\/08\/Cuticle-away.png?fit=1000%2C1000&ssl=1&resize=700%2C400 2x"},"classes":[]},{"id":21201,"url":"https:\/\/victoriavynn.ca\/fr\/product\/victoria-vynn-senso-nail-care-oil-kiss-me\/","url_meta":{"origin":2366,"position":2},"title":"Victoria VYNN Senso Nail Care Oil Kiss Me","author":"Serge Sahakian","date":"mars 19, 2025","format":false,"excerpt":"Un rituel luxueux qui changera votre manucure ! Plein d'huiles puissantes et nourrissantes avec des particules illuminatrices pour les cuticules et les ongles. Choisissez votre fragrance pr\u00e9f\u00e9r\u00e9e inspir\u00e9e des parfums de luxe. Gr\u00e2ce \u00e0 des huiles et des vitamines soigneusement s\u00e9lectionn\u00e9es, vos ongles auront l'air en bonne sant\u00e9 et vos cuticules deviendront douces...","rel":"","context":"Similar post","block_context":{"text":"Similar post","link":""},"img":{"alt_text":"victoria vynn senso nail care oil kiss me","src":"https:\/\/i0.wp.com\/victoriavynn.ca\/wp-content\/uploads\/2025\/03\/victoria-vynn-senso-nail-care-oil-kiss-me.webp?fit=750%2C1000&ssl=1&resize=350%2C200","width":350,"height":200,"srcset":"https:\/\/i0.wp.com\/victoriavynn.ca\/wp-content\/uploads\/2025\/03\/victoria-vynn-senso-nail-care-oil-kiss-me.webp?fit=750%2C1000&ssl=1&resize=350%2C200 1x, https:\/\/i0.wp.com\/victoriavynn.ca\/wp-content\/uploads\/2025\/03\/victoria-vynn-senso-nail-care-oil-kiss-me.webp?fit=750%2C1000&ssl=1&resize=525%2C300 1.5x, https:\/\/i0.wp.com\/victoriavynn.ca\/wp-content\/uploads\/2025\/03\/victoria-vynn-senso-nail-care-oil-kiss-me.webp?fit=750%2C1000&ssl=1&resize=700%2C400 2x"},"classes":[]},{"id":21199,"url":"https:\/\/victoriavynn.ca\/fr\/product\/victoria-vynn-senso-nail-care-oil-follow-me\/","url_meta":{"origin":2366,"position":3},"title":"Victoria VYNN Senso Nail Care Oil Follow Me","author":"Serge Sahakian","date":"mars 19, 2025","format":false,"excerpt":"Un rituel luxueux qui changera votre manucure ! Plein d'huiles puissantes et nourrissantes avec des particules illuminatrices pour les cuticules et les ongles. Choisissez votre fragrance pr\u00e9f\u00e9r\u00e9e inspir\u00e9e des parfums de luxe. Gr\u00e2ce \u00e0 des huiles et des vitamines soigneusement s\u00e9lectionn\u00e9es, vos ongles auront l'air en bonne sant\u00e9 et vos cuticules deviendront douces...","rel":"","context":"Similar post","block_context":{"text":"Similar post","link":""},"img":{"alt_text":"victoria vynn senso nail care oil follow me","src":"https:\/\/i0.wp.com\/victoriavynn.ca\/wp-content\/uploads\/2025\/03\/victoria-vynn-senso-nail-care-oil-follow-me.webp?fit=750%2C1000&ssl=1&resize=350%2C200","width":350,"height":200,"srcset":"https:\/\/i0.wp.com\/victoriavynn.ca\/wp-content\/uploads\/2025\/03\/victoria-vynn-senso-nail-care-oil-follow-me.webp?fit=750%2C1000&ssl=1&resize=350%2C200 1x, https:\/\/i0.wp.com\/victoriavynn.ca\/wp-content\/uploads\/2025\/03\/victoria-vynn-senso-nail-care-oil-follow-me.webp?fit=750%2C1000&ssl=1&resize=525%2C300 1.5x, https:\/\/i0.wp.com\/victoriavynn.ca\/wp-content\/uploads\/2025\/03\/victoria-vynn-senso-nail-care-oil-follow-me.webp?fit=750%2C1000&ssl=1&resize=700%2C400 2x"},"classes":[]},{"id":21203,"url":"https:\/\/victoriavynn.ca\/fr\/product\/victoria-vynn-senso-nail-care-oil-love-me\/","url_meta":{"origin":2366,"position":4},"title":"Victoria VYNN Senso Nail Care Oil Love Me","author":"Serge Sahakian","date":"mars 19, 2025","format":false,"excerpt":"Un rituel luxueux qui changera votre manucure ! Plein d'huiles puissantes et nourrissantes avec des particules illuminatrices pour les cuticules et les ongles. Choisissez votre fragrance pr\u00e9f\u00e9r\u00e9e inspir\u00e9e des parfums de luxe. Gr\u00e2ce \u00e0 des huiles et des vitamines soigneusement s\u00e9lectionn\u00e9es, vos ongles auront l'air en bonne sant\u00e9 et vos cuticules deviendront douces...","rel":"","context":"Similar post","block_context":{"text":"Similar post","link":""},"img":{"alt_text":"victoria vynn senso nail care oil love me","src":"https:\/\/i0.wp.com\/victoriavynn.ca\/wp-content\/uploads\/2025\/03\/victoria-vynn-senso-nail-care-oil-love-me.webp?fit=750%2C1000&ssl=1&resize=350%2C200","width":350,"height":200,"srcset":"https:\/\/i0.wp.com\/victoriavynn.ca\/wp-content\/uploads\/2025\/03\/victoria-vynn-senso-nail-care-oil-love-me.webp?fit=750%2C1000&ssl=1&resize=350%2C200 1x, https:\/\/i0.wp.com\/victoriavynn.ca\/wp-content\/uploads\/2025\/03\/victoria-vynn-senso-nail-care-oil-love-me.webp?fit=750%2C1000&ssl=1&resize=525%2C300 1.5x, https:\/\/i0.wp.com\/victoriavynn.ca\/wp-content\/uploads\/2025\/03\/victoria-vynn-senso-nail-care-oil-love-me.webp?fit=750%2C1000&ssl=1&resize=700%2C400 2x"},"classes":[]},{"id":21232,"url":"https:\/\/victoriavynn.ca\/fr\/product\/victoria-vynn-3-pack-promo-set-senso-nail-care\/","url_meta":{"origin":2366,"position":5},"title":"Victoria VYNN 3 Pack Promo Set Senso Nail Care","author":"Serge Sahakian","date":"mars 19, 2025","format":false,"excerpt":"Un rituel luxueux qui changera votre manucure ! Plein d'huiles puissantes et nourrissantes avec des particules illuminatrices pour les cuticules et les ongles. Choisissez votre fragrance pr\u00e9f\u00e9r\u00e9e inspir\u00e9e des parfums de luxe. Gr\u00e2ce \u00e0 des huiles et des vitamines soigneusement s\u00e9lectionn\u00e9es, vos ongles auront l'air en bonne sant\u00e9 et vos cuticules deviendront...","rel":"","context":"Similar post","block_context":{"text":"Similar post","link":""},"img":{"alt_text":"victoria vynn senso nail care oil set","src":"https:\/\/i0.wp.com\/victoriavynn.ca\/wp-content\/uploads\/2025\/03\/victoria-vynn-senso-nail-care-oil-set.webp?fit=750%2C1000&ssl=1&resize=350%2C200","width":350,"height":200,"srcset":"https:\/\/i0.wp.com\/victoriavynn.ca\/wp-content\/uploads\/2025\/03\/victoria-vynn-senso-nail-care-oil-set.webp?fit=750%2C1000&ssl=1&resize=350%2C200 1x, https:\/\/i0.wp.com\/victoriavynn.ca\/wp-content\/uploads\/2025\/03\/victoria-vynn-senso-nail-care-oil-set.webp?fit=750%2C1000&ssl=1&resize=525%2C300 1.5x, https:\/\/i0.wp.com\/victoriavynn.ca\/wp-content\/uploads\/2025\/03\/victoria-vynn-senso-nail-care-oil-set.webp?fit=750%2C1000&ssl=1&resize=700%2C400 2x"},"classes":[]}],"jetpack_sharing_enabled":true,"_links":{"self":[{"href":"https:\/\/victoriavynn.ca\/fr\/wp-json\/wp\/v2\/product\/2366","targetHints":{"allow":["GET"]}}],"collection":[{"href":"https:\/\/victoriavynn.ca\/fr\/wp-json\/wp\/v2\/product"}],"about":[{"href":"https:\/\/victoriavynn.ca\/fr\/wp-json\/wp\/v2\/types\/product"}],"replies":[{"embeddable":true,"href":"https:\/\/victoriavynn.ca\/fr\/wp-json\/wp\/v2\/comments?post=2366"}],"wp:featuredmedia":[{"embeddable":true,"href":"https:\/\/victoriavynn.ca\/fr\/wp-json\/wp\/v2\/media\/6889"}],"wp:attachment":[{"href":"https:\/\/victoriavynn.ca\/fr\/wp-json\/wp\/v2\/media?parent=2366"}],"wp:term":[{"taxonomy":"product_brand","embeddable":true,"href":"https:\/\/victoriavynn.ca\/fr\/wp-json\/wp\/v2\/product_brand?post=2366"},{"taxonomy":"product_cat","embeddable":true,"href":"https:\/\/victoriavynn.ca\/fr\/wp-json\/wp\/v2\/product_cat?post=2366"},{"taxonomy":"product_tag","embeddable":true,"href":"https:\/\/victoriavynn.ca\/fr\/wp-json\/wp\/v2\/product_tag?post=2366"}],"curies":[{"name":"wp","href":"https:\/\/api.w.org\/{rel}","templated":true}]}}