{"id":2370,"date":"2022-08-17T17:38:57","date_gmt":"2022-08-17T21:38:57","guid":{"rendered":"https:\/\/victoriavynn.ca\/index.php\/product\/victoria-vynn-bottle-gel-one-phase-15ml\/"},"modified":"2026-04-06T15:50:06","modified_gmt":"2026-04-06T19:50:06","slug":"bouteille-de-gel-pour-la-construction-dune-phase","status":"publish","type":"product","link":"https:\/\/victoriavynn.ca\/fr\/product\/bottle-gel-builder-one-phase\/","title":{"rendered":"Gel de bouteille \u00e0 une phase"},"content":{"rendered":"<p>Rencontrez notre B\u00e2tisseur de gel en bouteille, qui fonctionne parfaitement avec la plaque d'ongle naturelle, est durable et r\u00e9sistant, gr\u00e2ce auquel le design ne se casse pas ou ne se fissure pas. La formule \u00e9paisse et auto-nivelante permet la m\u00e9thode de conception \"one drop\", sans limage ! Emballage pratique avec un pinceau.<\/p>\n<p>Si vous tenez \u00e0 une construction rapide de vos ongles, le Bottle Gel One Phase est fait pour vous !<\/p>\n<p>De nombreuses possibilit\u00e9s dans un seul flacon : ongles transparents, moyens ou longs, sans couleur ou peut-\u00eatre avec couleur. Le choix vous appartient.<\/p>\n<p>Pour les stylistes de tous niveaux de comp\u00e9tence.<\/p>","protected":false},"excerpt":{"rendered":"<p>Rencontrez notre B\u00e2tisseur de gel en bouteille, qui fonctionne parfaitement avec la plaque d'ongle naturelle, est durable et r\u00e9sistant, gr\u00e2ce auquel le design ne se casse pas ou ne se fissure pas. La formule \u00e9paisse et auto-nivelante permet la m\u00e9thode de conception \"one drop\", sans limage ! Emballage pratique avec un pinceau.<\/p>\n<p>Sp\u00e9cifications du produit :<\/p>\n<p><img loading=\"lazy\" decoding=\"async\" class=\"size-full wp-image-9076 alignleft\" src=\"https:\/\/victoriavynn.ca\/wp-content\/uploads\/2022\/08\/ONE-DROP.webp\" alt=\"\" width=\"125\" height=\"150\" \/> <img loading=\"lazy\" decoding=\"async\" class=\"size-full wp-image-9077 alignleft\" src=\"https:\/\/victoriavynn.ca\/wp-content\/uploads\/2022\/08\/ONE-PHASE.webp\" alt=\"\" width=\"125\" height=\"150\" \/><img loading=\"lazy\" decoding=\"async\" class=\"size-full wp-image-9075 alignleft\" src=\"https:\/\/victoriavynn.ca\/wp-content\/uploads\/2022\/08\/Fast-nail-building.webp\" alt=\"\" width=\"125\" height=\"150\" \/><img loading=\"lazy\" decoding=\"async\" class=\"size-full wp-image-8758 alignleft\" src=\"https:\/\/victoriavynn.ca\/wp-content\/uploads\/2020\/03\/FOR-UV-LED-LAMPS.webp\" alt=\"couche de base en caoutchouc\" width=\"125\" height=\"150\" \/><\/p>\n<p>&nbsp;<\/p>\n<p>&nbsp;<\/p>\n<p>&nbsp;<\/p>\n<p>&nbsp;<\/p>","protected":false},"featured_media":9074,"comment_status":"open","ping_status":"closed","template":"","meta":{"jetpack_post_was_ever_published":false,"jetpack_publicize_message":"","jetpack_publicize_feature_enabled":true,"jetpack_social_post_already_shared":true,"jetpack_social_options":{"image_generator_settings":{"template":"highway","default_image_id":0,"font":"","enabled":false},"version":2}},"product_brand":[],"product_cat":[35],"product_tag":[101],"class_list":{"0":"post-2370","1":"product","2":"type-product","3":"status-publish","4":"has-post-thumbnail","6":"product_cat-builder-in-a-bottle","7":"product_tag-bottle-gel-builder-colors","8":"product_shipping_class-cardboard-box","9":"pa_size-15ml","11":"first","12":"instock","13":"taxable","14":"shipping-taxable","15":"purchasable","16":"product-type-variable","17":"wvs-archive-product-wrapper"},"jetpack_publicize_connections":[],"jetpack-related-posts":[{"id":492,"url":"https:\/\/victoriavynn.ca\/fr\/product\/salon-nail-builder-gel-victoria-vynn\/","url_meta":{"origin":2370,"position":0},"title":"Salon Build Gel UV\/LED (gel de construction)","author":"Serge Sahakian","date":"novembre 24, 2019","format":false,"excerpt":"Discover Victoria VYNN Builder Gel \u2013 the perfect solution for strong, beautiful nails. Our builder gel, builder gel in a bottle, and builder gel nail polish offer easy application and long-lasting results for flawless nail extensions and overlays. Product Specifications: \u00a0 \u00a0 \u00a0 \u00a0 \u00a0","rel":"","context":"Similar post","block_context":{"text":"Similar post","link":""},"img":{"alt_text":"Victoria VYNN Nail Gel Builder 15ml 50 ml 200 ml","src":"https:\/\/i0.wp.com\/victoriavynn.ca\/wp-content\/uploads\/2019\/11\/Nail-Gel-Builder.webp?fit=750%2C1000&ssl=1&resize=350%2C200","width":350,"height":200,"srcset":"https:\/\/i0.wp.com\/victoriavynn.ca\/wp-content\/uploads\/2019\/11\/Nail-Gel-Builder.webp?fit=750%2C1000&ssl=1&resize=350%2C200 1x, https:\/\/i0.wp.com\/victoriavynn.ca\/wp-content\/uploads\/2019\/11\/Nail-Gel-Builder.webp?fit=750%2C1000&ssl=1&resize=525%2C300 1.5x, https:\/\/i0.wp.com\/victoriavynn.ca\/wp-content\/uploads\/2019\/11\/Nail-Gel-Builder.webp?fit=750%2C1000&ssl=1&resize=700%2C400 2x"},"classes":[]},{"id":52676,"url":"https:\/\/victoriavynn.ca\/fr\/product\/victoria-vynn-insta-gel\/","url_meta":{"origin":2370,"position":1},"title":"Gel Insta Victoria VYNN","author":"Serge Sahakian","date":"mars 20, 2026","format":false,"excerpt":"Victoria VYNN Insta Gel est con\u00e7u pour une application rapide et efficace, aidant les proth\u00e9sistes ongulaires \u00e0 fournir des r\u00e9sultats rapides, impeccables et brillants avec un temps de service r\u00e9duit. Sp\u00e9cifications du produit : \u00a0 \u00a0 \u00a0 \u00a0 \u00a0 \u00a0","rel":"","context":"Similar post","block_context":{"text":"Similar post","link":""},"img":{"alt_text":"victoria vynn insta gel 01","src":"https:\/\/i0.wp.com\/victoriavynn.ca\/wp-content\/uploads\/2026\/03\/victoria-vynn-insta-gel-01.webp?fit=750%2C1000&ssl=1&resize=350%2C200","width":350,"height":200,"srcset":"https:\/\/i0.wp.com\/victoriavynn.ca\/wp-content\/uploads\/2026\/03\/victoria-vynn-insta-gel-01.webp?fit=750%2C1000&ssl=1&resize=350%2C200 1x, https:\/\/i0.wp.com\/victoriavynn.ca\/wp-content\/uploads\/2026\/03\/victoria-vynn-insta-gel-01.webp?fit=750%2C1000&ssl=1&resize=525%2C300 1.5x, https:\/\/i0.wp.com\/victoriavynn.ca\/wp-content\/uploads\/2026\/03\/victoria-vynn-insta-gel-01.webp?fit=750%2C1000&ssl=1&resize=700%2C400 2x"},"classes":[]},{"id":1927,"url":"https:\/\/victoriavynn.ca\/fr\/product\/mousse-sculpture-gel\/","url_meta":{"origin":2370,"position":2},"title":"Gel Mousse Sculpture","author":"Serge Sahakian","date":"mars 7, 2021","format":false,"excerpt":"Victoria VYNN Mousse Sculpture Gel is a product that works perfectly with the brush, it just needs to be gently pushed in the right direction while working. After curing in a UV or LED lamp, it becomes ultra-strong, hard and resistant to damage, but remains easy to work with. It\u2026","rel":"","context":"Similar post","block_context":{"text":"Similar post","link":""},"img":{"alt_text":"sculpture gel","src":"https:\/\/i0.wp.com\/victoriavynn.ca\/wp-content\/uploads\/2021\/03\/sculpture-gel.webp?fit=750%2C1000&ssl=1&resize=350%2C200","width":350,"height":200,"srcset":"https:\/\/i0.wp.com\/victoriavynn.ca\/wp-content\/uploads\/2021\/03\/sculpture-gel.webp?fit=750%2C1000&ssl=1&resize=350%2C200 1x, https:\/\/i0.wp.com\/victoriavynn.ca\/wp-content\/uploads\/2021\/03\/sculpture-gel.webp?fit=750%2C1000&ssl=1&resize=525%2C300 1.5x, https:\/\/i0.wp.com\/victoriavynn.ca\/wp-content\/uploads\/2021\/03\/sculpture-gel.webp?fit=750%2C1000&ssl=1&resize=700%2C400 2x"},"classes":[]},{"id":37081,"url":"https:\/\/victoriavynn.ca\/fr\/product\/victoria-vynn-liquid-polygel-15ml\/","url_meta":{"origin":2370,"position":3},"title":"Victoria VYNN Polygel liquide 15ml","author":"Serge Sahakian","date":"octobre 18, 2025","format":false,"excerpt":"D\u00e9couvrez l'avenir de l'architecture des ongles avec Victoria Vynn Liquid PolyGel - la fusion parfaite de la flexibilit\u00e9 du gel et de la r\u00e9sistance de l'acrylique. Sa texture auto-nivelante d'\u00e9paisseur moyenne glisse sans effort pour des superpositions et des extensions parfaites, offrant des r\u00e9sultats l\u00e9gers mais durables avec une finition naturelle et \u00e9l\u00e9gante....","rel":"","context":"Similar post","block_context":{"text":"Similar post","link":""},"img":{"alt_text":"victoria vynn liquid polygel no. 1","src":"https:\/\/i0.wp.com\/victoriavynn.ca\/wp-content\/uploads\/2025\/10\/victoria-vynn-liquid-polygel-no.-1.webp?fit=750%2C1000&ssl=1&resize=350%2C200","width":350,"height":200,"srcset":"https:\/\/i0.wp.com\/victoriavynn.ca\/wp-content\/uploads\/2025\/10\/victoria-vynn-liquid-polygel-no.-1.webp?fit=750%2C1000&ssl=1&resize=350%2C200 1x, https:\/\/i0.wp.com\/victoriavynn.ca\/wp-content\/uploads\/2025\/10\/victoria-vynn-liquid-polygel-no.-1.webp?fit=750%2C1000&ssl=1&resize=525%2C300 1.5x, https:\/\/i0.wp.com\/victoriavynn.ca\/wp-content\/uploads\/2025\/10\/victoria-vynn-liquid-polygel-no.-1.webp?fit=750%2C1000&ssl=1&resize=700%2C400 2x"},"classes":[]},{"id":1708,"url":"https:\/\/victoriavynn.ca\/fr\/product\/mega-rubber-base-coat-gel-victoria-vynn\/","url_meta":{"origin":2370,"position":4},"title":"Mega Base Hard &amp; Long Nails (couche de base en caoutchouc)","author":"Serge Sahakian","date":"mars 17, 2020","format":false,"excerpt":"La Mega Rubber Base Coat est une couche de base en caoutchouc multifonctionnelle, flexible et durable. La formule et les propri\u00e9t\u00e9s exceptionnelles de la Mega Base Coat permettent d'\u00e9tendre la plaque de l'ongle jusqu'\u00e0 7 mm et de renforcer la plaque de l'ongle naturel. Gr\u00e2ce \u00e0 sa consistance \u00e9paisse et autonivelante, elle...","rel":"","context":"Similar post","block_context":{"text":"Similar post","link":""},"img":{"alt_text":"mega rubber base coat gel clear","src":"https:\/\/i0.wp.com\/victoriavynn.ca\/wp-content\/uploads\/2022\/08\/mega-rubber-base-gel-clear.webp?fit=750%2C1000&ssl=1&resize=350%2C200","width":350,"height":200,"srcset":"https:\/\/i0.wp.com\/victoriavynn.ca\/wp-content\/uploads\/2022\/08\/mega-rubber-base-gel-clear.webp?fit=750%2C1000&ssl=1&resize=350%2C200 1x, https:\/\/i0.wp.com\/victoriavynn.ca\/wp-content\/uploads\/2022\/08\/mega-rubber-base-gel-clear.webp?fit=750%2C1000&ssl=1&resize=525%2C300 1.5x, https:\/\/i0.wp.com\/victoriavynn.ca\/wp-content\/uploads\/2022\/08\/mega-rubber-base-gel-clear.webp?fit=750%2C1000&ssl=1&resize=700%2C400 2x"},"classes":[]},{"id":11320,"url":"https:\/\/victoriavynn.ca\/fr\/product\/soft-gel-tips-preparation-kit-4-pieces-set\/","url_meta":{"origin":2370,"position":5},"title":"Victoria VYNN Soft Gel Tips Preparation Kit (4 Pieces Set)","author":"Serge Sahakian","date":"avril 13, 2023","format":false,"excerpt":"Victoria VYNN Soft Gel Tips Preparation Kit est un ensemble de pr\u00e9parations pour l'application de Soft Gel Tips. Le kit comprend le Nail Prep, le Acid-Free Primer, le Tips Gel et le Top Coat No Wipe. Etapes 1 \u00e0 4 de la pr\u00e9paration. Sp\u00e9cifications du produit : \u00a0 \u00a0 \u00a0 \u00a0 \u00a0 \u00a0 \u00a0","rel":"","context":"Similar post","block_context":{"text":"Similar post","link":""},"img":{"alt_text":"Soft Gel Tips Preparation Kit","src":"https:\/\/i0.wp.com\/victoriavynn.ca\/wp-content\/uploads\/2023\/04\/Soft-Gel-Tips-Preparation-Kit-.webp?fit=750%2C1000&ssl=1&resize=350%2C200","width":350,"height":200,"srcset":"https:\/\/i0.wp.com\/victoriavynn.ca\/wp-content\/uploads\/2023\/04\/Soft-Gel-Tips-Preparation-Kit-.webp?fit=750%2C1000&ssl=1&resize=350%2C200 1x, https:\/\/i0.wp.com\/victoriavynn.ca\/wp-content\/uploads\/2023\/04\/Soft-Gel-Tips-Preparation-Kit-.webp?fit=750%2C1000&ssl=1&resize=525%2C300 1.5x, https:\/\/i0.wp.com\/victoriavynn.ca\/wp-content\/uploads\/2023\/04\/Soft-Gel-Tips-Preparation-Kit-.webp?fit=750%2C1000&ssl=1&resize=700%2C400 2x"},"classes":[]}],"jetpack_sharing_enabled":true,"_links":{"self":[{"href":"https:\/\/victoriavynn.ca\/fr\/wp-json\/wp\/v2\/product\/2370","targetHints":{"allow":["GET"]}}],"collection":[{"href":"https:\/\/victoriavynn.ca\/fr\/wp-json\/wp\/v2\/product"}],"about":[{"href":"https:\/\/victoriavynn.ca\/fr\/wp-json\/wp\/v2\/types\/product"}],"replies":[{"embeddable":true,"href":"https:\/\/victoriavynn.ca\/fr\/wp-json\/wp\/v2\/comments?post=2370"}],"wp:featuredmedia":[{"embeddable":true,"href":"https:\/\/victoriavynn.ca\/fr\/wp-json\/wp\/v2\/media\/9074"}],"wp:attachment":[{"href":"https:\/\/victoriavynn.ca\/fr\/wp-json\/wp\/v2\/media?parent=2370"}],"wp:term":[{"taxonomy":"product_brand","embeddable":true,"href":"https:\/\/victoriavynn.ca\/fr\/wp-json\/wp\/v2\/product_brand?post=2370"},{"taxonomy":"product_cat","embeddable":true,"href":"https:\/\/victoriavynn.ca\/fr\/wp-json\/wp\/v2\/product_cat?post=2370"},{"taxonomy":"product_tag","embeddable":true,"href":"https:\/\/victoriavynn.ca\/fr\/wp-json\/wp\/v2\/product_tag?post=2370"}],"curies":[{"name":"wp","href":"https:\/\/api.w.org\/{rel}","templated":true}]}}