{"id":23830,"date":"2025-08-28T14:23:51","date_gmt":"2025-08-28T18:23:51","guid":{"rendered":"https:\/\/victoriavynn.ca\/product\/msmo-vibe-flow-the-electric-file-that-follows-your-rhythm\/"},"modified":"2026-02-13T18:32:27","modified_gmt":"2026-02-13T23:32:27","slug":"msmo-vibe-flow-le-fichier-electrique-qui-suit-votre-rythme","status":"publish","type":"product","link":"https:\/\/victoriavynn.ca\/fr\/product\/msmo-vibe-flow-the-electric-file-that-follows-your-rhythm\/","title":{"rendered":"MSMO VIBE Flow - Le fichier \u00e9lectrique qui suit votre rythme"},"content":{"rendered":"","protected":false},"excerpt":{"rendered":"","protected":false},"featured_media":23831,"comment_status":"open","ping_status":"closed","template":"","meta":{"jetpack_post_was_ever_published":false,"jetpack_publicize_message":"","jetpack_publicize_feature_enabled":true,"jetpack_social_post_already_shared":true,"jetpack_social_options":{"image_generator_settings":{"template":"highway","default_image_id":0,"font":"","enabled":false},"version":2}},"product_brand":[],"product_cat":[916],"product_tag":[599],"class_list":{"0":"post-23830","1":"product","2":"type-product","3":"status-publish","4":"has-post-thumbnail","6":"product_cat-msmo-electric-nail-drill","7":"product_tag-e-file-machines","9":"first","10":"outofstock","11":"taxable","12":"shipping-taxable","13":"purchasable","14":"product-type-simple"},"jetpack_publicize_connections":[],"jetpack-related-posts":[{"id":28856,"url":"https:\/\/victoriavynn.ca\/fr\/product\/msmo-buffer-100-180-professional\/","url_meta":{"origin":23830,"position":0},"title":"MSMO Tampon 100\/180 - Professionnel","author":"Serge Sahakian","date":"octobre 9, 2025","format":false,"excerpt":"","rel":"","context":"Similar post","block_context":{"text":"Similar post","link":""},"img":{"alt_text":"msmo buffer","src":"https:\/\/i0.wp.com\/victoriavynn.ca\/wp-content\/uploads\/2025\/10\/buffer.png?fit=1200%2C1200&ssl=1&resize=350%2C200","width":350,"height":200,"srcset":"https:\/\/i0.wp.com\/victoriavynn.ca\/wp-content\/uploads\/2025\/10\/buffer.png?fit=1200%2C1200&ssl=1&resize=350%2C200 1x, https:\/\/i0.wp.com\/victoriavynn.ca\/wp-content\/uploads\/2025\/10\/buffer.png?fit=1200%2C1200&ssl=1&resize=525%2C300 1.5x, https:\/\/i0.wp.com\/victoriavynn.ca\/wp-content\/uploads\/2025\/10\/buffer.png?fit=1200%2C1200&ssl=1&resize=700%2C400 2x, https:\/\/i0.wp.com\/victoriavynn.ca\/wp-content\/uploads\/2025\/10\/buffer.png?fit=1200%2C1200&ssl=1&resize=1050%2C600 3x"},"classes":[]},{"id":28500,"url":"https:\/\/victoriavynn.ca\/fr\/product\/msmo-mini-sander-emery-roller-180\/","url_meta":{"origin":23830,"position":1},"title":"MSMO Mini ponceuse \/ rouleau \u00e9meri 180","author":"Serge Sahakian","date":"octobre 8, 2025","format":false,"excerpt":"","rel":"","context":"Similar post","block_context":{"text":"Similar post","link":""},"img":{"alt_text":"","src":"https:\/\/i0.wp.com\/victoriavynn.ca\/wp-content\/uploads\/2025\/10\/roller-180-mini.png?fit=1200%2C1200&ssl=1&resize=350%2C200","width":350,"height":200,"srcset":"https:\/\/i0.wp.com\/victoriavynn.ca\/wp-content\/uploads\/2025\/10\/roller-180-mini.png?fit=1200%2C1200&ssl=1&resize=350%2C200 1x, https:\/\/i0.wp.com\/victoriavynn.ca\/wp-content\/uploads\/2025\/10\/roller-180-mini.png?fit=1200%2C1200&ssl=1&resize=525%2C300 1.5x, https:\/\/i0.wp.com\/victoriavynn.ca\/wp-content\/uploads\/2025\/10\/roller-180-mini.png?fit=1200%2C1200&ssl=1&resize=700%2C400 2x, https:\/\/i0.wp.com\/victoriavynn.ca\/wp-content\/uploads\/2025\/10\/roller-180-mini.png?fit=1200%2C1200&ssl=1&resize=1050%2C600 3x"},"classes":[]},{"id":28498,"url":"https:\/\/victoriavynn.ca\/fr\/product\/msmo-buffer-100-180-professional-pack-of-10\/","url_meta":{"origin":23830,"position":2},"title":"MSMO Tampon 100\/180 - Professionnel (paquet de 10)","author":"Serge Sahakian","date":"octobre 8, 2025","format":false,"excerpt":"","rel":"","context":"Similar post","block_context":{"text":"Similar post","link":""},"img":{"alt_text":"","src":"https:\/\/i0.wp.com\/victoriavynn.ca\/wp-content\/uploads\/2025\/10\/buffer-pacquet-de-10.png?fit=1200%2C1200&ssl=1&resize=350%2C200","width":350,"height":200,"srcset":"https:\/\/i0.wp.com\/victoriavynn.ca\/wp-content\/uploads\/2025\/10\/buffer-pacquet-de-10.png?fit=1200%2C1200&ssl=1&resize=350%2C200 1x, https:\/\/i0.wp.com\/victoriavynn.ca\/wp-content\/uploads\/2025\/10\/buffer-pacquet-de-10.png?fit=1200%2C1200&ssl=1&resize=525%2C300 1.5x, https:\/\/i0.wp.com\/victoriavynn.ca\/wp-content\/uploads\/2025\/10\/buffer-pacquet-de-10.png?fit=1200%2C1200&ssl=1&resize=700%2C400 2x, https:\/\/i0.wp.com\/victoriavynn.ca\/wp-content\/uploads\/2025\/10\/buffer-pacquet-de-10.png?fit=1200%2C1200&ssl=1&resize=1050%2C600 3x"},"classes":[]},{"id":41588,"url":"https:\/\/victoriavynn.ca\/fr\/product\/victoria-vynn-8-pack-fashion-follower-gel-polish-430-437-color-chart\/","url_meta":{"origin":23830,"position":3},"title":"Victoria VYNN 8 Pack Fashion Follower Gel Polish 430-437 + Color Chart","author":"Serge Sahakian","date":"novembre 19, 2025","format":false,"excerpt":"La collection Fashion Follower de Victoria VYNN transforme les tons les plus \u00e0 la mode de la saison en une ligne de vernis gel hautement pigment\u00e9s et parfaits pour les salons de coiffure. Chaque nuance refl\u00e8te le style, l'humeur et la confiance - cr\u00e9\u00e9e pour les artistes et les clients qui aiment s'exprimer par la couleur. Collection : Fashion Follower Le kit comprend : Victoria VYNN...","rel":"","context":"Similar post","block_context":{"text":"Similar post","link":""},"img":{"alt_text":"Victoria vynn gel polish fashion follower 8 pack + Color Chart","src":"https:\/\/i0.wp.com\/victoriavynn.ca\/wp-content\/uploads\/2025\/11\/victoria-vynn-gel-polish-fashion-follower-8-pack-color-chart-.webp?fit=750%2C1000&ssl=1&resize=350%2C200","width":350,"height":200,"srcset":"https:\/\/i0.wp.com\/victoriavynn.ca\/wp-content\/uploads\/2025\/11\/victoria-vynn-gel-polish-fashion-follower-8-pack-color-chart-.webp?fit=750%2C1000&ssl=1&resize=350%2C200 1x, https:\/\/i0.wp.com\/victoriavynn.ca\/wp-content\/uploads\/2025\/11\/victoria-vynn-gel-polish-fashion-follower-8-pack-color-chart-.webp?fit=750%2C1000&ssl=1&resize=525%2C300 1.5x, https:\/\/i0.wp.com\/victoriavynn.ca\/wp-content\/uploads\/2025\/11\/victoria-vynn-gel-polish-fashion-follower-8-pack-color-chart-.webp?fit=750%2C1000&ssl=1&resize=700%2C400 2x"},"classes":[]},{"id":41577,"url":"https:\/\/victoriavynn.ca\/fr\/product\/victoria-vynn-gel-polish-no-433-jeanious\/","url_meta":{"origin":23830,"position":4},"title":"Victoria VYNN Gel Polish No. 433 Jeanious","author":"Serge Sahakian","date":"novembre 19, 2025","format":false,"excerpt":"Un denim marine qui ressemble \u00e0 votre paire de jeans pr\u00e9f\u00e9r\u00e9e : fiable, d\u00e9contract\u00e9 et toujours \u00e9l\u00e9gant. Cette nuance apporte un caract\u00e8re urbain et d\u00e9contract\u00e9 aux ongles de tous les jours. Elle est parfaite pour une couleur int\u00e9grale ou combin\u00e9e avec des nudes et des blancs pour des cr\u00e9ations de style urbain tr\u00e8s tendance. Collection : Fashion Follower Sp\u00e9cifications du produit :          ...","rel":"","context":"Similar post","block_context":{"text":"Similar post","link":""},"img":{"alt_text":"Victoria vynn gel polish fashion follower no. 433 Jeanious","src":"https:\/\/i0.wp.com\/victoriavynn.ca\/wp-content\/uploads\/2025\/11\/victoria-vynn-gel-polish-fashion-follower-no.-433-jeanious.webp?fit=750%2C1000&ssl=1&resize=350%2C200","width":350,"height":200,"srcset":"https:\/\/i0.wp.com\/victoriavynn.ca\/wp-content\/uploads\/2025\/11\/victoria-vynn-gel-polish-fashion-follower-no.-433-jeanious.webp?fit=750%2C1000&ssl=1&resize=350%2C200 1x, https:\/\/i0.wp.com\/victoriavynn.ca\/wp-content\/uploads\/2025\/11\/victoria-vynn-gel-polish-fashion-follower-no.-433-jeanious.webp?fit=750%2C1000&ssl=1&resize=525%2C300 1.5x, https:\/\/i0.wp.com\/victoriavynn.ca\/wp-content\/uploads\/2025\/11\/victoria-vynn-gel-polish-fashion-follower-no.-433-jeanious.webp?fit=750%2C1000&ssl=1&resize=700%2C400 2x"},"classes":[]},{"id":41581,"url":"https:\/\/victoriavynn.ca\/fr\/product\/victoria-vynn-gel-polish-no-435-berry-hot\/","url_meta":{"origin":23830,"position":5},"title":"Victoria VYNN Gel Polish No. 435 Berry Hot","author":"Serge Sahakian","date":"novembre 19, 2025","format":false,"excerpt":"Un rose-brun (brun-rose) sensuel qui incarne le \u201cluxe tranquille\u201d. \u00c9l\u00e9gant, doux et tr\u00e8s polyvalent, il est parfait pour les manucures nude raffin\u00e9es, les salons de coiffure accueillants pour les clientes et toutes les personnes qui aiment les couleurs sophistiqu\u00e9es et discr\u00e8tes, tout en conservant un aspect haut de gamme. Collection : Fashion Follower Sp\u00e9cifications du produit :                 Consistance : moyennement \u00e9pais, avec une finition \"auto-nivelante\"....","rel":"","context":"Similar post","block_context":{"text":"Similar post","link":""},"img":{"alt_text":"Victoria vynn gel polish fashion follower no. 435 Berry Hot","src":"https:\/\/i0.wp.com\/victoriavynn.ca\/wp-content\/uploads\/2025\/11\/victoria-vynn-gel-polish-fashion-follower-no.-435-berry-hot-.webp?fit=750%2C1000&ssl=1&resize=350%2C200","width":350,"height":200,"srcset":"https:\/\/i0.wp.com\/victoriavynn.ca\/wp-content\/uploads\/2025\/11\/victoria-vynn-gel-polish-fashion-follower-no.-435-berry-hot-.webp?fit=750%2C1000&ssl=1&resize=350%2C200 1x, https:\/\/i0.wp.com\/victoriavynn.ca\/wp-content\/uploads\/2025\/11\/victoria-vynn-gel-polish-fashion-follower-no.-435-berry-hot-.webp?fit=750%2C1000&ssl=1&resize=525%2C300 1.5x, https:\/\/i0.wp.com\/victoriavynn.ca\/wp-content\/uploads\/2025\/11\/victoria-vynn-gel-polish-fashion-follower-no.-435-berry-hot-.webp?fit=750%2C1000&ssl=1&resize=700%2C400 2x"},"classes":[]}],"jetpack_sharing_enabled":true,"_links":{"self":[{"href":"https:\/\/victoriavynn.ca\/fr\/wp-json\/wp\/v2\/product\/23830","targetHints":{"allow":["GET"]}}],"collection":[{"href":"https:\/\/victoriavynn.ca\/fr\/wp-json\/wp\/v2\/product"}],"about":[{"href":"https:\/\/victoriavynn.ca\/fr\/wp-json\/wp\/v2\/types\/product"}],"replies":[{"embeddable":true,"href":"https:\/\/victoriavynn.ca\/fr\/wp-json\/wp\/v2\/comments?post=23830"}],"wp:featuredmedia":[{"embeddable":true,"href":"https:\/\/victoriavynn.ca\/fr\/wp-json\/wp\/v2\/media\/23831"}],"wp:attachment":[{"href":"https:\/\/victoriavynn.ca\/fr\/wp-json\/wp\/v2\/media?parent=23830"}],"wp:term":[{"taxonomy":"product_brand","embeddable":true,"href":"https:\/\/victoriavynn.ca\/fr\/wp-json\/wp\/v2\/product_brand?post=23830"},{"taxonomy":"product_cat","embeddable":true,"href":"https:\/\/victoriavynn.ca\/fr\/wp-json\/wp\/v2\/product_cat?post=23830"},{"taxonomy":"product_tag","embeddable":true,"href":"https:\/\/victoriavynn.ca\/fr\/wp-json\/wp\/v2\/product_tag?post=23830"}],"curies":[{"name":"wp","href":"https:\/\/api.w.org\/{rel}","templated":true}]}}