{"id":23842,"date":"2025-08-28T14:34:38","date_gmt":"2025-08-28T18:34:38","guid":{"rendered":"https:\/\/victoriavynn.ca\/product\/msmo-refill-sanding-bands-240-grit\/"},"modified":"2026-02-13T18:32:25","modified_gmt":"2026-02-13T23:32:25","slug":"bandes-abrasives-msmo-rechargeables-grain-240","status":"publish","type":"product","link":"https:\/\/victoriavynn.ca\/fr\/product\/msmo-refill-sanding-bands-240-grit\/","title":{"rendered":"MSMO Recharge - Bandes de pon\u00e7age grain 240"},"content":{"rendered":"","protected":false},"excerpt":{"rendered":"","protected":false},"featured_media":23843,"comment_status":"open","ping_status":"closed","template":"","meta":{"jetpack_post_was_ever_published":false,"jetpack_publicize_message":"","jetpack_publicize_feature_enabled":true,"jetpack_social_post_already_shared":true,"jetpack_social_options":{"image_generator_settings":{"template":"highway","default_image_id":0,"font":"","enabled":false},"version":2}},"product_brand":[],"product_cat":[918],"product_tag":[],"class_list":{"0":"post-23842","1":"product","2":"type-product","3":"status-publish","4":"has-post-thumbnail","6":"product_cat-msmo-nail-files-buffers","8":"first","9":"outofstock","10":"taxable","11":"shipping-taxable","12":"purchasable","13":"product-type-simple"},"jetpack_publicize_connections":[],"jetpack-related-posts":[{"id":51487,"url":"https:\/\/victoriavynn.ca\/fr\/product\/staleks-crescent-mineral-nail-file-expert-40-150-240-grit-25-pcs\/","url_meta":{"origin":23842,"position":0},"title":"Staleks Crescent lime \u00e0 ongles min\u00e9rale EXPERT 40 150\/240 grit (25 pcs)","author":"Serge Sahakian","date":"mars 4, 2026","format":false,"excerpt":"NFE-40-150\/240-25","rel":"","context":"Similar post","block_context":{"text":"Similar post","link":""},"img":{"alt_text":"150-240 (25 pack) copy","src":"https:\/\/i0.wp.com\/victoriavynn.ca\/wp-content\/uploads\/2026\/03\/150-240-25-pack-copy.webp?fit=750%2C1000&ssl=1&resize=350%2C200","width":350,"height":200,"srcset":"https:\/\/i0.wp.com\/victoriavynn.ca\/wp-content\/uploads\/2026\/03\/150-240-25-pack-copy.webp?fit=750%2C1000&ssl=1&resize=350%2C200 1x, https:\/\/i0.wp.com\/victoriavynn.ca\/wp-content\/uploads\/2026\/03\/150-240-25-pack-copy.webp?fit=750%2C1000&ssl=1&resize=525%2C300 1.5x, https:\/\/i0.wp.com\/victoriavynn.ca\/wp-content\/uploads\/2026\/03\/150-240-25-pack-copy.webp?fit=750%2C1000&ssl=1&resize=700%2C400 2x"},"classes":[]},{"id":41803,"url":"https:\/\/victoriavynn.ca\/fr\/product\/staleks-pro-crescent-mineral-nail-file-expert-40-180-240-grit-25-pcs\/","url_meta":{"origin":23842,"position":1},"title":"Staleks PRO Crescent Mineral Nail File EXPERT 40 180\/240 grit (25 pcs)","author":"Serge Sahakian","date":"novembre 22, 2025","format":false,"excerpt":"","rel":"","context":"Similar post","block_context":{"text":"Similar post","link":""},"img":{"alt_text":"","src":"https:\/\/i0.wp.com\/victoriavynn.ca\/wp-content\/uploads\/2025\/11\/170209fb3f397da0f5397a707e858cfd.jpg?fit=1200%2C1200&ssl=1&resize=350%2C200","width":350,"height":200,"srcset":"https:\/\/i0.wp.com\/victoriavynn.ca\/wp-content\/uploads\/2025\/11\/170209fb3f397da0f5397a707e858cfd.jpg?fit=1200%2C1200&ssl=1&resize=350%2C200 1x, https:\/\/i0.wp.com\/victoriavynn.ca\/wp-content\/uploads\/2025\/11\/170209fb3f397da0f5397a707e858cfd.jpg?fit=1200%2C1200&ssl=1&resize=525%2C300 1.5x, https:\/\/i0.wp.com\/victoriavynn.ca\/wp-content\/uploads\/2025\/11\/170209fb3f397da0f5397a707e858cfd.jpg?fit=1200%2C1200&ssl=1&resize=700%2C400 2x, https:\/\/i0.wp.com\/victoriavynn.ca\/wp-content\/uploads\/2025\/11\/170209fb3f397da0f5397a707e858cfd.jpg?fit=1200%2C1200&ssl=1&resize=1050%2C600 3x"},"classes":[]},{"id":43000,"url":"https:\/\/victoriavynn.ca\/fr\/product\/ulka-carbide-corn-bit-green-5mm-c513-c\/","url_meta":{"origin":23842,"position":2},"title":"\u00dcLKA M\u00e8che \u00e0 clous en carbure de ma\u00efs t\u00eate verte diam\u00e8tre 5.0 mm \/ partie travaillante 13 mm (C513-C)","author":"Serge Sahakian","date":"D\u00e9cembre 10, 2025","format":false,"excerpt":"L'embout \u00dcLKA en carbure \u201cCorn\u201d avec marquage vert est con\u00e7u pour les travaux lourds. Il permet de travailler facilement avec du gel-polish dense, de l'acrylique et des mat\u00e9riaux de modelage. Parfait lorsque la vitesse et la puissance sont la priorit\u00e9. Sp\u00e9cifications du produit : Forme : Ma\u00efs Grain : Grossi\u00e8re Diam\u00e8tre de la t\u00eate : 5,0 mm Longueur de la t\u00eate : 13 mm Mat\u00e9riau : Carbure de tungst\u00e8ne de haute qualit\u00e9 (HRA) : Carbure de tungst\u00e8ne de haute qualit\u00e9 (HRA...","rel":"","context":"Similar post","block_context":{"text":"Similar post","link":""},"img":{"alt_text":"U\u0308LKA Carbide nail drill bit corn green head diameter 5.0 mm : working part 13 mm (C513-C)","src":"https:\/\/i0.wp.com\/victoriavynn.ca\/wp-content\/uploads\/2025\/12\/ulka-carbide-nail-drill-bit-corn-green-head-diameter-5.0-mm-working-part-13-mm-c513-c-.webp?fit=750%2C1000&ssl=1&resize=350%2C200","width":350,"height":200,"srcset":"https:\/\/i0.wp.com\/victoriavynn.ca\/wp-content\/uploads\/2025\/12\/ulka-carbide-nail-drill-bit-corn-green-head-diameter-5.0-mm-working-part-13-mm-c513-c-.webp?fit=750%2C1000&ssl=1&resize=350%2C200 1x, https:\/\/i0.wp.com\/victoriavynn.ca\/wp-content\/uploads\/2025\/12\/ulka-carbide-nail-drill-bit-corn-green-head-diameter-5.0-mm-working-part-13-mm-c513-c-.webp?fit=750%2C1000&ssl=1&resize=525%2C300 1.5x, https:\/\/i0.wp.com\/victoriavynn.ca\/wp-content\/uploads\/2025\/12\/ulka-carbide-nail-drill-bit-corn-green-head-diameter-5.0-mm-working-part-13-mm-c513-c-.webp?fit=750%2C1000&ssl=1&resize=700%2C400 2x"},"classes":[]},{"id":43002,"url":"https:\/\/victoriavynn.ca\/fr\/product\/ulka-carbide-cone-bit-blue-6mm-c615-m\/","url_meta":{"origin":23842,"position":3},"title":"\u00dcLKA M\u00e8che \u00e0 clou carbure c\u00f4ne bleu diam\u00e8tre t\u00eate 6.0 mm \/ partie travaillante 15 mm (C615-M)","author":"Serge Sahakian","date":"D\u00e9cembre 10, 2025","format":false,"excerpt":"L'embout \u00dcLKA en carbure \u201cCone\u201d avec marquage bleu est con\u00e7u pour nettoyer les parois lat\u00e9rales, enlever les rev\u00eatements et travailler sur diff\u00e9rentes zones de l'ongle. Sa forme conique offre pr\u00e9cision et acc\u00e8s, tandis que le grain moyen assure l'efficacit\u00e9 et le confort du client. Sp\u00e9cifications du produit : Forme : C\u00f4ne Grain : Grosseur de la t\u00eate : 6.0 mm Diam\u00e8tre de la...","rel":"","context":"Similar post","block_context":{"text":"Similar post","link":""},"img":{"alt_text":"U\u0308LKA Carbide nail drill bit cone blue head diameter 6.0 mm : working part 15 mm (C615-M)","src":"https:\/\/i0.wp.com\/victoriavynn.ca\/wp-content\/uploads\/2025\/12\/ulka-carbide-nail-drill-bit-cone-blue-head-diameter-6.0-mm-working-part-15-mm-c615-m-.webp?fit=750%2C1000&ssl=1&resize=350%2C200","width":350,"height":200,"srcset":"https:\/\/i0.wp.com\/victoriavynn.ca\/wp-content\/uploads\/2025\/12\/ulka-carbide-nail-drill-bit-cone-blue-head-diameter-6.0-mm-working-part-15-mm-c615-m-.webp?fit=750%2C1000&ssl=1&resize=350%2C200 1x, https:\/\/i0.wp.com\/victoriavynn.ca\/wp-content\/uploads\/2025\/12\/ulka-carbide-nail-drill-bit-cone-blue-head-diameter-6.0-mm-working-part-15-mm-c615-m-.webp?fit=750%2C1000&ssl=1&resize=525%2C300 1.5x, https:\/\/i0.wp.com\/victoriavynn.ca\/wp-content\/uploads\/2025\/12\/ulka-carbide-nail-drill-bit-cone-blue-head-diameter-6.0-mm-working-part-15-mm-c615-m-.webp?fit=750%2C1000&ssl=1&resize=700%2C400 2x"},"classes":[]},{"id":43004,"url":"https:\/\/victoriavynn.ca\/fr\/product\/ulka-carbide-cone-bit-green-6mm-c615-c\/","url_meta":{"origin":23842,"position":4},"title":"\u00dcLKA M\u00e8che \u00e0 clouer en carbure, c\u00f4ne vert t\u00eate diam\u00e8tre 6.0 mm \/ partie travaillante 15 mm (C615-C)","author":"Serge Sahakian","date":"D\u00e9cembre 10, 2025","format":false,"excerpt":"L'embout \u201cCone\u201d en carbure \u00dcLKA avec marquage vert est destin\u00e9 aux travaux intensifs en salon. Il permet de retirer rapidement les mat\u00e9riaux durables tels que les gels et les acryliques, tout en maintenant la stabilit\u00e9 et le contr\u00f4le tout au long du processus. Sp\u00e9cifications du produit : Forme : C\u00f4ne Grain : Grossi\u00e8re Diam\u00e8tre de la t\u00eate : 6,0 mm Longueur de la t\u00eate : 15 mm Mat\u00e9riau : Carbure de tungst\u00e8ne de haute qualit\u00e9 : Carbure de tungst\u00e8ne de haute qualit\u00e9...","rel":"","context":"Similar post","block_context":{"text":"Similar post","link":""},"img":{"alt_text":"U\u0308LKA Carbide nail drill bit cone green head diameter 6.0 mm : working part 15 mm (C615-C)","src":"https:\/\/i0.wp.com\/victoriavynn.ca\/wp-content\/uploads\/2025\/12\/ulka-carbide-nail-drill-bit-cone-green-head-diameter-6.0-mm-working-part-15-mm-c615-c-.webp?fit=750%2C1000&ssl=1&resize=350%2C200","width":350,"height":200,"srcset":"https:\/\/i0.wp.com\/victoriavynn.ca\/wp-content\/uploads\/2025\/12\/ulka-carbide-nail-drill-bit-cone-green-head-diameter-6.0-mm-working-part-15-mm-c615-c-.webp?fit=750%2C1000&ssl=1&resize=350%2C200 1x, https:\/\/i0.wp.com\/victoriavynn.ca\/wp-content\/uploads\/2025\/12\/ulka-carbide-nail-drill-bit-cone-green-head-diameter-6.0-mm-working-part-15-mm-c615-c-.webp?fit=750%2C1000&ssl=1&resize=525%2C300 1.5x, https:\/\/i0.wp.com\/victoriavynn.ca\/wp-content\/uploads\/2025\/12\/ulka-carbide-nail-drill-bit-cone-green-head-diameter-6.0-mm-working-part-15-mm-c615-c-.webp?fit=750%2C1000&ssl=1&resize=700%2C400 2x"},"classes":[]},{"id":28852,"url":"https:\/\/victoriavynn.ca\/fr\/product\/msmo-pinceau-flat-brush-application-gel-base-msmo\/","url_meta":{"origin":23842,"position":5},"title":"MSMO Pinceau plat - Gel d'application et base | MSMO","author":"Serge Sahakian","date":"octobre 9, 2025","format":false,"excerpt":"","rel":"","context":"Similar post","block_context":{"text":"Similar post","link":""},"img":{"alt_text":"","src":"https:\/\/i0.wp.com\/victoriavynn.ca\/wp-content\/uploads\/2025\/10\/msmo-flat.png?fit=1080%2C1080&ssl=1&resize=350%2C200","width":350,"height":200,"srcset":"https:\/\/i0.wp.com\/victoriavynn.ca\/wp-content\/uploads\/2025\/10\/msmo-flat.png?fit=1080%2C1080&ssl=1&resize=350%2C200 1x, https:\/\/i0.wp.com\/victoriavynn.ca\/wp-content\/uploads\/2025\/10\/msmo-flat.png?fit=1080%2C1080&ssl=1&resize=525%2C300 1.5x, https:\/\/i0.wp.com\/victoriavynn.ca\/wp-content\/uploads\/2025\/10\/msmo-flat.png?fit=1080%2C1080&ssl=1&resize=700%2C400 2x, https:\/\/i0.wp.com\/victoriavynn.ca\/wp-content\/uploads\/2025\/10\/msmo-flat.png?fit=1080%2C1080&ssl=1&resize=1050%2C600 3x"},"classes":[]}],"jetpack_sharing_enabled":true,"_links":{"self":[{"href":"https:\/\/victoriavynn.ca\/fr\/wp-json\/wp\/v2\/product\/23842","targetHints":{"allow":["GET"]}}],"collection":[{"href":"https:\/\/victoriavynn.ca\/fr\/wp-json\/wp\/v2\/product"}],"about":[{"href":"https:\/\/victoriavynn.ca\/fr\/wp-json\/wp\/v2\/types\/product"}],"replies":[{"embeddable":true,"href":"https:\/\/victoriavynn.ca\/fr\/wp-json\/wp\/v2\/comments?post=23842"}],"wp:featuredmedia":[{"embeddable":true,"href":"https:\/\/victoriavynn.ca\/fr\/wp-json\/wp\/v2\/media\/23843"}],"wp:attachment":[{"href":"https:\/\/victoriavynn.ca\/fr\/wp-json\/wp\/v2\/media?parent=23842"}],"wp:term":[{"taxonomy":"product_brand","embeddable":true,"href":"https:\/\/victoriavynn.ca\/fr\/wp-json\/wp\/v2\/product_brand?post=23842"},{"taxonomy":"product_cat","embeddable":true,"href":"https:\/\/victoriavynn.ca\/fr\/wp-json\/wp\/v2\/product_cat?post=23842"},{"taxonomy":"product_tag","embeddable":true,"href":"https:\/\/victoriavynn.ca\/fr\/wp-json\/wp\/v2\/product_tag?post=23842"}],"curies":[{"name":"wp","href":"https:\/\/api.w.org\/{rel}","templated":true}]}}