{"id":24363,"date":"2025-09-16T19:58:55","date_gmt":"2025-09-16T23:58:55","guid":{"rendered":"https:\/\/victoriavynn.ca\/product\/victoria-vynn-gel-polish-no-429-cat-eye-cherry-lady\/"},"modified":"2026-04-04T17:35:06","modified_gmt":"2026-04-04T21:35:06","slug":"victoria-vynn-gel-polish-no-429-cat-eye-cherry-lady","status":"publish","type":"product","link":"https:\/\/victoriavynn.ca\/fr\/product\/victoria-vynn-gel-polish-no-429-cat-eye-cherry-lady\/","title":{"rendered":"Victoria VYNN Gel Polish No. 429 Cat Eye Cherry Lady"},"content":{"rendered":"<p>Le syst\u00e8me Gel Polish comprend des vernis hybrides classiques et durables durcis dans des lampes UV et LED. Le syst\u00e8me contient des bases et des tops aux propri\u00e9t\u00e9s, \u00e0 la durabilit\u00e9 et \u00e0 la finition diff\u00e9rentes. Nous r\u00e9pondons aux besoins de nos clients en offrant une riche vari\u00e9t\u00e9 de couleurs avec des vernis hybrides de diff\u00e9rentes couvertures et effets, dans plus de 200 couleurs. L'avant-gardiste Modern Violet est une nuance forte de violet. Victoria VYNN Gel Polish Color est une ligne de vernis hybrides photopolym\u00e9risables, utilis\u00e9s dans deux types de coiffage : Syst\u00e8me hybride en 3 \u00e9tapes et Syst\u00e8me Soak Off en 4 \u00e9tapes. Gel Polish Color impressionne par la qualit\u00e9 du coiffage et les applications possibles - une palette de couleurs, deux types de coiffage.<\/p><p>Sp\u00e9cifications du produit :<\/p><ul class=\"wp-block-list\"><li>Une large gamme de couleurs : \u00e9maux, paillettes, pastels, n\u00e9ons, semi-trans.<\/li>\n\n<li>\u00c0 utiliser pour les manucures hybrides et Soak Off.<\/li>\n\n<li>Formule laque-gel.<\/li>\n\n<li>Deux couches fines assurent une couverture et une profondeur de couleur parfaites.<\/li>\n\n<li>Il s'\u00e9tale uniform\u00e9ment, sans traces.<\/li><\/ul>","protected":false},"excerpt":{"rendered":"<p>Le vernis en gel n\u00b0 426 Cherry Lady est un rouge cerise audacieux et magn\u00e9tique avec un \u00e9clat m\u00e9tallique en forme d'\u0153il de chat qui transforme chaque manucure en un v\u00e9ritable coup d'\u00e9clat.<\/p>\n<p>Collection :\u00a0<a href=\"https:\/\/victoriavynn.ca\/fr\/collection-de-vernis-gel-cherry-on-top\/\">La cerise sur le g\u00e2teau<\/a><\/p>\n<p>La collection Cherry on Top est une friandise pour vos ongles - une gamme de vernis gel sans TPO inspir\u00e9e par les desserts d\u00e9cadents. Avec des teintes telles que Nugat, Mocha \u00c9clair, Sparkle Brownie et l'audacieuse Cherry Lady, elle m\u00e9lange des neutres cr\u00e9meux, des bruns riches et des baies en une palette app\u00e9tissante. La touche finale ? Un top coat chatoyant \"On Top\" sans essuyage qui ajoute un \u00e9clat rose ludique - pour que chaque manucure soit la cerise sur le g\u00e2teau de votre style.<\/p>\n<p>Sp\u00e9cifications du produit :<\/p>\n<p><img loading=\"lazy\" decoding=\"async\" class=\"size-full wp-image-20057 alignleft\" src=\"http:\/\/victoriavynn.ca\/wp-content\/uploads\/2024\/12\/cat-eye-effect-logo-final-new.webp\" alt=\"EFFET CAT EYE LOGO FINAL NOUVEAU\" width=\"125\" height=\"150\" srcset=\"https:\/\/i0.wp.com\/victoriavynn.ca\/wp-content\/uploads\/2024\/12\/cat-eye-effect-logo-final-new.webp?w=125&amp;ssl=1 125w, https:\/\/i0.wp.com\/victoriavynn.ca\/wp-content\/uploads\/2024\/12\/cat-eye-effect-logo-final-new.webp?resize=10%2C12&amp;ssl=1 10w, https:\/\/i0.wp.com\/victoriavynn.ca\/wp-content\/uploads\/2024\/12\/cat-eye-effect-logo-final-new.webp?resize=64%2C77&amp;ssl=1 64w\" sizes=\"auto, (max-width: 125px) 100vw, 125px\" \/><img loading=\"lazy\" decoding=\"async\" class=\"size-full wp-image-22180 alignleft\" src=\"http:\/\/victoriavynn.ca\/wp-content\/uploads\/2025\/06\/professional-flat-classic-brush.webp\" alt=\"BROSSE CLASSIQUE PLATE PROFESSIONNELLE\" width=\"125\" height=\"150\" srcset=\"https:\/\/i0.wp.com\/victoriavynn.ca\/wp-content\/uploads\/2025\/06\/professional-flat-classic-brush.webp?w=125&amp;ssl=1 125w, https:\/\/i0.wp.com\/victoriavynn.ca\/wp-content\/uploads\/2025\/06\/professional-flat-classic-brush.webp?resize=10%2C12&amp;ssl=1 10w, https:\/\/i0.wp.com\/victoriavynn.ca\/wp-content\/uploads\/2025\/06\/professional-flat-classic-brush.webp?resize=64%2C77&amp;ssl=1 64w\" sizes=\"auto, (max-width: 125px) 100vw, 125px\" \/><img loading=\"lazy\" decoding=\"async\" class=\"size-full wp-image-8758 alignleft\" src=\"http:\/\/victoriavynn.ca\/wp-content\/uploads\/2020\/03\/FOR-UV-LED-LAMPS.webp\" alt=\"couche de base en caoutchouc\" width=\"125\" height=\"150\" \/><img loading=\"lazy\" decoding=\"async\" class=\"size-full wp-image-8772 alignleft\" src=\"http:\/\/victoriavynn.ca\/wp-content\/uploads\/2019\/11\/SALON-QUALITY.webp\" alt=\"GEL NAIL BUILDER\" width=\"125\" height=\"150\" \/><\/p>\n<p>&nbsp;<\/p>\n<p>&nbsp;<\/p>\n<p>&nbsp;<\/p>\n<p>&nbsp;<\/p>\n<p>&nbsp;<\/p>\n<ul>\n<li>Consistance : moyennement \u00e9pais, avec une finition \"autonivelante\".<\/li>\n<li>Couverture et durcissement : Con\u00e7u pour la durabilit\u00e9, adh\u00e8re bien, durcit sous lampes UV\/LED.<\/li>\n<li>Enl\u00e8vement : il se dissout dans l'ac\u00e9tone et peut \u00e9galement \u00eatre enlev\u00e9 \u00e0 l'aide d'une lime ou d'une perceuse.<\/li>\n<\/ul>","protected":false},"featured_media":24444,"comment_status":"open","ping_status":"closed","template":"","meta":{"jetpack_post_was_ever_published":false,"jetpack_publicize_message":"","jetpack_publicize_feature_enabled":true,"jetpack_social_post_already_shared":true,"jetpack_social_options":{"image_generator_settings":{"template":"highway","default_image_id":0,"font":"","enabled":false},"version":2}},"product_brand":[],"product_cat":[51],"product_tag":[957,908],"class_list":{"0":"post-24363","1":"product","2":"type-product","3":"status-publish","4":"has-post-thumbnail","6":"product_cat-professional-nail-colours-gel","7":"product_tag-autumn-winter-gp-colors","8":"product_tag-cherry-on-top-gel-polish-collection","9":"pa_size-8ml","11":"first","12":"instock","13":"taxable","14":"shipping-taxable","15":"purchasable","16":"product-type-simple"},"jetpack_publicize_connections":[],"jetpack-related-posts":[{"id":24383,"url":"https:\/\/victoriavynn.ca\/fr\/product\/victoria-vynn-color-chart-cherry-on-top-gel-polish-423-429-on-top-coat\/","url_meta":{"origin":24363,"position":0},"title":"Victoria VYNN Color Chart Cherry on Top Gel Polish 423-429 + On Top Coat","author":"Serge Sahakian","date":"septembre 16, 2025","format":false,"excerpt":"Cherry on Top - un m\u00e9lange d\u00e9cadent de teintes inspir\u00e9es des desserts, des nougats cr\u00e9meux aux brownies p\u00e9tillants.","rel":"","context":"Similar post","block_context":{"text":"Similar post","link":""},"img":{"alt_text":"victoria vynn cherry on top color chart","src":"https:\/\/i0.wp.com\/victoriavynn.ca\/wp-content\/uploads\/2025\/09\/victoria-vynn-cherry-on-top-color-chart-.webp?fit=750%2C1000&ssl=1&resize=350%2C200","width":350,"height":200,"srcset":"https:\/\/i0.wp.com\/victoriavynn.ca\/wp-content\/uploads\/2025\/09\/victoria-vynn-cherry-on-top-color-chart-.webp?fit=750%2C1000&ssl=1&resize=350%2C200 1x, https:\/\/i0.wp.com\/victoriavynn.ca\/wp-content\/uploads\/2025\/09\/victoria-vynn-cherry-on-top-color-chart-.webp?fit=750%2C1000&ssl=1&resize=525%2C300 1.5x, https:\/\/i0.wp.com\/victoriavynn.ca\/wp-content\/uploads\/2025\/09\/victoria-vynn-cherry-on-top-color-chart-.webp?fit=750%2C1000&ssl=1&resize=700%2C400 2x"},"classes":[]},{"id":22121,"url":"https:\/\/victoriavynn.ca\/fr\/product\/victoria-vynn-gel-polish-no-421-lady-green\/","url_meta":{"origin":24363,"position":1},"title":"Victoria VYNN Gel Polish No. 421 Lady Green","author":"Serge Sahakian","date":"juin 17, 2025","format":false,"excerpt":"Les n\u00e9ons occupent le devant de la sc\u00e8ne ! Et ils r\u00e9v\u00e8lent les couleurs qui domineront cet \u00e9t\u00e9. La collection GPT Gel Polish Trends est une explosion de couleurs vibrantes qui illuminera votre manucure de vacances ! Collection : GPT - Gel Polish Trends Sp\u00e9cifications du produit : \u00a0 \u00a0 \u00a0 \u00a0 \u00a0 \u00a0","rel":"","context":"Similar post","block_context":{"text":"Similar post","link":""},"img":{"alt_text":"victoria vynn salon gel polish no. 421 Lady Green","src":"https:\/\/i0.wp.com\/victoriavynn.ca\/wp-content\/uploads\/2025\/06\/victoria-vynn-salon-gel-polish-no.-421-lady-green-.webp?fit=750%2C1000&ssl=1&resize=350%2C200","width":350,"height":200,"srcset":"https:\/\/i0.wp.com\/victoriavynn.ca\/wp-content\/uploads\/2025\/06\/victoria-vynn-salon-gel-polish-no.-421-lady-green-.webp?fit=750%2C1000&ssl=1&resize=350%2C200 1x, https:\/\/i0.wp.com\/victoriavynn.ca\/wp-content\/uploads\/2025\/06\/victoria-vynn-salon-gel-polish-no.-421-lady-green-.webp?fit=750%2C1000&ssl=1&resize=525%2C300 1.5x, https:\/\/i0.wp.com\/victoriavynn.ca\/wp-content\/uploads\/2025\/06\/victoria-vynn-salon-gel-polish-no.-421-lady-green-.webp?fit=750%2C1000&ssl=1&resize=700%2C400 2x"},"classes":[]},{"id":24373,"url":"https:\/\/victoriavynn.ca\/fr\/product\/victoria-vynn-gel-polish-no-424-nugat\/","url_meta":{"origin":24363,"position":2},"title":"Victoria VYNN Gel Polish No. 424 Nugat","author":"Serge Sahakian","date":"septembre 16, 2025","format":false,"excerpt":"Gel Polish No. 423 PavLover est un vernis hybride velout\u00e9-cr\u00e8me dans une douce teinte blanche avec une d\u00e9licate touche de rose - pensez \u00e0 une meringue a\u00e9rienne rencontrant l'\u00e9l\u00e9gance pastel. Collection : Cherry on Top La collection Cherry on Top est une friandise pour vos ongles - une gamme de vernis gel sans TPO inspir\u00e9e par des...","rel":"","context":"Similar post","block_context":{"text":"Similar post","link":""},"img":{"alt_text":"Victoria vynn gel polish fashion follower no. 430 creme de chic","src":"https:\/\/i0.wp.com\/victoriavynn.ca\/wp-content\/uploads\/2025\/09\/victoria-vynn-gel-polish-fashion-follower-no.-430-creme-de-chic.webp?fit=750%2C1000&ssl=1&resize=350%2C200","width":350,"height":200,"srcset":"https:\/\/i0.wp.com\/victoriavynn.ca\/wp-content\/uploads\/2025\/09\/victoria-vynn-gel-polish-fashion-follower-no.-430-creme-de-chic.webp?fit=750%2C1000&ssl=1&resize=350%2C200 1x, https:\/\/i0.wp.com\/victoriavynn.ca\/wp-content\/uploads\/2025\/09\/victoria-vynn-gel-polish-fashion-follower-no.-430-creme-de-chic.webp?fit=750%2C1000&ssl=1&resize=525%2C300 1.5x, https:\/\/i0.wp.com\/victoriavynn.ca\/wp-content\/uploads\/2025\/09\/victoria-vynn-gel-polish-fashion-follower-no.-430-creme-de-chic.webp?fit=750%2C1000&ssl=1&resize=700%2C400 2x"},"classes":[]},{"id":24367,"url":"https:\/\/victoriavynn.ca\/fr\/product\/victoria-vynn-gel-polish-no-427-cat-eye-sparkle-brownie\/","url_meta":{"origin":24363,"position":3},"title":"Victoria VYNN Gel Polish No. 427 Cat Eye Sparkle Brownie","author":"Serge Sahakian","date":"septembre 16, 2025","format":false,"excerpt":"Le vernis en gel n\u00b0 426 \u201cMocha \u00c9clair\u201d est un riche brun caf\u00e9 avec un effet chat-eye scintillant, donnant aux ongles un aspect brillant et glac\u00e9 au chocolat. Avec sa formule auto-nivelante, son s\u00e9chage UV\/LED et son retrait facile par trempage, c'est le m\u00e9lange parfait d'\u00e9l\u00e9gance et de drame dans la collection Cherry on Top. Collection : Cherry on Top Collection Cherry on Top...","rel":"","context":"Similar post","block_context":{"text":"Similar post","link":""},"img":{"alt_text":"victoria vynn salon gel polish cherry on top collection sparkle brownie 427","src":"https:\/\/i0.wp.com\/victoriavynn.ca\/wp-content\/uploads\/2025\/09\/victoria-vynn-salon-gel-polish-cherry-on-top-collection-sparkle-brownie-427.webp?fit=750%2C1000&ssl=1&resize=350%2C200","width":350,"height":200,"srcset":"https:\/\/i0.wp.com\/victoriavynn.ca\/wp-content\/uploads\/2025\/09\/victoria-vynn-salon-gel-polish-cherry-on-top-collection-sparkle-brownie-427.webp?fit=750%2C1000&ssl=1&resize=350%2C200 1x, https:\/\/i0.wp.com\/victoriavynn.ca\/wp-content\/uploads\/2025\/09\/victoria-vynn-salon-gel-polish-cherry-on-top-collection-sparkle-brownie-427.webp?fit=750%2C1000&ssl=1&resize=525%2C300 1.5x, https:\/\/i0.wp.com\/victoriavynn.ca\/wp-content\/uploads\/2025\/09\/victoria-vynn-salon-gel-polish-cherry-on-top-collection-sparkle-brownie-427.webp?fit=750%2C1000&ssl=1&resize=700%2C400 2x"},"classes":[]},{"id":24369,"url":"https:\/\/victoriavynn.ca\/fr\/product\/victoria-vynn-gel-polish-no-426-mocha-eclair\/","url_meta":{"origin":24363,"position":4},"title":"Victoria VYNN Gel Polish No. 426 Mocha \u00c9clair","author":"Serge Sahakian","date":"septembre 16, 2025","format":false,"excerpt":"Le vernis en gel n\u00b0 426 \"Mocha \u00c9clair\" est un riche brun caf\u00e9 avec un effet chat-eye scintillant, donnant aux ongles un aspect brillant, glac\u00e9 au chocolat. Avec sa formule auto-nivelante, son s\u00e9chage UV\/LED et son retrait facile par trempage, c'est le m\u00e9lange parfait d'\u00e9l\u00e9gance et de drame dans la collection Cherry on Top. Collection : Cherry on Top Cherry on...","rel":"","context":"Similar post","block_context":{"text":"Similar post","link":""},"img":{"alt_text":"victoria vynn salon gel polish cherry on top collection mocha eclaire 426","src":"https:\/\/i0.wp.com\/victoriavynn.ca\/wp-content\/uploads\/2025\/09\/victoria-vynn-salon-gel-polish-cherry-on-top-collection-mocha-eclaire-426.webp?fit=750%2C1000&ssl=1&resize=350%2C200","width":350,"height":200,"srcset":"https:\/\/i0.wp.com\/victoriavynn.ca\/wp-content\/uploads\/2025\/09\/victoria-vynn-salon-gel-polish-cherry-on-top-collection-mocha-eclaire-426.webp?fit=750%2C1000&ssl=1&resize=350%2C200 1x, https:\/\/i0.wp.com\/victoriavynn.ca\/wp-content\/uploads\/2025\/09\/victoria-vynn-salon-gel-polish-cherry-on-top-collection-mocha-eclaire-426.webp?fit=750%2C1000&ssl=1&resize=525%2C300 1.5x, https:\/\/i0.wp.com\/victoriavynn.ca\/wp-content\/uploads\/2025\/09\/victoria-vynn-salon-gel-polish-cherry-on-top-collection-mocha-eclaire-426.webp?fit=750%2C1000&ssl=1&resize=700%2C400 2x"},"classes":[]},{"id":24365,"url":"https:\/\/victoriavynn.ca\/fr\/product\/victoria-vynn-gel-polish-no-428-lava-cake\/","url_meta":{"origin":24363,"position":5},"title":"Victoria VYNN Gel Polish No. 428 Lava Cake","author":"Serge Sahakian","date":"septembre 16, 2025","format":false,"excerpt":"Gel Polish No. 428 Lava Cake est une riche nuance de chocolat fondu qui fait fondre l'\u00e9l\u00e9gance et l'indulgence dans chaque manucure. Collection : Cherry on Top La collection Cherry on Top est une g\u00e2terie sucr\u00e9e pour vos ongles - une gamme de vernis gel sans TPO inspir\u00e9e par des desserts d\u00e9cadents. Avec des teintes comme Nugat, Mocha \u00c9clair,...","rel":"","context":"Similar post","block_context":{"text":"Similar post","link":""},"img":{"alt_text":"victoria vynn salon gel polish cherry on top collection sparkle brownie 428 Lava Cake","src":"https:\/\/i0.wp.com\/victoriavynn.ca\/wp-content\/uploads\/2025\/09\/victoria-vynn-salon-gel-polish-cherry-on-top-collection-sparkle-brownie-428-lava-cake.webp?fit=750%2C1000&ssl=1&resize=350%2C200","width":350,"height":200,"srcset":"https:\/\/i0.wp.com\/victoriavynn.ca\/wp-content\/uploads\/2025\/09\/victoria-vynn-salon-gel-polish-cherry-on-top-collection-sparkle-brownie-428-lava-cake.webp?fit=750%2C1000&ssl=1&resize=350%2C200 1x, https:\/\/i0.wp.com\/victoriavynn.ca\/wp-content\/uploads\/2025\/09\/victoria-vynn-salon-gel-polish-cherry-on-top-collection-sparkle-brownie-428-lava-cake.webp?fit=750%2C1000&ssl=1&resize=525%2C300 1.5x, https:\/\/i0.wp.com\/victoriavynn.ca\/wp-content\/uploads\/2025\/09\/victoria-vynn-salon-gel-polish-cherry-on-top-collection-sparkle-brownie-428-lava-cake.webp?fit=750%2C1000&ssl=1&resize=700%2C400 2x"},"classes":[]}],"jetpack_sharing_enabled":true,"_links":{"self":[{"href":"https:\/\/victoriavynn.ca\/fr\/wp-json\/wp\/v2\/product\/24363","targetHints":{"allow":["GET"]}}],"collection":[{"href":"https:\/\/victoriavynn.ca\/fr\/wp-json\/wp\/v2\/product"}],"about":[{"href":"https:\/\/victoriavynn.ca\/fr\/wp-json\/wp\/v2\/types\/product"}],"replies":[{"embeddable":true,"href":"https:\/\/victoriavynn.ca\/fr\/wp-json\/wp\/v2\/comments?post=24363"}],"wp:featuredmedia":[{"embeddable":true,"href":"https:\/\/victoriavynn.ca\/fr\/wp-json\/wp\/v2\/media\/24444"}],"wp:attachment":[{"href":"https:\/\/victoriavynn.ca\/fr\/wp-json\/wp\/v2\/media?parent=24363"}],"wp:term":[{"taxonomy":"product_brand","embeddable":true,"href":"https:\/\/victoriavynn.ca\/fr\/wp-json\/wp\/v2\/product_brand?post=24363"},{"taxonomy":"product_cat","embeddable":true,"href":"https:\/\/victoriavynn.ca\/fr\/wp-json\/wp\/v2\/product_cat?post=24363"},{"taxonomy":"product_tag","embeddable":true,"href":"https:\/\/victoriavynn.ca\/fr\/wp-json\/wp\/v2\/product_tag?post=24363"}],"curies":[{"name":"wp","href":"https:\/\/api.w.org\/{rel}","templated":true}]}}