{"id":24385,"date":"2025-09-16T20:33:55","date_gmt":"2025-09-17T00:33:55","guid":{"rendered":"https:\/\/victoriavynn.ca\/product\/victoria-vynn-boomy-ombre-baby-boomer-set\/"},"modified":"2026-04-23T13:12:44","modified_gmt":"2026-04-23T17:12:44","slug":"victoria-vynn-boomy-ombre-baby-boomer-set","status":"publish","type":"product","link":"https:\/\/victoriavynn.ca\/fr\/product\/victoria-vynn-boomy-ombre-baby-boomer-set\/","title":{"rendered":"Victoria VYNN Ensemble Baby Boomer Boomy Ombre"},"content":{"rendered":"<p>Le BOOMY OMBRE SET est con\u00e7u pour vous aider \u00e0 r\u00e9aliser un nail art baby boomer impeccable et doux. Ce set vous permet de cr\u00e9er une ombre blanche comme neige, \u00e0 la fois sophistiqu\u00e9e et subtile. Il est parfait pour les proth\u00e9sistes ongulaires de tous niveaux, des professionnels aux d\u00e9butants ! Le set comprend un gel blanc neige \u00e0 la texture p\u00e2teuse, 96 \u00e9ponges et une pince pratique.<\/p>\n\n\n\n<p>Voici notre ensemble Boomy Ombre Baby Boomer ! \ud83d\udc85\u2728<\/p>\n\n\n\n<p>\u2728 Caract\u00e9ristiques :<\/p>\n\n\n\n<ul class=\"wp-block-list\">\n<li>Gel blanc neige \u00e0 haute pigmentation<\/li>\n\n\n\n<li>96 \u00e9ponges \u00e9lastiques pr\u00eates \u00e0 l'emploi<\/li>\n\n\n\n<li>Pince ergonomique pour une application pr\u00e9cise<\/li>\n<\/ul>\n\n\n\n<p>\ud83c\udf1f Avantages :<\/p>\n\n\n\n<ul class=\"wp-block-list\">\n<li>Parfait pour les d\u00e9butants qui souhaitent cr\u00e9er de superbes effets d'ombre<\/li>\n\n\n\n<li>Ombrage facile avec seulement deux couches<\/li>\n\n\n\n<li>Pot multifonctionnel pour une utilisation polyvalente<\/li>\n\n\n\n<li>Id\u00e9al pour les ombres, les coups de pinceau, les tampons et les lignes fines<\/li>\n<\/ul>\n\n\n\n<p>\ud83d\udd52 Durcissement : UV\/LED 36W (30s\/60s)<\/p>\n\n\n\n<p>Comment l'utiliser ?<\/p>\n\n\n\n<ol class=\"wp-block-list\">\n<li>Pr\u00e9parer les ongles.<\/li>\n\n\n\n<li>Utiliser la pince pour fixer l'\u00e9ponge.<\/li>\n\n\n\n<li>Tamponnez une petite quantit\u00e9 de gel pour obtenir une ombre douce.<\/li>\n\n\n\n<li>Durcir dans une lampe UV\/LED pendant 30 secondes.<\/li>\n\n\n\n<li>R\u00e9p\u00e9tez l'op\u00e9ration pour un look plus audacieux.<\/li>\n\n\n\n<li>Appliquer la couche de finition et durcir.<\/li>\n<\/ol>","protected":false},"excerpt":{"rendered":"<p>Le coffret de gel Boomy Baby Boomer m\u00e9lange des roses tendres et des blancs laiteux pour des ongles ombr\u00e9s sans effort. Avec des gels autonivelants et durables, il cr\u00e9e des manucures baby boomer impeccables et intemporelles qui rayonnent d'\u00e9l\u00e9gance.<\/p>\n<p>Sp\u00e9cifications du produit :<\/p>\n<p><img loading=\"lazy\" decoding=\"async\" class=\"size-full wp-image-8772 alignleft\" src=\"http:\/\/victoriavynn.ca\/wp-content\/uploads\/2019\/11\/SALON-QUALITY.webp\" alt=\"GEL NAIL BUILDER\" width=\"125\" height=\"150\" \/> <img loading=\"lazy\" decoding=\"async\" class=\"size-full wp-image-24476 alignleft\" src=\"http:\/\/victoriavynn.ca\/wp-content\/uploads\/2025\/09\/high-in-pigments-logo-.webp\" alt=\"HAUT EN PIGMENTS LOGO\" width=\"125\" height=\"150\" srcset=\"https:\/\/i0.wp.com\/victoriavynn.ca\/wp-content\/uploads\/2025\/09\/high-in-pigments-logo-.webp?w=125&amp;ssl=1 125w, https:\/\/i0.wp.com\/victoriavynn.ca\/wp-content\/uploads\/2025\/09\/high-in-pigments-logo-.webp?resize=10%2C12&amp;ssl=1 10w, https:\/\/i0.wp.com\/victoriavynn.ca\/wp-content\/uploads\/2025\/09\/high-in-pigments-logo-.webp?resize=64%2C77&amp;ssl=1 64w\" sizes=\"auto, (max-width: 125px) 100vw, 125px\" \/> <img loading=\"lazy\" decoding=\"async\" class=\"size-full wp-image-8758 alignleft\" src=\"http:\/\/victoriavynn.ca\/wp-content\/uploads\/2020\/03\/FOR-UV-LED-LAMPS.webp\" alt=\"couche de base en caoutchouc\" width=\"125\" height=\"150\" \/><img loading=\"lazy\" decoding=\"async\" class=\"size-full wp-image-8829 alignleft\" src=\"http:\/\/victoriavynn.ca\/wp-content\/uploads\/2022\/10\/LONG-LASTING-MATERIAL.webp\" alt=\"\" width=\"125\" height=\"150\" \/> \u00a0 \u00a0 \u00a0 \u00a0 \u00a0<\/p>\n<p>&nbsp;<\/p>\n<p>&nbsp;<\/p>\n<p>&nbsp;<\/p>\n<p>&nbsp;<\/p>\n<p>Caract\u00e9ristiques du produit :<\/p>\n<ul>\n<li>Gel pour ongles blanc<\/li>\n<li>Grippeur<\/li>\n<li>96 \u00e9ponges dans une bo\u00eete<\/li>\n<\/ul>","protected":false},"featured_media":24478,"comment_status":"open","ping_status":"closed","template":"","meta":{"jetpack_post_was_ever_published":false,"jetpack_publicize_message":"","jetpack_publicize_feature_enabled":true,"jetpack_social_post_already_shared":true,"jetpack_social_options":{"image_generator_settings":{"template":"highway","default_image_id":0,"font":"","enabled":false},"version":2}},"product_brand":[],"product_cat":[47],"product_tag":[909],"class_list":{"0":"post-24385","1":"product","2":"type-product","3":"status-publish","4":"has-post-thumbnail","6":"product_cat-3d-nail-art-gel","7":"product_tag-boomy-ombre","9":"first","10":"instock","11":"taxable","12":"shipping-taxable","13":"purchasable","14":"product-type-simple"},"jetpack_publicize_connections":[],"jetpack-related-posts":[{"id":15164,"url":"https:\/\/victoriavynn.ca\/fr\/product\/victoria-vynn-best-rubber-top-coat-no-wipe\/","url_meta":{"origin":24385,"position":0},"title":"Victoria VYNN Gel Polish Top Secret Top Coat No Wipe 8ml","author":"Serge Sahakian","date":"septembre 9, 2023","format":false,"excerpt":"Victoria VYNN's Best Rubber Top Coat No Wipe ! Semi-transparents et autonivelants, gr\u00e2ce \u00e0 leur d\u00e9licate opacit\u00e9, ils \u00e9galisent magnifiquement les nuances des couleurs utilis\u00e9es, \u00e9liminent toutes les imperfections et s\u00e9curisent parfaitement l'ensemble de la manucure. Sp\u00e9cifications du produit : \u00a0 \u00a0 \u00a0 \u00a0","rel":"","context":"Similar post","block_context":{"text":"Similar post","link":""},"img":{"alt_text":"Victoria VYNN Top Secret Best Rubber Top Coat No Wipe Pink","src":"https:\/\/i0.wp.com\/victoriavynn.ca\/wp-content\/uploads\/2023\/09\/victoria-vynn-top-secret-rubber-top-coat-no-wipe-pink-.webp?fit=750%2C1000&ssl=1&resize=350%2C200","width":350,"height":200,"srcset":"https:\/\/i0.wp.com\/victoriavynn.ca\/wp-content\/uploads\/2023\/09\/victoria-vynn-top-secret-rubber-top-coat-no-wipe-pink-.webp?fit=750%2C1000&ssl=1&resize=350%2C200 1x, https:\/\/i0.wp.com\/victoriavynn.ca\/wp-content\/uploads\/2023\/09\/victoria-vynn-top-secret-rubber-top-coat-no-wipe-pink-.webp?fit=750%2C1000&ssl=1&resize=525%2C300 1.5x, https:\/\/i0.wp.com\/victoriavynn.ca\/wp-content\/uploads\/2023\/09\/victoria-vynn-top-secret-rubber-top-coat-no-wipe-pink-.webp?fit=750%2C1000&ssl=1&resize=700%2C400 2x"},"classes":[]},{"id":48886,"url":"https:\/\/victoriavynn.ca\/fr\/product\/victoria-vynn-nail-tech-essentials-set-14-pack\/","url_meta":{"origin":24385,"position":1},"title":"Victoria VYNN Nail Tech Essentials Set 14 Pack","author":"Serge Sahakian","date":"f\u00e9vrier 11, 2026","format":false,"excerpt":"Que contient l'ensemble ?  Nail Prep &amp; Foundation Salon Nail Prep 15ml Tape Bond 8ml Mega Base Clear 8ml Gel Polish No. 214 Top Oh ! My Gloss 8ml Builder &amp; Sculpting System Salon Build Gel Base 15ml Mousse Gel Coral Soft No.3 15ml Master Gel Milky White No.2 60g Master Gel...","rel":"","context":"Similar post","block_context":{"text":"Similar post","link":""},"img":{"alt_text":"BUILD GEL SET new","src":"https:\/\/i0.wp.com\/victoriavynn.ca\/wp-content\/uploads\/2026\/02\/build-gel-set-new.webp?fit=750%2C1000&ssl=1&resize=350%2C200","width":350,"height":200,"srcset":"https:\/\/i0.wp.com\/victoriavynn.ca\/wp-content\/uploads\/2026\/02\/build-gel-set-new.webp?fit=750%2C1000&ssl=1&resize=350%2C200 1x, https:\/\/i0.wp.com\/victoriavynn.ca\/wp-content\/uploads\/2026\/02\/build-gel-set-new.webp?fit=750%2C1000&ssl=1&resize=525%2C300 1.5x, https:\/\/i0.wp.com\/victoriavynn.ca\/wp-content\/uploads\/2026\/02\/build-gel-set-new.webp?fit=750%2C1000&ssl=1&resize=700%2C400 2x"},"classes":[]},{"id":1273,"url":"https:\/\/victoriavynn.ca\/fr\/product\/painter-high-pigment-nail-paints\/","url_meta":{"origin":24385,"position":2},"title":"Peintres \u00e0 ongles \u00e0 haut pigment","author":"Serge Sahakian","date":"mars 15, 2020","format":false,"excerpt":"Victoria VYNN Painter High Pigment sont des pigments de gel de peinture pour ongles de haute qualit\u00e9 avec des couleurs profondes et une consistance \u00e9paisse. Le gel Victoria VYNN Painter peut \u00eatre utilis\u00e9 pour cr\u00e9er des ongles Ombre fantastiques. La marque de vernis en gel la plus vendue au Canada, Victoria VYNN, fournit aux proth\u00e9sistes ongulaires et aux professionnels des produits de haute qualit\u00e9 pour...","rel":"","context":"Similar post","block_context":{"text":"Similar post","link":""},"img":{"alt_text":"High Pigment Nail Paint","src":"https:\/\/i0.wp.com\/victoriavynn.ca\/wp-content\/uploads\/2020\/03\/High-Pigment-Nail-Paint.png?fit=1000%2C1000&ssl=1&resize=350%2C200","width":350,"height":200,"srcset":"https:\/\/i0.wp.com\/victoriavynn.ca\/wp-content\/uploads\/2020\/03\/High-Pigment-Nail-Paint.png?fit=1000%2C1000&ssl=1&resize=350%2C200 1x, https:\/\/i0.wp.com\/victoriavynn.ca\/wp-content\/uploads\/2020\/03\/High-Pigment-Nail-Paint.png?fit=1000%2C1000&ssl=1&resize=525%2C300 1.5x, https:\/\/i0.wp.com\/victoriavynn.ca\/wp-content\/uploads\/2020\/03\/High-Pigment-Nail-Paint.png?fit=1000%2C1000&ssl=1&resize=700%2C400 2x"},"classes":[]},{"id":5269,"url":"https:\/\/victoriavynn.ca\/fr\/product\/gel-polish-011-pastel-pink\/","url_meta":{"origin":24385,"position":3},"title":"Vernis gel de salon n\u00b0 011 rose pastel","author":"Serge Sahakian","date":"septembre 4, 2022","format":false,"excerpt":"Very light, pale pink Pastel Pink will subtly present its charms in French manicure and baby-boomer. Canada's Best Selling Victoria VYNN Gel Polish Color is a light-curable line of hybrid varnishes, which is used in two types of styling: 3-stage Hybrid System and 4-stage Soak Off System. Gel Polish Color\u2026","rel":"","context":"Similar post","block_context":{"text":"Similar post","link":""},"img":{"alt_text":"Gel Polish 011 Pastel Pink","src":"https:\/\/i0.wp.com\/victoriavynn.ca\/wp-content\/uploads\/2022\/09\/Gel-Polish-011-Bottle.png?fit=1000%2C1000&ssl=1&resize=350%2C200","width":350,"height":200,"srcset":"https:\/\/i0.wp.com\/victoriavynn.ca\/wp-content\/uploads\/2022\/09\/Gel-Polish-011-Bottle.png?fit=1000%2C1000&ssl=1&resize=350%2C200 1x, https:\/\/i0.wp.com\/victoriavynn.ca\/wp-content\/uploads\/2022\/09\/Gel-Polish-011-Bottle.png?fit=1000%2C1000&ssl=1&resize=525%2C300 1.5x, https:\/\/i0.wp.com\/victoriavynn.ca\/wp-content\/uploads\/2022\/09\/Gel-Polish-011-Bottle.png?fit=1000%2C1000&ssl=1&resize=700%2C400 2x"},"classes":[]},{"id":4683,"url":"https:\/\/victoriavynn.ca\/fr\/product\/gel-polish-002-true-to-life\/","url_meta":{"origin":24385,"position":4},"title":"Vernis gel de salon n\u00b0 002 True To Life","author":"Serge Sahakian","date":"septembre 4, 2022","format":false,"excerpt":"La couleur claire et semi-transparente True to Life est l'une des nombreuses suggestions de la teinte parfaite pour un design fran\u00e7ais ou baby-boomer. Victoria VYNN Canada's Best Selling Gel Polish Color est une ligne de vernis hybrides photopolym\u00e9risables, qui est utilis\u00e9e dans deux types de coiffage : Le syst\u00e8me hybride en 3 \u00e9tapes et le syst\u00e8me Soak Off en 4 \u00e9tapes...","rel":"","context":"Similar post","block_context":{"text":"Similar post","link":""},"img":{"alt_text":"Gel Polish 002 True to Life","src":"https:\/\/i0.wp.com\/victoriavynn.ca\/wp-content\/uploads\/2022\/09\/Gel-polish-002.png?fit=1000%2C1000&ssl=1&resize=350%2C200","width":350,"height":200,"srcset":"https:\/\/i0.wp.com\/victoriavynn.ca\/wp-content\/uploads\/2022\/09\/Gel-polish-002.png?fit=1000%2C1000&ssl=1&resize=350%2C200 1x, https:\/\/i0.wp.com\/victoriavynn.ca\/wp-content\/uploads\/2022\/09\/Gel-polish-002.png?fit=1000%2C1000&ssl=1&resize=525%2C300 1.5x, https:\/\/i0.wp.com\/victoriavynn.ca\/wp-content\/uploads\/2022\/09\/Gel-polish-002.png?fit=1000%2C1000&ssl=1&resize=700%2C400 2x"},"classes":[]},{"id":17809,"url":"https:\/\/victoriavynn.ca\/fr\/product\/victoria-vynn-easy-fiber-nail-gel\/","url_meta":{"origin":24385,"position":5},"title":"Easy Fiber Gel","author":"Serge Sahakian","date":"mai 9, 2024","format":false,"excerpt":"Des extensions d'ongles exceptionnellement solides et d'aspect naturel ! La formule avanc\u00e9e contenant une forte concentration de microfibres de verre, notre gel fibre pour ongles cr\u00e9e une structure r\u00e9ticul\u00e9e qui augmente la durabilit\u00e9 du dessin. Il permet une extension facile et la formation de la forme des ongles naturels, ainsi que le travail avec l'utilisation de formes,...","rel":"","context":"Similar post","block_context":{"text":"Similar post","link":""},"img":{"alt_text":"victoria vynn fiber gel","src":"https:\/\/i0.wp.com\/victoriavynn.ca\/wp-content\/uploads\/2024\/05\/victoria-vynn-fiber-gel.webp?fit=750%2C1000&ssl=1&resize=350%2C200","width":350,"height":200,"srcset":"https:\/\/i0.wp.com\/victoriavynn.ca\/wp-content\/uploads\/2024\/05\/victoria-vynn-fiber-gel.webp?fit=750%2C1000&ssl=1&resize=350%2C200 1x, https:\/\/i0.wp.com\/victoriavynn.ca\/wp-content\/uploads\/2024\/05\/victoria-vynn-fiber-gel.webp?fit=750%2C1000&ssl=1&resize=525%2C300 1.5x, https:\/\/i0.wp.com\/victoriavynn.ca\/wp-content\/uploads\/2024\/05\/victoria-vynn-fiber-gel.webp?fit=750%2C1000&ssl=1&resize=700%2C400 2x"},"classes":[]}],"jetpack_sharing_enabled":true,"_links":{"self":[{"href":"https:\/\/victoriavynn.ca\/fr\/wp-json\/wp\/v2\/product\/24385","targetHints":{"allow":["GET"]}}],"collection":[{"href":"https:\/\/victoriavynn.ca\/fr\/wp-json\/wp\/v2\/product"}],"about":[{"href":"https:\/\/victoriavynn.ca\/fr\/wp-json\/wp\/v2\/types\/product"}],"replies":[{"embeddable":true,"href":"https:\/\/victoriavynn.ca\/fr\/wp-json\/wp\/v2\/comments?post=24385"}],"wp:featuredmedia":[{"embeddable":true,"href":"https:\/\/victoriavynn.ca\/fr\/wp-json\/wp\/v2\/media\/24478"}],"wp:attachment":[{"href":"https:\/\/victoriavynn.ca\/fr\/wp-json\/wp\/v2\/media?parent=24385"}],"wp:term":[{"taxonomy":"product_brand","embeddable":true,"href":"https:\/\/victoriavynn.ca\/fr\/wp-json\/wp\/v2\/product_brand?post=24385"},{"taxonomy":"product_cat","embeddable":true,"href":"https:\/\/victoriavynn.ca\/fr\/wp-json\/wp\/v2\/product_cat?post=24385"},{"taxonomy":"product_tag","embeddable":true,"href":"https:\/\/victoriavynn.ca\/fr\/wp-json\/wp\/v2\/product_tag?post=24385"}],"curies":[{"name":"wp","href":"https:\/\/api.w.org\/{rel}","templated":true}]}}