{"id":24452,"date":"2025-09-17T13:08:53","date_gmt":"2025-09-17T17:08:53","guid":{"rendered":"https:\/\/victoriavynn.ca\/product\/victoria-vynn-8-pack-cherry-on-top-gel-polish-423-429-free-on-top-top-coat-no-wipe\/"},"modified":"2026-04-04T17:35:06","modified_gmt":"2026-04-04T21:35:06","slug":"victoria-vynn-8-pack-cherry-on-top-gel-polish-423-429-free-on-top-coat-no-wipe","status":"publish","type":"product","link":"https:\/\/victoriavynn.ca\/fr\/product\/victoria-vynn-8-pack-cherry-on-top-gel-polish-423-429-free-on-top-top-coat-no-wipe\/","title":{"rendered":"Victoria VYNN 8 Pack Cherry on Top Gel Polish 423-429 + Free On Top Top Coat No Wipe"},"content":{"rendered":"<p>Le site <strong>Collection Cherry on Top<\/strong> de Victoria Vynn est une ligne d\u00e9licieusement inspir\u00e9e de vernis gel sans TPO qui apporte le charme des desserts d\u00e9cadents directement sur vos ongles. Avec des teintes comme <em>Nugat<\/em>, <em>MacaRose<\/em>, <em>\u00c9clair au moka<\/em>, <em>Brownie \u00e9tincelant<\/em>, <em>G\u00e2teau \u00e0 la lave<\/em>et <em>La dame aux cerises<\/em>Cette collection m\u00e9lange des neutres cr\u00e9meux, des bruns riches et des tons de baies enjou\u00e9s dans une palette parfaitement \u00e9quilibr\u00e9e. Chaque vernis a une formule autonivelante, une pigmentation vibrante et se polym\u00e9rise magnifiquement sous la lumi\u00e8re UV\/LED pour une tenue durable. Finie avec le top coat chatoyant \"On Top\" sans essuyage, la collection offre \u00e9l\u00e9gance, polyvalence et indulgence - la touche sucr\u00e9e parfaite pour n'importe quelle manucure. \ud83c\udf52\u2728<\/p>\n\n\n\n<p>Le syst\u00e8me Gel Polish comprend des vernis hybrides classiques et durables durcis dans des lampes UV et LED. Le syst\u00e8me contient des bases et des tops aux propri\u00e9t\u00e9s, \u00e0 la durabilit\u00e9 et \u00e0 la finition diff\u00e9rentes. Nous r\u00e9pondons aux besoins de nos clients en offrant une riche vari\u00e9t\u00e9 de couleurs avec des vernis hybrides de diff\u00e9rentes couvertures et effets, dans plus de 200 couleurs. L'avant-gardiste Modern Violet est une nuance forte de violet. Victoria VYNN Gel Polish Color est une ligne de vernis hybrides photopolym\u00e9risables, utilis\u00e9s dans deux types de coiffage : Syst\u00e8me hybride en 3 \u00e9tapes et Syst\u00e8me Soak Off en 4 \u00e9tapes. Gel Polish Color impressionne par la qualit\u00e9 du coiffage et les applications possibles - une palette de couleurs, deux types de coiffage.<\/p>\n\n\n\n<p>Sp\u00e9cifications du produit :<\/p>\n\n\n\n<ul class=\"wp-block-list\">\n<li>Une large gamme de couleurs : \u00e9maux, paillettes, pastels, n\u00e9ons, semi-trans.<\/li>\n\n\n\n<li>\u00c0 utiliser pour les manucures hybrides et Soak Off.<\/li>\n\n\n\n<li>Formule laque-gel.<\/li>\n\n\n\n<li>Deux couches fines assurent une couverture et une profondeur de couleur parfaites.<\/li>\n\n\n\n<li>Il s'\u00e9tale uniform\u00e9ment, sans traces.<\/li>\n<\/ul>\n\n\n\n<p><\/p>","protected":false},"excerpt":{"rendered":"<p>La collection Cherry on Top de Victoria Vynn est une gamme de vernis gels inspir\u00e9s de desserts, sans TPO, m\u00e9langeant des neutres cr\u00e9meux, des bruns riches et des tons de cerise avec une brillance longue dur\u00e9e. Termin\u00e9e par un top coat scintillant \"On Top\", c'est la fa\u00e7on la plus douce d'ajouter de l'\u00e9l\u00e9gance et de l'indulgence \u00e0 toute manucure.<\/p>\n<p>Collection :\u00a0<a href=\"https:\/\/victoriavynn.ca\/fr\/collection-de-vernis-gel-cherry-on-top\/\">La cerise sur le g\u00e2teau<\/a><\/p>\n<p>L'ensemble comprend :<\/p>\n<ul>\n<li style=\"list-style-type: none;\">\n<ul>\n<li><a href=\"https:\/\/victoriavynn.ca\/fr\/produit\/victoria-vynn-gel-polish-no-423-pavlover\/\">Gel Polish No. 423 PavLover<\/a><\/li>\n<li><a href=\"https:\/\/victoriavynn.ca\/fr\/produit\/victoria-vynn-gel-polish-no-424-nugat\/\">Gel Polonais No. 424 Nugat<\/a><\/li>\n<li><a href=\"https:\/\/victoriavynn.ca\/fr\/produit\/victoria-vynn-gel-polish-no-425-macarose\/\">Gel Polish n\u00b0 425 MacaRose<\/a><\/li>\n<li><a href=\"https:\/\/victoriavynn.ca\/fr\/produit\/victoria-vynn-gel-polish-no-426-mocha-eclair\/\">Gel Polonais n\u00b0 426 Moka \u00c9clair<\/a><\/li>\n<li><a href=\"https:\/\/victoriavynn.ca\/fr\/produit\/victoria-vynn-gel-polish-no-427-cat-eye-sparkle-brownie\/\">Gel Polish No. 427 Cat Eye Sparkle Brownie<\/a><\/li>\n<li><a href=\"https:\/\/victoriavynn.ca\/fr\/produit\/victoria-vynn-gel-polish-no-428-lava-cake\/\">Gel Polish No. 428 Lava Cake<\/a><\/li>\n<li><a href=\"https:\/\/victoriavynn.ca\/fr\/produit\/victoria-vynn-gel-polish-no-429-cat-eye-cherry-lady\/\">Gel Polonais No. 429 Cat Eye Cherry Lady<\/a><\/li>\n<\/ul>\n<\/li>\n<\/ul>\n<p>&nbsp;<\/p>\n<p>Sp\u00e9cifications du produit :<\/p>\n<p><img loading=\"lazy\" decoding=\"async\" class=\"size-full wp-image-20057 alignleft\" src=\"http:\/\/victoriavynn.ca\/wp-content\/uploads\/2024\/12\/cat-eye-effect-logo-final-new.webp\" alt=\"EFFET CAT EYE LOGO FINAL NOUVEAU\" width=\"125\" height=\"150\" srcset=\"https:\/\/i0.wp.com\/victoriavynn.ca\/wp-content\/uploads\/2024\/12\/cat-eye-effect-logo-final-new.webp?w=125&amp;ssl=1 125w, https:\/\/i0.wp.com\/victoriavynn.ca\/wp-content\/uploads\/2024\/12\/cat-eye-effect-logo-final-new.webp?resize=10%2C12&amp;ssl=1 10w, https:\/\/i0.wp.com\/victoriavynn.ca\/wp-content\/uploads\/2024\/12\/cat-eye-effect-logo-final-new.webp?resize=64%2C77&amp;ssl=1 64w\" sizes=\"auto, (max-width: 125px) 100vw, 125px\" \/><img loading=\"lazy\" decoding=\"async\" class=\"size-full wp-image-22180 alignleft\" src=\"http:\/\/victoriavynn.ca\/wp-content\/uploads\/2025\/06\/professional-flat-classic-brush.webp\" alt=\"BROSSE CLASSIQUE PLATE PROFESSIONNELLE\" width=\"125\" height=\"150\" srcset=\"https:\/\/i0.wp.com\/victoriavynn.ca\/wp-content\/uploads\/2025\/06\/professional-flat-classic-brush.webp?w=125&amp;ssl=1 125w, https:\/\/i0.wp.com\/victoriavynn.ca\/wp-content\/uploads\/2025\/06\/professional-flat-classic-brush.webp?resize=10%2C12&amp;ssl=1 10w, https:\/\/i0.wp.com\/victoriavynn.ca\/wp-content\/uploads\/2025\/06\/professional-flat-classic-brush.webp?resize=64%2C77&amp;ssl=1 64w\" sizes=\"auto, (max-width: 125px) 100vw, 125px\" \/><img loading=\"lazy\" decoding=\"async\" class=\"size-full wp-image-8758 alignleft\" src=\"http:\/\/victoriavynn.ca\/wp-content\/uploads\/2020\/03\/FOR-UV-LED-LAMPS.webp\" alt=\"couche de base en caoutchouc\" width=\"125\" height=\"150\" \/><img loading=\"lazy\" decoding=\"async\" class=\"size-full wp-image-8772 alignleft\" src=\"http:\/\/victoriavynn.ca\/wp-content\/uploads\/2019\/11\/SALON-QUALITY.webp\" alt=\"GEL NAIL BUILDER\" width=\"125\" height=\"150\" \/><\/p>\n<p>&nbsp;<\/p>\n<p>&nbsp;<\/p>\n<p>&nbsp;<\/p>\n<p>&nbsp;<\/p>\n<p>&nbsp;<\/p>\n<ul>\n<li>Consistance : moyennement \u00e9pais, avec une finition \"autonivelante\".<\/li>\n<li>Couverture et durcissement : Con\u00e7u pour la durabilit\u00e9, adh\u00e8re bien, durcit sous lampes UV\/LED.<\/li>\n<li>Enl\u00e8vement : il se dissout dans l'ac\u00e9tone et peut \u00e9galement \u00eatre enlev\u00e9 \u00e0 l'aide d'une lime ou d'une perceuse.<\/li>\n<\/ul>","protected":false},"featured_media":24458,"comment_status":"open","ping_status":"closed","template":"","meta":{"jetpack_post_was_ever_published":false,"jetpack_publicize_message":"","jetpack_publicize_feature_enabled":true,"jetpack_social_post_already_shared":true,"jetpack_social_options":{"image_generator_settings":{"template":"highway","default_image_id":0,"font":"","enabled":false},"version":2}},"product_brand":[],"product_cat":[46],"product_tag":[562,908],"class_list":{"0":"post-24452","1":"product","2":"type-product","3":"status-publish","4":"has-post-thumbnail","6":"product_cat-nail-gel-kit","7":"product_tag-bundles","8":"product_tag-cherry-on-top-gel-polish-collection","10":"first","11":"instock","12":"taxable","13":"shipping-taxable","14":"purchasable","15":"product-type-simple"},"jetpack_publicize_connections":[],"jetpack-related-posts":[{"id":24369,"url":"https:\/\/victoriavynn.ca\/fr\/product\/victoria-vynn-gel-polish-no-426-mocha-eclair\/","url_meta":{"origin":24452,"position":0},"title":"Victoria VYNN Gel Polish No. 426 Mocha \u00c9clair","author":"Serge Sahakian","date":"septembre 16, 2025","format":false,"excerpt":"Le vernis en gel n\u00b0 426 \"Mocha \u00c9clair\" est un riche brun caf\u00e9 avec un effet chat-eye scintillant, donnant aux ongles un aspect brillant, glac\u00e9 au chocolat. Avec sa formule auto-nivelante, son s\u00e9chage UV\/LED et son retrait facile par trempage, c'est le m\u00e9lange parfait d'\u00e9l\u00e9gance et de drame dans la collection Cherry on Top. Collection : Cherry on Top Cherry on...","rel":"","context":"Similar post","block_context":{"text":"Similar post","link":""},"img":{"alt_text":"victoria vynn salon gel polish cherry on top collection mocha eclaire 426","src":"https:\/\/i0.wp.com\/victoriavynn.ca\/wp-content\/uploads\/2025\/09\/victoria-vynn-salon-gel-polish-cherry-on-top-collection-mocha-eclaire-426.webp?fit=750%2C1000&ssl=1&resize=350%2C200","width":350,"height":200,"srcset":"https:\/\/i0.wp.com\/victoriavynn.ca\/wp-content\/uploads\/2025\/09\/victoria-vynn-salon-gel-polish-cherry-on-top-collection-mocha-eclaire-426.webp?fit=750%2C1000&ssl=1&resize=350%2C200 1x, https:\/\/i0.wp.com\/victoriavynn.ca\/wp-content\/uploads\/2025\/09\/victoria-vynn-salon-gel-polish-cherry-on-top-collection-mocha-eclaire-426.webp?fit=750%2C1000&ssl=1&resize=525%2C300 1.5x, https:\/\/i0.wp.com\/victoriavynn.ca\/wp-content\/uploads\/2025\/09\/victoria-vynn-salon-gel-polish-cherry-on-top-collection-mocha-eclaire-426.webp?fit=750%2C1000&ssl=1&resize=700%2C400 2x"},"classes":[]},{"id":24367,"url":"https:\/\/victoriavynn.ca\/fr\/product\/victoria-vynn-gel-polish-no-427-cat-eye-sparkle-brownie\/","url_meta":{"origin":24452,"position":1},"title":"Victoria VYNN Gel Polish No. 427 Cat Eye Sparkle Brownie","author":"Serge Sahakian","date":"septembre 16, 2025","format":false,"excerpt":"Le vernis en gel n\u00b0 426 \u201cMocha \u00c9clair\u201d est un riche brun caf\u00e9 avec un effet chat-eye scintillant, donnant aux ongles un aspect brillant et glac\u00e9 au chocolat. Avec sa formule auto-nivelante, son s\u00e9chage UV\/LED et son retrait facile par trempage, c'est le m\u00e9lange parfait d'\u00e9l\u00e9gance et de drame dans la collection Cherry on Top. Collection : Cherry on Top Collection Cherry on Top...","rel":"","context":"Similar post","block_context":{"text":"Similar post","link":""},"img":{"alt_text":"victoria vynn salon gel polish cherry on top collection sparkle brownie 427","src":"https:\/\/i0.wp.com\/victoriavynn.ca\/wp-content\/uploads\/2025\/09\/victoria-vynn-salon-gel-polish-cherry-on-top-collection-sparkle-brownie-427.webp?fit=750%2C1000&ssl=1&resize=350%2C200","width":350,"height":200,"srcset":"https:\/\/i0.wp.com\/victoriavynn.ca\/wp-content\/uploads\/2025\/09\/victoria-vynn-salon-gel-polish-cherry-on-top-collection-sparkle-brownie-427.webp?fit=750%2C1000&ssl=1&resize=350%2C200 1x, https:\/\/i0.wp.com\/victoriavynn.ca\/wp-content\/uploads\/2025\/09\/victoria-vynn-salon-gel-polish-cherry-on-top-collection-sparkle-brownie-427.webp?fit=750%2C1000&ssl=1&resize=525%2C300 1.5x, https:\/\/i0.wp.com\/victoriavynn.ca\/wp-content\/uploads\/2025\/09\/victoria-vynn-salon-gel-polish-cherry-on-top-collection-sparkle-brownie-427.webp?fit=750%2C1000&ssl=1&resize=700%2C400 2x"},"classes":[]},{"id":24363,"url":"https:\/\/victoriavynn.ca\/fr\/product\/victoria-vynn-gel-polish-no-429-cat-eye-cherry-lady\/","url_meta":{"origin":24452,"position":2},"title":"Victoria VYNN Gel Polish No. 429 Cat Eye Cherry Lady","author":"Serge Sahakian","date":"septembre 16, 2025","format":false,"excerpt":"Gel Polish No. 426 Cherry Lady est un rouge cerise audacieux et magn\u00e9tique avec des \u00e9clats m\u00e9talliques en forme d'\u0153il de chat qui transforme chaque manucure en un v\u00e9ritable coup d'\u00e9clat. Collection : Cherry on Top La collection Cherry on Top est une friandise pour vos ongles - une gamme de vernis gel sans TPO inspir\u00e9e par les desserts d\u00e9cadents. Avec des teintes comme Nugat,...","rel":"","context":"Similar post","block_context":{"text":"Similar post","link":""},"img":{"alt_text":"victoria vynn salon gel polish cherry on top collection sparkle brownie 429 Cherry Lady","src":"https:\/\/i0.wp.com\/victoriavynn.ca\/wp-content\/uploads\/2025\/09\/victoria-vynn-salon-gel-polish-cherry-on-top-collection-sparkle-brownie-429-cherry-lady.webp?fit=750%2C1000&ssl=1&resize=350%2C200","width":350,"height":200,"srcset":"https:\/\/i0.wp.com\/victoriavynn.ca\/wp-content\/uploads\/2025\/09\/victoria-vynn-salon-gel-polish-cherry-on-top-collection-sparkle-brownie-429-cherry-lady.webp?fit=750%2C1000&ssl=1&resize=350%2C200 1x, https:\/\/i0.wp.com\/victoriavynn.ca\/wp-content\/uploads\/2025\/09\/victoria-vynn-salon-gel-polish-cherry-on-top-collection-sparkle-brownie-429-cherry-lady.webp?fit=750%2C1000&ssl=1&resize=525%2C300 1.5x, https:\/\/i0.wp.com\/victoriavynn.ca\/wp-content\/uploads\/2025\/09\/victoria-vynn-salon-gel-polish-cherry-on-top-collection-sparkle-brownie-429-cherry-lady.webp?fit=750%2C1000&ssl=1&resize=700%2C400 2x"},"classes":[]},{"id":24375,"url":"https:\/\/victoriavynn.ca\/fr\/product\/victoria-vynn-gel-polish-no-423-pavlover\/","url_meta":{"origin":24452,"position":3},"title":"Victoria VYNN Gel Polish No. 423 PavLover","author":"Serge Sahakian","date":"septembre 16, 2025","format":false,"excerpt":"Le vernis en gel n\u00b0 424 \"Nugat\" est un beige chaud et cr\u00e9meux inspir\u00e9 par le nougat. C'est une couleur neutre chic et polyvalente, parfaite pour des ongles \u00e9l\u00e9gants de tous les jours ou comme base pour des designs cr\u00e9atifs. Collection : Cherry on Top La collection Cherry on Top est un r\u00e9gal sucr\u00e9 pour vos ongles - un vernis gel sans TPO...","rel":"","context":"Similar post","block_context":{"text":"Similar post","link":""},"img":{"alt_text":"victoria vynn salon gel polish cherry on top collection pav lover no. 424","src":"https:\/\/i0.wp.com\/victoriavynn.ca\/wp-content\/uploads\/2025\/09\/victoria-vynn-salon-gel-polish-cherry-on-top-collection-pav-lover.webp?fit=750%2C1000&ssl=1&resize=350%2C200","width":350,"height":200,"srcset":"https:\/\/i0.wp.com\/victoriavynn.ca\/wp-content\/uploads\/2025\/09\/victoria-vynn-salon-gel-polish-cherry-on-top-collection-pav-lover.webp?fit=750%2C1000&ssl=1&resize=350%2C200 1x, https:\/\/i0.wp.com\/victoriavynn.ca\/wp-content\/uploads\/2025\/09\/victoria-vynn-salon-gel-polish-cherry-on-top-collection-pav-lover.webp?fit=750%2C1000&ssl=1&resize=525%2C300 1.5x, https:\/\/i0.wp.com\/victoriavynn.ca\/wp-content\/uploads\/2025\/09\/victoria-vynn-salon-gel-polish-cherry-on-top-collection-pav-lover.webp?fit=750%2C1000&ssl=1&resize=700%2C400 2x"},"classes":[]},{"id":24365,"url":"https:\/\/victoriavynn.ca\/fr\/product\/victoria-vynn-gel-polish-no-428-lava-cake\/","url_meta":{"origin":24452,"position":4},"title":"Victoria VYNN Gel Polish No. 428 Lava Cake","author":"Serge Sahakian","date":"septembre 16, 2025","format":false,"excerpt":"Gel Polish No. 428 Lava Cake est une riche nuance de chocolat fondu qui fait fondre l'\u00e9l\u00e9gance et l'indulgence dans chaque manucure. Collection : Cherry on Top La collection Cherry on Top est une g\u00e2terie sucr\u00e9e pour vos ongles - une gamme de vernis gel sans TPO inspir\u00e9e par des desserts d\u00e9cadents. Avec des teintes comme Nugat, Mocha \u00c9clair,...","rel":"","context":"Similar post","block_context":{"text":"Similar post","link":""},"img":{"alt_text":"victoria vynn salon gel polish cherry on top collection sparkle brownie 428 Lava Cake","src":"https:\/\/i0.wp.com\/victoriavynn.ca\/wp-content\/uploads\/2025\/09\/victoria-vynn-salon-gel-polish-cherry-on-top-collection-sparkle-brownie-428-lava-cake.webp?fit=750%2C1000&ssl=1&resize=350%2C200","width":350,"height":200,"srcset":"https:\/\/i0.wp.com\/victoriavynn.ca\/wp-content\/uploads\/2025\/09\/victoria-vynn-salon-gel-polish-cherry-on-top-collection-sparkle-brownie-428-lava-cake.webp?fit=750%2C1000&ssl=1&resize=350%2C200 1x, https:\/\/i0.wp.com\/victoriavynn.ca\/wp-content\/uploads\/2025\/09\/victoria-vynn-salon-gel-polish-cherry-on-top-collection-sparkle-brownie-428-lava-cake.webp?fit=750%2C1000&ssl=1&resize=525%2C300 1.5x, https:\/\/i0.wp.com\/victoriavynn.ca\/wp-content\/uploads\/2025\/09\/victoria-vynn-salon-gel-polish-cherry-on-top-collection-sparkle-brownie-428-lava-cake.webp?fit=750%2C1000&ssl=1&resize=700%2C400 2x"},"classes":[]},{"id":24371,"url":"https:\/\/victoriavynn.ca\/fr\/product\/victoria-vynn-gel-polish-no-425-macarose\/","url_meta":{"origin":24452,"position":5},"title":"Victoria VYNN Gel Polish No. 425 MacaRose","author":"Serge Sahakian","date":"septembre 16, 2025","format":false,"excerpt":"Le vernis en gel n\u00b0 425 MacaRose est le blush doux de l'\u00e9l\u00e9gance - un rose poudr\u00e9 aussi d\u00e9licat que les p\u00e9tales de rose et parfait pour des ongles f\u00e9minins et intemporels. Collection : Cherry on Top La collection Cherry on Top est une friandise pour vos ongles - une gamme de vernis gel sans TPO inspir\u00e9e de desserts d\u00e9cadents....","rel":"","context":"Similar post","block_context":{"text":"Similar post","link":""},"img":{"alt_text":"victoria vynn salon gel polish cherry on top collection macarose 425","src":"https:\/\/i0.wp.com\/victoriavynn.ca\/wp-content\/uploads\/2025\/09\/victoria-vynn-salon-gel-polish-cherry-on-top-collection-macarose-425.webp?fit=750%2C1000&ssl=1&resize=350%2C200","width":350,"height":200,"srcset":"https:\/\/i0.wp.com\/victoriavynn.ca\/wp-content\/uploads\/2025\/09\/victoria-vynn-salon-gel-polish-cherry-on-top-collection-macarose-425.webp?fit=750%2C1000&ssl=1&resize=350%2C200 1x, https:\/\/i0.wp.com\/victoriavynn.ca\/wp-content\/uploads\/2025\/09\/victoria-vynn-salon-gel-polish-cherry-on-top-collection-macarose-425.webp?fit=750%2C1000&ssl=1&resize=525%2C300 1.5x, https:\/\/i0.wp.com\/victoriavynn.ca\/wp-content\/uploads\/2025\/09\/victoria-vynn-salon-gel-polish-cherry-on-top-collection-macarose-425.webp?fit=750%2C1000&ssl=1&resize=700%2C400 2x"},"classes":[]}],"jetpack_sharing_enabled":true,"_links":{"self":[{"href":"https:\/\/victoriavynn.ca\/fr\/wp-json\/wp\/v2\/product\/24452","targetHints":{"allow":["GET"]}}],"collection":[{"href":"https:\/\/victoriavynn.ca\/fr\/wp-json\/wp\/v2\/product"}],"about":[{"href":"https:\/\/victoriavynn.ca\/fr\/wp-json\/wp\/v2\/types\/product"}],"replies":[{"embeddable":true,"href":"https:\/\/victoriavynn.ca\/fr\/wp-json\/wp\/v2\/comments?post=24452"}],"wp:featuredmedia":[{"embeddable":true,"href":"https:\/\/victoriavynn.ca\/fr\/wp-json\/wp\/v2\/media\/24458"}],"wp:attachment":[{"href":"https:\/\/victoriavynn.ca\/fr\/wp-json\/wp\/v2\/media?parent=24452"}],"wp:term":[{"taxonomy":"product_brand","embeddable":true,"href":"https:\/\/victoriavynn.ca\/fr\/wp-json\/wp\/v2\/product_brand?post=24452"},{"taxonomy":"product_cat","embeddable":true,"href":"https:\/\/victoriavynn.ca\/fr\/wp-json\/wp\/v2\/product_cat?post=24452"},{"taxonomy":"product_tag","embeddable":true,"href":"https:\/\/victoriavynn.ca\/fr\/wp-json\/wp\/v2\/product_tag?post=24452"}],"curies":[{"name":"wp","href":"https:\/\/api.w.org\/{rel}","templated":true}]}}