{"id":24524,"date":"2025-09-19T10:18:19","date_gmt":"2025-09-19T14:18:19","guid":{"rendered":"https:\/\/victoriavynn.ca\/product\/victoria-vynn-gpt-gel-polish-collection-display\/"},"modified":"2026-02-13T18:32:17","modified_gmt":"2026-02-13T23:32:17","slug":"victoria-vynn-gpt-gel-polish-collection-display","status":"publish","type":"product","link":"https:\/\/victoriavynn.ca\/fr\/product\/victoria-vynn-gpt-gel-polish-collection-display\/","title":{"rendered":"Victoria VYNN GPT Gel Polish Collection Display"},"content":{"rendered":"","protected":false},"excerpt":{"rendered":"","protected":false},"featured_media":24525,"comment_status":"open","ping_status":"closed","template":"","meta":{"jetpack_post_was_ever_published":false,"jetpack_publicize_message":"","jetpack_publicize_feature_enabled":true,"jetpack_social_post_already_shared":true,"jetpack_social_options":{"image_generator_settings":{"template":"highway","default_image_id":0,"font":"","enabled":false},"version":2}},"product_brand":[],"product_cat":[31],"product_tag":[],"class_list":{"0":"post-24524","1":"product","2":"type-product","3":"status-publish","4":"has-post-thumbnail","6":"product_cat-nail-tools-and-accessories","8":"first","9":"instock","10":"taxable","11":"shipping-taxable","12":"purchasable","13":"product-type-simple"},"jetpack_publicize_connections":[],"jetpack-related-posts":[{"id":22140,"url":"https:\/\/victoriavynn.ca\/fr\/product\/victoria-vynn-color-chart-gpt-gel-polish-415-422\/","url_meta":{"origin":24524,"position":0},"title":"Victoria VYNN Color Chart GPT Gel Polish 415-422","author":"Serge Sahakian","date":"juin 18, 2025","format":false,"excerpt":"Les n\u00e9ons occupent le devant de la sc\u00e8ne ! Et ils r\u00e9v\u00e8lent les couleurs qui domineront cet \u00e9t\u00e9. La collection GPT Gel Polish Trends est une explosion de couleurs vibrantes qui illuminera votre manucure de vacances ! Collection : GPT - Gel Polish Trends Sp\u00e9cifications du produit : \u00a0 \u00a0 \u00a0 \u00a0 \u00a0 \u00a0","rel":"","context":"Similar post","block_context":{"text":"Similar post","link":""},"img":{"alt_text":"victoria vynn salon gel polish trends GPT Color Chart","src":"https:\/\/i0.wp.com\/victoriavynn.ca\/wp-content\/uploads\/2025\/06\/victoria-vynn-salon-gel-polish-trends-gpt-color-chart-1.webp?fit=750%2C1000&ssl=1&resize=350%2C200","width":350,"height":200,"srcset":"https:\/\/i0.wp.com\/victoriavynn.ca\/wp-content\/uploads\/2025\/06\/victoria-vynn-salon-gel-polish-trends-gpt-color-chart-1.webp?fit=750%2C1000&ssl=1&resize=350%2C200 1x, https:\/\/i0.wp.com\/victoriavynn.ca\/wp-content\/uploads\/2025\/06\/victoria-vynn-salon-gel-polish-trends-gpt-color-chart-1.webp?fit=750%2C1000&ssl=1&resize=525%2C300 1.5x, https:\/\/i0.wp.com\/victoriavynn.ca\/wp-content\/uploads\/2025\/06\/victoria-vynn-salon-gel-polish-trends-gpt-color-chart-1.webp?fit=750%2C1000&ssl=1&resize=700%2C400 2x"},"classes":[]},{"id":22107,"url":"https:\/\/victoriavynn.ca\/fr\/product\/victoria-vynn-8-pack-gpt-gel-polish-415-422-free-gpt-gel-polish-color-chart\/","url_meta":{"origin":24524,"position":1},"title":"Victoria VYNN 8 Pack GPT Gel Polish 415-422 + Charte de couleurs GPT Gel Polish gratuite","author":"Serge Sahakian","date":"juin 17, 2025","format":false,"excerpt":"Les n\u00e9ons occupent le devant de la sc\u00e8ne ! Et ils r\u00e9v\u00e8lent les couleurs qui domineront cet \u00e9t\u00e9. La collection GPT Gel Polish Trends est une explosion de couleurs vibrantes qui illuminera votre manucure de vacances ! Collection : GPT - Gel Polish Trends Le set est compos\u00e9 de : Gel Polish No. 415 Mango Pop Gel Polish No. 415 Mango Pop Gel Polish No. 415 Mango Pop Gel Polish No. 415 Mango...","rel":"","context":"Similar post","block_context":{"text":"Similar post","link":""},"img":{"alt_text":"Victoria VYNN GPT Gel Polish 8 Pack with Color Chart","src":"https:\/\/i0.wp.com\/victoriavynn.ca\/wp-content\/uploads\/2025\/06\/victoria-vynn-gpt-gel-polish-8-pack-with-color-chart-.webp?fit=750%2C1000&ssl=1&resize=350%2C200","width":350,"height":200,"srcset":"https:\/\/i0.wp.com\/victoriavynn.ca\/wp-content\/uploads\/2025\/06\/victoria-vynn-gpt-gel-polish-8-pack-with-color-chart-.webp?fit=750%2C1000&ssl=1&resize=350%2C200 1x, https:\/\/i0.wp.com\/victoriavynn.ca\/wp-content\/uploads\/2025\/06\/victoria-vynn-gpt-gel-polish-8-pack-with-color-chart-.webp?fit=750%2C1000&ssl=1&resize=525%2C300 1.5x, https:\/\/i0.wp.com\/victoriavynn.ca\/wp-content\/uploads\/2025\/06\/victoria-vynn-gpt-gel-polish-8-pack-with-color-chart-.webp?fit=750%2C1000&ssl=1&resize=700%2C400 2x"},"classes":[]},{"id":22109,"url":"https:\/\/victoriavynn.ca\/fr\/product\/victoria-vynn-gel-polish-no-415-mango-pop\/","url_meta":{"origin":24524,"position":2},"title":"Victoria VYNN Gel Polish No. 415 Mango Pop","author":"Serge Sahakian","date":"juin 17, 2025","format":false,"excerpt":"Les n\u00e9ons occupent le devant de la sc\u00e8ne ! Et ils r\u00e9v\u00e8lent les couleurs qui domineront cet \u00e9t\u00e9. La collection GPT Gel Polish Trends est une explosion de couleurs vibrantes qui illuminera votre manucure de vacances ! Collection : GPT - Gel Polish Trends Sp\u00e9cifications du produit : \u00a0 \u00a0 \u00a0 \u00a0 \u00a0 \u00a0","rel":"","context":"Similar post","block_context":{"text":"Similar post","link":""},"img":{"alt_text":"victoria vynn salon gel polish no. 415 Mango POP","src":"https:\/\/i0.wp.com\/victoriavynn.ca\/wp-content\/uploads\/2025\/06\/victoria-vynn-salon-gel-polish-no.-415-mango-pop-.webp?fit=750%2C1000&ssl=1&resize=350%2C200","width":350,"height":200,"srcset":"https:\/\/i0.wp.com\/victoriavynn.ca\/wp-content\/uploads\/2025\/06\/victoria-vynn-salon-gel-polish-no.-415-mango-pop-.webp?fit=750%2C1000&ssl=1&resize=350%2C200 1x, https:\/\/i0.wp.com\/victoriavynn.ca\/wp-content\/uploads\/2025\/06\/victoria-vynn-salon-gel-polish-no.-415-mango-pop-.webp?fit=750%2C1000&ssl=1&resize=525%2C300 1.5x, https:\/\/i0.wp.com\/victoriavynn.ca\/wp-content\/uploads\/2025\/06\/victoria-vynn-salon-gel-polish-no.-415-mango-pop-.webp?fit=750%2C1000&ssl=1&resize=700%2C400 2x"},"classes":[]},{"id":22111,"url":"https:\/\/victoriavynn.ca\/fr\/product\/victoria-vynn-gel-polish-no-416-coralline\/","url_meta":{"origin":24524,"position":3},"title":"Victoria VYNN Gel Polish No. 416 Coralline","author":"Serge Sahakian","date":"juin 17, 2025","format":false,"excerpt":"Les n\u00e9ons occupent le devant de la sc\u00e8ne ! Et ils r\u00e9v\u00e8lent les couleurs qui domineront cet \u00e9t\u00e9. La collection GPT Gel Polish Trends est une explosion de couleurs vibrantes qui illuminera votre manucure de vacances ! Collection : GPT - Gel Polish Trends Sp\u00e9cifications du produit : \u00a0 \u00a0 \u00a0 \u00a0 \u00a0 \u00a0","rel":"","context":"Similar post","block_context":{"text":"Similar post","link":""},"img":{"alt_text":"victoria vynn salon gel polish no. 416 Coralline","src":"https:\/\/i0.wp.com\/victoriavynn.ca\/wp-content\/uploads\/2025\/06\/victoria-vynn-salon-gel-polish-no.-416-coralline-.webp?fit=750%2C1000&ssl=1&resize=350%2C200","width":350,"height":200,"srcset":"https:\/\/i0.wp.com\/victoriavynn.ca\/wp-content\/uploads\/2025\/06\/victoria-vynn-salon-gel-polish-no.-416-coralline-.webp?fit=750%2C1000&ssl=1&resize=350%2C200 1x, https:\/\/i0.wp.com\/victoriavynn.ca\/wp-content\/uploads\/2025\/06\/victoria-vynn-salon-gel-polish-no.-416-coralline-.webp?fit=750%2C1000&ssl=1&resize=525%2C300 1.5x, https:\/\/i0.wp.com\/victoriavynn.ca\/wp-content\/uploads\/2025\/06\/victoria-vynn-salon-gel-polish-no.-416-coralline-.webp?fit=750%2C1000&ssl=1&resize=700%2C400 2x"},"classes":[]},{"id":22113,"url":"https:\/\/victoriavynn.ca\/fr\/product\/victoria-vynn-gel-polish-no-417-boss-babe\/","url_meta":{"origin":24524,"position":4},"title":"Victoria VYNN Gel Polish No. 417 Boss Babe","author":"Serge Sahakian","date":"juin 17, 2025","format":false,"excerpt":"Les n\u00e9ons occupent le devant de la sc\u00e8ne ! Et ils r\u00e9v\u00e8lent les couleurs qui domineront cet \u00e9t\u00e9. La collection GPT Gel Polish Trends est une explosion de couleurs vibrantes qui illuminera votre manucure de vacances ! Collection : GPT - Gel Polish Trends Sp\u00e9cifications du produit : \u00a0 \u00a0 \u00a0 \u00a0 \u00a0 \u00a0","rel":"","context":"Similar post","block_context":{"text":"Similar post","link":""},"img":{"alt_text":"victoria vynn salon gel polish no. 417 Boss Babe","src":"https:\/\/i0.wp.com\/victoriavynn.ca\/wp-content\/uploads\/2025\/06\/victoria-vynn-salon-gel-polish-no.-417-boss-babe-.webp?fit=750%2C1000&ssl=1&resize=350%2C200","width":350,"height":200,"srcset":"https:\/\/i0.wp.com\/victoriavynn.ca\/wp-content\/uploads\/2025\/06\/victoria-vynn-salon-gel-polish-no.-417-boss-babe-.webp?fit=750%2C1000&ssl=1&resize=350%2C200 1x, https:\/\/i0.wp.com\/victoriavynn.ca\/wp-content\/uploads\/2025\/06\/victoria-vynn-salon-gel-polish-no.-417-boss-babe-.webp?fit=750%2C1000&ssl=1&resize=525%2C300 1.5x, https:\/\/i0.wp.com\/victoriavynn.ca\/wp-content\/uploads\/2025\/06\/victoria-vynn-salon-gel-polish-no.-417-boss-babe-.webp?fit=750%2C1000&ssl=1&resize=700%2C400 2x"},"classes":[]},{"id":22115,"url":"https:\/\/victoriavynn.ca\/fr\/product\/victoria-vynn-gel-polish-no-418-maybe-pink\/","url_meta":{"origin":24524,"position":5},"title":"Victoria VYNN Gel Polish No. 418 Maybe Pink","author":"Serge Sahakian","date":"juin 17, 2025","format":false,"excerpt":"Les n\u00e9ons occupent le devant de la sc\u00e8ne ! Et ils r\u00e9v\u00e8lent les couleurs qui domineront cet \u00e9t\u00e9. La collection GPT Gel Polish Trends est une explosion de couleurs vibrantes qui illuminera votre manucure de vacances ! Collection : GPT - Gel Polish Trends Sp\u00e9cifications du produit : \u00a0 \u00a0 \u00a0 \u00a0 \u00a0 \u00a0","rel":"","context":"Similar post","block_context":{"text":"Similar post","link":""},"img":{"alt_text":"victoria vynn salon gel polish no. 418 Maybe Pink","src":"https:\/\/i0.wp.com\/victoriavynn.ca\/wp-content\/uploads\/2025\/06\/victoria-vynn-salon-gel-polish-no.-418-maybe-pink-.webp?fit=750%2C1000&ssl=1&resize=350%2C200","width":350,"height":200,"srcset":"https:\/\/i0.wp.com\/victoriavynn.ca\/wp-content\/uploads\/2025\/06\/victoria-vynn-salon-gel-polish-no.-418-maybe-pink-.webp?fit=750%2C1000&ssl=1&resize=350%2C200 1x, https:\/\/i0.wp.com\/victoriavynn.ca\/wp-content\/uploads\/2025\/06\/victoria-vynn-salon-gel-polish-no.-418-maybe-pink-.webp?fit=750%2C1000&ssl=1&resize=525%2C300 1.5x, https:\/\/i0.wp.com\/victoriavynn.ca\/wp-content\/uploads\/2025\/06\/victoria-vynn-salon-gel-polish-no.-418-maybe-pink-.webp?fit=750%2C1000&ssl=1&resize=700%2C400 2x"},"classes":[]}],"jetpack_sharing_enabled":true,"_links":{"self":[{"href":"https:\/\/victoriavynn.ca\/fr\/wp-json\/wp\/v2\/product\/24524","targetHints":{"allow":["GET"]}}],"collection":[{"href":"https:\/\/victoriavynn.ca\/fr\/wp-json\/wp\/v2\/product"}],"about":[{"href":"https:\/\/victoriavynn.ca\/fr\/wp-json\/wp\/v2\/types\/product"}],"replies":[{"embeddable":true,"href":"https:\/\/victoriavynn.ca\/fr\/wp-json\/wp\/v2\/comments?post=24524"}],"wp:featuredmedia":[{"embeddable":true,"href":"https:\/\/victoriavynn.ca\/fr\/wp-json\/wp\/v2\/media\/24525"}],"wp:attachment":[{"href":"https:\/\/victoriavynn.ca\/fr\/wp-json\/wp\/v2\/media?parent=24524"}],"wp:term":[{"taxonomy":"product_brand","embeddable":true,"href":"https:\/\/victoriavynn.ca\/fr\/wp-json\/wp\/v2\/product_brand?post=24524"},{"taxonomy":"product_cat","embeddable":true,"href":"https:\/\/victoriavynn.ca\/fr\/wp-json\/wp\/v2\/product_cat?post=24524"},{"taxonomy":"product_tag","embeddable":true,"href":"https:\/\/victoriavynn.ca\/fr\/wp-json\/wp\/v2\/product_tag?post=24524"}],"curies":[{"name":"wp","href":"https:\/\/api.w.org\/{rel}","templated":true}]}}