{"id":24531,"date":"2025-09-19T11:18:15","date_gmt":"2025-09-19T15:18:15","guid":{"rendered":"https:\/\/victoriavynn.ca\/product\/pharm-foot-manuka-patch-20-pieces\/"},"modified":"2026-03-04T17:45:18","modified_gmt":"2026-03-04T22:45:18","slug":"pharm-foot-manuka-patch-20-pieces","status":"publish","type":"product","link":"https:\/\/victoriavynn.ca\/fr\/product\/pharm-foot-manuka-patch-20-pieces\/","title":{"rendered":"Pharm Foot Manuka Patch 20 pi\u00e8ces"},"content":{"rendered":"","protected":false},"excerpt":{"rendered":"","protected":false},"featured_media":24532,"comment_status":"open","ping_status":"closed","template":"","meta":{"jetpack_post_was_ever_published":false,"jetpack_publicize_message":"","jetpack_publicize_feature_enabled":true,"jetpack_social_post_already_shared":true,"jetpack_social_options":{"image_generator_settings":{"template":"highway","default_image_id":0,"font":"","enabled":false},"version":2}},"product_brand":[],"product_cat":[878],"product_tag":[],"class_list":{"0":"post-24531","1":"product","2":"type-product","3":"status-publish","4":"has-post-thumbnail","6":"product_cat-manuka-line","8":"first","9":"instock","10":"sale","11":"taxable","12":"shipping-taxable","13":"purchasable","14":"product-type-simple"},"jetpack_publicize_connections":[],"jetpack-related-posts":[{"id":21197,"url":"https:\/\/victoriavynn.ca\/fr\/product\/pharm-foot-manuboost-15ml-manuka-line\/","url_meta":{"origin":24531,"position":0},"title":"Pharm Foot manuBOOST 15ml (Ligne Manuka)","author":"Serge Sahakian","date":"mars 19, 2025","format":false,"excerpt":"S\u00c9RUM NOURRISSANT ET R\u00c9PARATEUR au manuka et \u00e0 la gel\u00e9e royale","rel":"","context":"Similar post","block_context":{"text":"Similar post","link":""},"img":{"alt_text":"","src":"https:\/\/i0.wp.com\/victoriavynn.ca\/wp-content\/uploads\/2025\/03\/manuboost-15-ml.jpeg?fit=1200%2C1200&ssl=1&resize=350%2C200","width":350,"height":200,"srcset":"https:\/\/i0.wp.com\/victoriavynn.ca\/wp-content\/uploads\/2025\/03\/manuboost-15-ml.jpeg?fit=1200%2C1200&ssl=1&resize=350%2C200 1x, https:\/\/i0.wp.com\/victoriavynn.ca\/wp-content\/uploads\/2025\/03\/manuboost-15-ml.jpeg?fit=1200%2C1200&ssl=1&resize=525%2C300 1.5x, https:\/\/i0.wp.com\/victoriavynn.ca\/wp-content\/uploads\/2025\/03\/manuboost-15-ml.jpeg?fit=1200%2C1200&ssl=1&resize=700%2C400 2x, https:\/\/i0.wp.com\/victoriavynn.ca\/wp-content\/uploads\/2025\/03\/manuboost-15-ml.jpeg?fit=1200%2C1200&ssl=1&resize=1050%2C600 3x"},"classes":[]},{"id":21213,"url":"https:\/\/victoriavynn.ca\/fr\/product\/pharm-foot-rich-balm-75g-manuka-line\/","url_meta":{"origin":24531,"position":1},"title":"Pharm Foot RICH BALM 75g (Manuka Line)","author":"Serge Sahakian","date":"mars 19, 2025","format":false,"excerpt":"Pommade apaisante et r\u00e9g\u00e9n\u00e9rante au manuka et \u00e0 l'argousier","rel":"","context":"Similar post","block_context":{"text":"Similar post","link":""},"img":{"alt_text":"","src":"https:\/\/i0.wp.com\/victoriavynn.ca\/wp-content\/uploads\/2025\/03\/rich-balm-75-g.jpeg?fit=1200%2C1200&ssl=1&resize=350%2C200","width":350,"height":200,"srcset":"https:\/\/i0.wp.com\/victoriavynn.ca\/wp-content\/uploads\/2025\/03\/rich-balm-75-g.jpeg?fit=1200%2C1200&ssl=1&resize=350%2C200 1x, https:\/\/i0.wp.com\/victoriavynn.ca\/wp-content\/uploads\/2025\/03\/rich-balm-75-g.jpeg?fit=1200%2C1200&ssl=1&resize=525%2C300 1.5x, https:\/\/i0.wp.com\/victoriavynn.ca\/wp-content\/uploads\/2025\/03\/rich-balm-75-g.jpeg?fit=1200%2C1200&ssl=1&resize=700%2C400 2x, https:\/\/i0.wp.com\/victoriavynn.ca\/wp-content\/uploads\/2025\/03\/rich-balm-75-g.jpeg?fit=1200%2C1200&ssl=1&resize=1050%2C600 3x"},"classes":[]},{"id":21215,"url":"https:\/\/victoriavynn.ca\/fr\/product\/pharm-foot-renewal-scraper-200g-manuka-line\/","url_meta":{"origin":24531,"position":2},"title":"Pharm Foot reNEWAL Scraper 200g (Manuka Line)","author":"Serge Sahakian","date":"mars 19, 2025","format":false,"excerpt":"GOMMAGE REVITALISANT au manuka et \u00e0 la pierre volcanique","rel":"","context":"Similar post","block_context":{"text":"Similar post","link":""},"img":{"alt_text":"","src":"https:\/\/i0.wp.com\/victoriavynn.ca\/wp-content\/uploads\/2025\/03\/renewal-scraper-200-g.jpeg?fit=1200%2C1200&ssl=1&resize=350%2C200","width":350,"height":200,"srcset":"https:\/\/i0.wp.com\/victoriavynn.ca\/wp-content\/uploads\/2025\/03\/renewal-scraper-200-g.jpeg?fit=1200%2C1200&ssl=1&resize=350%2C200 1x, https:\/\/i0.wp.com\/victoriavynn.ca\/wp-content\/uploads\/2025\/03\/renewal-scraper-200-g.jpeg?fit=1200%2C1200&ssl=1&resize=525%2C300 1.5x, https:\/\/i0.wp.com\/victoriavynn.ca\/wp-content\/uploads\/2025\/03\/renewal-scraper-200-g.jpeg?fit=1200%2C1200&ssl=1&resize=700%2C400 2x, https:\/\/i0.wp.com\/victoriavynn.ca\/wp-content\/uploads\/2025\/03\/renewal-scraper-200-g.jpeg?fit=1200%2C1200&ssl=1&resize=1050%2C600 3x"},"classes":[]},{"id":21223,"url":"https:\/\/victoriavynn.ca\/fr\/product\/pharm-foot-rescue-essence-15ml-manuka-line\/","url_meta":{"origin":24531,"position":3},"title":"Pharm Foot reSCUE ESSENCE 15ml (Manuka Line)","author":"Serge Sahakian","date":"mars 19, 2025","format":false,"excerpt":"SPRAY CALMANT \u00e0 l'hydrolat de manuka et de camomille","rel":"","context":"Similar post","block_context":{"text":"Similar post","link":""},"img":{"alt_text":"","src":"https:\/\/i0.wp.com\/victoriavynn.ca\/wp-content\/uploads\/2025\/03\/rescue-essence-150-ml.jpeg?fit=1200%2C1200&ssl=1&resize=350%2C200","width":350,"height":200,"srcset":"https:\/\/i0.wp.com\/victoriavynn.ca\/wp-content\/uploads\/2025\/03\/rescue-essence-150-ml.jpeg?fit=1200%2C1200&ssl=1&resize=350%2C200 1x, https:\/\/i0.wp.com\/victoriavynn.ca\/wp-content\/uploads\/2025\/03\/rescue-essence-150-ml.jpeg?fit=1200%2C1200&ssl=1&resize=525%2C300 1.5x, https:\/\/i0.wp.com\/victoriavynn.ca\/wp-content\/uploads\/2025\/03\/rescue-essence-150-ml.jpeg?fit=1200%2C1200&ssl=1&resize=700%2C400 2x, https:\/\/i0.wp.com\/victoriavynn.ca\/wp-content\/uploads\/2025\/03\/rescue-essence-150-ml.jpeg?fit=1200%2C1200&ssl=1&resize=1050%2C600 3x"},"classes":[]},{"id":10913,"url":"https:\/\/victoriavynn.ca\/fr\/product\/pharm-foot-display-450x290x340\/","url_meta":{"origin":24531,"position":4},"title":"Pharm Foot Display 450x290x340","author":"Serge Sahakian","date":"mars 8, 2023","format":false,"excerpt":"","rel":"","context":"Similar post","block_context":{"text":"Similar post","link":""},"img":{"alt_text":"","src":"https:\/\/i0.wp.com\/victoriavynn.ca\/wp-content\/uploads\/2023\/03\/display-450x290x340-pharm-foot.jpeg?fit=1200%2C1200&ssl=1&resize=350%2C200","width":350,"height":200,"srcset":"https:\/\/i0.wp.com\/victoriavynn.ca\/wp-content\/uploads\/2023\/03\/display-450x290x340-pharm-foot.jpeg?fit=1200%2C1200&ssl=1&resize=350%2C200 1x, https:\/\/i0.wp.com\/victoriavynn.ca\/wp-content\/uploads\/2023\/03\/display-450x290x340-pharm-foot.jpeg?fit=1200%2C1200&ssl=1&resize=525%2C300 1.5x, https:\/\/i0.wp.com\/victoriavynn.ca\/wp-content\/uploads\/2023\/03\/display-450x290x340-pharm-foot.jpeg?fit=1200%2C1200&ssl=1&resize=700%2C400 2x, https:\/\/i0.wp.com\/victoriavynn.ca\/wp-content\/uploads\/2023\/03\/display-450x290x340-pharm-foot.jpeg?fit=1200%2C1200&ssl=1&resize=1050%2C600 3x"},"classes":[]},{"id":10905,"url":"https:\/\/victoriavynn.ca\/fr\/product\/pharm-foot-cosmetic-cap\/","url_meta":{"origin":24531,"position":5},"title":"Pharm Foot Cosmetic Cap","author":"Serge Sahakian","date":"mars 8, 2023","format":false,"excerpt":"","rel":"","context":"Similar post","block_context":{"text":"Similar post","link":""},"img":{"alt_text":"","src":"https:\/\/i0.wp.com\/victoriavynn.ca\/wp-content\/uploads\/2023\/03\/czepek-kosmetyczny-pharm-foot.jpeg?fit=753%2C753&ssl=1&resize=350%2C200","width":350,"height":200,"srcset":"https:\/\/i0.wp.com\/victoriavynn.ca\/wp-content\/uploads\/2023\/03\/czepek-kosmetyczny-pharm-foot.jpeg?fit=753%2C753&ssl=1&resize=350%2C200 1x, https:\/\/i0.wp.com\/victoriavynn.ca\/wp-content\/uploads\/2023\/03\/czepek-kosmetyczny-pharm-foot.jpeg?fit=753%2C753&ssl=1&resize=525%2C300 1.5x, https:\/\/i0.wp.com\/victoriavynn.ca\/wp-content\/uploads\/2023\/03\/czepek-kosmetyczny-pharm-foot.jpeg?fit=753%2C753&ssl=1&resize=700%2C400 2x"},"classes":[]}],"jetpack_sharing_enabled":true,"_links":{"self":[{"href":"https:\/\/victoriavynn.ca\/fr\/wp-json\/wp\/v2\/product\/24531","targetHints":{"allow":["GET"]}}],"collection":[{"href":"https:\/\/victoriavynn.ca\/fr\/wp-json\/wp\/v2\/product"}],"about":[{"href":"https:\/\/victoriavynn.ca\/fr\/wp-json\/wp\/v2\/types\/product"}],"replies":[{"embeddable":true,"href":"https:\/\/victoriavynn.ca\/fr\/wp-json\/wp\/v2\/comments?post=24531"}],"wp:featuredmedia":[{"embeddable":true,"href":"https:\/\/victoriavynn.ca\/fr\/wp-json\/wp\/v2\/media\/24532"}],"wp:attachment":[{"href":"https:\/\/victoriavynn.ca\/fr\/wp-json\/wp\/v2\/media?parent=24531"}],"wp:term":[{"taxonomy":"product_brand","embeddable":true,"href":"https:\/\/victoriavynn.ca\/fr\/wp-json\/wp\/v2\/product_brand?post=24531"},{"taxonomy":"product_cat","embeddable":true,"href":"https:\/\/victoriavynn.ca\/fr\/wp-json\/wp\/v2\/product_cat?post=24531"},{"taxonomy":"product_tag","embeddable":true,"href":"https:\/\/victoriavynn.ca\/fr\/wp-json\/wp\/v2\/product_tag?post=24531"}],"curies":[{"name":"wp","href":"https:\/\/api.w.org\/{rel}","templated":true}]}}