{"id":27111,"date":"2025-10-05T08:44:21","date_gmt":"2025-10-05T12:44:21","guid":{"rendered":"https:\/\/victoriavynn.ca\/product\/stencil-reutilisable-motif-fleurs-hibiscus-airbrush-nail-art\/"},"modified":"2026-02-13T18:32:15","modified_gmt":"2026-02-13T23:32:15","slug":"pochoir-reutilisable-motif-fleurs-hibiscus-airbrush-nail-art","status":"publish","type":"product","link":"https:\/\/victoriavynn.ca\/fr\/product\/stencil-reutilisable-motif-fleurs-hibiscus-airbrush-nail-art\/","title":{"rendered":"Pochoir r\u00e9utilisable - Motif \"Fleurs &amp; Hibiscus\" (Airbrush &amp;Nail Art)"},"content":{"rendered":"","protected":false},"excerpt":{"rendered":"","protected":false},"featured_media":35562,"comment_status":"open","ping_status":"closed","template":"","meta":{"jetpack_post_was_ever_published":false,"jetpack_publicize_message":"","jetpack_publicize_feature_enabled":true,"jetpack_social_post_already_shared":true,"jetpack_social_options":{"image_generator_settings":{"template":"highway","default_image_id":0,"font":"","enabled":false},"version":2}},"product_brand":[],"product_cat":[913],"product_tag":[],"class_list":{"0":"post-27111","1":"product","2":"type-product","3":"status-publish","4":"has-post-thumbnail","6":"product_cat-airbrush-templates","8":"first","9":"instock","10":"taxable","11":"shipping-taxable","12":"purchasable","13":"product-type-simple"},"jetpack_publicize_connections":[],"jetpack-related-posts":[{"id":35010,"url":"https:\/\/victoriavynn.ca\/fr\/product\/msmo-stencil-vibe-ondulee-pochoir-reutilisable-pour-airbrush-nail-art-msmo\/","url_meta":{"origin":27111,"position":0},"title":"MSMO Pochoir Vibe Ondul\u00e9e - Pochoir R\u00e9utilisable pour Airbrush &amp; Nail Art | MSMO","author":"Serge Sahakian","date":"octobre 16, 2025","format":false,"excerpt":"","rel":"","context":"Similar post","block_context":{"text":"Similar post","link":""},"img":{"alt_text":"","src":"https:\/\/i0.wp.com\/victoriavynn.ca\/wp-content\/uploads\/2025\/10\/ondulee.png?fit=1080%2C1080&ssl=1&resize=350%2C200","width":350,"height":200,"srcset":"https:\/\/i0.wp.com\/victoriavynn.ca\/wp-content\/uploads\/2025\/10\/ondulee.png?fit=1080%2C1080&ssl=1&resize=350%2C200 1x, https:\/\/i0.wp.com\/victoriavynn.ca\/wp-content\/uploads\/2025\/10\/ondulee.png?fit=1080%2C1080&ssl=1&resize=525%2C300 1.5x, https:\/\/i0.wp.com\/victoriavynn.ca\/wp-content\/uploads\/2025\/10\/ondulee.png?fit=1080%2C1080&ssl=1&resize=700%2C400 2x, https:\/\/i0.wp.com\/victoriavynn.ca\/wp-content\/uploads\/2025\/10\/ondulee.png?fit=1080%2C1080&ssl=1&resize=1050%2C600 3x"},"classes":[]},{"id":34999,"url":"https:\/\/victoriavynn.ca\/fr\/product\/msmo-stencils-french-stylisestencil-french-stylise-pochoir-reutilisable-msmo-pour-airbrush-nail-art\/","url_meta":{"origin":27111,"position":1},"title":"MSMO stencils french stylis\u00e9Stencil French Stylis\u00e9 - Pochoir R\u00e9utilisable MSMO pour Airbrush &amp; Nail Art","author":"Serge Sahakian","date":"octobre 16, 2025","format":false,"excerpt":"","rel":"","context":"Similar post","block_context":{"text":"Similar post","link":""},"img":{"alt_text":"","src":"https:\/\/i0.wp.com\/victoriavynn.ca\/wp-content\/uploads\/2025\/10\/untitled-12.png?fit=1080%2C1080&ssl=1&resize=350%2C200","width":350,"height":200,"srcset":"https:\/\/i0.wp.com\/victoriavynn.ca\/wp-content\/uploads\/2025\/10\/untitled-12.png?fit=1080%2C1080&ssl=1&resize=350%2C200 1x, https:\/\/i0.wp.com\/victoriavynn.ca\/wp-content\/uploads\/2025\/10\/untitled-12.png?fit=1080%2C1080&ssl=1&resize=525%2C300 1.5x, https:\/\/i0.wp.com\/victoriavynn.ca\/wp-content\/uploads\/2025\/10\/untitled-12.png?fit=1080%2C1080&ssl=1&resize=700%2C400 2x, https:\/\/i0.wp.com\/victoriavynn.ca\/wp-content\/uploads\/2025\/10\/untitled-12.png?fit=1080%2C1080&ssl=1&resize=1050%2C600 3x"},"classes":[]},{"id":23835,"url":"https:\/\/victoriavynn.ca\/fr\/product\/msmo-reusable-stencil-book-airbrush-nail-art\/","url_meta":{"origin":27111,"position":2},"title":"MSMO Livre de pochoirs r\u00e9utilisables - Airbrush &amp; Nail Art","author":"Serge Sahakian","date":"ao\u00fbt 28, 2025","format":false,"excerpt":"","rel":"","context":"Similar post","block_context":{"text":"Similar post","link":""},"img":{"alt_text":"","src":"https:\/\/i0.wp.com\/victoriavynn.ca\/wp-content\/uploads\/2025\/08\/produit_msmo_28_c71d370a-c688-4863-a82c-eb668ab01f9c.png?fit=1200%2C1200&ssl=1&resize=350%2C200","width":350,"height":200,"srcset":"https:\/\/i0.wp.com\/victoriavynn.ca\/wp-content\/uploads\/2025\/08\/produit_msmo_28_c71d370a-c688-4863-a82c-eb668ab01f9c.png?fit=1200%2C1200&ssl=1&resize=350%2C200 1x, https:\/\/i0.wp.com\/victoriavynn.ca\/wp-content\/uploads\/2025\/08\/produit_msmo_28_c71d370a-c688-4863-a82c-eb668ab01f9c.png?fit=1200%2C1200&ssl=1&resize=525%2C300 1.5x, https:\/\/i0.wp.com\/victoriavynn.ca\/wp-content\/uploads\/2025\/08\/produit_msmo_28_c71d370a-c688-4863-a82c-eb668ab01f9c.png?fit=1200%2C1200&ssl=1&resize=700%2C400 2x, https:\/\/i0.wp.com\/victoriavynn.ca\/wp-content\/uploads\/2025\/08\/produit_msmo_28_c71d370a-c688-4863-a82c-eb668ab01f9c.png?fit=1200%2C1200&ssl=1&resize=1050%2C600 3x"},"classes":[]},{"id":23840,"url":"https:\/\/victoriavynn.ca\/fr\/product\/msmo-reusable-stencil-winter-pattern-airbrush-nail-art\/","url_meta":{"origin":27111,"position":3},"title":"Pochoir r\u00e9utilisable MSMO - Motif \"Hiver\" (A\u00e9rographe &amp; Nail Art)","author":"Serge Sahakian","date":"ao\u00fbt 28, 2025","format":false,"excerpt":"","rel":"","context":"Similar post","block_context":{"text":"Similar post","link":""},"img":{"alt_text":"","src":"https:\/\/i0.wp.com\/victoriavynn.ca\/wp-content\/uploads\/2025\/08\/crayoneponge_1.png?fit=960%2C1200&ssl=1&resize=350%2C200","width":350,"height":200,"srcset":"https:\/\/i0.wp.com\/victoriavynn.ca\/wp-content\/uploads\/2025\/08\/crayoneponge_1.png?fit=960%2C1200&ssl=1&resize=350%2C200 1x, https:\/\/i0.wp.com\/victoriavynn.ca\/wp-content\/uploads\/2025\/08\/crayoneponge_1.png?fit=960%2C1200&ssl=1&resize=525%2C300 1.5x, https:\/\/i0.wp.com\/victoriavynn.ca\/wp-content\/uploads\/2025\/08\/crayoneponge_1.png?fit=960%2C1200&ssl=1&resize=700%2C400 2x"},"classes":[]},{"id":23827,"url":"https:\/\/victoriavynn.ca\/fr\/product\/msmo-reusable-stencil-french-large-pattern-airbrush-nail-art\/","url_meta":{"origin":27111,"position":4},"title":"Pochoir r\u00e9utilisable MSMO - Motif \"French Large\" (Airbrush &amp; Nail Art)","author":"Serge Sahakian","date":"ao\u00fbt 28, 2025","format":false,"excerpt":"","rel":"","context":"Similar post","block_context":{"text":"Similar post","link":""},"img":{"alt_text":"","src":"https:\/\/i0.wp.com\/victoriavynn.ca\/wp-content\/uploads\/2025\/08\/french_large_1.png?fit=1080%2C1080&ssl=1&resize=350%2C200","width":350,"height":200,"srcset":"https:\/\/i0.wp.com\/victoriavynn.ca\/wp-content\/uploads\/2025\/08\/french_large_1.png?fit=1080%2C1080&ssl=1&resize=350%2C200 1x, https:\/\/i0.wp.com\/victoriavynn.ca\/wp-content\/uploads\/2025\/08\/french_large_1.png?fit=1080%2C1080&ssl=1&resize=525%2C300 1.5x, https:\/\/i0.wp.com\/victoriavynn.ca\/wp-content\/uploads\/2025\/08\/french_large_1.png?fit=1080%2C1080&ssl=1&resize=700%2C400 2x, https:\/\/i0.wp.com\/victoriavynn.ca\/wp-content\/uploads\/2025\/08\/french_large_1.png?fit=1080%2C1080&ssl=1&resize=1050%2C600 3x"},"classes":[]},{"id":23848,"url":"https:\/\/victoriavynn.ca\/fr\/product\/msmo-reusable-stencil-circles-spirals-pattern-airbrush-nail-art\/","url_meta":{"origin":27111,"position":5},"title":"Pochoir r\u00e9utilisable MSMO - Motif \"Cercles et spirales\" (A\u00e9rographe et Nail Art)","author":"Serge Sahakian","date":"ao\u00fbt 28, 2025","format":false,"excerpt":"","rel":"","context":"Similar post","block_context":{"text":"Similar post","link":""},"img":{"alt_text":"","src":"https:\/\/i0.wp.com\/victoriavynn.ca\/wp-content\/uploads\/2025\/08\/publication_instagram_vente_produit_photo_simple_rose_4.png?fit=1080%2C1080&ssl=1&resize=350%2C200","width":350,"height":200,"srcset":"https:\/\/i0.wp.com\/victoriavynn.ca\/wp-content\/uploads\/2025\/08\/publication_instagram_vente_produit_photo_simple_rose_4.png?fit=1080%2C1080&ssl=1&resize=350%2C200 1x, https:\/\/i0.wp.com\/victoriavynn.ca\/wp-content\/uploads\/2025\/08\/publication_instagram_vente_produit_photo_simple_rose_4.png?fit=1080%2C1080&ssl=1&resize=525%2C300 1.5x, https:\/\/i0.wp.com\/victoriavynn.ca\/wp-content\/uploads\/2025\/08\/publication_instagram_vente_produit_photo_simple_rose_4.png?fit=1080%2C1080&ssl=1&resize=700%2C400 2x, https:\/\/i0.wp.com\/victoriavynn.ca\/wp-content\/uploads\/2025\/08\/publication_instagram_vente_produit_photo_simple_rose_4.png?fit=1080%2C1080&ssl=1&resize=1050%2C600 3x"},"classes":[]}],"jetpack_sharing_enabled":true,"_links":{"self":[{"href":"https:\/\/victoriavynn.ca\/fr\/wp-json\/wp\/v2\/product\/27111","targetHints":{"allow":["GET"]}}],"collection":[{"href":"https:\/\/victoriavynn.ca\/fr\/wp-json\/wp\/v2\/product"}],"about":[{"href":"https:\/\/victoriavynn.ca\/fr\/wp-json\/wp\/v2\/types\/product"}],"replies":[{"embeddable":true,"href":"https:\/\/victoriavynn.ca\/fr\/wp-json\/wp\/v2\/comments?post=27111"}],"wp:featuredmedia":[{"embeddable":true,"href":"https:\/\/victoriavynn.ca\/fr\/wp-json\/wp\/v2\/media\/35562"}],"wp:attachment":[{"href":"https:\/\/victoriavynn.ca\/fr\/wp-json\/wp\/v2\/media?parent=27111"}],"wp:term":[{"taxonomy":"product_brand","embeddable":true,"href":"https:\/\/victoriavynn.ca\/fr\/wp-json\/wp\/v2\/product_brand?post=27111"},{"taxonomy":"product_cat","embeddable":true,"href":"https:\/\/victoriavynn.ca\/fr\/wp-json\/wp\/v2\/product_cat?post=27111"},{"taxonomy":"product_tag","embeddable":true,"href":"https:\/\/victoriavynn.ca\/fr\/wp-json\/wp\/v2\/product_tag?post=27111"}],"curies":[{"name":"wp","href":"https:\/\/api.w.org\/{rel}","templated":true}]}}