{"id":2790,"date":"2022-08-18T02:45:20","date_gmt":"2022-08-18T06:45:20","guid":{"rendered":"https:\/\/victoriavynn.ca\/index.php\/product\/victoria-vynn-senso-hand-cream-love-me\/"},"modified":"2026-04-06T15:50:05","modified_gmt":"2026-04-06T19:50:05","slug":"senso-creme-super-hydratante-love-me","status":"publish","type":"product","link":"https:\/\/victoriavynn.ca\/fr\/product\/senso-super-moisturizing-cream-love-me\/","title":{"rendered":"Senso Cr\u00e8me pour les mains Love Me"},"content":{"rendered":"<p>Victoria VYNN Senso Love Me est une cr\u00e8me super hydratante. Effet complet !<\/p>\n<p>Cr\u00e8me hydratante et nourrissante pour les mains et le corps avec une senteur de parfum. Hydrate intens\u00e9ment, r\u00e9g\u00e9n\u00e8re et renforce la barri\u00e8re protectrice naturelle de la peau. Est parfaitement absorb\u00e9e et laisse un film d\u00e9licat et velout\u00e9 sur la peau. Redonne imm\u00e9diatement du confort aux peaux s\u00e8ches.<\/p>\n<p>Recommand\u00e9e \u00e0 la fin d'une manucure et pour le soin quotidien de vos mains et de votre corps. Principes actifs contenus dans la cr\u00e8me : beurre de karit\u00e9, jus d'aloe vera, huile de soja, allanto\u00efne.<\/p>","protected":false},"excerpt":{"rendered":"<p>Victoria VYNN Senso Love Me est une cr\u00e8me super hydratante. Effet complet !<\/p>\n<p>Cr\u00e8me hydratante et nourrissante pour les mains et le corps avec une senteur de parfum. Hydrate intens\u00e9ment, r\u00e9g\u00e9n\u00e8re et renforce la barri\u00e8re protectrice naturelle de la peau. Est parfaitement absorb\u00e9e et laisse un film d\u00e9licat et velout\u00e9 sur la peau. Redonne imm\u00e9diatement du confort aux peaux s\u00e8ches.<\/p>\n<p>Recommand\u00e9e \u00e0 la fin d'une manucure et pour le soin quotidien de vos mains et de votre corps. Principes actifs contenus dans la cr\u00e8me : beurre de karit\u00e9, jus d'aloe vera, huile de soja, allanto\u00efne.<\/p>","protected":false},"featured_media":40783,"comment_status":"open","ping_status":"closed","template":"","meta":{"jetpack_post_was_ever_published":false,"jetpack_publicize_message":"","jetpack_publicize_feature_enabled":true,"jetpack_social_post_already_shared":true,"jetpack_social_options":{"image_generator_settings":{"template":"highway","default_image_id":0,"font":"","enabled":false},"version":2}},"product_brand":[922],"product_cat":[45],"product_tag":[76,880],"class_list":{"0":"post-2790","1":"product","2":"type-product","3":"status-publish","4":"has-post-thumbnail","6":"product_brand-victoria-vynn","7":"product_cat-nail-care","8":"product_tag-nail-care","9":"product_tag-senso-nail-care-oil","10":"product_shipping_class-cardboard-box","11":"pa_size-250ml","13":"first","14":"instock","15":"taxable","16":"shipping-taxable","17":"purchasable","18":"product-type-simple"},"jetpack_publicize_connections":[],"jetpack-related-posts":[{"id":2786,"url":"https:\/\/victoriavynn.ca\/fr\/product\/senso-super-moisturizing-cream-follow-me\/","url_meta":{"origin":2790,"position":0},"title":"Cr\u00e8me pour les mains Senso Follow Me","author":"Serge Sahakian","date":"ao\u00fbt 18, 2022","format":false,"excerpt":"Victoria VYNN Senso Follow me est une cr\u00e8me super hydratante. Effet complet ! Cr\u00e8me hydratante et nourrissante pour les mains et le corps avec un parfum. Hydrate intens\u00e9ment, r\u00e9g\u00e9n\u00e8re et renforce la barri\u00e8re protectrice naturelle de la peau. P\u00e9n\u00e8tre parfaitement et laisse un film d\u00e9licat et velout\u00e9 sur la peau. Restaure imm\u00e9diatement...","rel":"","context":"Similar post","block_context":{"text":"Similar post","link":""},"img":{"alt_text":"victoria vynn senso follow me","src":"https:\/\/i0.wp.com\/victoriavynn.ca\/wp-content\/uploads\/2022\/08\/victoria-vynn-senso-follow-me.webp?fit=750%2C1000&ssl=1&resize=350%2C200","width":350,"height":200,"srcset":"https:\/\/i0.wp.com\/victoriavynn.ca\/wp-content\/uploads\/2022\/08\/victoria-vynn-senso-follow-me.webp?fit=750%2C1000&ssl=1&resize=350%2C200 1x, https:\/\/i0.wp.com\/victoriavynn.ca\/wp-content\/uploads\/2022\/08\/victoria-vynn-senso-follow-me.webp?fit=750%2C1000&ssl=1&resize=525%2C300 1.5x, https:\/\/i0.wp.com\/victoriavynn.ca\/wp-content\/uploads\/2022\/08\/victoria-vynn-senso-follow-me.webp?fit=750%2C1000&ssl=1&resize=700%2C400 2x"},"classes":[]},{"id":2788,"url":"https:\/\/victoriavynn.ca\/fr\/product\/senso-super-moisturizing-cream-kiss-me\/","url_meta":{"origin":2790,"position":1},"title":"Cr\u00e8me pour les mains Senso Kiss Me","author":"Serge Sahakian","date":"ao\u00fbt 18, 2022","format":false,"excerpt":"Victoria VYNN Senso Kiss Me est une cr\u00e8me super hydratante. Effet complet ! Cr\u00e8me hydratante et nourrissante pour les mains et le corps avec un parfum. Hydrate intens\u00e9ment, r\u00e9g\u00e9n\u00e8re et renforce la barri\u00e8re protectrice naturelle de la peau. P\u00e9n\u00e8tre parfaitement et laisse un film d\u00e9licat et velout\u00e9 sur la peau. Restaure imm\u00e9diatement...","rel":"","context":"Similar post","block_context":{"text":"Similar post","link":""},"img":{"alt_text":"vitoria vynn kiss me","src":"https:\/\/i0.wp.com\/victoriavynn.ca\/wp-content\/uploads\/2022\/08\/vitoria-vynn-kiss-me.webp?fit=750%2C1000&ssl=1&resize=350%2C200","width":350,"height":200,"srcset":"https:\/\/i0.wp.com\/victoriavynn.ca\/wp-content\/uploads\/2022\/08\/vitoria-vynn-kiss-me.webp?fit=750%2C1000&ssl=1&resize=350%2C200 1x, https:\/\/i0.wp.com\/victoriavynn.ca\/wp-content\/uploads\/2022\/08\/vitoria-vynn-kiss-me.webp?fit=750%2C1000&ssl=1&resize=525%2C300 1.5x, https:\/\/i0.wp.com\/victoriavynn.ca\/wp-content\/uploads\/2022\/08\/vitoria-vynn-kiss-me.webp?fit=750%2C1000&ssl=1&resize=700%2C400 2x"},"classes":[]},{"id":17500,"url":"https:\/\/victoriavynn.ca\/fr\/product\/pharm-foot-dermo-intense-250ml-urea-line\/","url_meta":{"origin":2790,"position":2},"title":"Pharm Foot Dermo Intense 250ml (Ligne Ur\u00e9e)","author":"Serge Sahakian","date":"avril 7, 2024","format":false,"excerpt":"CR\u00c8ME HYDRATANTE ANTI-CALLUS \u00c0 L'UREA ET AU COLLAG\u00c8NE Contenance 250 g Principes actifs : \u00a0","rel":"","context":"Similar post","block_context":{"text":"Similar post","link":""},"img":{"alt_text":"Pharm Foot Dermo Intense 250g","src":"https:\/\/i0.wp.com\/victoriavynn.ca\/wp-content\/uploads\/2024\/04\/pharm-foot-dermo-intense-250g-.webp?fit=750%2C1000&ssl=1&resize=350%2C200","width":350,"height":200,"srcset":"https:\/\/i0.wp.com\/victoriavynn.ca\/wp-content\/uploads\/2024\/04\/pharm-foot-dermo-intense-250g-.webp?fit=750%2C1000&ssl=1&resize=350%2C200 1x, https:\/\/i0.wp.com\/victoriavynn.ca\/wp-content\/uploads\/2024\/04\/pharm-foot-dermo-intense-250g-.webp?fit=750%2C1000&ssl=1&resize=525%2C300 1.5x, https:\/\/i0.wp.com\/victoriavynn.ca\/wp-content\/uploads\/2024\/04\/pharm-foot-dermo-intense-250g-.webp?fit=750%2C1000&ssl=1&resize=700%2C400 2x"},"classes":[]},{"id":17496,"url":"https:\/\/victoriavynn.ca\/fr\/product\/pharm-foot-hydro-cream-250ml-urea-line\/","url_meta":{"origin":2790,"position":3},"title":"Pharm Foot Hydro Cream 250ml (Urea Line)","author":"Serge Sahakian","date":"avril 7, 2024","format":false,"excerpt":"Spray Hydratant Peau S\u00e8che avec 10% UREA &amp; Humectants Contenance 150ml Ingr\u00e9dients actifs :","rel":"","context":"Similar post","block_context":{"text":"Similar post","link":""},"img":{"alt_text":"PHARM FOOT HYDRO CREAM SPRAY","src":"https:\/\/i0.wp.com\/victoriavynn.ca\/wp-content\/uploads\/2024\/04\/pharm-foot-hydro-cream-spray-.webp?fit=750%2C1000&ssl=1&resize=350%2C200","width":350,"height":200,"srcset":"https:\/\/i0.wp.com\/victoriavynn.ca\/wp-content\/uploads\/2024\/04\/pharm-foot-hydro-cream-spray-.webp?fit=750%2C1000&ssl=1&resize=350%2C200 1x, https:\/\/i0.wp.com\/victoriavynn.ca\/wp-content\/uploads\/2024\/04\/pharm-foot-hydro-cream-spray-.webp?fit=750%2C1000&ssl=1&resize=525%2C300 1.5x, https:\/\/i0.wp.com\/victoriavynn.ca\/wp-content\/uploads\/2024\/04\/pharm-foot-hydro-cream-spray-.webp?fit=750%2C1000&ssl=1&resize=700%2C400 2x"},"classes":[]},{"id":11350,"url":"https:\/\/victoriavynn.ca\/fr\/product\/pharm-foot-best-hand-and-body-butter\/","url_meta":{"origin":2790,"position":4},"title":"Pharm Foot Paradise Butter 120ml (SPA Ritual Paradise Touch)","author":"Serge Sahakian","date":"avril 13, 2023","format":false,"excerpt":"SPA Ritual Paradise Touch Butter est le meilleur beurre pour les mains et le corps qui est sp\u00e9cialement utilis\u00e9 pour garder la peau de tout le corps en parfaite condition, saine, radieuse et nourrie. Enrichi de 100% ingr\u00e9dients naturels tels que les huiles d'abricot, d'avocat, d'amande douce, le beurre de karit\u00e9 et la cire d'abeille, le...","rel":"","context":"Similar post","block_context":{"text":"Similar post","link":""},"img":{"alt_text":"Victoria VYNN Pharm Foot SPA Ritual Paradise Touch Best Hand and Body butter bergamot & grapefruit","src":"https:\/\/i0.wp.com\/victoriavynn.ca\/wp-content\/uploads\/2023\/04\/Victoria-VYNN-Pharm-Foot-SPA-Ritual-Paradise-Touch-Best-Hand-and-Body-butter-bergamot-grapefruit-1-1.webp?fit=750%2C1000&ssl=1&resize=350%2C200","width":350,"height":200,"srcset":"https:\/\/i0.wp.com\/victoriavynn.ca\/wp-content\/uploads\/2023\/04\/Victoria-VYNN-Pharm-Foot-SPA-Ritual-Paradise-Touch-Best-Hand-and-Body-butter-bergamot-grapefruit-1-1.webp?fit=750%2C1000&ssl=1&resize=350%2C200 1x, https:\/\/i0.wp.com\/victoriavynn.ca\/wp-content\/uploads\/2023\/04\/Victoria-VYNN-Pharm-Foot-SPA-Ritual-Paradise-Touch-Best-Hand-and-Body-butter-bergamot-grapefruit-1-1.webp?fit=750%2C1000&ssl=1&resize=525%2C300 1.5x, https:\/\/i0.wp.com\/victoriavynn.ca\/wp-content\/uploads\/2023\/04\/Victoria-VYNN-Pharm-Foot-SPA-Ritual-Paradise-Touch-Best-Hand-and-Body-butter-bergamot-grapefruit-1-1.webp?fit=750%2C1000&ssl=1&resize=700%2C400 2x"},"classes":[]},{"id":21203,"url":"https:\/\/victoriavynn.ca\/fr\/product\/victoria-vynn-senso-nail-care-oil-love-me\/","url_meta":{"origin":2790,"position":5},"title":"Victoria VYNN Senso Nail Care Oil Love Me","author":"Serge Sahakian","date":"mars 19, 2025","format":false,"excerpt":"Un rituel luxueux qui changera votre manucure ! Plein d'huiles puissantes et nourrissantes avec des particules illuminatrices pour les cuticules et les ongles. Choisissez votre fragrance pr\u00e9f\u00e9r\u00e9e inspir\u00e9e des parfums de luxe. Gr\u00e2ce \u00e0 des huiles et des vitamines soigneusement s\u00e9lectionn\u00e9es, vos ongles auront l'air en bonne sant\u00e9 et vos cuticules deviendront douces...","rel":"","context":"Similar post","block_context":{"text":"Similar post","link":""},"img":{"alt_text":"victoria vynn senso nail care oil love me","src":"https:\/\/i0.wp.com\/victoriavynn.ca\/wp-content\/uploads\/2025\/03\/victoria-vynn-senso-nail-care-oil-love-me.webp?fit=750%2C1000&ssl=1&resize=350%2C200","width":350,"height":200,"srcset":"https:\/\/i0.wp.com\/victoriavynn.ca\/wp-content\/uploads\/2025\/03\/victoria-vynn-senso-nail-care-oil-love-me.webp?fit=750%2C1000&ssl=1&resize=350%2C200 1x, https:\/\/i0.wp.com\/victoriavynn.ca\/wp-content\/uploads\/2025\/03\/victoria-vynn-senso-nail-care-oil-love-me.webp?fit=750%2C1000&ssl=1&resize=525%2C300 1.5x, https:\/\/i0.wp.com\/victoriavynn.ca\/wp-content\/uploads\/2025\/03\/victoria-vynn-senso-nail-care-oil-love-me.webp?fit=750%2C1000&ssl=1&resize=700%2C400 2x"},"classes":[]}],"jetpack_sharing_enabled":true,"_links":{"self":[{"href":"https:\/\/victoriavynn.ca\/fr\/wp-json\/wp\/v2\/product\/2790","targetHints":{"allow":["GET"]}}],"collection":[{"href":"https:\/\/victoriavynn.ca\/fr\/wp-json\/wp\/v2\/product"}],"about":[{"href":"https:\/\/victoriavynn.ca\/fr\/wp-json\/wp\/v2\/types\/product"}],"replies":[{"embeddable":true,"href":"https:\/\/victoriavynn.ca\/fr\/wp-json\/wp\/v2\/comments?post=2790"}],"wp:featuredmedia":[{"embeddable":true,"href":"https:\/\/victoriavynn.ca\/fr\/wp-json\/wp\/v2\/media\/40783"}],"wp:attachment":[{"href":"https:\/\/victoriavynn.ca\/fr\/wp-json\/wp\/v2\/media?parent=2790"}],"wp:term":[{"taxonomy":"product_brand","embeddable":true,"href":"https:\/\/victoriavynn.ca\/fr\/wp-json\/wp\/v2\/product_brand?post=2790"},{"taxonomy":"product_cat","embeddable":true,"href":"https:\/\/victoriavynn.ca\/fr\/wp-json\/wp\/v2\/product_cat?post=2790"},{"taxonomy":"product_tag","embeddable":true,"href":"https:\/\/victoriavynn.ca\/fr\/wp-json\/wp\/v2\/product_tag?post=2790"}],"curies":[{"name":"wp","href":"https:\/\/api.w.org\/{rel}","templated":true}]}}