{"id":28494,"date":"2025-10-08T19:08:51","date_gmt":"2025-10-08T23:08:51","guid":{"rendered":"https:\/\/victoriavynn.ca\/product\/msmo-double-brush-for-acrygel-application-precision\/"},"modified":"2026-02-13T18:32:13","modified_gmt":"2026-02-13T23:32:13","slug":"pinceau-double-msmo-pour-une-application-precise-de-lacrygel","status":"publish","type":"product","link":"https:\/\/victoriavynn.ca\/fr\/product\/msmo-double-brush-for-acrygel-application-precision\/","title":{"rendered":"MSMO Double Brush for Acrygel - Application et pr\u00e9cision"},"content":{"rendered":"","protected":false},"excerpt":{"rendered":"","protected":false},"featured_media":28495,"comment_status":"open","ping_status":"closed","template":"","meta":{"jetpack_post_was_ever_published":false,"jetpack_publicize_message":"","jetpack_publicize_feature_enabled":true,"jetpack_social_post_already_shared":true,"jetpack_social_options":{"image_generator_settings":{"template":"highway","default_image_id":0,"font":"","enabled":false},"version":2}},"product_brand":[],"product_cat":[917],"product_tag":[611],"class_list":{"0":"post-28494","1":"product","2":"type-product","3":"status-publish","4":"has-post-thumbnail","6":"product_cat-msmo-brushes","7":"product_tag-nail-brushes","9":"first","10":"outofstock","11":"taxable","12":"shipping-taxable","13":"purchasable","14":"product-type-simple"},"jetpack_publicize_connections":[],"jetpack-related-posts":[{"id":28854,"url":"https:\/\/victoriavynn.ca\/fr\/product\/msmo-pinceau-oval-application-gel-acrygel\/","url_meta":{"origin":28494,"position":0},"title":"MSMO Pinceau Oval - Gel d'application et Acrygel","author":"Serge Sahakian","date":"octobre 9, 2025","format":false,"excerpt":"","rel":"","context":"Similar post","block_context":{"text":"Similar post","link":""},"img":{"alt_text":"","src":"https:\/\/i0.wp.com\/victoriavynn.ca\/wp-content\/uploads\/2025\/10\/oval.png?fit=1080%2C1080&ssl=1&resize=350%2C200","width":350,"height":200,"srcset":"https:\/\/i0.wp.com\/victoriavynn.ca\/wp-content\/uploads\/2025\/10\/oval.png?fit=1080%2C1080&ssl=1&resize=350%2C200 1x, https:\/\/i0.wp.com\/victoriavynn.ca\/wp-content\/uploads\/2025\/10\/oval.png?fit=1080%2C1080&ssl=1&resize=525%2C300 1.5x, https:\/\/i0.wp.com\/victoriavynn.ca\/wp-content\/uploads\/2025\/10\/oval.png?fit=1080%2C1080&ssl=1&resize=700%2C400 2x, https:\/\/i0.wp.com\/victoriavynn.ca\/wp-content\/uploads\/2025\/10\/oval.png?fit=1080%2C1080&ssl=1&resize=1050%2C600 3x"},"classes":[]},{"id":28852,"url":"https:\/\/victoriavynn.ca\/fr\/product\/msmo-pinceau-flat-brush-application-gel-base-msmo\/","url_meta":{"origin":28494,"position":1},"title":"MSMO Pinceau plat - Gel d'application et base | MSMO","author":"Serge Sahakian","date":"octobre 9, 2025","format":false,"excerpt":"","rel":"","context":"Similar post","block_context":{"text":"Similar post","link":""},"img":{"alt_text":"","src":"https:\/\/i0.wp.com\/victoriavynn.ca\/wp-content\/uploads\/2025\/10\/msmo-flat.png?fit=1080%2C1080&ssl=1&resize=350%2C200","width":350,"height":200,"srcset":"https:\/\/i0.wp.com\/victoriavynn.ca\/wp-content\/uploads\/2025\/10\/msmo-flat.png?fit=1080%2C1080&ssl=1&resize=350%2C200 1x, https:\/\/i0.wp.com\/victoriavynn.ca\/wp-content\/uploads\/2025\/10\/msmo-flat.png?fit=1080%2C1080&ssl=1&resize=525%2C300 1.5x, https:\/\/i0.wp.com\/victoriavynn.ca\/wp-content\/uploads\/2025\/10\/msmo-flat.png?fit=1080%2C1080&ssl=1&resize=700%2C400 2x, https:\/\/i0.wp.com\/victoriavynn.ca\/wp-content\/uploads\/2025\/10\/msmo-flat.png?fit=1080%2C1080&ssl=1&resize=1050%2C600 3x"},"classes":[]},{"id":28929,"url":"https:\/\/victoriavynn.ca\/fr\/product\/msmo-ombre-brush\/","url_meta":{"origin":28494,"position":2},"title":"Pinceau MSMO Ombre","author":"Serge Sahakian","date":"octobre 9, 2025","format":false,"excerpt":"","rel":"","context":"Similar post","block_context":{"text":"Similar post","link":""},"img":{"alt_text":"","src":"https:\/\/i0.wp.com\/victoriavynn.ca\/wp-content\/uploads\/2025\/10\/ombre-brush.png?fit=1200%2C1200&ssl=1&resize=350%2C200","width":350,"height":200,"srcset":"https:\/\/i0.wp.com\/victoriavynn.ca\/wp-content\/uploads\/2025\/10\/ombre-brush.png?fit=1200%2C1200&ssl=1&resize=350%2C200 1x, https:\/\/i0.wp.com\/victoriavynn.ca\/wp-content\/uploads\/2025\/10\/ombre-brush.png?fit=1200%2C1200&ssl=1&resize=525%2C300 1.5x, https:\/\/i0.wp.com\/victoriavynn.ca\/wp-content\/uploads\/2025\/10\/ombre-brush.png?fit=1200%2C1200&ssl=1&resize=700%2C400 2x, https:\/\/i0.wp.com\/victoriavynn.ca\/wp-content\/uploads\/2025\/10\/ombre-brush.png?fit=1200%2C1200&ssl=1&resize=1050%2C600 3x"},"classes":[]},{"id":28815,"url":"https:\/\/victoriavynn.ca\/fr\/product\/msmo-pinceau-liner-9-mm-details-traits-precis-msmo\/","url_meta":{"origin":28494,"position":3},"title":"MSMO Pinceau Liner 9 mm - D\u00e9tails &amp; Traits Pr\u00e9cis | MSMO","author":"Serge Sahakian","date":"octobre 9, 2025","format":false,"excerpt":"","rel":"","context":"Similar post","block_context":{"text":"Similar post","link":""},"img":{"alt_text":"","src":"https:\/\/i0.wp.com\/victoriavynn.ca\/wp-content\/uploads\/2025\/10\/pinc-9mm.png?fit=1200%2C1200&ssl=1&resize=350%2C200","width":350,"height":200,"srcset":"https:\/\/i0.wp.com\/victoriavynn.ca\/wp-content\/uploads\/2025\/10\/pinc-9mm.png?fit=1200%2C1200&ssl=1&resize=350%2C200 1x, https:\/\/i0.wp.com\/victoriavynn.ca\/wp-content\/uploads\/2025\/10\/pinc-9mm.png?fit=1200%2C1200&ssl=1&resize=525%2C300 1.5x, https:\/\/i0.wp.com\/victoriavynn.ca\/wp-content\/uploads\/2025\/10\/pinc-9mm.png?fit=1200%2C1200&ssl=1&resize=700%2C400 2x, https:\/\/i0.wp.com\/victoriavynn.ca\/wp-content\/uploads\/2025\/10\/pinc-9mm.png?fit=1200%2C1200&ssl=1&resize=1050%2C600 3x"},"classes":[]},{"id":51440,"url":"https:\/\/victoriavynn.ca\/fr\/product\/staleks-double-ended-brush-expert-liner-7-mm-for-gel-7mm\/","url_meta":{"origin":28494,"position":4},"title":"Staleks Pinceau \u00e0 double extr\u00e9mit\u00e9 EXPERT liner 7 mm \/ pour gel 7mm","author":"Serge Sahakian","date":"mars 4, 2026","format":false,"excerpt":"NBE-01\/04","rel":"","context":"Similar post","block_context":{"text":"Similar post","link":""},"img":{"alt_text":"","src":"https:\/\/i0.wp.com\/victoriavynn.ca\/wp-content\/uploads\/2026\/03\/a1ca4602065c44329acaca479c213949.jpg?fit=1200%2C1200&ssl=1&resize=350%2C200","width":350,"height":200,"srcset":"https:\/\/i0.wp.com\/victoriavynn.ca\/wp-content\/uploads\/2026\/03\/a1ca4602065c44329acaca479c213949.jpg?fit=1200%2C1200&ssl=1&resize=350%2C200 1x, https:\/\/i0.wp.com\/victoriavynn.ca\/wp-content\/uploads\/2026\/03\/a1ca4602065c44329acaca479c213949.jpg?fit=1200%2C1200&ssl=1&resize=525%2C300 1.5x, https:\/\/i0.wp.com\/victoriavynn.ca\/wp-content\/uploads\/2026\/03\/a1ca4602065c44329acaca479c213949.jpg?fit=1200%2C1200&ssl=1&resize=700%2C400 2x, https:\/\/i0.wp.com\/victoriavynn.ca\/wp-content\/uploads\/2026\/03\/a1ca4602065c44329acaca479c213949.jpg?fit=1200%2C1200&ssl=1&resize=1050%2C600 3x"},"classes":[]},{"id":51442,"url":"https:\/\/victoriavynn.ca\/fr\/product\/staleks-double-ended-brush-expert-liner-7-mm-for-gradient-11-mm\/","url_meta":{"origin":28494,"position":5},"title":"Staleks Pinceau \u00e0 double extr\u00e9mit\u00e9 EXPERT liner 7 mm \/ pour d\u00e9grad\u00e9 11 mm","author":"Serge Sahakian","date":"mars 4, 2026","format":false,"excerpt":"NBE-01\/07","rel":"","context":"Similar post","block_context":{"text":"Similar post","link":""},"img":{"alt_text":"9de538695cbb8f61a5d936a02e727a88","src":"https:\/\/i0.wp.com\/victoriavynn.ca\/wp-content\/uploads\/2026\/03\/9de538695cbb8f61a5d936a02e727a88.jpg?fit=1200%2C1200&ssl=1&resize=350%2C200","width":350,"height":200,"srcset":"https:\/\/i0.wp.com\/victoriavynn.ca\/wp-content\/uploads\/2026\/03\/9de538695cbb8f61a5d936a02e727a88.jpg?fit=1200%2C1200&ssl=1&resize=350%2C200 1x, https:\/\/i0.wp.com\/victoriavynn.ca\/wp-content\/uploads\/2026\/03\/9de538695cbb8f61a5d936a02e727a88.jpg?fit=1200%2C1200&ssl=1&resize=525%2C300 1.5x, https:\/\/i0.wp.com\/victoriavynn.ca\/wp-content\/uploads\/2026\/03\/9de538695cbb8f61a5d936a02e727a88.jpg?fit=1200%2C1200&ssl=1&resize=700%2C400 2x, https:\/\/i0.wp.com\/victoriavynn.ca\/wp-content\/uploads\/2026\/03\/9de538695cbb8f61a5d936a02e727a88.jpg?fit=1200%2C1200&ssl=1&resize=1050%2C600 3x"},"classes":[]}],"jetpack_sharing_enabled":true,"_links":{"self":[{"href":"https:\/\/victoriavynn.ca\/fr\/wp-json\/wp\/v2\/product\/28494","targetHints":{"allow":["GET"]}}],"collection":[{"href":"https:\/\/victoriavynn.ca\/fr\/wp-json\/wp\/v2\/product"}],"about":[{"href":"https:\/\/victoriavynn.ca\/fr\/wp-json\/wp\/v2\/types\/product"}],"replies":[{"embeddable":true,"href":"https:\/\/victoriavynn.ca\/fr\/wp-json\/wp\/v2\/comments?post=28494"}],"wp:featuredmedia":[{"embeddable":true,"href":"https:\/\/victoriavynn.ca\/fr\/wp-json\/wp\/v2\/media\/28495"}],"wp:attachment":[{"href":"https:\/\/victoriavynn.ca\/fr\/wp-json\/wp\/v2\/media?parent=28494"}],"wp:term":[{"taxonomy":"product_brand","embeddable":true,"href":"https:\/\/victoriavynn.ca\/fr\/wp-json\/wp\/v2\/product_brand?post=28494"},{"taxonomy":"product_cat","embeddable":true,"href":"https:\/\/victoriavynn.ca\/fr\/wp-json\/wp\/v2\/product_cat?post=28494"},{"taxonomy":"product_tag","embeddable":true,"href":"https:\/\/victoriavynn.ca\/fr\/wp-json\/wp\/v2\/product_tag?post=28494"}],"curies":[{"name":"wp","href":"https:\/\/api.w.org\/{rel}","templated":true}]}}