{"id":2872,"date":"2022-08-18T14:13:47","date_gmt":"2022-08-18T18:13:47","guid":{"rendered":"https:\/\/victoriavynn.ca\/index.php\/product\/victoria-vynn-pure-duo-prep-dehydrator-cleanser-1000ml\/"},"modified":"2026-04-01T13:54:57","modified_gmt":"2026-04-01T17:54:57","slug":"deshydrateur-et-nettoyant-pure-duo-nail-prep","status":"publish","type":"product","link":"https:\/\/victoriavynn.ca\/fr\/product\/pure-duo-nail-prep-dehydrator-and-cleanser\/","title":{"rendered":"D\u00e9shydrateur et nettoyant Pure Duo Prep"},"content":{"rendered":"<p>Victoria VYNN Pure Duo Nail Prep Dehydrator &amp; Cleanser est un liquide pour d\u00e9graisser la plaque de l'ongle et enlever la couche de dispersion d'une manucure pr\u00eate. Une combinaison de 2en1.<\/p>\n<p>Victoria VYNN, la marque de vernis \u00e0 gel la plus vendue au Canada, fournit aux proth\u00e9sistes ongulaires et aux professionnels des produits de haute qualit\u00e9 pour cr\u00e9er des finitions \u00e9tonnantes de nail art. V\u00e9rifiez notre site fr\u00e9quemment pour les nouveaux produits !<\/p>\n<p>&nbsp;<\/p>","protected":false},"excerpt":{"rendered":"<p>Victoria VYNN Pure Duo Nail Prep Dehydrator &amp; Cleanser est un liquide pour d\u00e9graisser la plaque de l'ongle et enlever la couche de dispersion d'une manucure pr\u00eate. Une combinaison de 2en1.<\/p>\n<p>Victoria VYNN, la marque de vernis \u00e0 gel la plus vendue au Canada, fournit aux proth\u00e9sistes ongulaires et aux professionnels des produits de haute qualit\u00e9 pour cr\u00e9er des finitions \u00e9tonnantes de nail art. V\u00e9rifiez notre site fr\u00e9quemment pour les nouveaux produits !<\/p>","protected":false},"featured_media":20834,"comment_status":"open","ping_status":"closed","template":"","meta":{"jetpack_post_was_ever_published":false,"jetpack_publicize_message":"","jetpack_publicize_feature_enabled":true,"jetpack_social_post_already_shared":true,"jetpack_social_options":{"image_generator_settings":{"template":"highway","default_image_id":0,"font":"","enabled":false},"version":2}},"product_brand":[],"product_cat":[53,16,49],"product_tag":[90],"class_list":{"0":"post-2872","1":"product","2":"type-product","3":"status-publish","4":"has-post-thumbnail","6":"product_cat-gel-nail-preps","7":"product_cat-hybrid-nail-gel-polishes","8":"product_cat-gel-manicure-preparations","9":"product_tag-nail-preparations","10":"product_shipping_class-cardboard-box","12":"first","13":"instock","14":"taxable","15":"shipping-taxable","16":"purchasable","17":"product-type-variable","18":"wvs-archive-product-wrapper"},"jetpack_publicize_connections":[],"jetpack-related-posts":[{"id":1706,"url":"https:\/\/victoriavynn.ca\/fr\/product\/nail-prep-nail-dehydrator\/","url_meta":{"origin":2872,"position":0},"title":"Pr\u00e9paration des ongles de salon (d\u00e9shydrateur d'ongles)","author":"Serge Sahakian","date":"mars 17, 2020","format":false,"excerpt":"Victoria VYNN Nail Prep est le d\u00e9shydrateur d'ongles le plus connu. Une pr\u00e9paration professionnelle pour d\u00e9graisser les ongles. Victoria VYNN, la marque de vernis gel la plus vendue au Canada, fournit aux proth\u00e9sistes ongulaires et aux professionnels des produits de haute qualit\u00e9 pour cr\u00e9er des finitions d'art de l'ongle \u00e9tonnantes. Consultez notre site fr\u00e9quemment pour les nouveaux produits !","rel":"","context":"Similar post","block_context":{"text":"Similar post","link":""},"img":{"alt_text":"victoria vynn nail prep salon dehydrator 15ml new","src":"https:\/\/i0.wp.com\/victoriavynn.ca\/wp-content\/uploads\/2020\/03\/victoria-vynn-nail-prep-salon-dehydrator-15ml-new.webp?fit=750%2C1000&ssl=1&resize=350%2C200","width":350,"height":200,"srcset":"https:\/\/i0.wp.com\/victoriavynn.ca\/wp-content\/uploads\/2020\/03\/victoria-vynn-nail-prep-salon-dehydrator-15ml-new.webp?fit=750%2C1000&ssl=1&resize=350%2C200 1x, https:\/\/i0.wp.com\/victoriavynn.ca\/wp-content\/uploads\/2020\/03\/victoria-vynn-nail-prep-salon-dehydrator-15ml-new.webp?fit=750%2C1000&ssl=1&resize=525%2C300 1.5x, https:\/\/i0.wp.com\/victoriavynn.ca\/wp-content\/uploads\/2020\/03\/victoria-vynn-nail-prep-salon-dehydrator-15ml-new.webp?fit=750%2C1000&ssl=1&resize=700%2C400 2x"},"classes":[]},{"id":2900,"url":"https:\/\/victoriavynn.ca\/fr\/product\/nail-dehydrator-extra-adhesion\/","url_meta":{"origin":2872,"position":1},"title":"Adh\u00e9sion suppl\u00e9mentaire du d\u00e9shydrateur","author":"Serge Sahakian","date":"ao\u00fbt 18, 2022","format":false,"excerpt":"Victoria VYNN D\u00e9shydrateur d'ongles Extra Adh\u00e9sion - Pr\u00e9paration pour le d\u00e9graissage et le nettoyage de la plaque de l'ongle naturel. Elimine parfaitement la poussi\u00e8re form\u00e9e lors de la pr\u00e9paration des ongles pour la manucure. D\u00e9sinfecte la plaque, \u00e9limine les bact\u00e9ries. Augmente l'adh\u00e9rence des vernis hybrides, gel, acrylique et acrylique-gel. Laisse un parfum tr\u00e8s agr\u00e9able. A...","rel":"","context":"Similar post","block_context":{"text":"Similar post","link":""},"img":{"alt_text":"Nail Dehydrator 60ml","src":"https:\/\/i0.wp.com\/victoriavynn.ca\/wp-content\/uploads\/2022\/08\/Nail-Dehydrator-60ml.png?fit=1000%2C1000&ssl=1&resize=350%2C200","width":350,"height":200,"srcset":"https:\/\/i0.wp.com\/victoriavynn.ca\/wp-content\/uploads\/2022\/08\/Nail-Dehydrator-60ml.png?fit=1000%2C1000&ssl=1&resize=350%2C200 1x, https:\/\/i0.wp.com\/victoriavynn.ca\/wp-content\/uploads\/2022\/08\/Nail-Dehydrator-60ml.png?fit=1000%2C1000&ssl=1&resize=525%2C300 1.5x, https:\/\/i0.wp.com\/victoriavynn.ca\/wp-content\/uploads\/2022\/08\/Nail-Dehydrator-60ml.png?fit=1000%2C1000&ssl=1&resize=700%2C400 2x"},"classes":[]},{"id":1694,"url":"https:\/\/victoriavynn.ca\/fr\/product\/non-acid-bonder\/","url_meta":{"origin":2872,"position":2},"title":"Ruban adh\u00e9sif pour vernis \u00e0 ongles de salon","author":"Serge Sahakian","date":"mars 17, 2020","format":false,"excerpt":"Victoria VYNN Tape Bond est un produit sans acide qui augmente l'adh\u00e9rence des produits \u00e0 la plaque de l'ongle naturel. Le liant non acide est la base de l'ensemble de la conception, fusionne parfaitement les ongles naturels avec une base hybride, gel ou acrylique-gel. La marque de vernis gel la plus vendue au Canada, Victoria VYNN, offre...","rel":"","context":"Similar post","block_context":{"text":"Similar post","link":""},"img":{"alt_text":"victoria vynn tape bond 8ml new","src":"https:\/\/i0.wp.com\/victoriavynn.ca\/wp-content\/uploads\/2024\/04\/victoria-vynn-tape-bond-8ml-new.webp?fit=750%2C1000&ssl=1&resize=350%2C200","width":350,"height":200,"srcset":"https:\/\/i0.wp.com\/victoriavynn.ca\/wp-content\/uploads\/2024\/04\/victoria-vynn-tape-bond-8ml-new.webp?fit=750%2C1000&ssl=1&resize=350%2C200 1x, https:\/\/i0.wp.com\/victoriavynn.ca\/wp-content\/uploads\/2024\/04\/victoria-vynn-tape-bond-8ml-new.webp?fit=750%2C1000&ssl=1&resize=525%2C300 1.5x, https:\/\/i0.wp.com\/victoriavynn.ca\/wp-content\/uploads\/2024\/04\/victoria-vynn-tape-bond-8ml-new.webp?fit=750%2C1000&ssl=1&resize=700%2C400 2x"},"classes":[]},{"id":2884,"url":"https:\/\/victoriavynn.ca\/fr\/product\/victoria-vynn-nail-art-gel-3d-smart-white\/","url_meta":{"origin":2872,"position":3},"title":"Gel de salon 3D UV\/LED Smart White","author":"Serge Sahakian","date":"ao\u00fbt 18, 2022","format":false,"excerpt":"Le gel blanc neige et cr\u00e9meux avec une couche de dispersion est parfait pour cr\u00e9er une ligne de sourire pr\u00e9cise dans une manucure fran\u00e7aise. Les gels \u00e0 forte pigmentation sont recommand\u00e9s pour les d\u00e9corations ou comme couche uniforme sur les ongles. Les couleurs peuvent \u00eatre combin\u00e9es entre elles, avec des vernis hybrides, ainsi qu'avec un top hybride. La consistance \u00e9paisse et cr\u00e9meuse...","rel":"","context":"Similar post","block_context":{"text":"Similar post","link":""},"img":{"alt_text":"nail art gel","src":"https:\/\/i0.wp.com\/victoriavynn.ca\/wp-content\/uploads\/2022\/08\/art-gel-3d-smart-white-5ml.jpeg?fit=753%2C753&ssl=1&resize=350%2C200","width":350,"height":200,"srcset":"https:\/\/i0.wp.com\/victoriavynn.ca\/wp-content\/uploads\/2022\/08\/art-gel-3d-smart-white-5ml.jpeg?fit=753%2C753&ssl=1&resize=350%2C200 1x, https:\/\/i0.wp.com\/victoriavynn.ca\/wp-content\/uploads\/2022\/08\/art-gel-3d-smart-white-5ml.jpeg?fit=753%2C753&ssl=1&resize=525%2C300 1.5x, https:\/\/i0.wp.com\/victoriavynn.ca\/wp-content\/uploads\/2022\/08\/art-gel-3d-smart-white-5ml.jpeg?fit=753%2C753&ssl=1&resize=700%2C400 2x"},"classes":[]},{"id":1227,"url":"https:\/\/victoriavynn.ca\/fr\/product\/2in1-acrylgel-brush\/","url_meta":{"origin":2872,"position":4},"title":"Pinceau et spatule Master Gel","author":"Serge Sahakian","date":"mars 15, 2020","format":false,"excerpt":"Acrylgel Brush is a tool for the application of Master Gel with two ends: brush and spatula. Canada\u2019s Best Selling Gel Polish Brand Victoria VYNN provides the nail techs and professionals with High Quality Nail Products to create astonishing nail art finishes. Check our site frequently for new products!","rel":"","context":"Similar post","block_context":{"text":"Similar post","link":""},"img":{"alt_text":"Acrylgel Brush","src":"https:\/\/i0.wp.com\/victoriavynn.ca\/wp-content\/uploads\/2020\/03\/Acrylgel-Brush.png?fit=1000%2C1000&ssl=1&resize=350%2C200","width":350,"height":200,"srcset":"https:\/\/i0.wp.com\/victoriavynn.ca\/wp-content\/uploads\/2020\/03\/Acrylgel-Brush.png?fit=1000%2C1000&ssl=1&resize=350%2C200 1x, https:\/\/i0.wp.com\/victoriavynn.ca\/wp-content\/uploads\/2020\/03\/Acrylgel-Brush.png?fit=1000%2C1000&ssl=1&resize=525%2C300 1.5x, https:\/\/i0.wp.com\/victoriavynn.ca\/wp-content\/uploads\/2020\/03\/Acrylgel-Brush.png?fit=1000%2C1000&ssl=1&resize=700%2C400 2x"},"classes":[]},{"id":52716,"url":"https:\/\/victoriavynn.ca\/fr\/product\/victoria-vynn-pure-vegan-gel-polish-no-277-pinkment\/","url_meta":{"origin":2872,"position":5},"title":"Victoria VYNN Pure Creamy Hybrid Gel Polish No. 277 PINKment","author":"Serge Sahakian","date":"mars 20, 2026","format":false,"excerpt":"Add a playful yet sophisticated touch to your manicure with Victoria VYNN Pure Creamy Hybrid Gel Polish No. 277 PINKment, a trendy pink shade designed for modern, expressive nail styling. Its creamy, medium-thick consistency ensures smooth, streak-free coverage, while the fan-shaped precision brush allows for effortless, controlled application. Created for\u2026","rel":"","context":"Similar post","block_context":{"text":"Similar post","link":""},"img":{"alt_text":"pure vegan creamy 277","src":"https:\/\/i0.wp.com\/victoriavynn.ca\/wp-content\/uploads\/2026\/03\/pure-vegan-creamy-277.webp?fit=750%2C1000&ssl=1&resize=350%2C200","width":350,"height":200,"srcset":"https:\/\/i0.wp.com\/victoriavynn.ca\/wp-content\/uploads\/2026\/03\/pure-vegan-creamy-277.webp?fit=750%2C1000&ssl=1&resize=350%2C200 1x, https:\/\/i0.wp.com\/victoriavynn.ca\/wp-content\/uploads\/2026\/03\/pure-vegan-creamy-277.webp?fit=750%2C1000&ssl=1&resize=525%2C300 1.5x, https:\/\/i0.wp.com\/victoriavynn.ca\/wp-content\/uploads\/2026\/03\/pure-vegan-creamy-277.webp?fit=750%2C1000&ssl=1&resize=700%2C400 2x"},"classes":[]}],"jetpack_sharing_enabled":true,"_links":{"self":[{"href":"https:\/\/victoriavynn.ca\/fr\/wp-json\/wp\/v2\/product\/2872","targetHints":{"allow":["GET"]}}],"collection":[{"href":"https:\/\/victoriavynn.ca\/fr\/wp-json\/wp\/v2\/product"}],"about":[{"href":"https:\/\/victoriavynn.ca\/fr\/wp-json\/wp\/v2\/types\/product"}],"replies":[{"embeddable":true,"href":"https:\/\/victoriavynn.ca\/fr\/wp-json\/wp\/v2\/comments?post=2872"}],"wp:featuredmedia":[{"embeddable":true,"href":"https:\/\/victoriavynn.ca\/fr\/wp-json\/wp\/v2\/media\/20834"}],"wp:attachment":[{"href":"https:\/\/victoriavynn.ca\/fr\/wp-json\/wp\/v2\/media?parent=2872"}],"wp:term":[{"taxonomy":"product_brand","embeddable":true,"href":"https:\/\/victoriavynn.ca\/fr\/wp-json\/wp\/v2\/product_brand?post=2872"},{"taxonomy":"product_cat","embeddable":true,"href":"https:\/\/victoriavynn.ca\/fr\/wp-json\/wp\/v2\/product_cat?post=2872"},{"taxonomy":"product_tag","embeddable":true,"href":"https:\/\/victoriavynn.ca\/fr\/wp-json\/wp\/v2\/product_tag?post=2872"}],"curies":[{"name":"wp","href":"https:\/\/api.w.org\/{rel}","templated":true}]}}