{"id":2884,"date":"2022-08-18T10:13:55","date_gmt":"2022-08-18T14:13:55","guid":{"rendered":"https:\/\/victoriavynn.ca\/index.php\/product\/victoria-vynn-smart-white-salon-art-gel-3d-uv-led\/"},"modified":"2026-04-16T14:33:42","modified_gmt":"2026-04-16T18:33:42","slug":"victoria-vynn-nail-art-gel-3d-smart-white","status":"publish","type":"product","link":"https:\/\/victoriavynn.ca\/fr\/product\/victoria-vynn-nail-art-gel-3d-smart-white\/","title":{"rendered":"Gel de salon 3D UV\/LED Smart White"},"content":{"rendered":"<p>Les gels Victoria VYNN 3D UV\/LED sont des gels nail art \u00e0 forte pigmentation, recommand\u00e9s pour diff\u00e9rents types de d\u00e9corations ou comme couche uniforme sur les ongles.<\/p>\n<p>Ce gel blanc comme neige, cr\u00e9meux, avec une couche de dispersion, est parfait pour cr\u00e9er une ligne de sourire pr\u00e9cise dans une manucure fran\u00e7aise.<\/p>\n<p>Les gels \u00e0 forte pigmentation sont recommand\u00e9s pour les d\u00e9corations ou comme couche uniforme sur les ongles. Les couleurs peuvent \u00eatre combin\u00e9es entre elles, avec des vernis hybrides, ainsi qu'avec un top hybride. La consistance \u00e9paisse et cr\u00e9meuse ne nivelle pas et ne coule pas. Le Smart White, blanc comme neige et cr\u00e9meux, est parfait pour cr\u00e9er une ligne de sourire pr\u00e9cise dans une manucure fran\u00e7aise. Durci dans des lampes UV et LED.<\/p>","protected":false},"excerpt":{"rendered":"<p>Ce gel blanc comme neige, cr\u00e9meux, avec une couche de dispersion, est parfait pour cr\u00e9er une ligne de sourire pr\u00e9cise dans une manucure fran\u00e7aise.<\/p>\n<p>Les gels \u00e0 forte pigmentation sont recommand\u00e9s pour les d\u00e9corations ou comme couche uniforme sur les ongles. Les couleurs peuvent \u00eatre combin\u00e9es entre elles, avec des vernis hybrides, ainsi qu'avec un top hybride. La consistance \u00e9paisse et cr\u00e9meuse ne nivelle pas et ne coule pas. Le Smart White, blanc comme neige et cr\u00e9meux, est parfait pour cr\u00e9er une ligne de sourire pr\u00e9cise dans une manucure fran\u00e7aise. Durci dans des lampes UV et LED.<\/p>\n<p>Victoria VYNN, la marque de vernis \u00e0 gel la plus vendue au Canada, fournit aux proth\u00e9sistes ongulaires et aux professionnels des produits de haute qualit\u00e9 pour cr\u00e9er des finitions \u00e9tonnantes de nail art. V\u00e9rifiez notre site fr\u00e9quemment pour les nouveaux produits !<\/p>","protected":false},"featured_media":2885,"comment_status":"open","ping_status":"closed","template":"","meta":{"jetpack_post_was_ever_published":false,"jetpack_publicize_message":"","jetpack_publicize_feature_enabled":true,"jetpack_social_post_already_shared":true,"jetpack_social_options":{"image_generator_settings":{"template":"highway","default_image_id":0,"font":"","enabled":false},"version":2}},"product_brand":[],"product_cat":[47],"product_tag":[88,604],"class_list":{"0":"post-2884","1":"product","2":"type-product","3":"status-publish","4":"has-post-thumbnail","6":"product_cat-3d-nail-art-gel","7":"product_tag-art-gel-3d-colors","8":"product_tag-nail-art","9":"product_shipping_class-cardboard-box","10":"pa_size-5ml","12":"first","13":"instock","14":"taxable","15":"shipping-taxable","16":"purchasable","17":"product-type-simple"},"jetpack_publicize_connections":[],"jetpack-related-posts":[{"id":2878,"url":"https:\/\/victoriavynn.ca\/fr\/product\/nail-art-gel-3d-creamy-white\/","url_meta":{"origin":2884,"position":0},"title":"Gel de salon pour ongles 3D UV\/LED blanc cr\u00e8me","author":"Serge Sahakian","date":"ao\u00fbt 18, 2022","format":false,"excerpt":"Victoria VYNN 3D UV\/LED Gel sont des gels de nail art \u00e0 forte pigmentation, recommand\u00e9s pour divers types de d\u00e9corations ou comme couche uniforme sur les ongles. Durcis dans une lampe UV et LED. La marque de vernis gel la plus vendue au Canada, Victoria VYNN, fournit aux proth\u00e9sistes ongulaires et aux professionnels...","rel":"","context":"Similar post","block_context":{"text":"Similar post","link":""},"img":{"alt_text":"3d nail art gel","src":"https:\/\/i0.wp.com\/victoriavynn.ca\/wp-content\/uploads\/2022\/08\/art-gel-3d-01-creamy-white-5ml.jpeg?fit=753%2C753&ssl=1&resize=350%2C200","width":350,"height":200,"srcset":"https:\/\/i0.wp.com\/victoriavynn.ca\/wp-content\/uploads\/2022\/08\/art-gel-3d-01-creamy-white-5ml.jpeg?fit=753%2C753&ssl=1&resize=350%2C200 1x, https:\/\/i0.wp.com\/victoriavynn.ca\/wp-content\/uploads\/2022\/08\/art-gel-3d-01-creamy-white-5ml.jpeg?fit=753%2C753&ssl=1&resize=525%2C300 1.5x, https:\/\/i0.wp.com\/victoriavynn.ca\/wp-content\/uploads\/2022\/08\/art-gel-3d-01-creamy-white-5ml.jpeg?fit=753%2C753&ssl=1&resize=700%2C400 2x"},"classes":[]},{"id":2880,"url":"https:\/\/victoriavynn.ca\/fr\/product\/nail-art-gel-3d-creamy-black\/","url_meta":{"origin":2884,"position":1},"title":"Gel de salon pour ongles 3D UV\/LED Noir cr\u00e8me","author":"Serge Sahakian","date":"ao\u00fbt 18, 2022","format":false,"excerpt":"Victoria VYNN 3D UV\/LED Gel sont des gels de nail art \u00e0 forte pigmentation, recommand\u00e9s pour divers types de d\u00e9corations ou comme couche uniforme sur les ongles. Durcis dans une lampe UV et LED. La marque de vernis gel la plus vendue au Canada, Victoria VYNN, fournit aux proth\u00e9sistes ongulaires et aux professionnels...","rel":"","context":"Similar post","block_context":{"text":"Similar post","link":""},"img":{"alt_text":"nail art gel 3d","src":"https:\/\/i0.wp.com\/victoriavynn.ca\/wp-content\/uploads\/2022\/08\/art-gel-3d-02-creamy-black-5ml.jpeg?fit=753%2C753&ssl=1&resize=350%2C200","width":350,"height":200,"srcset":"https:\/\/i0.wp.com\/victoriavynn.ca\/wp-content\/uploads\/2022\/08\/art-gel-3d-02-creamy-black-5ml.jpeg?fit=753%2C753&ssl=1&resize=350%2C200 1x, https:\/\/i0.wp.com\/victoriavynn.ca\/wp-content\/uploads\/2022\/08\/art-gel-3d-02-creamy-black-5ml.jpeg?fit=753%2C753&ssl=1&resize=525%2C300 1.5x, https:\/\/i0.wp.com\/victoriavynn.ca\/wp-content\/uploads\/2022\/08\/art-gel-3d-02-creamy-black-5ml.jpeg?fit=753%2C753&ssl=1&resize=700%2C400 2x"},"classes":[]},{"id":2882,"url":"https:\/\/victoriavynn.ca\/fr\/product\/nail-art-gel-3d-creamy-green\/","url_meta":{"origin":2884,"position":2},"title":"Gel de salon pour ongles 3D UV\/LED vert cr\u00e8me","author":"Serge Sahakian","date":"ao\u00fbt 18, 2022","format":false,"excerpt":"Victoria VYNN 3D UV\/LED Gel sont des gels de nail art \u00e0 forte pigmentation, recommand\u00e9s pour divers types de d\u00e9corations ou comme couche uniforme sur les ongles. Durcis dans une lampe UV et LED. La marque de vernis gel la plus vendue au Canada, Victoria VYNN, fournit aux proth\u00e9sistes ongulaires et aux professionnels...","rel":"","context":"Similar post","block_context":{"text":"Similar post","link":""},"img":{"alt_text":"nail art gel","src":"https:\/\/i0.wp.com\/victoriavynn.ca\/wp-content\/uploads\/2022\/08\/art-gel-3d-08-creamy-green-5ml.jpeg?fit=753%2C753&ssl=1&resize=350%2C200","width":350,"height":200,"srcset":"https:\/\/i0.wp.com\/victoriavynn.ca\/wp-content\/uploads\/2022\/08\/art-gel-3d-08-creamy-green-5ml.jpeg?fit=753%2C753&ssl=1&resize=350%2C200 1x, https:\/\/i0.wp.com\/victoriavynn.ca\/wp-content\/uploads\/2022\/08\/art-gel-3d-08-creamy-green-5ml.jpeg?fit=753%2C753&ssl=1&resize=525%2C300 1.5x, https:\/\/i0.wp.com\/victoriavynn.ca\/wp-content\/uploads\/2022\/08\/art-gel-3d-08-creamy-green-5ml.jpeg?fit=753%2C753&ssl=1&resize=700%2C400 2x"},"classes":[]},{"id":2886,"url":"https:\/\/victoriavynn.ca\/fr\/product\/nail-art-gel-3d-no-wipe-white\/","url_meta":{"origin":2884,"position":3},"title":"Salon Art Gel 3D UV\/LED No Wipe White","author":"Serge Sahakian","date":"ao\u00fbt 18, 2022","format":false,"excerpt":"Victoria VYNN 3D UV\/LED Gel sont des gels de nail art \u00e0 forte pigmentation, recommand\u00e9s pour divers types de d\u00e9corations ou comme couche uniforme sur les ongles. Durcis dans une lampe UV et LED. La marque de vernis gel la plus vendue au Canada, Victoria VYNN, fournit aux proth\u00e9sistes ongulaires et aux professionnels...","rel":"","context":"Similar post","block_context":{"text":"Similar post","link":""},"img":{"alt_text":"Nail Art Gel 3D","src":"https:\/\/i0.wp.com\/victoriavynn.ca\/wp-content\/uploads\/2022\/08\/Art-Gel-3D-1-2.jpg?fit=1000%2C1000&ssl=1&resize=350%2C200","width":350,"height":200,"srcset":"https:\/\/i0.wp.com\/victoriavynn.ca\/wp-content\/uploads\/2022\/08\/Art-Gel-3D-1-2.jpg?fit=1000%2C1000&ssl=1&resize=350%2C200 1x, https:\/\/i0.wp.com\/victoriavynn.ca\/wp-content\/uploads\/2022\/08\/Art-Gel-3D-1-2.jpg?fit=1000%2C1000&ssl=1&resize=525%2C300 1.5x, https:\/\/i0.wp.com\/victoriavynn.ca\/wp-content\/uploads\/2022\/08\/Art-Gel-3D-1-2.jpg?fit=1000%2C1000&ssl=1&resize=700%2C400 2x"},"classes":[]},{"id":2888,"url":"https:\/\/victoriavynn.ca\/fr\/product\/nail-art-gel-3d-no-wipe-black\/","url_meta":{"origin":2884,"position":4},"title":"Salon Art Gel 3D UV\/LED No Wipe Black","author":"Serge Sahakian","date":"ao\u00fbt 18, 2022","format":false,"excerpt":"Victoria VYNN 3D UV\/LED Gel sont des gels de nail art \u00e0 forte pigmentation, recommand\u00e9s pour divers types de d\u00e9corations ou comme couche uniforme sur les ongles. Durcis dans une lampe UV et LED. La marque de vernis gel la plus vendue au Canada, Victoria VYNN, fournit aux proth\u00e9sistes ongulaires et aux professionnels...","rel":"","context":"Similar post","block_context":{"text":"Similar post","link":""},"img":{"alt_text":"Nail Art Gel 3D","src":"https:\/\/i0.wp.com\/victoriavynn.ca\/wp-content\/uploads\/2022\/08\/Art-Gel-3D-1-1.png?fit=1000%2C1000&ssl=1&resize=350%2C200","width":350,"height":200,"srcset":"https:\/\/i0.wp.com\/victoriavynn.ca\/wp-content\/uploads\/2022\/08\/Art-Gel-3D-1-1.png?fit=1000%2C1000&ssl=1&resize=350%2C200 1x, https:\/\/i0.wp.com\/victoriavynn.ca\/wp-content\/uploads\/2022\/08\/Art-Gel-3D-1-1.png?fit=1000%2C1000&ssl=1&resize=525%2C300 1.5x, https:\/\/i0.wp.com\/victoriavynn.ca\/wp-content\/uploads\/2022\/08\/Art-Gel-3D-1-1.png?fit=1000%2C1000&ssl=1&resize=700%2C400 2x"},"classes":[]},{"id":52716,"url":"https:\/\/victoriavynn.ca\/fr\/product\/victoria-vynn-pure-vegan-gel-polish-no-277-pinkment\/","url_meta":{"origin":2884,"position":5},"title":"Victoria VYNN Pure Creamy Hybrid Gel Polish No. 277 PINKment","author":"Serge Sahakian","date":"mars 20, 2026","format":false,"excerpt":"Add a playful yet sophisticated touch to your manicure with Victoria VYNN Pure Creamy Hybrid Gel Polish No. 277 PINKment, a trendy pink shade designed for modern, expressive nail styling. Its creamy, medium-thick consistency ensures smooth, streak-free coverage, while the fan-shaped precision brush allows for effortless, controlled application. Created for\u2026","rel":"","context":"Similar post","block_context":{"text":"Similar post","link":""},"img":{"alt_text":"pure vegan creamy 277","src":"https:\/\/i0.wp.com\/victoriavynn.ca\/wp-content\/uploads\/2026\/03\/pure-vegan-creamy-277.webp?fit=750%2C1000&ssl=1&resize=350%2C200","width":350,"height":200,"srcset":"https:\/\/i0.wp.com\/victoriavynn.ca\/wp-content\/uploads\/2026\/03\/pure-vegan-creamy-277.webp?fit=750%2C1000&ssl=1&resize=350%2C200 1x, https:\/\/i0.wp.com\/victoriavynn.ca\/wp-content\/uploads\/2026\/03\/pure-vegan-creamy-277.webp?fit=750%2C1000&ssl=1&resize=525%2C300 1.5x, https:\/\/i0.wp.com\/victoriavynn.ca\/wp-content\/uploads\/2026\/03\/pure-vegan-creamy-277.webp?fit=750%2C1000&ssl=1&resize=700%2C400 2x"},"classes":[]}],"jetpack_sharing_enabled":true,"_links":{"self":[{"href":"https:\/\/victoriavynn.ca\/fr\/wp-json\/wp\/v2\/product\/2884","targetHints":{"allow":["GET"]}}],"collection":[{"href":"https:\/\/victoriavynn.ca\/fr\/wp-json\/wp\/v2\/product"}],"about":[{"href":"https:\/\/victoriavynn.ca\/fr\/wp-json\/wp\/v2\/types\/product"}],"replies":[{"embeddable":true,"href":"https:\/\/victoriavynn.ca\/fr\/wp-json\/wp\/v2\/comments?post=2884"}],"wp:featuredmedia":[{"embeddable":true,"href":"https:\/\/victoriavynn.ca\/fr\/wp-json\/wp\/v2\/media\/2885"}],"wp:attachment":[{"href":"https:\/\/victoriavynn.ca\/fr\/wp-json\/wp\/v2\/media?parent=2884"}],"wp:term":[{"taxonomy":"product_brand","embeddable":true,"href":"https:\/\/victoriavynn.ca\/fr\/wp-json\/wp\/v2\/product_brand?post=2884"},{"taxonomy":"product_cat","embeddable":true,"href":"https:\/\/victoriavynn.ca\/fr\/wp-json\/wp\/v2\/product_cat?post=2884"},{"taxonomy":"product_tag","embeddable":true,"href":"https:\/\/victoriavynn.ca\/fr\/wp-json\/wp\/v2\/product_tag?post=2884"}],"curies":[{"name":"wp","href":"https:\/\/api.w.org\/{rel}","templated":true}]}}