{"id":2894,"date":"2022-08-18T10:20:10","date_gmt":"2022-08-18T14:20:10","guid":{"rendered":"https:\/\/victoriavynn.ca\/index.php\/product\/victoria-vynn-x-treme-hardener\/"},"modified":"2026-04-22T14:22:39","modified_gmt":"2026-04-22T18:22:39","slug":"x-treme-hardener-nail-repair","status":"publish","type":"product","link":"https:\/\/victoriavynn.ca\/fr\/product\/x-treme-hardener-nail-repair\/","title":{"rendered":"Durcisseur Victoria VYNN X-TREME"},"content":{"rendered":"<p>Victoria VYNN X-TREME Hardener (Nail Repair) est un conditionneur ultra-fort qui renforce et durcit les ongles faibles et d\u00e9doubl\u00e9s. La formule exceptionnelle est capable de reconstruire la plaque de l'ongle fragile, en construisant une surface forte et brillante.<\/p>\n<ul>\n<li>Augmente la r\u00e9sistance de la plaque de l'ongle aux dommages m\u00e9caniques.<\/li>\n<li>L'augmentation de la r\u00e9sistance des ongles est possible gr\u00e2ce \u00e0 des polym\u00e8res sp\u00e9ciaux qui se lient \u00e0 la k\u00e9ratine naturelle de l'ongle.<\/li>\n<li>Une utilisation quotidienne r\u00e9tablit l'humidit\u00e9 et l'\u00e9lasticit\u00e9 naturelle de la plaque de l'ongle, tout en la renfor\u00e7ant.<\/li>\n<\/ul>\n<p>Victoria VYNN, la marque de vernis \u00e0 gel la plus vendue au Canada, fournit aux proth\u00e9sistes ongulaires et aux professionnels des produits de haute qualit\u00e9 pour cr\u00e9er des finitions \u00e9tonnantes de nail art. V\u00e9rifiez notre site fr\u00e9quemment pour les nouveaux produits !<\/p>\n<p>Nous sommes convaincus que chaque femme poss\u00e8de un \u00e9norme potentiel que nous voulons lib\u00e9rer. Nous veillons \u00e0 ce que, gr\u00e2ce \u00e0 des ongles \u00e9tonnants, les femmes d\u00e9couvrent ce pouvoir en elles et soient pr\u00eates \u00e0 toutes les situations, courageuses et belles !<\/p>","protected":false},"excerpt":{"rendered":"<p>Victoria VYNN X-TREME Hardener (Nail Repair) est un conditionneur ultra-fort qui renforce et durcit les ongles faibles et d\u00e9doubl\u00e9s. La formule exceptionnelle est capable de reconstruire la plaque de l'ongle fragile, en construisant une surface forte et brillante.<\/p>\n<p>Victoria VYNN, la marque de vernis \u00e0 gel la plus vendue au Canada, fournit aux proth\u00e9sistes ongulaires et aux professionnels des produits de haute qualit\u00e9 pour cr\u00e9er des finitions \u00e9tonnantes de nail art. V\u00e9rifiez notre site fr\u00e9quemment pour les nouveaux produits !<\/p>\n<p>Nous sommes convaincus que chaque femme poss\u00e8de un \u00e9norme potentiel que nous voulons lib\u00e9rer. Nous veillons \u00e0 ce que, gr\u00e2ce \u00e0 des ongles \u00e9tonnants, les femmes d\u00e9couvrent ce pouvoir en elles et soient pr\u00eates \u00e0 toutes les situations, courageuses et belles !<\/p>","protected":false},"featured_media":2895,"comment_status":"open","ping_status":"closed","template":"","meta":[],"product_brand":[],"product_cat":[45],"product_tag":[76],"class_list":{"0":"post-2894","1":"product","2":"type-product","3":"status-publish","4":"has-post-thumbnail","6":"product_cat-nail-care","7":"product_tag-nail-care","8":"product_shipping_class-cardboard-box","9":"pa_size-9ml","11":"first","12":"instock","13":"taxable","14":"shipping-taxable","15":"purchasable","16":"product-type-simple"},"jetpack_sharing_enabled":true,"_links":{"self":[{"href":"https:\/\/victoriavynn.ca\/fr\/wp-json\/wp\/v2\/product\/2894","targetHints":{"allow":["GET"]}}],"collection":[{"href":"https:\/\/victoriavynn.ca\/fr\/wp-json\/wp\/v2\/product"}],"about":[{"href":"https:\/\/victoriavynn.ca\/fr\/wp-json\/wp\/v2\/types\/product"}],"replies":[{"embeddable":true,"href":"https:\/\/victoriavynn.ca\/fr\/wp-json\/wp\/v2\/comments?post=2894"}],"wp:featuredmedia":[{"embeddable":true,"href":"https:\/\/victoriavynn.ca\/fr\/wp-json\/wp\/v2\/media\/2895"}],"wp:attachment":[{"href":"https:\/\/victoriavynn.ca\/fr\/wp-json\/wp\/v2\/media?parent=2894"}],"wp:term":[{"taxonomy":"product_brand","embeddable":true,"href":"https:\/\/victoriavynn.ca\/fr\/wp-json\/wp\/v2\/product_brand?post=2894"},{"taxonomy":"product_cat","embeddable":true,"href":"https:\/\/victoriavynn.ca\/fr\/wp-json\/wp\/v2\/product_cat?post=2894"},{"taxonomy":"product_tag","embeddable":true,"href":"https:\/\/victoriavynn.ca\/fr\/wp-json\/wp\/v2\/product_tag?post=2894"}],"curies":[{"name":"wp","href":"https:\/\/api.w.org\/{rel}","templated":true}]}}