{"id":2896,"date":"2022-08-18T10:20:11","date_gmt":"2022-08-18T14:20:11","guid":{"rendered":"https:\/\/victoriavynn.ca\/index.php\/product\/victoria-vynn-cuticle-away\/"},"modified":"2026-03-22T14:10:48","modified_gmt":"2026-03-22T18:10:48","slug":"dissolvant-pour-cuticules","status":"publish","type":"product","link":"https:\/\/victoriavynn.ca\/fr\/product\/cuticle-remover-away\/","title":{"rendered":"Victoria VYNN Cuticle Away"},"content":{"rendered":"<p>Victoria VYNN \"Cuticle Away\" Cuticle Remover est un gel pr\u00e9paratoire pour adoucir et enlever les cuticules. Compos\u00e9 d'huile d'amande douce naturelle et de glyc\u00e9rine, il pr\u00e9vient le dess\u00e8chement et le craqu\u00e8lement des cuticules, adoucit et r\u00e9\u00e9quilibre l'hydratation.<\/p>\n<ul>\n<li>Gel pr\u00e9paratoire pour adoucir et \u00e9liminer les cuticules.<\/li>\n<li>Compos\u00e9 d'huile d'amande douce naturelle et de glyc\u00e9rine, il pr\u00e9vient le dess\u00e8chement et le craqu\u00e8lement des cuticules, adoucit et r\u00e9\u00e9quilibre l'hydratation.<\/li>\n<li>La pr\u00e9sence d'huile de citron garantit des propri\u00e9t\u00e9s antiseptiques et d\u00e9sinfectantes.<\/li>\n<li>Il ne coule pas sur les cuticules.<\/li>\n<li>Un flacon muni d'un pinceau facilite l'application.<\/li>\n<li>De couleur laiteuse et au parfum d\u00e9licat.<\/li>\n<\/ul>\n<p><strong>Mode d'emploi :<\/strong><\/p>\n<ul>\n<li>Appliquer Cuticle Away sur les cuticules autour des ongles et laisser agir quelques minutes.<\/li>\n<li>Masser ensuite la pr\u00e9paration sur les cuticules et la plaque.<\/li>\n<li>Retirez l'\u00e9piderme ramolli \u00e0 l'aide d'un b\u00e2tonnet en bois ou essuyez-le avec un coton-tige.<\/li>\n<\/ul>","protected":false},"excerpt":{"rendered":"<p>Victoria VYNN \"Cuticle Away\" Cuticle Remover est un gel pr\u00e9paratoire pour adoucir et enlever les cuticules. Compos\u00e9 d'huile d'amande douce naturelle et de glyc\u00e9rine, il pr\u00e9vient le dess\u00e8chement et le craqu\u00e8lement des cuticules, adoucit et r\u00e9\u00e9quilibre l'hydratation.<\/p>","protected":false},"featured_media":6893,"comment_status":"open","ping_status":"closed","template":"","meta":{"jetpack_post_was_ever_published":false,"jetpack_publicize_message":"","jetpack_publicize_feature_enabled":true,"jetpack_social_post_already_shared":true,"jetpack_social_options":{"image_generator_settings":{"template":"highway","default_image_id":0,"font":"","enabled":false},"version":2}},"product_brand":[],"product_cat":[45],"product_tag":[76],"class_list":{"0":"post-2896","1":"product","2":"type-product","3":"status-publish","4":"has-post-thumbnail","6":"product_cat-nail-care","7":"product_tag-nail-care","8":"product_shipping_class-cardboard-box","9":"pa_size-10ml","11":"first","12":"instock","13":"taxable","14":"shipping-taxable","15":"purchasable","16":"product-type-simple"},"jetpack_publicize_connections":[],"jetpack-related-posts":[{"id":2876,"url":"https:\/\/victoriavynn.ca\/fr\/product\/jelly-vegan-cuticle-remover-30ml\/","url_meta":{"origin":2896,"position":0},"title":"Dissolvant de gel\u00e9e pour cuticules","author":"Serge Sahakian","date":"ao\u00fbt 18, 2022","format":false,"excerpt":"Victoria VYNN Jelly Vegan Cuticle Remover est une formule gel inodore au PH \u00e9lev\u00e9, contenant de l'hydroxyde de sodium, qui ramollit rapidement et efficacement les cuticules et permet de les repousser ou de les enlever plus facilement. La glyc\u00e9rine hautement hydratante soigne en profondeur les cuticules d\u00e9licates et la plaque de l'ongle,...","rel":"","context":"Similar post","block_context":{"text":"Similar post","link":""},"img":{"alt_text":"jelly vegan cuticle remover","src":"https:\/\/i0.wp.com\/victoriavynn.ca\/wp-content\/uploads\/2022\/08\/jelly-vegan-cuticle-remover.png?fit=1000%2C1000&ssl=1&resize=350%2C200","width":350,"height":200,"srcset":"https:\/\/i0.wp.com\/victoriavynn.ca\/wp-content\/uploads\/2022\/08\/jelly-vegan-cuticle-remover.png?fit=1000%2C1000&ssl=1&resize=350%2C200 1x, https:\/\/i0.wp.com\/victoriavynn.ca\/wp-content\/uploads\/2022\/08\/jelly-vegan-cuticle-remover.png?fit=1000%2C1000&ssl=1&resize=525%2C300 1.5x, https:\/\/i0.wp.com\/victoriavynn.ca\/wp-content\/uploads\/2022\/08\/jelly-vegan-cuticle-remover.png?fit=1000%2C1000&ssl=1&resize=700%2C400 2x"},"classes":[]},{"id":2368,"url":"https:\/\/victoriavynn.ca\/fr\/product\/5-oils-complex-cuticle-oil-9ml\/","url_meta":{"origin":2896,"position":1},"title":"Complexe des 5 huiles 9ml","author":"Serge Sahakian","date":"ao\u00fbt 17, 2022","format":false,"excerpt":"Cuticle Oil pour le soin des cuticules et des ongles est une composition hautement concentr\u00e9e de 5 huiles naturelles, enrichie de vitamines, d'antioxydants et d'acides gras. Gr\u00e2ce \u00e0 ce traitement puissant, les cuticules sont r\u00e9g\u00e9n\u00e9r\u00e9es, nourries, hydrat\u00e9es, et la plaque de l'ongle est durcie, lisse et brillante. Prenez soin de l'\u00e9tat...","rel":"","context":"Similar post","block_context":{"text":"Similar post","link":""},"img":{"alt_text":"5 Oils Complex Cuticle Oil","src":"https:\/\/i0.wp.com\/victoriavynn.ca\/wp-content\/uploads\/2022\/08\/5-Oils-Complex-Cuticle-Oil.png?fit=1000%2C1000&ssl=1&resize=350%2C200","width":350,"height":200,"srcset":"https:\/\/i0.wp.com\/victoriavynn.ca\/wp-content\/uploads\/2022\/08\/5-Oils-Complex-Cuticle-Oil.png?fit=1000%2C1000&ssl=1&resize=350%2C200 1x, https:\/\/i0.wp.com\/victoriavynn.ca\/wp-content\/uploads\/2022\/08\/5-Oils-Complex-Cuticle-Oil.png?fit=1000%2C1000&ssl=1&resize=525%2C300 1.5x, https:\/\/i0.wp.com\/victoriavynn.ca\/wp-content\/uploads\/2022\/08\/5-Oils-Complex-Cuticle-Oil.png?fit=1000%2C1000&ssl=1&resize=700%2C400 2x"},"classes":[]},{"id":2366,"url":"https:\/\/victoriavynn.ca\/fr\/product\/5-oils-complex-cuticle-oil-30ml\/","url_meta":{"origin":2896,"position":2},"title":"Complexe des 5 huiles 30ml","author":"Serge Sahakian","date":"ao\u00fbt 17, 2022","format":false,"excerpt":"L'huile pour le soin des cuticules et des ongles est une composition hautement concentr\u00e9e de 5 huiles naturelles, enrichie de vitamines, d'antioxydants et d'acides gras. Gr\u00e2ce \u00e0 ce traitement puissant, les cuticules sont r\u00e9g\u00e9n\u00e9r\u00e9es, nourries, hydrat\u00e9es, et la plaque de l'ongle est durcie, lisse et brillante. Prenez soin de l'\u00e9tat et de la...","rel":"","context":"Similar post","block_context":{"text":"Similar post","link":""},"img":{"alt_text":"5 Oils Complex Cuticle Oil","src":"https:\/\/i0.wp.com\/victoriavynn.ca\/wp-content\/uploads\/2022\/08\/5-Oils-Complex.png?fit=1000%2C1000&ssl=1&resize=350%2C200","width":350,"height":200,"srcset":"https:\/\/i0.wp.com\/victoriavynn.ca\/wp-content\/uploads\/2022\/08\/5-Oils-Complex.png?fit=1000%2C1000&ssl=1&resize=350%2C200 1x, https:\/\/i0.wp.com\/victoriavynn.ca\/wp-content\/uploads\/2022\/08\/5-Oils-Complex.png?fit=1000%2C1000&ssl=1&resize=525%2C300 1.5x, https:\/\/i0.wp.com\/victoriavynn.ca\/wp-content\/uploads\/2022\/08\/5-Oils-Complex.png?fit=1000%2C1000&ssl=1&resize=700%2C400 2x"},"classes":[]},{"id":11286,"url":"https:\/\/victoriavynn.ca\/fr\/product\/professional-small-flame-drill-bit-1-6mm\/","url_meta":{"origin":2896,"position":3},"title":"Victoria VYNN Professional Drill Bit Diamond Small Flame 1.6mm","author":"Serge Sahakian","date":"avril 13, 2023","format":false,"excerpt":"Le meilleur foret professionnel \u00e0 petite flamme. Longue dur\u00e9e de vie et super efficace. Il est parfait pour les manucures combin\u00e9es. Enl\u00e8ve avec pr\u00e9cision les cuticules et nettoie les plis p\u00e9riungu\u00e9aux des mains et des pieds. La forme de la flamme permet de repousser et de soulever d\u00e9licatement les cuticules. Il permet de retirer les cuticules dans les endroits difficiles d'acc\u00e8s....","rel":"","context":"Similar post","block_context":{"text":"Similar post","link":""},"img":{"alt_text":"VICTORIA VYNN best professional small flame drill bits 1.6mm","src":"https:\/\/i0.wp.com\/victoriavynn.ca\/wp-content\/uploads\/2023\/04\/best-professional-small-flame-nail-drill-bits-1.6mm.webp?fit=750%2C1000&ssl=1&resize=350%2C200","width":350,"height":200,"srcset":"https:\/\/i0.wp.com\/victoriavynn.ca\/wp-content\/uploads\/2023\/04\/best-professional-small-flame-nail-drill-bits-1.6mm.webp?fit=750%2C1000&ssl=1&resize=350%2C200 1x, https:\/\/i0.wp.com\/victoriavynn.ca\/wp-content\/uploads\/2023\/04\/best-professional-small-flame-nail-drill-bits-1.6mm.webp?fit=750%2C1000&ssl=1&resize=525%2C300 1.5x, https:\/\/i0.wp.com\/victoriavynn.ca\/wp-content\/uploads\/2023\/04\/best-professional-small-flame-nail-drill-bits-1.6mm.webp?fit=750%2C1000&ssl=1&resize=700%2C400 2x"},"classes":[]},{"id":2902,"url":"https:\/\/victoriavynn.ca\/fr\/product\/nail-finish-cleaner\/","url_meta":{"origin":2896,"position":4},"title":"Manucure de finition plus propre","author":"Serge Sahakian","date":"ao\u00fbt 18, 2022","format":false,"excerpt":"Victoria VYNN Nail Finish Cleaner est une pr\u00e9paration professionnelle pour laver et enlever la couche de dispersion sur les styles durcis : hybride et gel. Permet d'obtenir un style tr\u00e8s brillant. Ne dess\u00e8che pas les cuticules autour des ongles. Laisse une odeur de parfum tr\u00e8s agr\u00e9able. Poss\u00e8de des propri\u00e9t\u00e9s antibact\u00e9riennes et antifongiques.","rel":"","context":"Similar post","block_context":{"text":"Similar post","link":""},"img":{"alt_text":"Nail Finish Cleaner 60ml","src":"https:\/\/i0.wp.com\/victoriavynn.ca\/wp-content\/uploads\/2022\/09\/Nail-Cleaner-60ml.png?fit=1000%2C1000&ssl=1&resize=350%2C200","width":350,"height":200,"srcset":"https:\/\/i0.wp.com\/victoriavynn.ca\/wp-content\/uploads\/2022\/09\/Nail-Cleaner-60ml.png?fit=1000%2C1000&ssl=1&resize=350%2C200 1x, https:\/\/i0.wp.com\/victoriavynn.ca\/wp-content\/uploads\/2022\/09\/Nail-Cleaner-60ml.png?fit=1000%2C1000&ssl=1&resize=525%2C300 1.5x, https:\/\/i0.wp.com\/victoriavynn.ca\/wp-content\/uploads\/2022\/09\/Nail-Cleaner-60ml.png?fit=1000%2C1000&ssl=1&resize=700%2C400 2x"},"classes":[]},{"id":17102,"url":"https:\/\/victoriavynn.ca\/fr\/product\/victoria-vynn-cuticle-pusher-133mm\/","url_meta":{"origin":2896,"position":5},"title":"Victoria VYNN Pince \u00e0 cuticules 133mm","author":"Serge Sahakian","date":"mars 7, 2024","format":false,"excerpt":"","rel":"","context":"Similar post","block_context":{"text":"Similar post","link":""},"img":{"alt_text":"","src":"https:\/\/i0.wp.com\/victoriavynn.ca\/wp-content\/uploads\/2024\/03\/cuticle-pusher-133-mm.jpg?fit=1200%2C1200&ssl=1&resize=350%2C200","width":350,"height":200,"srcset":"https:\/\/i0.wp.com\/victoriavynn.ca\/wp-content\/uploads\/2024\/03\/cuticle-pusher-133-mm.jpg?fit=1200%2C1200&ssl=1&resize=350%2C200 1x, https:\/\/i0.wp.com\/victoriavynn.ca\/wp-content\/uploads\/2024\/03\/cuticle-pusher-133-mm.jpg?fit=1200%2C1200&ssl=1&resize=525%2C300 1.5x, https:\/\/i0.wp.com\/victoriavynn.ca\/wp-content\/uploads\/2024\/03\/cuticle-pusher-133-mm.jpg?fit=1200%2C1200&ssl=1&resize=700%2C400 2x, https:\/\/i0.wp.com\/victoriavynn.ca\/wp-content\/uploads\/2024\/03\/cuticle-pusher-133-mm.jpg?fit=1200%2C1200&ssl=1&resize=1050%2C600 3x"},"classes":[]}],"jetpack_sharing_enabled":true,"_links":{"self":[{"href":"https:\/\/victoriavynn.ca\/fr\/wp-json\/wp\/v2\/product\/2896","targetHints":{"allow":["GET"]}}],"collection":[{"href":"https:\/\/victoriavynn.ca\/fr\/wp-json\/wp\/v2\/product"}],"about":[{"href":"https:\/\/victoriavynn.ca\/fr\/wp-json\/wp\/v2\/types\/product"}],"replies":[{"embeddable":true,"href":"https:\/\/victoriavynn.ca\/fr\/wp-json\/wp\/v2\/comments?post=2896"}],"wp:featuredmedia":[{"embeddable":true,"href":"https:\/\/victoriavynn.ca\/fr\/wp-json\/wp\/v2\/media\/6893"}],"wp:attachment":[{"href":"https:\/\/victoriavynn.ca\/fr\/wp-json\/wp\/v2\/media?parent=2896"}],"wp:term":[{"taxonomy":"product_brand","embeddable":true,"href":"https:\/\/victoriavynn.ca\/fr\/wp-json\/wp\/v2\/product_brand?post=2896"},{"taxonomy":"product_cat","embeddable":true,"href":"https:\/\/victoriavynn.ca\/fr\/wp-json\/wp\/v2\/product_cat?post=2896"},{"taxonomy":"product_tag","embeddable":true,"href":"https:\/\/victoriavynn.ca\/fr\/wp-json\/wp\/v2\/product_tag?post=2896"}],"curies":[{"name":"wp","href":"https:\/\/api.w.org\/{rel}","templated":true}]}}