{"id":2902,"date":"2022-08-18T14:20:37","date_gmt":"2022-08-18T18:20:37","guid":{"rendered":"https:\/\/victoriavynn.ca\/index.php\/product\/victoria-vynn-cleaner-finish-manicure-150ml\/"},"modified":"2026-04-01T14:42:40","modified_gmt":"2026-04-01T18:42:40","slug":"nettoyant-pour-vernis-a-ongles","status":"publish","type":"product","link":"https:\/\/victoriavynn.ca\/fr\/product\/nail-finish-cleaner\/","title":{"rendered":"Manucure de finition plus propre"},"content":{"rendered":"<p>Victoria VYNN Nail Finish Cleaner est une pr\u00e9paration professionnelle pour laver et enlever la couche de dispersion sur les styles durcis : hybride et gel.<\/p>\n<ul>\n<li><em>Permet d'obtenir un style tr\u00e8s brillant.<\/em><\/li>\n<li><em>Ne dess\u00e8che pas les cuticules autour des ongles.<\/em><\/li>\n<li><em>Laisse une odeur de parfum tr\u00e8s agr\u00e9able<\/em><\/li>\n<li><em>Poss\u00e8de des propri\u00e9t\u00e9s antibact\u00e9riennes et antifongiques<\/em><\/li>\n<\/ul>\n<p>Contre-indications<\/p>\n<ul>\n<li><em>Hypersensibilit\u00e9 \u00e0 l'un des ingr\u00e9dients du produit<\/em><\/li>\n<\/ul>\n<p>Pr\u00e9cautions \u00e0 prendre<\/p>\n<ul>\n<li><em>Tenir \u00e0 l'\u00e9cart des enfants<\/em><\/li>\n<li><em>Produit inflammable<\/em><\/li>\n<li><em>Tenir \u00e0 l'\u00e9cart de la chaleur, des surfaces chaudes, des \u00e9tincelles, des flammes nues et autres sources d'inflammation.<\/em><\/li>\n<li><em>Utiliser dans une zone bien ventil\u00e9e<\/em><\/li>\n<li><em>\u00c9viter le contact avec les yeux<\/em><\/li>\n<li><em>\u00c9viter le contact prolong\u00e9 avec la peau<\/em><\/li>\n<li><em>Utiliser comme pr\u00e9vu<\/em><\/li>\n<li><em>Ne pas utiliser sur une peau irrit\u00e9e<\/em><\/li>\n<li><em>Ne pas utiliser en cas d'hypersensibilit\u00e9 \u00e0 l'un des composants du produit.<\/em><\/li>\n<li><em>Pour un usage professionnel<\/em><\/li>\n<\/ul>\n<p>Mode d'emploi :<\/p>\n<ul>\n<li><em>Appliquez la bonne quantit\u00e9 de liquide sur un coton-tige d\u00e9poussi\u00e9r\u00e9 et rincez soigneusement la coiffure.<\/em><\/li>\n<\/ul>","protected":false},"excerpt":{"rendered":"<p>Victoria VYNN Nail Finish Cleaner est une pr\u00e9paration professionnelle pour laver et enlever la couche de dispersion sur les styles durcis : hybride et gel. Permet d'obtenir un style tr\u00e8s brillant. Ne dess\u00e8che pas les cuticules autour des ongles. Laisse une odeur de parfum tr\u00e8s agr\u00e9able. Poss\u00e8de des propri\u00e9t\u00e9s antibact\u00e9riennes et antifongiques.<\/p>","protected":false},"featured_media":7819,"comment_status":"open","ping_status":"closed","template":"","meta":{"jetpack_post_was_ever_published":false,"jetpack_publicize_message":"","jetpack_publicize_feature_enabled":true,"jetpack_social_post_already_shared":true,"jetpack_social_options":{"image_generator_settings":{"template":"highway","default_image_id":0,"font":"","enabled":false},"version":2}},"product_brand":[],"product_cat":[17,53],"product_tag":[90],"class_list":{"0":"post-2902","1":"product","2":"type-product","3":"status-publish","4":"has-post-thumbnail","6":"product_cat-professional-gel-nail-polish","7":"product_cat-gel-nail-preps","8":"product_tag-nail-preparations","9":"product_shipping_class-cardboard-box","11":"first","12":"instock","13":"taxable","14":"shipping-taxable","15":"purchasable","16":"product-type-variable","17":"wvs-archive-product-wrapper"},"jetpack_publicize_connections":[],"jetpack-related-posts":[{"id":2900,"url":"https:\/\/victoriavynn.ca\/fr\/product\/nail-dehydrator-extra-adhesion\/","url_meta":{"origin":2902,"position":0},"title":"Adh\u00e9sion suppl\u00e9mentaire du d\u00e9shydrateur","author":"Serge Sahakian","date":"ao\u00fbt 18, 2022","format":false,"excerpt":"Victoria VYNN D\u00e9shydrateur d'ongles Extra Adh\u00e9sion - Pr\u00e9paration pour le d\u00e9graissage et le nettoyage de la plaque de l'ongle naturel. Elimine parfaitement la poussi\u00e8re form\u00e9e lors de la pr\u00e9paration des ongles pour la manucure. D\u00e9sinfecte la plaque, \u00e9limine les bact\u00e9ries. Augmente l'adh\u00e9rence des vernis hybrides, gel, acrylique et acrylique-gel. Laisse un parfum tr\u00e8s agr\u00e9able. A...","rel":"","context":"Similar post","block_context":{"text":"Similar post","link":""},"img":{"alt_text":"Nail Dehydrator 60ml","src":"https:\/\/i0.wp.com\/victoriavynn.ca\/wp-content\/uploads\/2022\/08\/Nail-Dehydrator-60ml.png?fit=1000%2C1000&ssl=1&resize=350%2C200","width":350,"height":200,"srcset":"https:\/\/i0.wp.com\/victoriavynn.ca\/wp-content\/uploads\/2022\/08\/Nail-Dehydrator-60ml.png?fit=1000%2C1000&ssl=1&resize=350%2C200 1x, https:\/\/i0.wp.com\/victoriavynn.ca\/wp-content\/uploads\/2022\/08\/Nail-Dehydrator-60ml.png?fit=1000%2C1000&ssl=1&resize=525%2C300 1.5x, https:\/\/i0.wp.com\/victoriavynn.ca\/wp-content\/uploads\/2022\/08\/Nail-Dehydrator-60ml.png?fit=1000%2C1000&ssl=1&resize=700%2C400 2x"},"classes":[]},{"id":2904,"url":"https:\/\/victoriavynn.ca\/fr\/product\/gel-polish-remover-soak-off-manicure\/","url_meta":{"origin":2902,"position":1},"title":"Remover Soak Off Manicure","author":"Serge Sahakian","date":"ao\u00fbt 18, 2022","format":false,"excerpt":"Victoria VYNN Gel Polish Remover Soak Off Manicure enl\u00e8ve efficacement le vernis hybride en 10 minutes.  Contient de l'huile de macadamia et de la vitamine E, qui ont un effet tr\u00e8s positif sur la peau et la plaque de l'ongle : hydratent, renforcent et tonifient.","rel":"","context":"Similar post","block_context":{"text":"Similar post","link":""},"img":{"alt_text":"gel polish remover soak off","src":"https:\/\/i0.wp.com\/victoriavynn.ca\/wp-content\/uploads\/2022\/08\/gel-polish-remover-soak-off.png?fit=1000%2C1000&ssl=1&resize=350%2C200","width":350,"height":200,"srcset":"https:\/\/i0.wp.com\/victoriavynn.ca\/wp-content\/uploads\/2022\/08\/gel-polish-remover-soak-off.png?fit=1000%2C1000&ssl=1&resize=350%2C200 1x, https:\/\/i0.wp.com\/victoriavynn.ca\/wp-content\/uploads\/2022\/08\/gel-polish-remover-soak-off.png?fit=1000%2C1000&ssl=1&resize=525%2C300 1.5x, https:\/\/i0.wp.com\/victoriavynn.ca\/wp-content\/uploads\/2022\/08\/gel-polish-remover-soak-off.png?fit=1000%2C1000&ssl=1&resize=700%2C400 2x"},"classes":[]},{"id":1692,"url":"https:\/\/victoriavynn.ca\/fr\/product\/top-coat-soak-off\/","url_meta":{"origin":2902,"position":2},"title":"Vernis gel de salon Soak Off Top Coat","author":"Serge Sahakian","date":"mars 17, 2020","format":false,"excerpt":"Victoria VYNN Professional Top Coat Soak Off est un gel top autonivelant \u00e0 faible viscosit\u00e9. Il donne une finition dure sans abrasion, sans matage et sans endommager le vernis en gel. Il scelle le style et prot\u00e8ge les couleurs du jaunissement. Donne une brillance intense et durable jusqu'\u00e0 4 semaines. Contient des filtres UV...","rel":"","context":"Similar post","block_context":{"text":"Similar post","link":""},"img":{"alt_text":"top coat soak off","src":"https:\/\/i0.wp.com\/victoriavynn.ca\/wp-content\/uploads\/2020\/03\/top-coat-soak-off.png?fit=1000%2C1000&ssl=1&resize=350%2C200","width":350,"height":200,"srcset":"https:\/\/i0.wp.com\/victoriavynn.ca\/wp-content\/uploads\/2020\/03\/top-coat-soak-off.png?fit=1000%2C1000&ssl=1&resize=350%2C200 1x, https:\/\/i0.wp.com\/victoriavynn.ca\/wp-content\/uploads\/2020\/03\/top-coat-soak-off.png?fit=1000%2C1000&ssl=1&resize=525%2C300 1.5x, https:\/\/i0.wp.com\/victoriavynn.ca\/wp-content\/uploads\/2020\/03\/top-coat-soak-off.png?fit=1000%2C1000&ssl=1&resize=700%2C400 2x"},"classes":[]},{"id":52696,"url":"https:\/\/victoriavynn.ca\/fr\/product\/victoria-vynn-pure-creamy-hybrid-gel-polish-no-268-almost-pink\/","url_meta":{"origin":2902,"position":3},"title":"Victoria VYNN Pure Creamy Hybrid Gel Polish No. 268 Almost Pink","author":"Serge Sahakian","date":"mars 20, 2026","format":false,"excerpt":"Victoria VYNN Pure Vegan 268 Almost Pink est un vernis gel hybride cr\u00e9meux avec une teinte douce et \u00e9l\u00e9gante, une application douce et des r\u00e9sultats professionnels de longue dur\u00e9e. Sp\u00e9cifications du produit : \u00a0 \u00a0 \u00a0 \u00a0 \u00a0 \u00a0","rel":"","context":"Similar post","block_context":{"text":"Similar post","link":""},"img":{"alt_text":"","src":"https:\/\/i0.wp.com\/victoriavynn.ca\/wp-content\/uploads\/2026\/03\/pure-vegan-creamy-268.webp?fit=750%2C1000&ssl=1&resize=350%2C200","width":350,"height":200,"srcset":"https:\/\/i0.wp.com\/victoriavynn.ca\/wp-content\/uploads\/2026\/03\/pure-vegan-creamy-268.webp?fit=750%2C1000&ssl=1&resize=350%2C200 1x, https:\/\/i0.wp.com\/victoriavynn.ca\/wp-content\/uploads\/2026\/03\/pure-vegan-creamy-268.webp?fit=750%2C1000&ssl=1&resize=525%2C300 1.5x, https:\/\/i0.wp.com\/victoriavynn.ca\/wp-content\/uploads\/2026\/03\/pure-vegan-creamy-268.webp?fit=750%2C1000&ssl=1&resize=700%2C400 2x"},"classes":[]},{"id":1690,"url":"https:\/\/victoriavynn.ca\/fr\/product\/base-coat-soak-off\/","url_meta":{"origin":2902,"position":4},"title":"Base pour vernis \u00e0 ongles de salon (Soak Off)","author":"Serge Sahakian","date":"mars 17, 2020","format":false,"excerpt":"Victoria VYNN Professional Base Coat Soak Off est une base de gel autonivelante \u00e0 faible viscosit\u00e9. Elle est utilis\u00e9e uniquement pour maximiser l'adh\u00e9rence du vernis en gel \u00e0 la plaque de l'ongle naturel tout en la prot\u00e9geant contre la d\u00e9coloration. Elle nivelle et masque toutes les irr\u00e9gularit\u00e9s de la plaque de l'ongle et cr\u00e9e une...","rel":"","context":"Similar post","block_context":{"text":"Similar post","link":""},"img":{"alt_text":"base coat soak off","src":"https:\/\/i0.wp.com\/victoriavynn.ca\/wp-content\/uploads\/2020\/03\/base-coat-soak-off.png?fit=1000%2C1000&ssl=1&resize=350%2C200","width":350,"height":200,"srcset":"https:\/\/i0.wp.com\/victoriavynn.ca\/wp-content\/uploads\/2020\/03\/base-coat-soak-off.png?fit=1000%2C1000&ssl=1&resize=350%2C200 1x, https:\/\/i0.wp.com\/victoriavynn.ca\/wp-content\/uploads\/2020\/03\/base-coat-soak-off.png?fit=1000%2C1000&ssl=1&resize=525%2C300 1.5x, https:\/\/i0.wp.com\/victoriavynn.ca\/wp-content\/uploads\/2020\/03\/base-coat-soak-off.png?fit=1000%2C1000&ssl=1&resize=700%2C400 2x"},"classes":[]},{"id":2872,"url":"https:\/\/victoriavynn.ca\/fr\/product\/pure-duo-nail-prep-dehydrator-and-cleanser\/","url_meta":{"origin":2902,"position":5},"title":"D\u00e9shydrateur et nettoyant Pure Duo Prep","author":"Serge Sahakian","date":"ao\u00fbt 18, 2022","format":false,"excerpt":"Victoria VYNN Pure Duo Nail Prep Dehydrator &amp; Cleanser est un liquide pour d\u00e9graisser la plaque de l'ongle et enlever la couche de dispersion d'une manucure pr\u00eate. Une combinaison de 2in1. La marque de vernis gel la plus vendue au Canada, Victoria VYNN, fournit aux proth\u00e9sistes ongulaires et aux professionnels des produits de haute qualit\u00e9 pour...","rel":"","context":"Similar post","block_context":{"text":"Similar post","link":""},"img":{"alt_text":"victoria vynn pure creamy hybrid duo prep","src":"https:\/\/i0.wp.com\/victoriavynn.ca\/wp-content\/uploads\/2022\/08\/victoria-vynn-pure-creamy-hybrid-duo-prep.webp?fit=750%2C1000&ssl=1&resize=350%2C200","width":350,"height":200,"srcset":"https:\/\/i0.wp.com\/victoriavynn.ca\/wp-content\/uploads\/2022\/08\/victoria-vynn-pure-creamy-hybrid-duo-prep.webp?fit=750%2C1000&ssl=1&resize=350%2C200 1x, https:\/\/i0.wp.com\/victoriavynn.ca\/wp-content\/uploads\/2022\/08\/victoria-vynn-pure-creamy-hybrid-duo-prep.webp?fit=750%2C1000&ssl=1&resize=525%2C300 1.5x, https:\/\/i0.wp.com\/victoriavynn.ca\/wp-content\/uploads\/2022\/08\/victoria-vynn-pure-creamy-hybrid-duo-prep.webp?fit=750%2C1000&ssl=1&resize=700%2C400 2x"},"classes":[]}],"jetpack_sharing_enabled":true,"_links":{"self":[{"href":"https:\/\/victoriavynn.ca\/fr\/wp-json\/wp\/v2\/product\/2902","targetHints":{"allow":["GET"]}}],"collection":[{"href":"https:\/\/victoriavynn.ca\/fr\/wp-json\/wp\/v2\/product"}],"about":[{"href":"https:\/\/victoriavynn.ca\/fr\/wp-json\/wp\/v2\/types\/product"}],"replies":[{"embeddable":true,"href":"https:\/\/victoriavynn.ca\/fr\/wp-json\/wp\/v2\/comments?post=2902"}],"wp:featuredmedia":[{"embeddable":true,"href":"https:\/\/victoriavynn.ca\/fr\/wp-json\/wp\/v2\/media\/7819"}],"wp:attachment":[{"href":"https:\/\/victoriavynn.ca\/fr\/wp-json\/wp\/v2\/media?parent=2902"}],"wp:term":[{"taxonomy":"product_brand","embeddable":true,"href":"https:\/\/victoriavynn.ca\/fr\/wp-json\/wp\/v2\/product_brand?post=2902"},{"taxonomy":"product_cat","embeddable":true,"href":"https:\/\/victoriavynn.ca\/fr\/wp-json\/wp\/v2\/product_cat?post=2902"},{"taxonomy":"product_tag","embeddable":true,"href":"https:\/\/victoriavynn.ca\/fr\/wp-json\/wp\/v2\/product_tag?post=2902"}],"curies":[{"name":"wp","href":"https:\/\/api.w.org\/{rel}","templated":true}]}}