{"id":2904,"date":"2022-08-18T14:20:38","date_gmt":"2022-08-18T18:20:38","guid":{"rendered":"https:\/\/victoriavynn.ca\/index.php\/product\/victoria-vynn-remover-soak-off-manicure-150ml\/"},"modified":"2026-05-05T21:52:53","modified_gmt":"2026-05-06T01:52:53","slug":"gel-polish-remover-soak-off-manicure","status":"publish","type":"product","link":"https:\/\/victoriavynn.ca\/fr\/product\/gel-polish-remover-soak-off-manicure\/","title":{"rendered":"Remover Soak Off Manicure"},"content":{"rendered":"<p>Victoria VYNN Gel Polish Remover Soak Off Manicure<\/p>\n<ul>\n<li>Pr\u00e9paration pour enlever le vernis hybride et pour ramollir l'acrylique et le gel acrylique<\/li>\n<li>Contient de l'huile de macadamia et de la vitamine E, qui ont un effet tr\u00e8s positif sur la peau et la plaque des ongles : hydratation, renforcement et tonification.<\/li>\n<li>Ne dess\u00e8che pas les ongles et la peau<\/li>\n<li>Enl\u00e8ve efficacement le vernis hybride en 10 minutes<\/li>\n<li>Laisse une odeur de parfum tr\u00e8s agr\u00e9able<\/li>\n<li>Poss\u00e8de des propri\u00e9t\u00e9s antibact\u00e9riennes et antifongiques<\/li>\n<\/ul>\n<p><b>Contre-indications<\/b><\/p>\n<ul>\n<li>Hypersensibilit\u00e9 \u00e0 l'un des ingr\u00e9dients du produit<\/li>\n<\/ul>\n<p><b>Pr\u00e9cautions \u00e0 prendre<\/b><\/p>\n<ul>\n<li>Tenir \u00e0 l'\u00e9cart des enfants<\/li>\n<li>Produit inflammable<\/li>\n<li>Tenir \u00e0 l'\u00e9cart de la chaleur, des surfaces chaudes, des \u00e9tincelles, des flammes nues et autres sources d'inflammation.<\/li>\n<li>Ne pas fumer<\/li>\n<li>Utiliser dans une zone bien ventil\u00e9e<\/li>\n<li>\u00c9viter le contact avec les yeux<\/li>\n<li>\u00c9viter le contact prolong\u00e9 avec la peau<\/li>\n<li>Utiliser comme pr\u00e9vu<\/li>\n<li>Ne pas utiliser sur une peau irrit\u00e9e<\/li>\n<li>Ne pas utiliser en cas d'hypersensibilit\u00e9 \u00e0 l'un des ingr\u00e9dients du produit.<\/li>\n<li>Pour un usage professionnel<\/li>\n<\/ul>","protected":false},"excerpt":{"rendered":"<p>Victoria VYNN Gel Polish Remover Soak Off Manicure enl\u00e8ve efficacement le vernis hybride en 10 minutes.  Contient de l'huile de macadamia et de la vitamine E, qui ont un effet tr\u00e8s positif sur la peau et la plaque de l'ongle : hydratent, renforcent et tonifient.<\/p>","protected":false},"featured_media":7882,"comment_status":"open","ping_status":"closed","template":"","meta":[],"product_brand":[],"product_cat":[17,53],"product_tag":[90],"class_list":{"0":"post-2904","1":"product","2":"type-product","3":"status-publish","4":"has-post-thumbnail","6":"product_cat-professional-gel-nail-polish","7":"product_cat-gel-nail-preps","8":"product_tag-nail-preparations","9":"product_shipping_class-cardboard-box","11":"first","12":"instock","13":"taxable","14":"shipping-taxable","15":"purchasable","16":"product-type-variable"},"jetpack_sharing_enabled":true,"_links":{"self":[{"href":"https:\/\/victoriavynn.ca\/fr\/wp-json\/wp\/v2\/product\/2904","targetHints":{"allow":["GET"]}}],"collection":[{"href":"https:\/\/victoriavynn.ca\/fr\/wp-json\/wp\/v2\/product"}],"about":[{"href":"https:\/\/victoriavynn.ca\/fr\/wp-json\/wp\/v2\/types\/product"}],"replies":[{"embeddable":true,"href":"https:\/\/victoriavynn.ca\/fr\/wp-json\/wp\/v2\/comments?post=2904"}],"wp:featuredmedia":[{"embeddable":true,"href":"https:\/\/victoriavynn.ca\/fr\/wp-json\/wp\/v2\/media\/7882"}],"wp:attachment":[{"href":"https:\/\/victoriavynn.ca\/fr\/wp-json\/wp\/v2\/media?parent=2904"}],"wp:term":[{"taxonomy":"product_brand","embeddable":true,"href":"https:\/\/victoriavynn.ca\/fr\/wp-json\/wp\/v2\/product_brand?post=2904"},{"taxonomy":"product_cat","embeddable":true,"href":"https:\/\/victoriavynn.ca\/fr\/wp-json\/wp\/v2\/product_cat?post=2904"},{"taxonomy":"product_tag","embeddable":true,"href":"https:\/\/victoriavynn.ca\/fr\/wp-json\/wp\/v2\/product_tag?post=2904"}],"curies":[{"name":"wp","href":"https:\/\/api.w.org\/{rel}","templated":true}]}}