{"id":2922,"date":"2022-08-18T14:21:10","date_gmt":"2022-08-18T14:21:10","guid":{"rendered":"https:\/\/victoriavynn.ca\/index.php\/product\/victoria-vynn-manicure-and-pedicure-brush-violet\/"},"modified":"2026-03-20T09:17:21","modified_gmt":"2026-03-20T13:17:21","slug":"brosse-pour-manucure-et-pedicure","status":"publish","type":"product","link":"https:\/\/victoriavynn.ca\/fr\/product\/manicure-and-pedicure-brush\/","title":{"rendered":"Brosse \u00e0 manucure et p\u00e9dicure Victoria VYNN"},"content":{"rendered":"<p>Victoria VYNN Brosse pour manucure et p\u00e9dicure rose, transparente, violette ou bleue. Une brosse pour \u00e9liminer rapidement et efficacement la poussi\u00e8re et la salet\u00e9 lors des manucures et des p\u00e9dicures. Id\u00e9ale pour d\u00e9poussi\u00e9rer les ongles et \u00e9liminer les restes de pollen ou de paillettes. Elle est dot\u00e9e d'un manche pratique et confortable et de poils tr\u00e8s doux.<\/p>","protected":false},"excerpt":{"rendered":"<p>Victoria VYNN Brosse pour manucure et p\u00e9dicure rose, transparente, violette ou bleue. Une brosse pour \u00e9liminer rapidement et efficacement la poussi\u00e8re et la salet\u00e9 lors des manucures et des p\u00e9dicures. Id\u00e9ale pour d\u00e9poussi\u00e9rer les ongles et \u00e9liminer les restes de pollen ou de paillettes. Elle est dot\u00e9e d'un manche pratique et confortable et de poils tr\u00e8s doux.<\/p>","protected":false},"featured_media":2923,"comment_status":"open","ping_status":"closed","template":"","meta":[],"product_brand":[],"product_cat":[31],"product_tag":[92],"class_list":{"0":"post-2922","1":"product","2":"type-product","3":"status-publish","4":"has-post-thumbnail","6":"product_cat-nail-tools-and-accessories","7":"product_tag-nail-accessories","8":"product_shipping_class-cardboard-box","10":"first","11":"instock","12":"taxable","13":"shipping-taxable","14":"purchasable","15":"product-type-variable"},"jetpack_sharing_enabled":true,"_links":{"self":[{"href":"https:\/\/victoriavynn.ca\/fr\/wp-json\/wp\/v2\/product\/2922","targetHints":{"allow":["GET"]}}],"collection":[{"href":"https:\/\/victoriavynn.ca\/fr\/wp-json\/wp\/v2\/product"}],"about":[{"href":"https:\/\/victoriavynn.ca\/fr\/wp-json\/wp\/v2\/types\/product"}],"replies":[{"embeddable":true,"href":"https:\/\/victoriavynn.ca\/fr\/wp-json\/wp\/v2\/comments?post=2922"}],"wp:featuredmedia":[{"embeddable":true,"href":"https:\/\/victoriavynn.ca\/fr\/wp-json\/wp\/v2\/media\/2923"}],"wp:attachment":[{"href":"https:\/\/victoriavynn.ca\/fr\/wp-json\/wp\/v2\/media?parent=2922"}],"wp:term":[{"taxonomy":"product_brand","embeddable":true,"href":"https:\/\/victoriavynn.ca\/fr\/wp-json\/wp\/v2\/product_brand?post=2922"},{"taxonomy":"product_cat","embeddable":true,"href":"https:\/\/victoriavynn.ca\/fr\/wp-json\/wp\/v2\/product_cat?post=2922"},{"taxonomy":"product_tag","embeddable":true,"href":"https:\/\/victoriavynn.ca\/fr\/wp-json\/wp\/v2\/product_tag?post=2922"}],"curies":[{"name":"wp","href":"https:\/\/api.w.org\/{rel}","templated":true}]}}