{"id":2998,"date":"2022-08-18T14:28:41","date_gmt":"2022-08-18T18:28:41","guid":{"rendered":"https:\/\/victoriavynn.ca\/index.php\/product\/victoria-vynn-white-banana-shaped-nail-file-180-240\/"},"modified":"2026-02-15T20:19:09","modified_gmt":"2026-02-16T01:19:09","slug":"lime-a-ongles-professionnelle-pour-salon-wb240","status":"publish","type":"product","link":"https:\/\/victoriavynn.ca\/fr\/product\/professional-nail-file-for-salon-wb240\/","title":{"rendered":"Lime \u00e0 ongles professionnelle blanche en forme de banane 180\/240"},"content":{"rendered":"<p>Victoria VYNN Lime \u00e0 ongles professionnelle pour salon pour ongles naturels 180\/240 - blanche en forme de banane<\/p>\n<p>Choisissez un fichier qui correspond \u00e0 vos besoins. Qu'est-ce qui est le plus important ? La forme, la couleur, le grain ou le d\u00e9grad\u00e9 ? Ou peut-\u00eatre le type d'ongles : naturel, gel, acrylique-gel ?<\/p>\n<p>D\u00e9couvrez les types et les avantages des limes \u00e0 ongles Victoria Vynn. Selon la gradation, elles peuvent \u00eatre utilis\u00e9es aussi bien pour le soin de la plaque d'ongle naturelle, que pour les hybrides et les ongles rallong\u00e9s par diverses techniques.<\/p>","protected":false},"excerpt":{"rendered":"<p>Victoria VYNN Lime \u00e0 ongles professionnelle pour salon pour ongles naturels. En forme de banane blanche - a deux grains : 180\/240. Achetez en toute confiance ! Le premier distributeur canadien de fournitures professionnelles pour les ongles.<\/p>","protected":false},"featured_media":8017,"comment_status":"open","ping_status":"closed","template":"","meta":{"jetpack_post_was_ever_published":false,"jetpack_publicize_message":"","jetpack_publicize_feature_enabled":true,"jetpack_social_post_already_shared":true,"jetpack_social_options":{"image_generator_settings":{"template":"highway","default_image_id":0,"font":"","enabled":false},"version":2}},"product_brand":[],"product_cat":[31],"product_tag":[92],"class_list":{"0":"post-2998","1":"product","2":"type-product","3":"status-publish","4":"has-post-thumbnail","6":"product_cat-nail-tools-and-accessories","7":"product_tag-nail-accessories","8":"product_shipping_class-cardboard-box","10":"first","11":"instock","12":"taxable","13":"shipping-taxable","14":"purchasable","15":"product-type-simple"},"jetpack_publicize_connections":[],"jetpack-related-posts":[{"id":3008,"url":"https:\/\/victoriavynn.ca\/fr\/product\/best-nail-file-for-natural-nails-ws240\/","url_meta":{"origin":2998,"position":0},"title":"Lime \u00e0 ongles professionnelle droite blanche 180\/240","author":"Serge Sahakian","date":"ao\u00fbt 18, 2022","format":false,"excerpt":"Victoria VYNN Professional Meilleure lime \u00e0 ongles pour les ongles naturels. Forme droite blanche - a deux grains : 180\/240. Achetez en toute confiance ! Le principal distributeur canadien de fournitures professionnelles pour les ongles.","rel":"","context":"Similar post","block_context":{"text":"Similar post","link":""},"img":{"alt_text":"best nail file for natural nails","src":"https:\/\/i0.wp.com\/victoriavynn.ca\/wp-content\/uploads\/2022\/08\/ws240.webp?fit=1000%2C1000&ssl=1&resize=350%2C200","width":350,"height":200,"srcset":"https:\/\/i0.wp.com\/victoriavynn.ca\/wp-content\/uploads\/2022\/08\/ws240.webp?fit=1000%2C1000&ssl=1&resize=350%2C200 1x, https:\/\/i0.wp.com\/victoriavynn.ca\/wp-content\/uploads\/2022\/08\/ws240.webp?fit=1000%2C1000&ssl=1&resize=525%2C300 1.5x, https:\/\/i0.wp.com\/victoriavynn.ca\/wp-content\/uploads\/2022\/08\/ws240.webp?fit=1000%2C1000&ssl=1&resize=700%2C400 2x"},"classes":[]},{"id":3000,"url":"https:\/\/victoriavynn.ca\/fr\/product\/professional-nail-file-for-natural-nails-wc240\/","url_meta":{"origin":2998,"position":1},"title":"Lime \u00e0 ongles professionnelle White Crescent 180\/240","author":"Serge Sahakian","date":"ao\u00fbt 18, 2022","format":false,"excerpt":"Victoria VYNN lime professionnelle pour ongles naturels. Croissant blanc - a deux grains : 180\/240. Achetez en toute confiance ! Le principal distributeur canadien de fournitures professionnelles pour les ongles.","rel":"","context":"Similar post","block_context":{"text":"Similar post","link":""},"img":{"alt_text":"professional nail file for natural nails","src":"https:\/\/i0.wp.com\/victoriavynn.ca\/wp-content\/uploads\/2022\/08\/wc180-240.webp?fit=1000%2C1000&ssl=1&resize=350%2C200","width":350,"height":200,"srcset":"https:\/\/i0.wp.com\/victoriavynn.ca\/wp-content\/uploads\/2022\/08\/wc180-240.webp?fit=1000%2C1000&ssl=1&resize=350%2C200 1x, https:\/\/i0.wp.com\/victoriavynn.ca\/wp-content\/uploads\/2022\/08\/wc180-240.webp?fit=1000%2C1000&ssl=1&resize=525%2C300 1.5x, https:\/\/i0.wp.com\/victoriavynn.ca\/wp-content\/uploads\/2022\/08\/wc180-240.webp?fit=1000%2C1000&ssl=1&resize=700%2C400 2x"},"classes":[]},{"id":3006,"url":"https:\/\/victoriavynn.ca\/fr\/product\/high-quality-nail-file-natural-nails-bs240\/","url_meta":{"origin":2998,"position":2},"title":"Victoria VYNN Lime \u00e0 ongles professionnelle droite noire 180\/240","author":"Serge Sahakian","date":"ao\u00fbt 18, 2022","format":false,"excerpt":"Lime \u00e0 ongles professionnelle pour ongles naturels. Poss\u00e8de deux grains : 180\/240.","rel":"","context":"Similar post","block_context":{"text":"Similar post","link":""},"img":{"alt_text":"high quality nail file","src":"https:\/\/i0.wp.com\/victoriavynn.ca\/wp-content\/uploads\/2022\/08\/bs240.webp?fit=1000%2C1000&ssl=1&resize=350%2C200","width":350,"height":200,"srcset":"https:\/\/i0.wp.com\/victoriavynn.ca\/wp-content\/uploads\/2022\/08\/bs240.webp?fit=1000%2C1000&ssl=1&resize=350%2C200 1x, https:\/\/i0.wp.com\/victoriavynn.ca\/wp-content\/uploads\/2022\/08\/bs240.webp?fit=1000%2C1000&ssl=1&resize=525%2C300 1.5x, https:\/\/i0.wp.com\/victoriavynn.ca\/wp-content\/uploads\/2022\/08\/bs240.webp?fit=1000%2C1000&ssl=1&resize=700%2C400 2x"},"classes":[]},{"id":3012,"url":"https:\/\/victoriavynn.ca\/fr\/product\/professional-nail-file-for-soft-nails-wc600\/","url_meta":{"origin":2998,"position":3},"title":"Lime \u00e0 ongles professionnelle blanche en forme de banane 320\/600","author":"Serge Sahakian","date":"ao\u00fbt 18, 2022","format":false,"excerpt":"Victoria VYNN Lime \u00e0 ongles professionnelle pour ongles mous, d\u00e9licats et d\u00e9doubl\u00e9s. En forme de banane blanche - deux grains : 320\/600. Achetez en toute confiance ! Le plus grand distributeur canadien de fournitures professionnelles pour les ongles.","rel":"","context":"Similar post","block_context":{"text":"Similar post","link":""},"img":{"alt_text":"professional nail file for soft nails","src":"https:\/\/i0.wp.com\/victoriavynn.ca\/wp-content\/uploads\/2022\/08\/wb320-600.webp?fit=1000%2C1000&ssl=1&resize=350%2C200","width":350,"height":200,"srcset":"https:\/\/i0.wp.com\/victoriavynn.ca\/wp-content\/uploads\/2022\/08\/wb320-600.webp?fit=1000%2C1000&ssl=1&resize=350%2C200 1x, https:\/\/i0.wp.com\/victoriavynn.ca\/wp-content\/uploads\/2022\/08\/wb320-600.webp?fit=1000%2C1000&ssl=1&resize=525%2C300 1.5x, https:\/\/i0.wp.com\/victoriavynn.ca\/wp-content\/uploads\/2022\/08\/wb320-600.webp?fit=1000%2C1000&ssl=1&resize=700%2C400 2x"},"classes":[]},{"id":2984,"url":"https:\/\/victoriavynn.ca\/fr\/product\/professional-nail-file-for-gel-nails-wc180\/","url_meta":{"origin":2998,"position":4},"title":"Lime \u00e0 ongles professionnelle White Crescent 100\/180","author":"Serge Sahakian","date":"ao\u00fbt 18, 2022","format":false,"excerpt":"Victoria VYNN lime \u00e0 ongles professionnelle pour les ongles en gel, en acrylique et en acrylique - ongles en gel. Croissant blanc - a deux grains : 100\/180. Achetez en toute confiance ! Le premier distributeur canadien de fournitures professionnelles pour les ongles.","rel":"","context":"Similar post","block_context":{"text":"Similar post","link":""},"img":{"alt_text":"professional nail file for gel nails","src":"https:\/\/i0.wp.com\/victoriavynn.ca\/wp-content\/uploads\/2022\/08\/wc100-180-1.webp?fit=1000%2C1000&ssl=1&resize=350%2C200","width":350,"height":200,"srcset":"https:\/\/i0.wp.com\/victoriavynn.ca\/wp-content\/uploads\/2022\/08\/wc100-180-1.webp?fit=1000%2C1000&ssl=1&resize=350%2C200 1x, https:\/\/i0.wp.com\/victoriavynn.ca\/wp-content\/uploads\/2022\/08\/wc100-180-1.webp?fit=1000%2C1000&ssl=1&resize=525%2C300 1.5x, https:\/\/i0.wp.com\/victoriavynn.ca\/wp-content\/uploads\/2022\/08\/wc100-180-1.webp?fit=1000%2C1000&ssl=1&resize=700%2C400 2x"},"classes":[]},{"id":3014,"url":"https:\/\/victoriavynn.ca\/fr\/product\/professional-nail-file-for-weak-nails-ws600\/","url_meta":{"origin":2998,"position":5},"title":"Lime \u00e0 ongles professionnelle droite blanche 320\/600","author":"Serge Sahakian","date":"ao\u00fbt 18, 2022","format":false,"excerpt":"Victoria VYNN Lime \u00e0 ongles professionnelle pour ongles fragiles, d\u00e9licats et d\u00e9doubl\u00e9s. Forme droite blanche - a deux grains : 320\/600. Achetez en toute confiance ! Le plus grand distributeur canadien de fournitures professionnelles pour les ongles.","rel":"","context":"Similar post","block_context":{"text":"Similar post","link":""},"img":{"alt_text":"professional nail file for weak nails","src":"https:\/\/i0.wp.com\/victoriavynn.ca\/wp-content\/uploads\/2022\/08\/ws320-600.webp?fit=1000%2C1000&ssl=1&resize=350%2C200","width":350,"height":200,"srcset":"https:\/\/i0.wp.com\/victoriavynn.ca\/wp-content\/uploads\/2022\/08\/ws320-600.webp?fit=1000%2C1000&ssl=1&resize=350%2C200 1x, https:\/\/i0.wp.com\/victoriavynn.ca\/wp-content\/uploads\/2022\/08\/ws320-600.webp?fit=1000%2C1000&ssl=1&resize=525%2C300 1.5x, https:\/\/i0.wp.com\/victoriavynn.ca\/wp-content\/uploads\/2022\/08\/ws320-600.webp?fit=1000%2C1000&ssl=1&resize=700%2C400 2x"},"classes":[]}],"jetpack_sharing_enabled":true,"_links":{"self":[{"href":"https:\/\/victoriavynn.ca\/fr\/wp-json\/wp\/v2\/product\/2998","targetHints":{"allow":["GET"]}}],"collection":[{"href":"https:\/\/victoriavynn.ca\/fr\/wp-json\/wp\/v2\/product"}],"about":[{"href":"https:\/\/victoriavynn.ca\/fr\/wp-json\/wp\/v2\/types\/product"}],"replies":[{"embeddable":true,"href":"https:\/\/victoriavynn.ca\/fr\/wp-json\/wp\/v2\/comments?post=2998"}],"wp:featuredmedia":[{"embeddable":true,"href":"https:\/\/victoriavynn.ca\/fr\/wp-json\/wp\/v2\/media\/8017"}],"wp:attachment":[{"href":"https:\/\/victoriavynn.ca\/fr\/wp-json\/wp\/v2\/media?parent=2998"}],"wp:term":[{"taxonomy":"product_brand","embeddable":true,"href":"https:\/\/victoriavynn.ca\/fr\/wp-json\/wp\/v2\/product_brand?post=2998"},{"taxonomy":"product_cat","embeddable":true,"href":"https:\/\/victoriavynn.ca\/fr\/wp-json\/wp\/v2\/product_cat?post=2998"},{"taxonomy":"product_tag","embeddable":true,"href":"https:\/\/victoriavynn.ca\/fr\/wp-json\/wp\/v2\/product_tag?post=2998"}],"curies":[{"name":"wp","href":"https:\/\/api.w.org\/{rel}","templated":true}]}}