{"id":3006,"date":"2022-08-18T10:28:45","date_gmt":"2022-08-18T14:28:45","guid":{"rendered":"https:\/\/victoriavynn.ca\/index.php\/product\/victoria-vynn-professional-straight-nail-file-180-240\/"},"modified":"2026-04-01T09:24:52","modified_gmt":"2026-04-01T13:24:52","slug":"lime-a-ongles-de-haute-qualite-pour-ongles-naturels-bs240","status":"publish","type":"product","link":"https:\/\/victoriavynn.ca\/fr\/product\/high-quality-nail-file-natural-nails-bs240\/","title":{"rendered":"Victoria VYNN Lime \u00e0 ongles professionnelle droite noire 180\/240"},"content":{"rendered":"<p>Victoria VYNN Lime \u00e0 ongles de haute qualit\u00e9 pour ongles naturels 180\/240 - Noir forme droite.<\/p>\n<p>Choisissez un fichier qui correspond \u00e0 vos besoins. Qu'est-ce qui est le plus important ? La forme, la couleur, le grain ou le d\u00e9grad\u00e9 ? Ou peut-\u00eatre le type d'ongles : naturel, gel, acrylique-gel ?<\/p>\n<p>D\u00e9couvrez les types et les avantages des limes \u00e0 ongles Victoria Vynn. Selon la gradation, elles peuvent \u00eatre utilis\u00e9es aussi bien pour le soin de la plaque d'ongle naturelle, que pour les hybrides et les ongles rallong\u00e9s par diverses techniques.<\/p>","protected":false},"excerpt":{"rendered":"<p>Lime \u00e0 ongles professionnelle pour ongles naturels. Poss\u00e8de deux grains : 180\/240.<\/p>","protected":false},"featured_media":8022,"comment_status":"open","ping_status":"closed","template":"","meta":{"jetpack_post_was_ever_published":false,"jetpack_publicize_message":"","jetpack_publicize_feature_enabled":true,"jetpack_social_post_already_shared":true,"jetpack_social_options":{"image_generator_settings":{"template":"highway","default_image_id":0,"font":"","enabled":false},"version":2}},"product_brand":[],"product_cat":[31],"product_tag":[610,92],"class_list":{"0":"post-3006","1":"product","2":"type-product","3":"status-publish","4":"has-post-thumbnail","6":"product_cat-nail-tools-and-accessories","7":"product_tag-disposable-nail-files-buffers","8":"product_tag-nail-accessories","9":"product_shipping_class-cardboard-box","11":"first","12":"instock","13":"taxable","14":"shipping-taxable","15":"purchasable","16":"product-type-simple"},"jetpack_publicize_connections":[],"jetpack-related-posts":[{"id":3008,"url":"https:\/\/victoriavynn.ca\/fr\/product\/best-nail-file-for-natural-nails-ws240\/","url_meta":{"origin":3006,"position":0},"title":"Lime \u00e0 ongles professionnelle droite blanche 180\/240","author":"Serge Sahakian","date":"ao\u00fbt 18, 2022","format":false,"excerpt":"Victoria VYNN Professional Meilleure lime \u00e0 ongles pour les ongles naturels. Forme droite blanche - a deux grains : 180\/240. Achetez en toute confiance ! Le principal distributeur canadien de fournitures professionnelles pour les ongles.","rel":"","context":"Similar post","block_context":{"text":"Similar post","link":""},"img":{"alt_text":"best nail file for natural nails","src":"https:\/\/i0.wp.com\/victoriavynn.ca\/wp-content\/uploads\/2022\/08\/ws240.webp?fit=1000%2C1000&ssl=1&resize=350%2C200","width":350,"height":200,"srcset":"https:\/\/i0.wp.com\/victoriavynn.ca\/wp-content\/uploads\/2022\/08\/ws240.webp?fit=1000%2C1000&ssl=1&resize=350%2C200 1x, https:\/\/i0.wp.com\/victoriavynn.ca\/wp-content\/uploads\/2022\/08\/ws240.webp?fit=1000%2C1000&ssl=1&resize=525%2C300 1.5x, https:\/\/i0.wp.com\/victoriavynn.ca\/wp-content\/uploads\/2022\/08\/ws240.webp?fit=1000%2C1000&ssl=1&resize=700%2C400 2x"},"classes":[]},{"id":2998,"url":"https:\/\/victoriavynn.ca\/fr\/product\/professional-nail-file-for-salon-wb240\/","url_meta":{"origin":3006,"position":1},"title":"Lime \u00e0 ongles professionnelle blanche en forme de banane 180\/240","author":"Serge Sahakian","date":"ao\u00fbt 18, 2022","format":false,"excerpt":"Victoria VYNN Lime \u00e0 ongles professionnelle pour salon pour ongles naturels. En forme de banane blanche - a deux grains : 180\/240. Achetez en toute confiance ! Le premier distributeur canadien de fournitures professionnelles pour les ongles.","rel":"","context":"Similar post","block_context":{"text":"Similar post","link":""},"img":{"alt_text":"professional nail file for salon","src":"https:\/\/i0.wp.com\/victoriavynn.ca\/wp-content\/uploads\/2022\/08\/wb240.webp?fit=1000%2C1000&ssl=1&resize=350%2C200","width":350,"height":200,"srcset":"https:\/\/i0.wp.com\/victoriavynn.ca\/wp-content\/uploads\/2022\/08\/wb240.webp?fit=1000%2C1000&ssl=1&resize=350%2C200 1x, https:\/\/i0.wp.com\/victoriavynn.ca\/wp-content\/uploads\/2022\/08\/wb240.webp?fit=1000%2C1000&ssl=1&resize=525%2C300 1.5x, https:\/\/i0.wp.com\/victoriavynn.ca\/wp-content\/uploads\/2022\/08\/wb240.webp?fit=1000%2C1000&ssl=1&resize=700%2C400 2x"},"classes":[]},{"id":3000,"url":"https:\/\/victoriavynn.ca\/fr\/product\/professional-nail-file-for-natural-nails-wc240\/","url_meta":{"origin":3006,"position":2},"title":"Lime \u00e0 ongles professionnelle White Crescent 180\/240","author":"Serge Sahakian","date":"ao\u00fbt 18, 2022","format":false,"excerpt":"Victoria VYNN lime professionnelle pour ongles naturels. Croissant blanc - a deux grains : 180\/240. Achetez en toute confiance ! Le principal distributeur canadien de fournitures professionnelles pour les ongles.","rel":"","context":"Similar post","block_context":{"text":"Similar post","link":""},"img":{"alt_text":"professional nail file for natural nails","src":"https:\/\/i0.wp.com\/victoriavynn.ca\/wp-content\/uploads\/2022\/08\/wc180-240.webp?fit=1000%2C1000&ssl=1&resize=350%2C200","width":350,"height":200,"srcset":"https:\/\/i0.wp.com\/victoriavynn.ca\/wp-content\/uploads\/2022\/08\/wc180-240.webp?fit=1000%2C1000&ssl=1&resize=350%2C200 1x, https:\/\/i0.wp.com\/victoriavynn.ca\/wp-content\/uploads\/2022\/08\/wc180-240.webp?fit=1000%2C1000&ssl=1&resize=525%2C300 1.5x, https:\/\/i0.wp.com\/victoriavynn.ca\/wp-content\/uploads\/2022\/08\/wc180-240.webp?fit=1000%2C1000&ssl=1&resize=700%2C400 2x"},"classes":[]},{"id":2984,"url":"https:\/\/victoriavynn.ca\/fr\/product\/professional-nail-file-for-gel-nails-wc180\/","url_meta":{"origin":3006,"position":3},"title":"Lime \u00e0 ongles professionnelle White Crescent 100\/180","author":"Serge Sahakian","date":"ao\u00fbt 18, 2022","format":false,"excerpt":"Victoria VYNN lime \u00e0 ongles professionnelle pour les ongles en gel, en acrylique et en acrylique - ongles en gel. Croissant blanc - a deux grains : 100\/180. Achetez en toute confiance ! Le premier distributeur canadien de fournitures professionnelles pour les ongles.","rel":"","context":"Similar post","block_context":{"text":"Similar post","link":""},"img":{"alt_text":"professional nail file for gel nails","src":"https:\/\/i0.wp.com\/victoriavynn.ca\/wp-content\/uploads\/2022\/08\/wc100-180-1.webp?fit=1000%2C1000&ssl=1&resize=350%2C200","width":350,"height":200,"srcset":"https:\/\/i0.wp.com\/victoriavynn.ca\/wp-content\/uploads\/2022\/08\/wc100-180-1.webp?fit=1000%2C1000&ssl=1&resize=350%2C200 1x, https:\/\/i0.wp.com\/victoriavynn.ca\/wp-content\/uploads\/2022\/08\/wc100-180-1.webp?fit=1000%2C1000&ssl=1&resize=525%2C300 1.5x, https:\/\/i0.wp.com\/victoriavynn.ca\/wp-content\/uploads\/2022\/08\/wc100-180-1.webp?fit=1000%2C1000&ssl=1&resize=700%2C400 2x"},"classes":[]},{"id":3010,"url":"https:\/\/victoriavynn.ca\/fr\/product\/victoria-vynn-black-straight-nail-file-180-240\/","url_meta":{"origin":3006,"position":4},"title":"Victoria VYNN Lime \u00e0 ongles professionnelle droite noire 180\/240","author":"Serge Sahakian","date":"ao\u00fbt 18, 2022","format":false,"excerpt":"Victoria VYNN Lime \u00e0 ongles de haute qualit\u00e9 pour les ongles naturels. Forme droite noire - a deux grains : 180\/240. Achetez en toute confiance ! Le premier distributeur canadien de fournitures professionnelles pour les ongles.","rel":"","context":"Similar post","block_context":{"text":"Similar post","link":""},"img":{"alt_text":"","src":"https:\/\/i0.wp.com\/victoriavynn.ca\/wp-content\/uploads\/2022\/08\/straight-black-180-240-1.jpeg?fit=753%2C753&ssl=1&resize=350%2C200","width":350,"height":200,"srcset":"https:\/\/i0.wp.com\/victoriavynn.ca\/wp-content\/uploads\/2022\/08\/straight-black-180-240-1.jpeg?fit=753%2C753&ssl=1&resize=350%2C200 1x, https:\/\/i0.wp.com\/victoriavynn.ca\/wp-content\/uploads\/2022\/08\/straight-black-180-240-1.jpeg?fit=753%2C753&ssl=1&resize=525%2C300 1.5x, https:\/\/i0.wp.com\/victoriavynn.ca\/wp-content\/uploads\/2022\/08\/straight-black-180-240-1.jpeg?fit=753%2C753&ssl=1&resize=700%2C400 2x"},"classes":[]},{"id":3014,"url":"https:\/\/victoriavynn.ca\/fr\/product\/professional-nail-file-for-weak-nails-ws600\/","url_meta":{"origin":3006,"position":5},"title":"Lime \u00e0 ongles professionnelle droite blanche 320\/600","author":"Serge Sahakian","date":"ao\u00fbt 18, 2022","format":false,"excerpt":"Victoria VYNN Lime \u00e0 ongles professionnelle pour ongles fragiles, d\u00e9licats et d\u00e9doubl\u00e9s. Forme droite blanche - a deux grains : 320\/600. Achetez en toute confiance ! Le plus grand distributeur canadien de fournitures professionnelles pour les ongles.","rel":"","context":"Similar post","block_context":{"text":"Similar post","link":""},"img":{"alt_text":"professional nail file for weak nails","src":"https:\/\/i0.wp.com\/victoriavynn.ca\/wp-content\/uploads\/2022\/08\/ws320-600.webp?fit=1000%2C1000&ssl=1&resize=350%2C200","width":350,"height":200,"srcset":"https:\/\/i0.wp.com\/victoriavynn.ca\/wp-content\/uploads\/2022\/08\/ws320-600.webp?fit=1000%2C1000&ssl=1&resize=350%2C200 1x, https:\/\/i0.wp.com\/victoriavynn.ca\/wp-content\/uploads\/2022\/08\/ws320-600.webp?fit=1000%2C1000&ssl=1&resize=525%2C300 1.5x, https:\/\/i0.wp.com\/victoriavynn.ca\/wp-content\/uploads\/2022\/08\/ws320-600.webp?fit=1000%2C1000&ssl=1&resize=700%2C400 2x"},"classes":[]}],"jetpack_sharing_enabled":true,"_links":{"self":[{"href":"https:\/\/victoriavynn.ca\/fr\/wp-json\/wp\/v2\/product\/3006","targetHints":{"allow":["GET"]}}],"collection":[{"href":"https:\/\/victoriavynn.ca\/fr\/wp-json\/wp\/v2\/product"}],"about":[{"href":"https:\/\/victoriavynn.ca\/fr\/wp-json\/wp\/v2\/types\/product"}],"replies":[{"embeddable":true,"href":"https:\/\/victoriavynn.ca\/fr\/wp-json\/wp\/v2\/comments?post=3006"}],"wp:featuredmedia":[{"embeddable":true,"href":"https:\/\/victoriavynn.ca\/fr\/wp-json\/wp\/v2\/media\/8022"}],"wp:attachment":[{"href":"https:\/\/victoriavynn.ca\/fr\/wp-json\/wp\/v2\/media?parent=3006"}],"wp:term":[{"taxonomy":"product_brand","embeddable":true,"href":"https:\/\/victoriavynn.ca\/fr\/wp-json\/wp\/v2\/product_brand?post=3006"},{"taxonomy":"product_cat","embeddable":true,"href":"https:\/\/victoriavynn.ca\/fr\/wp-json\/wp\/v2\/product_cat?post=3006"},{"taxonomy":"product_tag","embeddable":true,"href":"https:\/\/victoriavynn.ca\/fr\/wp-json\/wp\/v2\/product_tag?post=3006"}],"curies":[{"name":"wp","href":"https:\/\/api.w.org\/{rel}","templated":true}]}}