{"id":3014,"date":"2022-08-18T14:28:49","date_gmt":"2022-08-18T18:28:49","guid":{"rendered":"https:\/\/victoriavynn.ca\/index.php\/product\/victoria-vynn-white-straight-nail-file-320-600\/"},"modified":"2026-02-15T20:19:04","modified_gmt":"2026-02-16T01:19:04","slug":"lime-a-ongles-professionnelle-pour-ongles-fragiles-ws600","status":"publish","type":"product","link":"https:\/\/victoriavynn.ca\/fr\/product\/professional-nail-file-for-weak-nails-ws600\/","title":{"rendered":"Lime \u00e0 ongles professionnelle droite blanche 320\/600"},"content":{"rendered":"<p>Victoria VYNN Lime \u00e0 ongles professionnelle pour ongles fragiles, d\u00e9licats et d\u00e9doubl\u00e9s 320\/600 - blanche droite.<\/p>\n<p>Choisissez un fichier qui correspond \u00e0 vos besoins. Qu'est-ce qui est le plus important ? La forme, la couleur, le grain ou le d\u00e9grad\u00e9 ? Ou peut-\u00eatre le type d'ongles : naturel, gel, acrylique-gel ?<\/p>\n<p>D\u00e9couvrez les types et les avantages des limes \u00e0 ongles Victoria Vynn. Selon la gradation, elles peuvent \u00eatre utilis\u00e9es aussi bien pour le soin de la plaque d'ongle naturelle, que pour les hybrides et les ongles rallong\u00e9s par diverses techniques.<\/p>\n<p>&nbsp;<\/p>","protected":false},"excerpt":{"rendered":"<p>Victoria VYNN Lime \u00e0 ongles professionnelle pour ongles fragiles, d\u00e9licats et d\u00e9doubl\u00e9s. Forme droite blanche - a deux grains : 320\/600. Achetez en toute confiance ! Le premier distributeur canadien de fournitures professionnelles pour les ongles.<\/p>","protected":false},"featured_media":8003,"comment_status":"open","ping_status":"closed","template":"","meta":{"jetpack_post_was_ever_published":false,"jetpack_publicize_message":"","jetpack_publicize_feature_enabled":true,"jetpack_social_post_already_shared":true,"jetpack_social_options":{"image_generator_settings":{"template":"highway","default_image_id":0,"font":"","enabled":false},"version":2}},"product_brand":[],"product_cat":[31],"product_tag":[92],"class_list":{"0":"post-3014","1":"product","2":"type-product","3":"status-publish","4":"has-post-thumbnail","6":"product_cat-nail-tools-and-accessories","7":"product_tag-nail-accessories","8":"product_shipping_class-cardboard-box","10":"first","11":"instock","12":"taxable","13":"shipping-taxable","14":"purchasable","15":"product-type-simple"},"jetpack_publicize_connections":[],"jetpack-related-posts":[{"id":37100,"url":"https:\/\/victoriavynn.ca\/fr\/product\/victoria-vynn-liquid-polygel-color-chart-01-06\/","url_meta":{"origin":3014,"position":0},"title":"Victoria VYNN Liquid Polygel Color Chart 01-06","author":"Serge Sahakian","date":"octobre 18, 2025","format":false,"excerpt":"D\u00e9couvrez les six nuances de r\u00eave de Victoria Vynn Liquid PolyGel - des tons laiteux doux aux roses d\u00e9licats. Chaque couleur offre une force et une flexibilit\u00e9 parfaites pour le salon, ainsi qu'un fini naturel et impeccable.\u2728 Le syst\u00e8me hybride ultime pour une beaut\u00e9 sans effort dans toutes les nuances.","rel":"","context":"Similar post","block_context":{"text":"Similar post","link":""},"img":{"alt_text":"liquid plygel color chart","src":"https:\/\/i0.wp.com\/victoriavynn.ca\/wp-content\/uploads\/2025\/10\/liquid-plygel-color-chart.webp?fit=750%2C1000&ssl=1&resize=350%2C200","width":350,"height":200,"srcset":"https:\/\/i0.wp.com\/victoriavynn.ca\/wp-content\/uploads\/2025\/10\/liquid-plygel-color-chart.webp?fit=750%2C1000&ssl=1&resize=350%2C200 1x, https:\/\/i0.wp.com\/victoriavynn.ca\/wp-content\/uploads\/2025\/10\/liquid-plygel-color-chart.webp?fit=750%2C1000&ssl=1&resize=525%2C300 1.5x, https:\/\/i0.wp.com\/victoriavynn.ca\/wp-content\/uploads\/2025\/10\/liquid-plygel-color-chart.webp?fit=750%2C1000&ssl=1&resize=700%2C400 2x"},"classes":[]},{"id":37081,"url":"https:\/\/victoriavynn.ca\/fr\/product\/victoria-vynn-liquid-polygel-15ml\/","url_meta":{"origin":3014,"position":1},"title":"Victoria VYNN Polygel liquide 15ml","author":"Serge Sahakian","date":"octobre 18, 2025","format":false,"excerpt":"D\u00e9couvrez l'avenir de l'architecture des ongles avec Victoria Vynn Liquid PolyGel - la fusion parfaite de la flexibilit\u00e9 du gel et de la r\u00e9sistance de l'acrylique. Sa texture auto-nivelante d'\u00e9paisseur moyenne glisse sans effort pour des superpositions et des extensions parfaites, offrant des r\u00e9sultats l\u00e9gers mais durables avec une finition naturelle et \u00e9l\u00e9gante....","rel":"","context":"Similar post","block_context":{"text":"Similar post","link":""},"img":{"alt_text":"victoria vynn liquid polygel no. 1","src":"https:\/\/i0.wp.com\/victoriavynn.ca\/wp-content\/uploads\/2025\/10\/victoria-vynn-liquid-polygel-no.-1.webp?fit=750%2C1000&ssl=1&resize=350%2C200","width":350,"height":200,"srcset":"https:\/\/i0.wp.com\/victoriavynn.ca\/wp-content\/uploads\/2025\/10\/victoria-vynn-liquid-polygel-no.-1.webp?fit=750%2C1000&ssl=1&resize=350%2C200 1x, https:\/\/i0.wp.com\/victoriavynn.ca\/wp-content\/uploads\/2025\/10\/victoria-vynn-liquid-polygel-no.-1.webp?fit=750%2C1000&ssl=1&resize=525%2C300 1.5x, https:\/\/i0.wp.com\/victoriavynn.ca\/wp-content\/uploads\/2025\/10\/victoria-vynn-liquid-polygel-no.-1.webp?fit=750%2C1000&ssl=1&resize=700%2C400 2x"},"classes":[]},{"id":48886,"url":"https:\/\/victoriavynn.ca\/fr\/product\/victoria-vynn-nail-tech-essentials-set-14-pack\/","url_meta":{"origin":3014,"position":2},"title":"Victoria VYNN Nail Tech Essentials Set 14 Pack","author":"Serge Sahakian","date":"f\u00e9vrier 11, 2026","format":false,"excerpt":"Que contient l'ensemble ?  Nail Prep &amp; Foundation Salon Nail Prep 15ml Tape Bond 8ml Mega Base Clear 8ml Gel Polish No. 214 Top Oh ! My Gloss 8ml Builder &amp; Sculpting System Salon Build Gel Base 15ml Mousse Gel Coral Soft No.3 15ml Master Gel Milky White No.2 60g Master Gel...","rel":"","context":"Similar post","block_context":{"text":"Similar post","link":""},"img":{"alt_text":"BUILD GEL SET new","src":"https:\/\/i0.wp.com\/victoriavynn.ca\/wp-content\/uploads\/2026\/02\/build-gel-set-new.webp?fit=750%2C1000&ssl=1&resize=350%2C200","width":350,"height":200,"srcset":"https:\/\/i0.wp.com\/victoriavynn.ca\/wp-content\/uploads\/2026\/02\/build-gel-set-new.webp?fit=750%2C1000&ssl=1&resize=350%2C200 1x, https:\/\/i0.wp.com\/victoriavynn.ca\/wp-content\/uploads\/2026\/02\/build-gel-set-new.webp?fit=750%2C1000&ssl=1&resize=525%2C300 1.5x, https:\/\/i0.wp.com\/victoriavynn.ca\/wp-content\/uploads\/2026\/02\/build-gel-set-new.webp?fit=750%2C1000&ssl=1&resize=700%2C400 2x"},"classes":[]},{"id":52724,"url":"https:\/\/victoriavynn.ca\/fr\/product\/victoria-vynn-gel-polish-hello-base-aloha-glow\/","url_meta":{"origin":3014,"position":3},"title":"Victoria VYNN Gel Polish Hello Base","author":"Serge Sahakian","date":"mars 20, 2026","format":false,"excerpt":"Cr\u00e9ez des ongles impeccables et brillants en quelques secondes avec la base Hello de Victoria VYNN - une base paillet\u00e9e autonivelante infus\u00e9e de millions de particules scintillantes pour un effet diamant flash \u00e9poustouflant. Parfaite pour le travail rapide en salon, les looks nus et les mod\u00e8les de mariage. Sp\u00e9cifications du produit : \u00a0 \u00a0 \u00a0 \u00a0 \u00a0 \u00a0","rel":"","context":"Similar post","block_context":{"text":"Similar post","link":""},"img":{"alt_text":"HELLO BASE ALOHA","src":"https:\/\/i0.wp.com\/victoriavynn.ca\/wp-content\/uploads\/2026\/03\/hello-base-aloha-1.webp?fit=750%2C1000&ssl=1&resize=350%2C200","width":350,"height":200,"srcset":"https:\/\/i0.wp.com\/victoriavynn.ca\/wp-content\/uploads\/2026\/03\/hello-base-aloha-1.webp?fit=750%2C1000&ssl=1&resize=350%2C200 1x, https:\/\/i0.wp.com\/victoriavynn.ca\/wp-content\/uploads\/2026\/03\/hello-base-aloha-1.webp?fit=750%2C1000&ssl=1&resize=525%2C300 1.5x, https:\/\/i0.wp.com\/victoriavynn.ca\/wp-content\/uploads\/2026\/03\/hello-base-aloha-1.webp?fit=750%2C1000&ssl=1&resize=700%2C400 2x"},"classes":[]},{"id":47983,"url":"https:\/\/victoriavynn.ca\/fr\/product\/victoria-vynn-aurora-dust-powder\/","url_meta":{"origin":3014,"position":4},"title":"Victoria VYNN Dust Aurora 2.0","author":"Serge Sahakian","date":"f\u00e9vrier 2, 2026","format":false,"excerpt":"Cr\u00e9ez un \u00e9clat lumineux d'aurore avec Victoria VYNN Aurora Dust, une poudre ultra-fine aux doux reflets iris\u00e9s et au fini soyeux et \u00e9l\u00e9gant.","rel":"","context":"Similar post","block_context":{"text":"Similar post","link":""},"img":{"alt_text":"Victoria VYNN Aurora Powder Jar","src":"https:\/\/i0.wp.com\/victoriavynn.ca\/wp-content\/uploads\/2026\/02\/victoria-vynn-aurora-powder-jar-1.webp?fit=750%2C1000&ssl=1&resize=350%2C200","width":350,"height":200,"srcset":"https:\/\/i0.wp.com\/victoriavynn.ca\/wp-content\/uploads\/2026\/02\/victoria-vynn-aurora-powder-jar-1.webp?fit=750%2C1000&ssl=1&resize=350%2C200 1x, https:\/\/i0.wp.com\/victoriavynn.ca\/wp-content\/uploads\/2026\/02\/victoria-vynn-aurora-powder-jar-1.webp?fit=750%2C1000&ssl=1&resize=525%2C300 1.5x, https:\/\/i0.wp.com\/victoriavynn.ca\/wp-content\/uploads\/2026\/02\/victoria-vynn-aurora-powder-jar-1.webp?fit=750%2C1000&ssl=1&resize=700%2C400 2x"},"classes":[]},{"id":48323,"url":"https:\/\/victoriavynn.ca\/fr\/product\/victoria-vynn-starter-kit-7-2-free\/","url_meta":{"origin":3014,"position":5},"title":"Victoria VYNN 9 Pack Starter Kit 2026","author":"Serge Sahakian","date":"f\u00e9vrier 6, 2026","format":false,"excerpt":"Que contient le pack de 9 ? \u2714 PR\u00c9PARATION Salon Nail Prep 15 ml - D\u00e9shydrate efficacement la plaque de l'ongle naturel pour une adh\u00e9rence maximale. Gel Polish Tape Bond 8 ml - Primaire d'adh\u00e9rence sans acide pour une tenue longue dur\u00e9e. \u2714 BASE SYSTEM Boost Base Clearell 8 ml - Base renfor\u00e7ante autonivelante. Mega Base Cold...","rel":"","context":"Similar post","block_context":{"text":"Similar post","link":""},"img":{"alt_text":"victoria vynn 9 pack","src":"https:\/\/i0.wp.com\/victoriavynn.ca\/wp-content\/uploads\/2026\/02\/victoria-vynn-9-pack-.webp?fit=750%2C1000&ssl=1&resize=350%2C200","width":350,"height":200,"srcset":"https:\/\/i0.wp.com\/victoriavynn.ca\/wp-content\/uploads\/2026\/02\/victoria-vynn-9-pack-.webp?fit=750%2C1000&ssl=1&resize=350%2C200 1x, https:\/\/i0.wp.com\/victoriavynn.ca\/wp-content\/uploads\/2026\/02\/victoria-vynn-9-pack-.webp?fit=750%2C1000&ssl=1&resize=525%2C300 1.5x, https:\/\/i0.wp.com\/victoriavynn.ca\/wp-content\/uploads\/2026\/02\/victoria-vynn-9-pack-.webp?fit=750%2C1000&ssl=1&resize=700%2C400 2x"},"classes":[]}],"jetpack_sharing_enabled":true,"_links":{"self":[{"href":"https:\/\/victoriavynn.ca\/fr\/wp-json\/wp\/v2\/product\/3014","targetHints":{"allow":["GET"]}}],"collection":[{"href":"https:\/\/victoriavynn.ca\/fr\/wp-json\/wp\/v2\/product"}],"about":[{"href":"https:\/\/victoriavynn.ca\/fr\/wp-json\/wp\/v2\/types\/product"}],"replies":[{"embeddable":true,"href":"https:\/\/victoriavynn.ca\/fr\/wp-json\/wp\/v2\/comments?post=3014"}],"wp:featuredmedia":[{"embeddable":true,"href":"https:\/\/victoriavynn.ca\/fr\/wp-json\/wp\/v2\/media\/8003"}],"wp:attachment":[{"href":"https:\/\/victoriavynn.ca\/fr\/wp-json\/wp\/v2\/media?parent=3014"}],"wp:term":[{"taxonomy":"product_brand","embeddable":true,"href":"https:\/\/victoriavynn.ca\/fr\/wp-json\/wp\/v2\/product_brand?post=3014"},{"taxonomy":"product_cat","embeddable":true,"href":"https:\/\/victoriavynn.ca\/fr\/wp-json\/wp\/v2\/product_cat?post=3014"},{"taxonomy":"product_tag","embeddable":true,"href":"https:\/\/victoriavynn.ca\/fr\/wp-json\/wp\/v2\/product_tag?post=3014"}],"curies":[{"name":"wp","href":"https:\/\/api.w.org\/{rel}","templated":true}]}}