{"id":3146,"date":"2022-08-18T10:39:07","date_gmt":"2022-08-18T14:39:07","guid":{"rendered":"https:\/\/victoriavynn.ca\/index.php\/product\/victoria-vynn-3-pack-black-white\/"},"modified":"2026-03-04T17:46:27","modified_gmt":"2026-03-04T22:46:27","slug":"victoria-vynn-3-packs-noir-blanc","status":"publish","type":"product","link":"https:\/\/victoriavynn.ca\/fr\/product\/victoria-vynn-3-pack-black-white\/","title":{"rendered":"Victoria VYNN 3 Pack Promo Set Noir &amp; Blanc"},"content":{"rendered":"","protected":false},"excerpt":{"rendered":"<p>Gel Polish 261 - 262 + Top Unblue no wipe<\/p>","protected":false},"featured_media":3147,"comment_status":"open","ping_status":"closed","template":"","meta":{"jetpack_post_was_ever_published":false,"jetpack_publicize_message":"","jetpack_publicize_feature_enabled":true,"jetpack_social_post_already_shared":true,"jetpack_social_options":{"image_generator_settings":{"template":"highway","default_image_id":0,"font":"","enabled":false},"version":2}},"product_brand":[],"product_cat":[46],"product_tag":[],"class_list":{"0":"post-3146","1":"product","2":"type-product","3":"status-publish","4":"has-post-thumbnail","6":"product_cat-nail-gel-kit","7":"product_shipping_class-cardboard-box","9":"first","10":"instock","11":"taxable","12":"shipping-taxable","13":"purchasable","14":"product-type-simple"},"jetpack_publicize_connections":[],"jetpack-related-posts":[{"id":3184,"url":"https:\/\/victoriavynn.ca\/fr\/product\/victoria-vynn-8-pack-magic-charm\/","url_meta":{"origin":3146,"position":0},"title":"Victoria VYNN 8 Pack Promo Set Magic Charm","author":"Serge Sahakian","date":"ao\u00fbt 18, 2022","format":false,"excerpt":"Gel Polish 301-304 + Gel Polish 214 + Mega Base Clear + Top Gloss sans lingette + Top Unblue sans lingette","rel":"","context":"Similar post","block_context":{"text":"Similar post","link":""},"img":{"alt_text":"","src":"https:\/\/i0.wp.com\/victoriavynn.ca\/wp-content\/uploads\/2022\/08\/8-pack-magic-charm.jpeg?fit=753%2C753&ssl=1&resize=350%2C200","width":350,"height":200,"srcset":"https:\/\/i0.wp.com\/victoriavynn.ca\/wp-content\/uploads\/2022\/08\/8-pack-magic-charm.jpeg?fit=753%2C753&ssl=1&resize=350%2C200 1x, https:\/\/i0.wp.com\/victoriavynn.ca\/wp-content\/uploads\/2022\/08\/8-pack-magic-charm.jpeg?fit=753%2C753&ssl=1&resize=525%2C300 1.5x, https:\/\/i0.wp.com\/victoriavynn.ca\/wp-content\/uploads\/2022\/08\/8-pack-magic-charm.jpeg?fit=753%2C753&ssl=1&resize=700%2C400 2x"},"classes":[]},{"id":3186,"url":"https:\/\/victoriavynn.ca\/fr\/product\/victoria-vynn-8-pack-mega-base-04\/","url_meta":{"origin":3146,"position":1},"title":"Victoria VYNN 8 Pack Promo Set Mega Base 04","author":"Serge Sahakian","date":"ao\u00fbt 18, 2022","format":false,"excerpt":"Mega Base Beige, Clear, Cold Pink, Milky White, Pink + Gel Polish Tape Bond + Top Unblue no wipe + Top Gloss no wipe","rel":"","context":"Similar post","block_context":{"text":"Similar post","link":""},"img":{"alt_text":"","src":"https:\/\/i0.wp.com\/victoriavynn.ca\/wp-content\/uploads\/2022\/08\/8-pack-mega-base-04.jpeg?fit=1200%2C1200&ssl=1&resize=350%2C200","width":350,"height":200,"srcset":"https:\/\/i0.wp.com\/victoriavynn.ca\/wp-content\/uploads\/2022\/08\/8-pack-mega-base-04.jpeg?fit=1200%2C1200&ssl=1&resize=350%2C200 1x, https:\/\/i0.wp.com\/victoriavynn.ca\/wp-content\/uploads\/2022\/08\/8-pack-mega-base-04.jpeg?fit=1200%2C1200&ssl=1&resize=525%2C300 1.5x, https:\/\/i0.wp.com\/victoriavynn.ca\/wp-content\/uploads\/2022\/08\/8-pack-mega-base-04.jpeg?fit=1200%2C1200&ssl=1&resize=700%2C400 2x, https:\/\/i0.wp.com\/victoriavynn.ca\/wp-content\/uploads\/2022\/08\/8-pack-mega-base-04.jpeg?fit=1200%2C1200&ssl=1&resize=1050%2C600 3x"},"classes":[]},{"id":16591,"url":"https:\/\/victoriavynn.ca\/fr\/product\/victoria-vynn-5-pack-christmas-cat-eye-gel-polish-collection\/","url_meta":{"origin":3146,"position":2},"title":"Victoria VYNN 5 packs de gel polissant de No\u00ebl pour les yeux de chat","author":"Serge Sahakian","date":"D\u00e9cembre 11, 2023","format":false,"excerpt":"Le kit comprend Gel Polish 354-357 + Top Unblue no wipe","rel":"","context":"Similar post","block_context":{"text":"Similar post","link":""},"img":{"alt_text":"","src":"https:\/\/i0.wp.com\/victoriavynn.ca\/wp-content\/uploads\/2023\/12\/cat-eye-gel-polish-set.jpg?fit=600%2C600&ssl=1&resize=350%2C200","width":350,"height":200,"srcset":"https:\/\/i0.wp.com\/victoriavynn.ca\/wp-content\/uploads\/2023\/12\/cat-eye-gel-polish-set.jpg?fit=600%2C600&ssl=1&resize=350%2C200 1x, https:\/\/i0.wp.com\/victoriavynn.ca\/wp-content\/uploads\/2023\/12\/cat-eye-gel-polish-set.jpg?fit=600%2C600&ssl=1&resize=525%2C300 1.5x"},"classes":[]},{"id":21546,"url":"https:\/\/victoriavynn.ca\/fr\/product\/victoria-vynn-5-pack-luna-glass-no-408412262-oh-my-gloss-top-coat-8ml-mega-base-milky-white-8ml\/","url_meta":{"origin":3146,"position":3},"title":"Victoria VYNN 5 Pack Luna Glass No. 408,412,262, Oh ! My Gloss Top Coat 8ml &amp; Mega Base Milky White 8ml","author":"Serge Sahakian","date":"avril 25, 2025","format":false,"excerpt":"Laissez-vous inspirer par l'espace et d\u00e9passez les horizons de la Terre. LUNAglass est un voyage au-del\u00e0 de l'atmosph\u00e8re terrestre, o\u00f9 la lumi\u00e8re argent\u00e9e de la lune \u00e9blouit et hypnotise. Pr\u00e9parez-vous \u00e0 une collection qui va intriguer et cr\u00e9er de nouvelles tendances en mati\u00e8re de manucure. La cl\u00e9 de l'effet galactique ?...","rel":"","context":"Similar post","block_context":{"text":"Similar post","link":""},"img":{"alt_text":"victoria vynn luna glass pack of 5 with 412","src":"https:\/\/i0.wp.com\/victoriavynn.ca\/wp-content\/uploads\/2025\/04\/victoria-vynn-luna-glass-pack-of-5-with-412.webp?fit=750%2C1000&ssl=1&resize=350%2C200","width":350,"height":200,"srcset":"https:\/\/i0.wp.com\/victoriavynn.ca\/wp-content\/uploads\/2025\/04\/victoria-vynn-luna-glass-pack-of-5-with-412.webp?fit=750%2C1000&ssl=1&resize=350%2C200 1x, https:\/\/i0.wp.com\/victoriavynn.ca\/wp-content\/uploads\/2025\/04\/victoria-vynn-luna-glass-pack-of-5-with-412.webp?fit=750%2C1000&ssl=1&resize=525%2C300 1.5x, https:\/\/i0.wp.com\/victoriavynn.ca\/wp-content\/uploads\/2025\/04\/victoria-vynn-luna-glass-pack-of-5-with-412.webp?fit=750%2C1000&ssl=1&resize=700%2C400 2x"},"classes":[]},{"id":21548,"url":"https:\/\/victoriavynn.ca\/fr\/product\/victoria-vynn-5-pack-luna-glass-no-408413262-oh-my-gloss-top-coat-8ml-mega-base-milky-white-8ml\/","url_meta":{"origin":3146,"position":4},"title":"Victoria VYNN 5 Pack Luna Glass No. 408,413,262, Oh ! My Gloss Top Coat 8ml &amp; Mega Base Milky White 8ml","author":"Serge Sahakian","date":"avril 25, 2025","format":false,"excerpt":"Laissez-vous inspirer par l'espace et d\u00e9passez les horizons de la Terre. LUNAglass est un voyage au-del\u00e0 de l'atmosph\u00e8re terrestre, o\u00f9 la lumi\u00e8re argent\u00e9e de la lune \u00e9blouit et hypnotise. Pr\u00e9parez-vous \u00e0 une collection qui va intriguer et cr\u00e9er de nouvelles tendances en mati\u00e8re de manucure. La cl\u00e9 de l'effet galactique ?...","rel":"","context":"Similar post","block_context":{"text":"Similar post","link":""},"img":{"alt_text":"victoria vynn luna glass pack of 5 new 413","src":"https:\/\/i0.wp.com\/victoriavynn.ca\/wp-content\/uploads\/2025\/04\/victoria-vynn-luna-glass-pack-of-5-new-413.webp?fit=750%2C1000&ssl=1&resize=350%2C200","width":350,"height":200,"srcset":"https:\/\/i0.wp.com\/victoriavynn.ca\/wp-content\/uploads\/2025\/04\/victoria-vynn-luna-glass-pack-of-5-new-413.webp?fit=750%2C1000&ssl=1&resize=350%2C200 1x, https:\/\/i0.wp.com\/victoriavynn.ca\/wp-content\/uploads\/2025\/04\/victoria-vynn-luna-glass-pack-of-5-new-413.webp?fit=750%2C1000&ssl=1&resize=525%2C300 1.5x, https:\/\/i0.wp.com\/victoriavynn.ca\/wp-content\/uploads\/2025\/04\/victoria-vynn-luna-glass-pack-of-5-new-413.webp?fit=750%2C1000&ssl=1&resize=700%2C400 2x"},"classes":[]},{"id":3168,"url":"https:\/\/victoriavynn.ca\/fr\/product\/victoria-vynn-8-pack-dress-code-01\/","url_meta":{"origin":3146,"position":5},"title":"Victoria VYNN 8 Pack Promo Set Dress Code 01","author":"Serge Sahakian","date":"ao\u00fbt 18, 2022","format":false,"excerpt":"Gel Polish 279 - 282 + Mega Base Clear + Gel Polish Tape Bond + Top Gloss no wipe + Top Matt no wipe","rel":"","context":"Similar post","block_context":{"text":"Similar post","link":""},"img":{"alt_text":"","src":"https:\/\/i0.wp.com\/victoriavynn.ca\/wp-content\/uploads\/2022\/08\/8-pack-dress-code-01.jpeg?fit=753%2C753&ssl=1&resize=350%2C200","width":350,"height":200,"srcset":"https:\/\/i0.wp.com\/victoriavynn.ca\/wp-content\/uploads\/2022\/08\/8-pack-dress-code-01.jpeg?fit=753%2C753&ssl=1&resize=350%2C200 1x, https:\/\/i0.wp.com\/victoriavynn.ca\/wp-content\/uploads\/2022\/08\/8-pack-dress-code-01.jpeg?fit=753%2C753&ssl=1&resize=525%2C300 1.5x, https:\/\/i0.wp.com\/victoriavynn.ca\/wp-content\/uploads\/2022\/08\/8-pack-dress-code-01.jpeg?fit=753%2C753&ssl=1&resize=700%2C400 2x"},"classes":[]}],"jetpack_sharing_enabled":true,"_links":{"self":[{"href":"https:\/\/victoriavynn.ca\/fr\/wp-json\/wp\/v2\/product\/3146","targetHints":{"allow":["GET"]}}],"collection":[{"href":"https:\/\/victoriavynn.ca\/fr\/wp-json\/wp\/v2\/product"}],"about":[{"href":"https:\/\/victoriavynn.ca\/fr\/wp-json\/wp\/v2\/types\/product"}],"replies":[{"embeddable":true,"href":"https:\/\/victoriavynn.ca\/fr\/wp-json\/wp\/v2\/comments?post=3146"}],"wp:featuredmedia":[{"embeddable":true,"href":"https:\/\/victoriavynn.ca\/fr\/wp-json\/wp\/v2\/media\/3147"}],"wp:attachment":[{"href":"https:\/\/victoriavynn.ca\/fr\/wp-json\/wp\/v2\/media?parent=3146"}],"wp:term":[{"taxonomy":"product_brand","embeddable":true,"href":"https:\/\/victoriavynn.ca\/fr\/wp-json\/wp\/v2\/product_brand?post=3146"},{"taxonomy":"product_cat","embeddable":true,"href":"https:\/\/victoriavynn.ca\/fr\/wp-json\/wp\/v2\/product_cat?post=3146"},{"taxonomy":"product_tag","embeddable":true,"href":"https:\/\/victoriavynn.ca\/fr\/wp-json\/wp\/v2\/product_tag?post=3146"}],"curies":[{"name":"wp","href":"https:\/\/api.w.org\/{rel}","templated":true}]}}