{"id":3170,"date":"2022-08-18T10:39:23","date_gmt":"2022-08-18T14:39:23","guid":{"rendered":"https:\/\/victoriavynn.ca\/index.php\/product\/victoria-vynn-8-pack-dress-code-02\/"},"modified":"2026-03-04T17:46:28","modified_gmt":"2026-03-04T22:46:28","slug":"victoria-vynn-8-pack-dress-code-02","status":"publish","type":"product","link":"https:\/\/victoriavynn.ca\/fr\/product\/victoria-vynn-8-pack-dress-code-02\/","title":{"rendered":"Victoria VYNN 8 Pack Promo Set Dress Code 02"},"content":{"rendered":"","protected":false},"excerpt":{"rendered":"<p>Pure Creamy Hybrid 198 - 201, Gel Polish 279 - 282<\/p>","protected":false},"featured_media":3171,"comment_status":"open","ping_status":"closed","template":"","meta":{"jetpack_post_was_ever_published":false,"jetpack_publicize_message":"","jetpack_publicize_feature_enabled":true,"jetpack_social_post_already_shared":true,"jetpack_social_options":{"image_generator_settings":{"template":"highway","default_image_id":0,"font":"","enabled":false},"version":2}},"product_brand":[],"product_cat":[46],"product_tag":[],"class_list":{"0":"post-3170","1":"product","2":"type-product","3":"status-publish","4":"has-post-thumbnail","6":"product_cat-nail-gel-kit","7":"product_shipping_class-cardboard-box","9":"first","10":"instock","11":"taxable","12":"shipping-taxable","13":"purchasable","14":"product-type-simple"},"jetpack_publicize_connections":[],"jetpack-related-posts":[{"id":3172,"url":"https:\/\/victoriavynn.ca\/fr\/product\/victoria-vynn-8-pack-dress-code-03\/","url_meta":{"origin":3170,"position":0},"title":"Victoria VYNN 8 Pack Promo Set Dress Code 03","author":"Serge Sahakian","date":"ao\u00fbt 18, 2022","format":false,"excerpt":"Pure Creamy Hybrid 198 - 201 + Gel Polish Tape Bond + Mega Base Clear + Mega Base Beige + Top Gloss no wipe","rel":"","context":"Similar post","block_context":{"text":"Similar post","link":""},"img":{"alt_text":"","src":"https:\/\/i0.wp.com\/victoriavynn.ca\/wp-content\/uploads\/2022\/08\/8-pack-dress-code-03.jpeg?fit=753%2C753&ssl=1&resize=350%2C200","width":350,"height":200,"srcset":"https:\/\/i0.wp.com\/victoriavynn.ca\/wp-content\/uploads\/2022\/08\/8-pack-dress-code-03.jpeg?fit=753%2C753&ssl=1&resize=350%2C200 1x, https:\/\/i0.wp.com\/victoriavynn.ca\/wp-content\/uploads\/2022\/08\/8-pack-dress-code-03.jpeg?fit=753%2C753&ssl=1&resize=525%2C300 1.5x, https:\/\/i0.wp.com\/victoriavynn.ca\/wp-content\/uploads\/2022\/08\/8-pack-dress-code-03.jpeg?fit=753%2C753&ssl=1&resize=700%2C400 2x"},"classes":[]},{"id":3175,"url":"https:\/\/victoriavynn.ca\/fr\/product\/victoria-vynn-8-pack-dress-code-04\/","url_meta":{"origin":3170,"position":1},"title":"Victoria VYNN 8 Pack Promo Set Dress Code 04","author":"Serge Sahakian","date":"ao\u00fbt 18, 2022","format":false,"excerpt":"Pure Creamy Hybrid 001, 022, 198-201 + Base + Top","rel":"","context":"Similar post","block_context":{"text":"Similar post","link":""},"img":{"alt_text":"","src":"https:\/\/i0.wp.com\/victoriavynn.ca\/wp-content\/uploads\/2022\/08\/8-pack-dress-code-04.jpeg?fit=753%2C753&ssl=1&resize=350%2C200","width":350,"height":200,"srcset":"https:\/\/i0.wp.com\/victoriavynn.ca\/wp-content\/uploads\/2022\/08\/8-pack-dress-code-04.jpeg?fit=753%2C753&ssl=1&resize=350%2C200 1x, https:\/\/i0.wp.com\/victoriavynn.ca\/wp-content\/uploads\/2022\/08\/8-pack-dress-code-04.jpeg?fit=753%2C753&ssl=1&resize=525%2C300 1.5x, https:\/\/i0.wp.com\/victoriavynn.ca\/wp-content\/uploads\/2022\/08\/8-pack-dress-code-04.jpeg?fit=753%2C753&ssl=1&resize=700%2C400 2x"},"classes":[]},{"id":3168,"url":"https:\/\/victoriavynn.ca\/fr\/product\/victoria-vynn-8-pack-dress-code-01\/","url_meta":{"origin":3170,"position":2},"title":"Victoria VYNN 8 Pack Promo Set Dress Code 01","author":"Serge Sahakian","date":"ao\u00fbt 18, 2022","format":false,"excerpt":"Gel Polish 279 - 282 + Mega Base Clear + Gel Polish Tape Bond + Top Gloss no wipe + Top Matt no wipe","rel":"","context":"Similar post","block_context":{"text":"Similar post","link":""},"img":{"alt_text":"","src":"https:\/\/i0.wp.com\/victoriavynn.ca\/wp-content\/uploads\/2022\/08\/8-pack-dress-code-01.jpeg?fit=753%2C753&ssl=1&resize=350%2C200","width":350,"height":200,"srcset":"https:\/\/i0.wp.com\/victoriavynn.ca\/wp-content\/uploads\/2022\/08\/8-pack-dress-code-01.jpeg?fit=753%2C753&ssl=1&resize=350%2C200 1x, https:\/\/i0.wp.com\/victoriavynn.ca\/wp-content\/uploads\/2022\/08\/8-pack-dress-code-01.jpeg?fit=753%2C753&ssl=1&resize=525%2C300 1.5x, https:\/\/i0.wp.com\/victoriavynn.ca\/wp-content\/uploads\/2022\/08\/8-pack-dress-code-01.jpeg?fit=753%2C753&ssl=1&resize=700%2C400 2x"},"classes":[]},{"id":20607,"url":"https:\/\/victoriavynn.ca\/fr\/product\/victoria-vynn-8-pack-promo-set-pomodoro-pure-262-267-base-top-free\/","url_meta":{"origin":3170,"position":3},"title":"Victoria VYNN 8 Pack Promo Set Pomodoro Pure 262-267 + Base &amp; Top Free","author":"Serge Sahakian","date":"f\u00e9vrier 7, 2025","format":false,"excerpt":"Victoria VYNN Hybrid Pure Creamy Gel Polish Pomodoro Collection. Une touche d\u00e9licate, une \u00e9nergie \u00e9lectrisante, une tension croissante - c'est la magie du flirt dans le monde des couleurs s\u00e9duisantes de POMODORO ! Le syst\u00e8me Pure Creamy Hybrid comprend des vernis hybrides cr\u00e9meux d'une couverture et d'une durabilit\u00e9 excellentes. Il s'agit d'une formule...","rel":"","context":"Similar post","block_context":{"text":"Similar post","link":""},"img":{"alt_text":"Victoria VYNN Pure Creamy Hybrid Pomodoro Collection No. 262-267 promotion","src":"https:\/\/i0.wp.com\/victoriavynn.ca\/wp-content\/uploads\/2025\/02\/victoria-vynn-pure-creamy-hybrid-pomodoro-collection-no.-262-267-promotion-.webp?fit=750%2C1000&ssl=1&resize=350%2C200","width":350,"height":200,"srcset":"https:\/\/i0.wp.com\/victoriavynn.ca\/wp-content\/uploads\/2025\/02\/victoria-vynn-pure-creamy-hybrid-pomodoro-collection-no.-262-267-promotion-.webp?fit=750%2C1000&ssl=1&resize=350%2C200 1x, https:\/\/i0.wp.com\/victoriavynn.ca\/wp-content\/uploads\/2025\/02\/victoria-vynn-pure-creamy-hybrid-pomodoro-collection-no.-262-267-promotion-.webp?fit=750%2C1000&ssl=1&resize=525%2C300 1.5x, https:\/\/i0.wp.com\/victoriavynn.ca\/wp-content\/uploads\/2025\/02\/victoria-vynn-pure-creamy-hybrid-pomodoro-collection-no.-262-267-promotion-.webp?fit=750%2C1000&ssl=1&resize=700%2C400 2x"},"classes":[]},{"id":3188,"url":"https:\/\/victoriavynn.ca\/fr\/product\/victoria-vynn-8-pack-neon-love-01\/","url_meta":{"origin":3170,"position":4},"title":"Victoria VYNN 8 Pack Promo Set Neon Love 01","author":"Serge Sahakian","date":"ao\u00fbt 18, 2022","format":false,"excerpt":"Gel Polish 283 - 286 + Pure Creamy Hybrid 202 - 205","rel":"","context":"Similar post","block_context":{"text":"Similar post","link":""},"img":{"alt_text":"","src":"https:\/\/i0.wp.com\/victoriavynn.ca\/wp-content\/uploads\/2022\/08\/8-pack-neonlove-01.jpeg?fit=753%2C753&ssl=1&resize=350%2C200","width":350,"height":200,"srcset":"https:\/\/i0.wp.com\/victoriavynn.ca\/wp-content\/uploads\/2022\/08\/8-pack-neonlove-01.jpeg?fit=753%2C753&ssl=1&resize=350%2C200 1x, https:\/\/i0.wp.com\/victoriavynn.ca\/wp-content\/uploads\/2022\/08\/8-pack-neonlove-01.jpeg?fit=753%2C753&ssl=1&resize=525%2C300 1.5x, https:\/\/i0.wp.com\/victoriavynn.ca\/wp-content\/uploads\/2022\/08\/8-pack-neonlove-01.jpeg?fit=753%2C753&ssl=1&resize=700%2C400 2x"},"classes":[]},{"id":3208,"url":"https:\/\/victoriavynn.ca\/fr\/product\/victoria-vynn-8-pack-wedding-collection-03\/","url_meta":{"origin":3170,"position":5},"title":"Victoria VYNN 8 Pack Promo Set Wedding Collection 03","author":"Serge Sahakian","date":"ao\u00fbt 18, 2022","format":false,"excerpt":"Gel Polish 263 - 266 + Pure Creamy Hybrid 178 - 181","rel":"","context":"Similar post","block_context":{"text":"Similar post","link":""},"img":{"alt_text":"","src":"https:\/\/i0.wp.com\/victoriavynn.ca\/wp-content\/uploads\/2022\/08\/8-pack-wedding-collection-03.jpeg?fit=753%2C753&ssl=1&resize=350%2C200","width":350,"height":200,"srcset":"https:\/\/i0.wp.com\/victoriavynn.ca\/wp-content\/uploads\/2022\/08\/8-pack-wedding-collection-03.jpeg?fit=753%2C753&ssl=1&resize=350%2C200 1x, https:\/\/i0.wp.com\/victoriavynn.ca\/wp-content\/uploads\/2022\/08\/8-pack-wedding-collection-03.jpeg?fit=753%2C753&ssl=1&resize=525%2C300 1.5x, https:\/\/i0.wp.com\/victoriavynn.ca\/wp-content\/uploads\/2022\/08\/8-pack-wedding-collection-03.jpeg?fit=753%2C753&ssl=1&resize=700%2C400 2x"},"classes":[]}],"jetpack_sharing_enabled":true,"_links":{"self":[{"href":"https:\/\/victoriavynn.ca\/fr\/wp-json\/wp\/v2\/product\/3170","targetHints":{"allow":["GET"]}}],"collection":[{"href":"https:\/\/victoriavynn.ca\/fr\/wp-json\/wp\/v2\/product"}],"about":[{"href":"https:\/\/victoriavynn.ca\/fr\/wp-json\/wp\/v2\/types\/product"}],"replies":[{"embeddable":true,"href":"https:\/\/victoriavynn.ca\/fr\/wp-json\/wp\/v2\/comments?post=3170"}],"wp:featuredmedia":[{"embeddable":true,"href":"https:\/\/victoriavynn.ca\/fr\/wp-json\/wp\/v2\/media\/3171"}],"wp:attachment":[{"href":"https:\/\/victoriavynn.ca\/fr\/wp-json\/wp\/v2\/media?parent=3170"}],"wp:term":[{"taxonomy":"product_brand","embeddable":true,"href":"https:\/\/victoriavynn.ca\/fr\/wp-json\/wp\/v2\/product_brand?post=3170"},{"taxonomy":"product_cat","embeddable":true,"href":"https:\/\/victoriavynn.ca\/fr\/wp-json\/wp\/v2\/product_cat?post=3170"},{"taxonomy":"product_tag","embeddable":true,"href":"https:\/\/victoriavynn.ca\/fr\/wp-json\/wp\/v2\/product_tag?post=3170"}],"curies":[{"name":"wp","href":"https:\/\/api.w.org\/{rel}","templated":true}]}}