{"id":3204,"date":"2022-08-18T10:43:56","date_gmt":"2022-08-18T14:43:56","guid":{"rendered":"https:\/\/victoriavynn.ca\/index.php\/product\/victoria-vynn-8-pack-summer-together-i\/"},"modified":"2026-03-04T17:48:03","modified_gmt":"2026-03-04T22:48:03","slug":"victoria-vynn-8-pack-summer-together-i","status":"publish","type":"product","link":"https:\/\/victoriavynn.ca\/fr\/product\/victoria-vynn-8-pack-summer-together-i\/","title":{"rendered":"Victoria VYNN 8 Pack Promo Set Summer Together 01"},"content":{"rendered":"","protected":false},"excerpt":{"rendered":"<p>GEL POLISH couleurs 313 + 314 +315 +316 +317 + 318 + MEGA BASE Clear 8ml + Gel Polish Top Gloss No Wipe 8ml<\/p>","protected":false},"featured_media":3205,"comment_status":"open","ping_status":"closed","template":"","meta":{"jetpack_post_was_ever_published":false,"jetpack_publicize_message":"","jetpack_publicize_feature_enabled":true,"jetpack_social_post_already_shared":true,"jetpack_social_options":{"image_generator_settings":{"template":"highway","default_image_id":0,"font":"","enabled":false},"version":2}},"product_brand":[],"product_cat":[46],"product_tag":[],"class_list":{"0":"post-3204","1":"product","2":"type-product","3":"status-publish","4":"has-post-thumbnail","6":"product_cat-nail-gel-kit","7":"product_shipping_class-cardboard-box","9":"first","10":"instock","11":"taxable","12":"shipping-taxable","13":"purchasable","14":"product-type-simple"},"jetpack_publicize_connections":[],"jetpack-related-posts":[{"id":47989,"url":"https:\/\/victoriavynn.ca\/fr\/product\/victoria-vynn-8-pack-ladies-love-red-gel-polish-439-444-oh-my-gloss-top-coat-matte\/","url_meta":{"origin":3204,"position":0},"title":"Victoria VYNN 8 Pack Ladies Love Red Gel Polish 439-444 + Oh ! My Gloss &amp; Top Coat Matte","author":"Serge Sahakian","date":"f\u00e9vrier 2, 2026","format":false,"excerpt":"La collection de vernis en gel Victoria VYNN Ladies Love Red est une gamme de vernis en gel professionnelle cr\u00e9\u00e9e pour les techniciennes en ongles et les amoureuses de la beaut\u00e9 \u00e0 travers le Canada. Cette collection embl\u00e9matique comprend six teintes rouges puissantes, chacune con\u00e7ue pour offrir une couleur intense, une application impeccable et une brillance durable. Collection : Ladies Love Red Le kit comprend : Victoria...","rel":"","context":"Similar post","block_context":{"text":"Similar post","link":""},"img":{"alt_text":"8 PACK LADIES LOVE RED","src":"https:\/\/i0.wp.com\/victoriavynn.ca\/wp-content\/uploads\/2026\/02\/8-pack-ladies-love-red.webp?fit=750%2C1000&ssl=1&resize=350%2C200","width":350,"height":200,"srcset":"https:\/\/i0.wp.com\/victoriavynn.ca\/wp-content\/uploads\/2026\/02\/8-pack-ladies-love-red.webp?fit=750%2C1000&ssl=1&resize=350%2C200 1x, https:\/\/i0.wp.com\/victoriavynn.ca\/wp-content\/uploads\/2026\/02\/8-pack-ladies-love-red.webp?fit=750%2C1000&ssl=1&resize=525%2C300 1.5x, https:\/\/i0.wp.com\/victoriavynn.ca\/wp-content\/uploads\/2026\/02\/8-pack-ladies-love-red.webp?fit=750%2C1000&ssl=1&resize=700%2C400 2x"},"classes":[]},{"id":48886,"url":"https:\/\/victoriavynn.ca\/fr\/product\/victoria-vynn-nail-tech-essentials-set-14-pack\/","url_meta":{"origin":3204,"position":1},"title":"Victoria VYNN Nail Tech Essentials Set 14 Pack","author":"Serge Sahakian","date":"f\u00e9vrier 11, 2026","format":false,"excerpt":"What\u2019s Inside the Set? \u00a0Nail Prep & Foundation Salon Nail Prep 15ml Tape Bond 8ml Mega Base Clear 8ml Gel Polish No. 214 Top Oh! My Gloss 8ml \u00a0Builder & Sculpting System Salon Build Gel Base 15ml Mousse Gel Coral Soft No.3 15ml Master Gel Milky White No.2 60g Master\u2026","rel":"","context":"Similar post","block_context":{"text":"Similar post","link":""},"img":{"alt_text":"BUILD GEL SET new","src":"https:\/\/i0.wp.com\/victoriavynn.ca\/wp-content\/uploads\/2026\/02\/build-gel-set-new.webp?fit=750%2C1000&ssl=1&resize=350%2C200","width":350,"height":200,"srcset":"https:\/\/i0.wp.com\/victoriavynn.ca\/wp-content\/uploads\/2026\/02\/build-gel-set-new.webp?fit=750%2C1000&ssl=1&resize=350%2C200 1x, https:\/\/i0.wp.com\/victoriavynn.ca\/wp-content\/uploads\/2026\/02\/build-gel-set-new.webp?fit=750%2C1000&ssl=1&resize=525%2C300 1.5x, https:\/\/i0.wp.com\/victoriavynn.ca\/wp-content\/uploads\/2026\/02\/build-gel-set-new.webp?fit=750%2C1000&ssl=1&resize=700%2C400 2x"},"classes":[]},{"id":37078,"url":"https:\/\/victoriavynn.ca\/fr\/product\/victoria-vynn-salon-gel-polish-top-coat-top-gun-no-wipe\/","url_meta":{"origin":3204,"position":2},"title":"Victoria VYNN Salon Gel Polish Top Coat \"Top Gun\" No Wipe","author":"Serge Sahakian","date":"octobre 18, 2025","format":false,"excerpt":"Une brillance pure en une seule couche. Le Top Coat GUN donne \u00e0 votre manucure la brillance miroir et la protection ultimes - lisse, solide et parfaite sans essuyage. Sp\u00e9cifications du produit : \u00a0 \u00a0 \u00a0 \u00a0 \u00a0 \u00a0","rel":"","context":"Similar post","block_context":{"text":"Similar post","link":""},"img":{"alt_text":"victoria vynn top coat gun 8ml","src":"https:\/\/i0.wp.com\/victoriavynn.ca\/wp-content\/uploads\/2025\/10\/victoria-vynn-top-coat-gun-8ml.webp?fit=750%2C1000&ssl=1&resize=350%2C200","width":350,"height":200,"srcset":"https:\/\/i0.wp.com\/victoriavynn.ca\/wp-content\/uploads\/2025\/10\/victoria-vynn-top-coat-gun-8ml.webp?fit=750%2C1000&ssl=1&resize=350%2C200 1x, https:\/\/i0.wp.com\/victoriavynn.ca\/wp-content\/uploads\/2025\/10\/victoria-vynn-top-coat-gun-8ml.webp?fit=750%2C1000&ssl=1&resize=525%2C300 1.5x, https:\/\/i0.wp.com\/victoriavynn.ca\/wp-content\/uploads\/2025\/10\/victoria-vynn-top-coat-gun-8ml.webp?fit=750%2C1000&ssl=1&resize=700%2C400 2x"},"classes":[]},{"id":41595,"url":"https:\/\/victoriavynn.ca\/fr\/product\/victoria-vynn-luna-glass-gel-polish-collection-display\/","url_meta":{"origin":3204,"position":3},"title":"Victoria VYNN Luna Glass Gel Polish Collection Display","author":"Serge Sahakian","date":"novembre 19, 2025","format":false,"excerpt":"","rel":"","context":"Similar post","block_context":{"text":"Similar post","link":""},"img":{"alt_text":"","src":"https:\/\/i0.wp.com\/victoriavynn.ca\/wp-content\/uploads\/2025\/11\/color-chart-dis-gp-lunaglass-nail-art.jpg?fit=1200%2C1200&ssl=1&resize=350%2C200","width":350,"height":200,"srcset":"https:\/\/i0.wp.com\/victoriavynn.ca\/wp-content\/uploads\/2025\/11\/color-chart-dis-gp-lunaglass-nail-art.jpg?fit=1200%2C1200&ssl=1&resize=350%2C200 1x, https:\/\/i0.wp.com\/victoriavynn.ca\/wp-content\/uploads\/2025\/11\/color-chart-dis-gp-lunaglass-nail-art.jpg?fit=1200%2C1200&ssl=1&resize=525%2C300 1.5x, https:\/\/i0.wp.com\/victoriavynn.ca\/wp-content\/uploads\/2025\/11\/color-chart-dis-gp-lunaglass-nail-art.jpg?fit=1200%2C1200&ssl=1&resize=700%2C400 2x, https:\/\/i0.wp.com\/victoriavynn.ca\/wp-content\/uploads\/2025\/11\/color-chart-dis-gp-lunaglass-nail-art.jpg?fit=1200%2C1200&ssl=1&resize=1050%2C600 3x"},"classes":[]},{"id":49968,"url":"https:\/\/victoriavynn.ca\/fr\/product\/victoria-vynn-autumn-gel-polish-collection-color-charts-2-pieces-2\/","url_meta":{"origin":3204,"position":4},"title":"Victoria VYNN Collection de vernis en gel d'automne Nuancier 2 pi\u00e8ces","author":"Serge Sahakian","date":"f\u00e9vrier 19, 2026","format":false,"excerpt":"","rel":"","context":"Similar post","block_context":{"text":"Similar post","link":""},"img":{"alt_text":"","src":"https:\/\/i0.wp.com\/victoriavynn.ca\/wp-content\/uploads\/2026\/02\/color-charts-gp-autumn-2pcs-1.jpg?fit=1200%2C1200&ssl=1&resize=350%2C200","width":350,"height":200,"srcset":"https:\/\/i0.wp.com\/victoriavynn.ca\/wp-content\/uploads\/2026\/02\/color-charts-gp-autumn-2pcs-1.jpg?fit=1200%2C1200&ssl=1&resize=350%2C200 1x, https:\/\/i0.wp.com\/victoriavynn.ca\/wp-content\/uploads\/2026\/02\/color-charts-gp-autumn-2pcs-1.jpg?fit=1200%2C1200&ssl=1&resize=525%2C300 1.5x, https:\/\/i0.wp.com\/victoriavynn.ca\/wp-content\/uploads\/2026\/02\/color-charts-gp-autumn-2pcs-1.jpg?fit=1200%2C1200&ssl=1&resize=700%2C400 2x, https:\/\/i0.wp.com\/victoriavynn.ca\/wp-content\/uploads\/2026\/02\/color-charts-gp-autumn-2pcs-1.jpg?fit=1200%2C1200&ssl=1&resize=1050%2C600 3x"},"classes":[]},{"id":47975,"url":"https:\/\/victoriavynn.ca\/fr\/product\/victoria-vynn-gel-polish-441-redbellion\/","url_meta":{"origin":3204,"position":5},"title":"Victoria VYNN Gel Polish No. 441 Redbellion","author":"Serge Sahakian","date":"f\u00e9vrier 2, 2026","format":false,"excerpt":"Victoria VYNN No. 441 Redbellion est un vernis gel rouge profond et audacieux avec une finition brillante, une couleur intense et une durabilit\u00e9 professionnelle. Collection : Ladies Love Red Sp\u00e9cifications du produit :         Consistance : moyennement \u00e9pais, avec une finition \"auto-nivelante\". Couverture et durcissement : con\u00e7u pour durer, adh\u00e8re bien, durcit sous lampes UV\/LED. Enl\u00e8vement : il se dissout dans...","rel":"","context":"Similar post","block_context":{"text":"Similar post","link":""},"img":{"alt_text":"victoria vynn salon gel polish no. 441 Redcoco","src":"https:\/\/i0.wp.com\/victoriavynn.ca\/wp-content\/uploads\/2026\/02\/victoria-vynn-salon-gel-polish-no.-441-redcoco-.webp?fit=750%2C1000&ssl=1&resize=350%2C200","width":350,"height":200,"srcset":"https:\/\/i0.wp.com\/victoriavynn.ca\/wp-content\/uploads\/2026\/02\/victoria-vynn-salon-gel-polish-no.-441-redcoco-.webp?fit=750%2C1000&ssl=1&resize=350%2C200 1x, https:\/\/i0.wp.com\/victoriavynn.ca\/wp-content\/uploads\/2026\/02\/victoria-vynn-salon-gel-polish-no.-441-redcoco-.webp?fit=750%2C1000&ssl=1&resize=525%2C300 1.5x, https:\/\/i0.wp.com\/victoriavynn.ca\/wp-content\/uploads\/2026\/02\/victoria-vynn-salon-gel-polish-no.-441-redcoco-.webp?fit=750%2C1000&ssl=1&resize=700%2C400 2x"},"classes":[]}],"jetpack_sharing_enabled":true,"_links":{"self":[{"href":"https:\/\/victoriavynn.ca\/fr\/wp-json\/wp\/v2\/product\/3204","targetHints":{"allow":["GET"]}}],"collection":[{"href":"https:\/\/victoriavynn.ca\/fr\/wp-json\/wp\/v2\/product"}],"about":[{"href":"https:\/\/victoriavynn.ca\/fr\/wp-json\/wp\/v2\/types\/product"}],"replies":[{"embeddable":true,"href":"https:\/\/victoriavynn.ca\/fr\/wp-json\/wp\/v2\/comments?post=3204"}],"wp:featuredmedia":[{"embeddable":true,"href":"https:\/\/victoriavynn.ca\/fr\/wp-json\/wp\/v2\/media\/3205"}],"wp:attachment":[{"href":"https:\/\/victoriavynn.ca\/fr\/wp-json\/wp\/v2\/media?parent=3204"}],"wp:term":[{"taxonomy":"product_brand","embeddable":true,"href":"https:\/\/victoriavynn.ca\/fr\/wp-json\/wp\/v2\/product_brand?post=3204"},{"taxonomy":"product_cat","embeddable":true,"href":"https:\/\/victoriavynn.ca\/fr\/wp-json\/wp\/v2\/product_cat?post=3204"},{"taxonomy":"product_tag","embeddable":true,"href":"https:\/\/victoriavynn.ca\/fr\/wp-json\/wp\/v2\/product_tag?post=3204"}],"curies":[{"name":"wp","href":"https:\/\/api.w.org\/{rel}","templated":true}]}}