{"id":3214,"date":"2022-08-18T10:44:04","date_gmt":"2022-08-18T14:44:04","guid":{"rendered":"https:\/\/victoriavynn.ca\/index.php\/product\/victoria-vynn-hand-rest-black\/"},"modified":"2026-02-15T20:19:11","modified_gmt":"2026-02-16T01:19:11","slug":"repose-mains-pour-ongles-noir","status":"publish","type":"product","link":"https:\/\/victoriavynn.ca\/fr\/product\/hand-rest-for-nails-black\/","title":{"rendered":"Victoria VYNN Repose-main noir"},"content":{"rendered":"<p>Repose-main professionnel pour manucure avec housse amovible en silicone avec logo.<\/p>\n<p>Facile \u00e0 maintenir en \u00e9tat de propret\u00e9. Dimensions : 220 x 80 x 50 mm<\/p>\n<p>Le travail d'un styliste n\u00e9cessite l'utilisation d'accessoires appropri\u00e9s. Cette cat\u00e9gorie comprend des formes fiables pour la construction des ongles, ainsi que des produits qui embelliront votre lieu de travail : de belles serviettes, des tapis de table, des repose-mains pour la table \u00e0 ongles, des tabliers dans vos couleurs pr\u00e9f\u00e9r\u00e9es.<\/p>","protected":false},"excerpt":{"rendered":"<p>Le travail d'un styliste n\u00e9cessite l'utilisation d'accessoires appropri\u00e9s. Cette cat\u00e9gorie comprend des formes fiables pour la construction des ongles, ainsi que des produits qui embelliront votre lieu de travail : de belles serviettes, des sets de table, des repose-mains pour les ongles, des tabliers dans vos couleurs pr\u00e9f\u00e9r\u00e9es.<\/p>","protected":false},"featured_media":3216,"comment_status":"open","ping_status":"closed","template":"","meta":{"jetpack_post_was_ever_published":false,"jetpack_publicize_message":"","jetpack_publicize_feature_enabled":true,"jetpack_social_post_already_shared":true,"jetpack_social_options":{"image_generator_settings":{"template":"highway","default_image_id":0,"font":"","enabled":false},"version":2}},"product_brand":[],"product_cat":[31],"product_tag":[92],"class_list":{"0":"post-3214","1":"product","2":"type-product","3":"status-publish","4":"has-post-thumbnail","6":"product_cat-nail-tools-and-accessories","7":"product_tag-nail-accessories","8":"product_shipping_class-cardboard-box","10":"first","11":"instock","12":"taxable","13":"shipping-taxable","14":"purchasable","15":"product-type-simple"},"jetpack_publicize_connections":[],"jetpack-related-posts":[{"id":3030,"url":"https:\/\/victoriavynn.ca\/fr\/product\/hand-rest-for-nail-table-white\/","url_meta":{"origin":3214,"position":0},"title":"Repose-main Victoria VYNN Blanc","author":"Serge Sahakian","date":"ao\u00fbt 18, 2022","format":false,"excerpt":"Le travail d'un styliste n\u00e9cessite l'utilisation d'accessoires appropri\u00e9s. Cette cat\u00e9gorie comprend des formes fiables pour la construction des ongles, ainsi que des produits qui embelliront votre lieu de travail : de belles serviettes, des tapis de table, des repose-mains pour la table \u00e0 ongles, des tabliers dans vos couleurs pr\u00e9f\u00e9r\u00e9es.","rel":"","context":"Similar post","block_context":{"text":"Similar post","link":""},"img":{"alt_text":"hand rest for nail table","src":"https:\/\/i0.wp.com\/victoriavynn.ca\/wp-content\/uploads\/2022\/08\/hand-rest-white.jpeg?fit=753%2C753&ssl=1&resize=350%2C200","width":350,"height":200,"srcset":"https:\/\/i0.wp.com\/victoriavynn.ca\/wp-content\/uploads\/2022\/08\/hand-rest-white.jpeg?fit=753%2C753&ssl=1&resize=350%2C200 1x, https:\/\/i0.wp.com\/victoriavynn.ca\/wp-content\/uploads\/2022\/08\/hand-rest-white.jpeg?fit=753%2C753&ssl=1&resize=525%2C300 1.5x, https:\/\/i0.wp.com\/victoriavynn.ca\/wp-content\/uploads\/2022\/08\/hand-rest-white.jpeg?fit=753%2C753&ssl=1&resize=700%2C400 2x"},"classes":[]},{"id":3042,"url":"https:\/\/victoriavynn.ca\/fr\/product\/silicone-manicure-table-mat\/","url_meta":{"origin":3214,"position":1},"title":"Victoria VYNN Coussin en silicone blanc","author":"Serge Sahakian","date":"ao\u00fbt 18, 2022","format":false,"excerpt":"Tampon en silicone non glissant. Id\u00e9al pour prendre des photos de design d'ongles. Protection de la table, r\u00e9sistant \u00e0 l'ac\u00e9tone, facile \u00e0 nettoyer, dimensions : 40 x 30 cm.","rel":"","context":"Similar post","block_context":{"text":"Similar post","link":""},"img":{"alt_text":"manicure table mat","src":"https:\/\/i0.wp.com\/victoriavynn.ca\/wp-content\/uploads\/2022\/08\/silicone-pad-.webp?fit=1000%2C1000&ssl=1&resize=350%2C200","width":350,"height":200,"srcset":"https:\/\/i0.wp.com\/victoriavynn.ca\/wp-content\/uploads\/2022\/08\/silicone-pad-.webp?fit=1000%2C1000&ssl=1&resize=350%2C200 1x, https:\/\/i0.wp.com\/victoriavynn.ca\/wp-content\/uploads\/2022\/08\/silicone-pad-.webp?fit=1000%2C1000&ssl=1&resize=525%2C300 1.5x, https:\/\/i0.wp.com\/victoriavynn.ca\/wp-content\/uploads\/2022\/08\/silicone-pad-.webp?fit=1000%2C1000&ssl=1&resize=700%2C400 2x"},"classes":[]},{"id":42982,"url":"https:\/\/victoriavynn.ca\/fr\/product\/ulka-hand-rest-without-legs-white\/","url_meta":{"origin":3214,"position":2},"title":"\u00dcLKA Repose-mains sans pieds","author":"Serge Sahakian","date":"D\u00e9cembre 10, 2025","format":false,"excerpt":"Repose-mains ergonomique sans pieds, con\u00e7u pour un travail de pr\u00e9cision et le confort du client. Parfait pour les services professionnels d'onglerie. Dimensions nettes : 400mm x 150 mm x 30 mm Poids net : 0.536 Kg","rel":"","context":"Similar post","block_context":{"text":"Similar post","link":""},"img":{"alt_text":"ulka without legs hand rest white","src":"https:\/\/i0.wp.com\/victoriavynn.ca\/wp-content\/uploads\/2025\/12\/ulka-without-legs-hand-rest-white-.webp?fit=750%2C1000&ssl=1&resize=350%2C200","width":350,"height":200,"srcset":"https:\/\/i0.wp.com\/victoriavynn.ca\/wp-content\/uploads\/2025\/12\/ulka-without-legs-hand-rest-white-.webp?fit=750%2C1000&ssl=1&resize=350%2C200 1x, https:\/\/i0.wp.com\/victoriavynn.ca\/wp-content\/uploads\/2025\/12\/ulka-without-legs-hand-rest-white-.webp?fit=750%2C1000&ssl=1&resize=525%2C300 1.5x, https:\/\/i0.wp.com\/victoriavynn.ca\/wp-content\/uploads\/2025\/12\/ulka-without-legs-hand-rest-white-.webp?fit=750%2C1000&ssl=1&resize=700%2C400 2x"},"classes":[]},{"id":3225,"url":"https:\/\/victoriavynn.ca\/fr\/product\/nail-technician-apron\/","url_meta":{"origin":3214,"position":3},"title":"Tablier Victoria VYNN","author":"Serge Sahakian","date":"ao\u00fbt 18, 2022","format":false,"excerpt":"Le tablier de proth\u00e9siste ongulaire Victoria VYNN est fabriqu\u00e9 dans un mat\u00e9riau qui prot\u00e8ge de la salet\u00e9, de la poussi\u00e8re et des pr\u00e9parations utilis\u00e9es. Le tablier est dot\u00e9 de deux grandes poches spacieuses et utilisables et d'une courroie de cou r\u00e9glable. Facile \u00e0 garder propre et taille unique.","rel":"","context":"Similar post","block_context":{"text":"Similar post","link":""},"img":{"alt_text":"nail technician apron","src":"https:\/\/i0.wp.com\/victoriavynn.ca\/wp-content\/uploads\/2022\/08\/apron-marine.jpeg?fit=753%2C753&ssl=1&resize=350%2C200","width":350,"height":200,"srcset":"https:\/\/i0.wp.com\/victoriavynn.ca\/wp-content\/uploads\/2022\/08\/apron-marine.jpeg?fit=753%2C753&ssl=1&resize=350%2C200 1x, https:\/\/i0.wp.com\/victoriavynn.ca\/wp-content\/uploads\/2022\/08\/apron-marine.jpeg?fit=753%2C753&ssl=1&resize=525%2C300 1.5x, https:\/\/i0.wp.com\/victoriavynn.ca\/wp-content\/uploads\/2022\/08\/apron-marine.jpeg?fit=753%2C753&ssl=1&resize=700%2C400 2x"},"classes":[]},{"id":12322,"url":"https:\/\/victoriavynn.ca\/fr\/product\/2in1-uv-led-nail-lamp-and-hand-rest-oval\/","url_meta":{"origin":3214,"position":4},"title":"H9 Dual 2in1 UV\/LED Lamp &amp; Hand Rest 48 Watt (White)","author":"Serge Sahakian","date":"juin 5, 2023","format":false,"excerpt":"H9 Dual 2in1 UV LED Nail Lamp and Hand Rest Oval (White). Combinaison d'une puissante lampe \u00e0 ongles \u00e0 LED UV de 48 W et d'un repose-mains. Placez confortablement votre bras sur le coussin \u00e0 ongles et attendez l'application du vernis en gel, puis glissez rapidement vers le bas pour durcir le vernis en gel.","rel":"","context":"Similar post","block_context":{"text":"Similar post","link":""},"img":{"alt_text":"Nailly Professional 2in1 UV LED Nail Lamp and Hand Rest Oval 48 Watt","src":"https:\/\/i0.wp.com\/victoriavynn.ca\/wp-content\/uploads\/2023\/06\/H9-Dual-2in1-UV-LED-Lamp-and-Hand-Arm-Rest-oval-white-48-watt_-1-3.webp?fit=750%2C1000&ssl=1&resize=350%2C200","width":350,"height":200,"srcset":"https:\/\/i0.wp.com\/victoriavynn.ca\/wp-content\/uploads\/2023\/06\/H9-Dual-2in1-UV-LED-Lamp-and-Hand-Arm-Rest-oval-white-48-watt_-1-3.webp?fit=750%2C1000&ssl=1&resize=350%2C200 1x, https:\/\/i0.wp.com\/victoriavynn.ca\/wp-content\/uploads\/2023\/06\/H9-Dual-2in1-UV-LED-Lamp-and-Hand-Arm-Rest-oval-white-48-watt_-1-3.webp?fit=750%2C1000&ssl=1&resize=525%2C300 1.5x, https:\/\/i0.wp.com\/victoriavynn.ca\/wp-content\/uploads\/2023\/06\/H9-Dual-2in1-UV-LED-Lamp-and-Hand-Arm-Rest-oval-white-48-watt_-1-3.webp?fit=750%2C1000&ssl=1&resize=700%2C400 2x"},"classes":[]},{"id":21786,"url":"https:\/\/victoriavynn.ca\/fr\/product\/ulka-premium-hand-rest-white\/","url_meta":{"origin":3214,"position":5},"title":"\u00dcLKA Support pour repose-mains","author":"Serge Sahakian","date":"mai 18, 2025","format":false,"excerpt":"Le support est dot\u00e9 de pieds m\u00e9talliques stylis\u00e9s et d'un coussin en \u00e9co-cuir de haute qualit\u00e9, facile \u00e0 nettoyer de la salet\u00e9. La taille convient \u00e0 tous les mod\u00e8les de d\u00e9poussi\u00e9reurs de table. Un large coussin rend le traitement de manucure agr\u00e9able non seulement pour le client, mais vous permet \u00e9galement de maintenir...","rel":"","context":"Similar post","block_context":{"text":"Similar post","link":""},"img":{"alt_text":"ulka hand stand white","src":"https:\/\/i0.wp.com\/victoriavynn.ca\/wp-content\/uploads\/2025\/05\/ulka-hand-stand-white.webp?fit=750%2C1000&ssl=1&resize=350%2C200","width":350,"height":200,"srcset":"https:\/\/i0.wp.com\/victoriavynn.ca\/wp-content\/uploads\/2025\/05\/ulka-hand-stand-white.webp?fit=750%2C1000&ssl=1&resize=350%2C200 1x, https:\/\/i0.wp.com\/victoriavynn.ca\/wp-content\/uploads\/2025\/05\/ulka-hand-stand-white.webp?fit=750%2C1000&ssl=1&resize=525%2C300 1.5x, https:\/\/i0.wp.com\/victoriavynn.ca\/wp-content\/uploads\/2025\/05\/ulka-hand-stand-white.webp?fit=750%2C1000&ssl=1&resize=700%2C400 2x"},"classes":[]}],"jetpack_sharing_enabled":true,"_links":{"self":[{"href":"https:\/\/victoriavynn.ca\/fr\/wp-json\/wp\/v2\/product\/3214","targetHints":{"allow":["GET"]}}],"collection":[{"href":"https:\/\/victoriavynn.ca\/fr\/wp-json\/wp\/v2\/product"}],"about":[{"href":"https:\/\/victoriavynn.ca\/fr\/wp-json\/wp\/v2\/types\/product"}],"replies":[{"embeddable":true,"href":"https:\/\/victoriavynn.ca\/fr\/wp-json\/wp\/v2\/comments?post=3214"}],"wp:featuredmedia":[{"embeddable":true,"href":"https:\/\/victoriavynn.ca\/fr\/wp-json\/wp\/v2\/media\/3216"}],"wp:attachment":[{"href":"https:\/\/victoriavynn.ca\/fr\/wp-json\/wp\/v2\/media?parent=3214"}],"wp:term":[{"taxonomy":"product_brand","embeddable":true,"href":"https:\/\/victoriavynn.ca\/fr\/wp-json\/wp\/v2\/product_brand?post=3214"},{"taxonomy":"product_cat","embeddable":true,"href":"https:\/\/victoriavynn.ca\/fr\/wp-json\/wp\/v2\/product_cat?post=3214"},{"taxonomy":"product_tag","embeddable":true,"href":"https:\/\/victoriavynn.ca\/fr\/wp-json\/wp\/v2\/product_tag?post=3214"}],"curies":[{"name":"wp","href":"https:\/\/api.w.org\/{rel}","templated":true}]}}