{"id":37100,"date":"2025-10-18T13:43:47","date_gmt":"2025-10-18T17:43:47","guid":{"rendered":"https:\/\/victoriavynn.ca\/product\/victoria-vynn-liquid-polygel-color-chart-01-06\/"},"modified":"2026-04-05T13:57:45","modified_gmt":"2026-04-05T17:57:45","slug":"victoria-vynn-polygel-liquide-nuancier-01-06","status":"publish","type":"product","link":"https:\/\/victoriavynn.ca\/fr\/product\/victoria-vynn-liquid-polygel-color-chart-01-06\/","title":{"rendered":"Victoria VYNN Liquid Polygel Color Chart 01-06"},"content":{"rendered":"<h2 class=\"wp-block-heading\">\u2705 What it is<\/h2><ul class=\"wp-block-list\"><li>Liquid Poly Gel (also called \u201cLiquid Poly Gel\u201d on the Victoria Vynn site) is described as a <em>liquid acryl-gel<\/em> (sometimes \u201cacrylic-gel\u201d) that combines the strength of acrylic with the flexibility and ease of gel.<\/li>\n\n<li>It\u2019s part of Victoria Vynn\u2019s polygel \/ builder system: they list it under \u201cLiquids polygels\u201d in their polygel section.<\/li>\n\n<li>Example formulation: The \u201c01 Misty Milk 15 ml\u201d version states: \u201cConsistence: medium-thick, with self-levelling properties \u2026 combination of gel and acrylic.\u201d<\/li>\n\n<li>Another example: \u201c02 Sugar Cloud 15 ml \u2026 consistency allows for nail extensions using dual forms and nail forms (templates\/stencils) \u2026 self-leveling liquid formula \u2026\u201d<\/li><\/ul><p>So in essence: this product is designed for nail tech professionals (and perhaps advanced home users) who want to build or extend nails (overlay, architectural structure) using a hybrid gel\/acrylic system in liquid form (rather than traditional thick builder gel or powder acrylic).<\/p><h2 class=\"wp-block-heading\">\ud83e\uddf0 Key Features &amp; Benefits<\/h2><ul class=\"wp-block-list\"><li><strong>Hybrid performance<\/strong>: \u201cMerges the flexibility of gel with the durability of acrylic.\u201d<\/li>\n\n<li><strong>Self-leveling formula<\/strong>: The product is described as \u201cmedium-thick, self-levelling\u201d which helps smooth out the surface and build structure.<\/li>\n\n<li><strong>Designed for extensions and overlays<\/strong>: Can be used for natural nail strengthening, overlays, and extensions up to ~5 mm (depending on the version) using dual forms or nail forms\/templates.<\/li>\n\n<li><strong>No intense acrylic odor<\/strong>: The description claims: \u201cNo intense, characteristic acrylic odor.\u201d<\/li>\n\n<li><strong>Reduced heat-spike<\/strong>: They mention \u201cMinimized heat spike\/burning sensation \u2013 the intensity of the sensation may depend on the condition of the nail plate and the lamp\u2019s power.\u201d <\/li>\n\n<li><strong>Finish \/ look<\/strong>: It helps achieve a natural look and elegance: \u201cNatural look, allowing you to achieve thin, elegant styles.\u201d<\/li>\n\n<li><strong>System compatibility<\/strong>: Works within Victoria Vynn\u2019s system: base coat + this product + top, with recommended lamp curing.<\/li><\/ul><hr class=\"wp-block-separator has-alpha-channel-opacity\"\/><h2 class=\"wp-block-heading\">\ud83c\udfaf How to Use (Summary of Application)<\/h2><h3 class=\"wp-block-heading\">For Natural Nail Strengthening \/ Overlay:<\/h3><ol class=\"wp-block-list\"><li>Prep the natural nail plate: shape, lightly buff, clean &amp; degrease. <\/li>\n\n<li>Apply NAIL PREP, wait ~30 sec; then TAPE BOND, wait ~30 sec. <\/li>\n\n<li>Apply a very thin first layer of BOOST BASE (Clearell) and rub it into the nail plate. Cure in the lamp for 60 seconds. <\/li>\n\n<li>Precisely apply a layer of Liquid Poly Gel, smooth out irregularities, cure for 60 s. <\/li>\n\n<li>Remove the inhibition\/dispersion layer with a dry cotton pad. Then finish with the desired design (color &amp; top coat). <\/li><\/ol><h3 class=\"wp-block-heading\">For Nail Extensions:<\/h3><ol class=\"wp-block-list\"><li>Prep natural nail plate (same as above). <\/li>\n\n<li>After base, apply a nail form to the free edge. <\/li>\n\n<li>Apply a small amount of Liquid Poly Gel on the form, create the skeletal structure (framework). Cure for 15-30 s. Then remove the form. <\/li>\n\n<li>Apply a second layer of Liquid Poly Gel, build apex\/shape the nail. Cure for 60 s. <\/li>\n\n<li>Wipe with alcohol-based cleanser, file\/buff\/clean\/degede, then finish with your design. <\/li><\/ol><h3 class=\"wp-block-heading\">Curing Info (one example version):<\/h3><ul class=\"wp-block-list\"><li>For UV\/LED lamp (36 W) cure time: 60 seconds.<\/li><\/ul><hr class=\"wp-block-separator has-alpha-channel-opacity\"\/><h2 class=\"wp-block-heading\">\ud83d\udccb INCI<\/h2><p>ACRYLATES COPOLYMER, GLYCERYL ACRYLATE\/ACRYLIC ACID COPOLYMER, SILICA, DIMETHICONE [+\/-] MICA, CI 15850, CI 42090, CI 77492, CI 77499, CI 77742, CI 77891.<\/p><hr class=\"wp-block-separator has-alpha-channel-opacity\"\/><h2 class=\"wp-block-heading\">\ud83d\udcc2 Downloads<\/h2><div class=\"wp-block-group is-vertical is-layout-flex wp-container-core-group-is-layout-fe9cc265 wp-block-group-is-layout-flex\"><p><a href=\"http:\/\/victoriavynn.ca\/wp-content\/uploads\/2025\/10\/product-specification-sheet-liquid-poly-gel-ang.pdf\">Product Specifications (English)<\/a><\/p>\n\n<p><a href=\"http:\/\/victoriavynn.ca\/wp-content\/uploads\/2025\/10\/vynn_vv_liquidpolygel_leaflet_145x210_gbe_webdl.pdf\">Product Flyer (English)<\/a><\/p>\n\n<p><a href=\"http:\/\/victoriavynn.ca\/wp-content\/uploads\/2025\/10\/fiche_technique_liquid_poly_gel_fr.pdf\">Product Specifications (French)<\/a><\/p><\/div>","protected":false},"excerpt":{"rendered":"<p>D\u00e9couvrez les six teintes de r\u00eave de <strong data-start=\"157\" data-end=\"189\">PolyGel liquide Victoria Vynn<\/strong> - des tons doux et laiteux aux roses d\u00e9licats. Chaque couleur offre une force et une flexibilit\u00e9 parfaites pour le salon, ainsi qu'un fini naturel et impeccable.<br data-start=\"321\" data-end=\"324\" \/>\u2728 Le syst\u00e8me hybride ultime pour une beaut\u00e9 sans effort dans toutes les nuances.<\/p>","protected":false},"featured_media":37840,"comment_status":"open","ping_status":"closed","template":"","meta":{"jetpack_post_was_ever_published":false,"jetpack_publicize_message":"","jetpack_publicize_feature_enabled":true,"jetpack_social_post_already_shared":true,"jetpack_social_options":{"image_generator_settings":{"template":"highway","default_image_id":0,"font":"","enabled":false},"version":2}},"product_brand":[922],"product_cat":[31],"product_tag":[933],"class_list":{"0":"post-37100","1":"product","2":"type-product","3":"status-publish","4":"has-post-thumbnail","6":"product_brand-victoria-vynn","7":"product_cat-nail-tools-and-accessories","8":"product_tag-liquid-polygel","10":"first","11":"instock","12":"taxable","13":"shipping-taxable","14":"purchasable","15":"product-type-simple"},"jetpack_publicize_connections":[],"jetpack-related-posts":[{"id":37081,"url":"https:\/\/victoriavynn.ca\/fr\/product\/victoria-vynn-liquid-polygel-15ml\/","url_meta":{"origin":37100,"position":0},"title":"Victoria VYNN Polygel liquide 15ml","author":"Serge Sahakian","date":"octobre 18, 2025","format":false,"excerpt":"D\u00e9couvrez l'avenir de l'architecture des ongles avec Victoria Vynn Liquid PolyGel - la fusion parfaite de la flexibilit\u00e9 du gel et de la r\u00e9sistance de l'acrylique. Sa texture auto-nivelante d'\u00e9paisseur moyenne glisse sans effort pour des superpositions et des extensions parfaites, offrant des r\u00e9sultats l\u00e9gers mais durables avec une finition naturelle et \u00e9l\u00e9gante....","rel":"","context":"Similar post","block_context":{"text":"Similar post","link":""},"img":{"alt_text":"victoria vynn liquid polygel no. 1","src":"https:\/\/i0.wp.com\/victoriavynn.ca\/wp-content\/uploads\/2025\/10\/victoria-vynn-liquid-polygel-no.-1.webp?fit=750%2C1000&ssl=1&resize=350%2C200","width":350,"height":200,"srcset":"https:\/\/i0.wp.com\/victoriavynn.ca\/wp-content\/uploads\/2025\/10\/victoria-vynn-liquid-polygel-no.-1.webp?fit=750%2C1000&ssl=1&resize=350%2C200 1x, https:\/\/i0.wp.com\/victoriavynn.ca\/wp-content\/uploads\/2025\/10\/victoria-vynn-liquid-polygel-no.-1.webp?fit=750%2C1000&ssl=1&resize=525%2C300 1.5x, https:\/\/i0.wp.com\/victoriavynn.ca\/wp-content\/uploads\/2025\/10\/victoria-vynn-liquid-polygel-no.-1.webp?fit=750%2C1000&ssl=1&resize=700%2C400 2x"},"classes":[]},{"id":37067,"url":"https:\/\/victoriavynn.ca\/fr\/product\/victoria-vynn-salon-gel-polish-top-coat-top-it-no-wipe\/","url_meta":{"origin":37100,"position":1},"title":"Victoria VYNN Salon Gel Polish Top Coat \"Top It\" No Wipe","author":"Serge Sahakian","date":"octobre 18, 2025","format":false,"excerpt":"Victoria VYNN Top It No Wipe Top Coat est un vernis de finition solide de qualit\u00e9 professionnelle dont les caract\u00e9ristiques s'adaptent bien \u00e0 l'utilisation en salon - en particulier la facilit\u00e9 d'application sans essuyage, la fluidit\u00e9 de l'auto-nivellement et la finition tr\u00e8s brillante. Sp\u00e9cification du produit : \u00a0 \u00a0 \u00a0 \u00a0 \u00a0 \u00a0","rel":"","context":"Similar post","block_context":{"text":"Similar post","link":""},"img":{"alt_text":"victoria vynn top it 8ml","src":"https:\/\/i0.wp.com\/victoriavynn.ca\/wp-content\/uploads\/2025\/10\/victoria-vynn-top-it-8ml.webp?fit=750%2C1000&ssl=1&resize=350%2C200","width":350,"height":200,"srcset":"https:\/\/i0.wp.com\/victoriavynn.ca\/wp-content\/uploads\/2025\/10\/victoria-vynn-top-it-8ml.webp?fit=750%2C1000&ssl=1&resize=350%2C200 1x, https:\/\/i0.wp.com\/victoriavynn.ca\/wp-content\/uploads\/2025\/10\/victoria-vynn-top-it-8ml.webp?fit=750%2C1000&ssl=1&resize=525%2C300 1.5x, https:\/\/i0.wp.com\/victoriavynn.ca\/wp-content\/uploads\/2025\/10\/victoria-vynn-top-it-8ml.webp?fit=750%2C1000&ssl=1&resize=700%2C400 2x"},"classes":[]},{"id":1202,"url":"https:\/\/victoriavynn.ca\/fr\/product\/acrylic-gel-canada-master-gel-60g\/","url_meta":{"origin":37100,"position":2},"title":"Master Gel (Acrygel)","author":"Serge Sahakian","date":"mars 15, 2020","format":false,"excerpt":"Best Selling Acrylic Gel in Canada! Victoria VYNN Master Gel is a 2 in 1 a combination of the benefits of acrylic and gel. The unique acrygel formula guarantees comfort of work, full control over the product, without time pressure. Provides a durable and flexible manicure. Safety Specifications: \u00a0 \u00a0\u2026","rel":"","context":"Similar post","block_context":{"text":"Similar post","link":""},"img":{"alt_text":"acrygel master gel","src":"https:\/\/i0.wp.com\/victoriavynn.ca\/wp-content\/uploads\/2020\/03\/master-gel-.webp?fit=750%2C1000&ssl=1&resize=350%2C200","width":350,"height":200,"srcset":"https:\/\/i0.wp.com\/victoriavynn.ca\/wp-content\/uploads\/2020\/03\/master-gel-.webp?fit=750%2C1000&ssl=1&resize=350%2C200 1x, https:\/\/i0.wp.com\/victoriavynn.ca\/wp-content\/uploads\/2020\/03\/master-gel-.webp?fit=750%2C1000&ssl=1&resize=525%2C300 1.5x, https:\/\/i0.wp.com\/victoriavynn.ca\/wp-content\/uploads\/2020\/03\/master-gel-.webp?fit=750%2C1000&ssl=1&resize=700%2C400 2x"},"classes":[]},{"id":37078,"url":"https:\/\/victoriavynn.ca\/fr\/product\/victoria-vynn-salon-gel-polish-top-coat-top-gun-no-wipe\/","url_meta":{"origin":37100,"position":3},"title":"Victoria VYNN Salon Gel Polish Top Coat \"Top Gun\" No Wipe","author":"Serge Sahakian","date":"octobre 18, 2025","format":false,"excerpt":"Une brillance pure en une seule couche. Le Top Coat GUN donne \u00e0 votre manucure la brillance miroir et la protection ultimes - lisse, solide et parfaite sans essuyage. Sp\u00e9cifications du produit : \u00a0 \u00a0 \u00a0 \u00a0 \u00a0 \u00a0","rel":"","context":"Similar post","block_context":{"text":"Similar post","link":""},"img":{"alt_text":"victoria vynn top coat gun 8ml","src":"https:\/\/i0.wp.com\/victoriavynn.ca\/wp-content\/uploads\/2025\/10\/victoria-vynn-top-coat-gun-8ml.webp?fit=750%2C1000&ssl=1&resize=350%2C200","width":350,"height":200,"srcset":"https:\/\/i0.wp.com\/victoriavynn.ca\/wp-content\/uploads\/2025\/10\/victoria-vynn-top-coat-gun-8ml.webp?fit=750%2C1000&ssl=1&resize=350%2C200 1x, https:\/\/i0.wp.com\/victoriavynn.ca\/wp-content\/uploads\/2025\/10\/victoria-vynn-top-coat-gun-8ml.webp?fit=750%2C1000&ssl=1&resize=525%2C300 1.5x, https:\/\/i0.wp.com\/victoriavynn.ca\/wp-content\/uploads\/2025\/10\/victoria-vynn-top-coat-gun-8ml.webp?fit=750%2C1000&ssl=1&resize=700%2C400 2x"},"classes":[]},{"id":1116,"url":"https:\/\/victoriavynn.ca\/fr\/product\/spider-gel\/","url_meta":{"origin":37100,"position":4},"title":"Gel araign\u00e9e","author":"Serge Sahakian","date":"mars 11, 2020","format":false,"excerpt":"Victoria VYNN Spider Gel est un gel flexible pour la d\u00e9coration, parfait pour r\u00e9aliser un nail art spectaculaire et, en m\u00eame temps, tr\u00e8s rapide. Sa consistance dense et caoutchouteuse permet de r\u00e9aliser des lignes parfaitement droites et des motifs g\u00e9om\u00e9triques. Il peut \u00eatre appliqu\u00e9 sur le gel, le gel acrylique et les vernis hybrides. Il...","rel":"","context":"Similar post","block_context":{"text":"Similar post","link":""},"img":{"alt_text":"Spider Gel","src":"https:\/\/i0.wp.com\/victoriavynn.ca\/wp-content\/uploads\/2020\/03\/Spider-Gel-White.png?fit=1000%2C1000&ssl=1&resize=350%2C200","width":350,"height":200,"srcset":"https:\/\/i0.wp.com\/victoriavynn.ca\/wp-content\/uploads\/2020\/03\/Spider-Gel-White.png?fit=1000%2C1000&ssl=1&resize=350%2C200 1x, https:\/\/i0.wp.com\/victoriavynn.ca\/wp-content\/uploads\/2020\/03\/Spider-Gel-White.png?fit=1000%2C1000&ssl=1&resize=525%2C300 1.5x, https:\/\/i0.wp.com\/victoriavynn.ca\/wp-content\/uploads\/2020\/03\/Spider-Gel-White.png?fit=1000%2C1000&ssl=1&resize=700%2C400 2x"},"classes":[]},{"id":2984,"url":"https:\/\/victoriavynn.ca\/fr\/product\/professional-nail-file-for-gel-nails-wc180\/","url_meta":{"origin":37100,"position":5},"title":"Lime \u00e0 ongles professionnelle White Crescent 100\/180","author":"Serge Sahakian","date":"ao\u00fbt 18, 2022","format":false,"excerpt":"Victoria VYNN lime \u00e0 ongles professionnelle pour les ongles en gel, en acrylique et en acrylique - ongles en gel. Croissant blanc - a deux grains : 100\/180. Achetez en toute confiance ! Le premier distributeur canadien de fournitures professionnelles pour les ongles.","rel":"","context":"Similar post","block_context":{"text":"Similar post","link":""},"img":{"alt_text":"professional nail file for gel nails","src":"https:\/\/i0.wp.com\/victoriavynn.ca\/wp-content\/uploads\/2022\/08\/wc100-180-1.webp?fit=1000%2C1000&ssl=1&resize=350%2C200","width":350,"height":200,"srcset":"https:\/\/i0.wp.com\/victoriavynn.ca\/wp-content\/uploads\/2022\/08\/wc100-180-1.webp?fit=1000%2C1000&ssl=1&resize=350%2C200 1x, https:\/\/i0.wp.com\/victoriavynn.ca\/wp-content\/uploads\/2022\/08\/wc100-180-1.webp?fit=1000%2C1000&ssl=1&resize=525%2C300 1.5x, https:\/\/i0.wp.com\/victoriavynn.ca\/wp-content\/uploads\/2022\/08\/wc100-180-1.webp?fit=1000%2C1000&ssl=1&resize=700%2C400 2x"},"classes":[]}],"jetpack_sharing_enabled":true,"_links":{"self":[{"href":"https:\/\/victoriavynn.ca\/fr\/wp-json\/wp\/v2\/product\/37100","targetHints":{"allow":["GET"]}}],"collection":[{"href":"https:\/\/victoriavynn.ca\/fr\/wp-json\/wp\/v2\/product"}],"about":[{"href":"https:\/\/victoriavynn.ca\/fr\/wp-json\/wp\/v2\/types\/product"}],"replies":[{"embeddable":true,"href":"https:\/\/victoriavynn.ca\/fr\/wp-json\/wp\/v2\/comments?post=37100"}],"wp:featuredmedia":[{"embeddable":true,"href":"https:\/\/victoriavynn.ca\/fr\/wp-json\/wp\/v2\/media\/37840"}],"wp:attachment":[{"href":"https:\/\/victoriavynn.ca\/fr\/wp-json\/wp\/v2\/media?parent=37100"}],"wp:term":[{"taxonomy":"product_brand","embeddable":true,"href":"https:\/\/victoriavynn.ca\/fr\/wp-json\/wp\/v2\/product_brand?post=37100"},{"taxonomy":"product_cat","embeddable":true,"href":"https:\/\/victoriavynn.ca\/fr\/wp-json\/wp\/v2\/product_cat?post=37100"},{"taxonomy":"product_tag","embeddable":true,"href":"https:\/\/victoriavynn.ca\/fr\/wp-json\/wp\/v2\/product_tag?post=37100"}],"curies":[{"name":"wp","href":"https:\/\/api.w.org\/{rel}","templated":true}]}}