{"id":4058,"date":"2022-09-01T21:00:11","date_gmt":"2022-09-02T01:00:11","guid":{"rendered":"https:\/\/victoriavynn.ca\/index.php\/product\/victoria-vynn-top-coat-mirage-red-no-wipe\/"},"modified":"2026-03-20T18:45:07","modified_gmt":"2026-03-20T22:45:07","slug":"top-coat-glitter-mirage-red-no-wipe","status":"publish","type":"product","link":"https:\/\/victoriavynn.ca\/fr\/product\/top-coat-glitter-mirage-red-no-wipe\/","title":{"rendered":"Top Coat Mirage Red No Wipe"},"content":{"rendered":"<p>Victoria VYNN Top Coat Glitter Mirage Red pr\u00e9sente une paillette rubis typique, avec un m\u00e9lange de reflets chauds et froids.<\/p>\n<p>Des p\u00e9tales iridescents, ultra-minces, dans 3 teintes diff\u00e9rentes, encastr\u00e9s dans le dessus transparent, offrent d'innombrables motifs originaux. Les p\u00e9tales de forme irr\u00e9guli\u00e8re de plusieurs tailles garantissent un moyen rapide et facile de diversifier chaque manucure et p\u00e9dicure. L'effet multidimensionnel et scintillant peut \u00eatre utilis\u00e9 sur n'importe quelle couleur hybride, il est magnifique sur les couleurs fonc\u00e9es, mais il ravira \u00e9galement les pastels, les nuances de rose beige ou les couleurs blanches laiteuses. Les Tops n'ont pas de couche de dispersion et ne n\u00e9cessitent pas d'essuyage apr\u00e8s le durcissement dans une lampe UV ou LED.<\/p>\n<p>Un top pour les motifs photopolym\u00e9ris\u00e9s, sans couche de dispersion. Donne l'effet d'ongles brillants jusqu'\u00e0 4 semaines. Durci dans des lampes UV et LED.<\/p>","protected":false},"excerpt":{"rendered":"<p>Victoria VYNN Top Coat Glitter Mirage Red pr\u00e9sente une paillette rubis typique, avec un m\u00e9lange de reflets chauds et froids. Des p\u00e9tales iridescents, ultra-minces, dans 3 nuances diff\u00e9rentes, incrust\u00e9s dans le top transparent, permettent d'innombrables cr\u00e9ations originales. Les p\u00e9tales de forme irr\u00e9guli\u00e8re de plusieurs tailles garantissent un moyen rapide et facile de diversifier chaque manucure et p\u00e9dicure. L'effet multidimensionnel et scintillant peut \u00eatre utilis\u00e9 sur n'importe quelle couleur hybride, il est magnifique sur les couleurs fonc\u00e9es, mais il ravira \u00e9galement les pastels, les nuances de rose beige ou les couleurs blanches laiteuses. Les Tops n'ont pas de couche de dispersion et ne n\u00e9cessitent pas d'essuyage apr\u00e8s le durcissement dans une lampe UV ou LED.<\/p>","protected":false},"featured_media":7716,"comment_status":"open","ping_status":"closed","template":"","meta":[],"product_brand":[],"product_cat":[17,55],"product_tag":[90],"class_list":{"0":"post-4058","1":"product","2":"type-product","3":"status-publish","4":"has-post-thumbnail","6":"product_cat-professional-gel-nail-polish","7":"product_cat-best-gel-top-coats","8":"product_tag-nail-preparations","9":"product_shipping_class-cardboard-box","10":"pa_size-8ml","12":"first","13":"outofstock","14":"taxable","15":"shipping-taxable","16":"purchasable","17":"product-type-simple"},"jetpack_sharing_enabled":true,"_links":{"self":[{"href":"https:\/\/victoriavynn.ca\/fr\/wp-json\/wp\/v2\/product\/4058","targetHints":{"allow":["GET"]}}],"collection":[{"href":"https:\/\/victoriavynn.ca\/fr\/wp-json\/wp\/v2\/product"}],"about":[{"href":"https:\/\/victoriavynn.ca\/fr\/wp-json\/wp\/v2\/types\/product"}],"replies":[{"embeddable":true,"href":"https:\/\/victoriavynn.ca\/fr\/wp-json\/wp\/v2\/comments?post=4058"}],"wp:featuredmedia":[{"embeddable":true,"href":"https:\/\/victoriavynn.ca\/fr\/wp-json\/wp\/v2\/media\/7716"}],"wp:attachment":[{"href":"https:\/\/victoriavynn.ca\/fr\/wp-json\/wp\/v2\/media?parent=4058"}],"wp:term":[{"taxonomy":"product_brand","embeddable":true,"href":"https:\/\/victoriavynn.ca\/fr\/wp-json\/wp\/v2\/product_brand?post=4058"},{"taxonomy":"product_cat","embeddable":true,"href":"https:\/\/victoriavynn.ca\/fr\/wp-json\/wp\/v2\/product_cat?post=4058"},{"taxonomy":"product_tag","embeddable":true,"href":"https:\/\/victoriavynn.ca\/fr\/wp-json\/wp\/v2\/product_tag?post=4058"}],"curies":[{"name":"wp","href":"https:\/\/api.w.org\/{rel}","templated":true}]}}