{"id":4119,"date":"2022-09-02T18:23:20","date_gmt":"2022-09-02T22:23:20","guid":{"rendered":"https:\/\/victoriavynn.ca\/index.php\/product\/victoria-vynn-pure-creamy-hybrid-color-no-208\/"},"modified":"2026-03-23T13:20:46","modified_gmt":"2026-03-23T17:20:46","slug":"victoria-vynn-pure-creamy-hybrid-color-no-208","status":"publish","type":"product","link":"https:\/\/victoriavynn.ca\/fr\/product\/victoria-vynn-pure-creamy-hybrid-color-no-208\/","title":{"rendered":"Pure Creamy Hybrid Gel Polish No. 208 Pink Facade"},"content":{"rendered":"<p><em>Les vernis hybrides cr\u00e9meux Pure Creamy Hybrid - fabriqu\u00e9s \u00e0 partir de formules modernes et s\u00fbres qui durent jusqu'\u00e0 4 semaines. Les couleurs des vernis hybrides Pure sont cr\u00e9\u00e9es en fonction des tendances actuelles et des besoins de nos clients pour mettre en valeur leurs belles mains. 100% satisfaction apr\u00e8s l'application de la premi\u00e8re couche.<\/em><\/p>\n<p><em>Des vernis hybrides purs durcis dans des lampes \u00e0 LED.<\/em><\/p>","protected":false},"excerpt":{"rendered":"<p>Victoria VYNN Pure Creamy Hybride Salon Color Coat<\/p>","protected":false},"featured_media":4120,"comment_status":"open","ping_status":"closed","template":"","meta":[],"product_brand":[],"product_cat":[48],"product_tag":[958],"class_list":{"0":"post-4119","1":"product","2":"type-product","3":"status-publish","4":"has-post-thumbnail","6":"product_cat-hybrid-gel-nail-colors","7":"product_tag-autumn-winter-pure-creamy-hybrid-colors","8":"product_shipping_class-cardboard-box","10":"first","11":"instock","12":"taxable","13":"shipping-taxable","14":"purchasable","15":"product-type-simple"},"jetpack_sharing_enabled":true,"_links":{"self":[{"href":"https:\/\/victoriavynn.ca\/fr\/wp-json\/wp\/v2\/product\/4119","targetHints":{"allow":["GET"]}}],"collection":[{"href":"https:\/\/victoriavynn.ca\/fr\/wp-json\/wp\/v2\/product"}],"about":[{"href":"https:\/\/victoriavynn.ca\/fr\/wp-json\/wp\/v2\/types\/product"}],"replies":[{"embeddable":true,"href":"https:\/\/victoriavynn.ca\/fr\/wp-json\/wp\/v2\/comments?post=4119"}],"wp:featuredmedia":[{"embeddable":true,"href":"https:\/\/victoriavynn.ca\/fr\/wp-json\/wp\/v2\/media\/4120"}],"wp:attachment":[{"href":"https:\/\/victoriavynn.ca\/fr\/wp-json\/wp\/v2\/media?parent=4119"}],"wp:term":[{"taxonomy":"product_brand","embeddable":true,"href":"https:\/\/victoriavynn.ca\/fr\/wp-json\/wp\/v2\/product_brand?post=4119"},{"taxonomy":"product_cat","embeddable":true,"href":"https:\/\/victoriavynn.ca\/fr\/wp-json\/wp\/v2\/product_cat?post=4119"},{"taxonomy":"product_tag","embeddable":true,"href":"https:\/\/victoriavynn.ca\/fr\/wp-json\/wp\/v2\/product_tag?post=4119"}],"curies":[{"name":"wp","href":"https:\/\/api.w.org\/{rel}","templated":true}]}}