{"id":41567,"date":"2025-11-19T17:51:51","date_gmt":"2025-11-19T22:51:51","guid":{"rendered":"https:\/\/victoriavynn.ca\/product\/victoria-vynn-color-chart-fashion-follower-gel-polish-430-437\/"},"modified":"2026-03-04T17:49:21","modified_gmt":"2026-03-04T22:49:21","slug":"victoria-vynn-color-chart-fashion-follower-gel-polish-430-437","status":"publish","type":"product","link":"https:\/\/victoriavynn.ca\/fr\/product\/victoria-vynn-color-chart-fashion-follower-gel-polish-430-437\/","title":{"rendered":"Victoria VYNN Color Chart Fashion Follower Gel Polish 430-437"},"content":{"rendered":"<h2 class=\"wp-block-heading\" id=\"block-47eb8c82-fdb0-4020-98fc-063713f1dee7\">\u2b50 <strong>Collection Fashion Follower - Victoria VYNN<\/strong><\/h2><p id=\"block-8a132713-3741-42bb-9708-22dc7a977290\"><em>Une palette tendance inspir\u00e9e des moments embl\u00e9matiques des d\u00e9fil\u00e9s.<\/em><\/p><p id=\"block-5de9f132-1d82-46c2-b7f8-3d0843c61be6\">Le site <strong>Collection de suiveurs de mode<\/strong> by Victoria VYNN transforme les tons les plus \u00e0 la mode de la saison en une ligne de vernis gel hautement pigment\u00e9s et parfaits pour les salons de coiffure. Chaque nuance refl\u00e8te le style, l'humeur et la confiance - cr\u00e9\u00e9e pour les artistes et les clients qui aiment s'exprimer par la couleur.<\/p><p id=\"block-760af9d5-6d93-4c9d-9c43-78259d163405\">Avec une formule cr\u00e9meuse et autonivelante et une brillance longue dur\u00e9e, ces teintes offrent une couverture parfaite et un fini luxueux \u00e0 chaque fois.<\/p><h3 class=\"wp-block-heading\" id=\"block-b11ab486-77c9-4fc6-a34b-ed947b848a00\"><strong>\ud83d\udc85 Teintes incluses dans la collection :<\/strong><\/h3><ul id=\"block-735d6bff-fc66-4e37-bdc0-a387290589df\" class=\"wp-block-list\"><li><strong>430 Cr\u00e8me de Chic<\/strong> - <em>blanc cr\u00e8me<\/em><br>Un blanc doux et cr\u00e9meux qui \u00e9voque le chic minimaliste. Pensez \u00e0 des ongles propres, \u00e9l\u00e9gants et \u201cchers\u201d - parfaits pour des looks tout en couleur, des pointes fran\u00e7aises ou comme base pour le nail art. Un choix intemporel pour l'automne et l'hiver, lorsque vous souhaitez une manucure lumineuse mais raffin\u00e9e.<\/li>\n\n<li><strong>431 Earl Grey-t<\/strong> - <em>gris urbain<\/em><br>Un gris moyen froid inspir\u00e9 par le style urbain \u00e9pur\u00e9. Id\u00e9al pour les ongles professionnels et les manucures d'affaires. Il est subtil mais pas ennuyeux - un neutre polyvalent et moderne qui se porte tous les jours et qui est consid\u00e9r\u00e9 comme une teinte incontournable pour la saison A\/W 2025\/26.<\/li>\n\n<li><strong>432 Dark Couture<\/strong> - <em>graphite presque noir<\/em><br>Un graphite profond qui \u00e9voque la couture et les coulisses de Paris. C'est l'alternative au noir classique : toujours sombre et dramatique, mais plus doux et plus tendance. Parfait pour les manucures du soir, les looks \u201cdark glamour\u201d et pour toutes celles qui aiment les ongles audacieux et minimalistes en automne et en hiver.<\/li>\n\n<li><strong>433 Jeanious<\/strong> - <em>denim bleu marine<\/em><br>Un denim marine qui ressemble \u00e0 votre paire de jeans pr\u00e9f\u00e9r\u00e9e : fiable, d\u00e9contract\u00e9 et toujours \u00e9l\u00e9gant. Cette nuance apporte un caract\u00e8re urbain et d\u00e9contract\u00e9 aux ongles de tous les jours. Elle est id\u00e9ale pour une couleur int\u00e9grale ou combin\u00e9e avec des tons nudes et blancs pour des cr\u00e9ations de style urbain tr\u00e8s tendance.<\/li>\n\n<li><strong>434 Blush Rush<\/strong> - <em>rose-brun nude<\/em><br>Un rose-brun (brun-rose) sensuel qui incarne le \u201cluxe tranquille\u201d. \u00c9l\u00e9gant, doux et tr\u00e8s polyvalent, il est parfait pour les manucures nude raffin\u00e9es, les salons de coiffure accueillants pour les clients, et pour tous ceux qui aiment les couleurs sophistiqu\u00e9es et discr\u00e8tes qui ont toujours l'air de premi\u00e8re qualit\u00e9.<\/li>\n\n<li><strong>435 Berry Hot<\/strong> - <em>rose framboise<\/em><br>Un rose framboise satur\u00e9 d\u00e9bordant d'\u00e9nergie et de fra\u00eecheur. Il ajoute une touche de couleur vive aux d\u00e9cors d'automne et d'hiver, id\u00e9al pour les clients qui ne veulent pas de teintes saisonni\u00e8res ternes. Id\u00e9al pour les clientes qui ne veulent pas de teintes saisonni\u00e8res ternes. Id\u00e9al comme teinte compl\u00e8te ou comme accent pour r\u00e9veiller les dessins neutres.<\/li>\n\n<li><strong>436 Rouge Rebel<\/strong> - <em>rouge classique intense<\/em><br>Un rouge audacieux et sans compromis - comme un manifeste de confiance sur les ongles. Inspir\u00e9 par les looks des d\u00e9fil\u00e9s, il est dynamique, \u00e9nergique et parfait pour les manucures du soir ou les dessins qui sortent de l'ordinaire. Positionn\u00e9 comme l'un des rouges les plus tendance de la saison.<\/li>\n\n<li><strong>437 HelloVynn<\/strong> - <em>orange vif<\/em><br>Un orange vif qui capture l'atmosph\u00e8re d'Halloween et de l'automne, mais qui reste efficace au-del\u00e0 de la saison. Il est con\u00e7u pour les clientes qui aiment les accents \u00e9nergiques et veulent que leurs ongles se d\u00e9marquent - id\u00e9al pour les looks audacieux de l'automne\/hiver et les nail art ludiques et ax\u00e9s sur la mode.<\/li><\/ul><p id=\"block-a57e892d-24f5-4e09-8a37-a2c8332920e1\">Les huit teintes partagent la m\u00eame <strong>formule gel-polish<\/strong>Consistance moyenne-\u00e9paisse, hybride vernis-gel, couche de dispersion et durcissement dans une lampe UV\/LED, con\u00e7u pour une application durable et sans stries dans les manucures professionnelles.<\/p><p id=\"block-fb7bad2b-ff25-49a5-bc74-138620a0483f\">Avec <strong>Suivez la mode<\/strong>, Vous ne vous contentez pas de suivre les tendances, vous les portez.<\/p>","protected":false},"excerpt":{"rendered":"<p><span style=\"color: #000000; font-family: Montserrat; font-size: medium; white-space-collapse: preserve;\">Le site <\/span><span style=\"box-sizing: border-box; font-weight: 600; color: #000000; font-family: Montserrat; font-size: medium; white-space-collapse: preserve;\">Collection de suiveurs de mode<\/span><span style=\"color: #000000; font-family: Montserrat; font-size: medium; white-space-collapse: preserve;\"> by Victoria VYNN transforme les tons les plus \u00e0 la mode de la saison en une ligne de vernis gel hautement pigment\u00e9s et parfaits pour les salons de coiffure. Chaque nuance refl\u00e8te le style, l'humeur et la confiance - cr\u00e9\u00e9e pour les artistes et les clients qui aiment s'exprimer par la couleur.<\/span><\/p>","protected":false},"featured_media":42828,"comment_status":"open","ping_status":"closed","template":"","meta":{"jetpack_post_was_ever_published":false,"jetpack_publicize_message":"","jetpack_publicize_feature_enabled":true,"jetpack_social_post_already_shared":true,"jetpack_social_options":{"image_generator_settings":{"template":"highway","default_image_id":0,"font":"","enabled":false},"version":2}},"product_brand":[922],"product_cat":[31],"product_tag":[940],"class_list":{"0":"post-41567","1":"product","2":"type-product","3":"status-publish","4":"has-post-thumbnail","6":"product_brand-victoria-vynn","7":"product_cat-nail-tools-and-accessories","8":"product_tag-fashion-follower-gel-polish-collection","10":"first","11":"instock","12":"taxable","13":"shipping-taxable","14":"purchasable","15":"product-type-simple"},"jetpack_publicize_connections":[],"jetpack-related-posts":[{"id":41588,"url":"https:\/\/victoriavynn.ca\/fr\/product\/victoria-vynn-8-pack-fashion-follower-gel-polish-430-437-color-chart\/","url_meta":{"origin":41567,"position":0},"title":"Victoria VYNN 8 Pack Fashion Follower Gel Polish 430-437 + Color Chart","author":"Serge Sahakian","date":"novembre 19, 2025","format":false,"excerpt":"La collection Fashion Follower de Victoria VYNN transforme les tons les plus \u00e0 la mode de la saison en une ligne de vernis gel hautement pigment\u00e9s et parfaits pour les salons de coiffure. Chaque nuance refl\u00e8te le style, l'humeur et la confiance - cr\u00e9\u00e9e pour les artistes et les clients qui aiment s'exprimer par la couleur. Collection : Fashion Follower Le kit comprend : Victoria VYNN...","rel":"","context":"Similar post","block_context":{"text":"Similar post","link":""},"img":{"alt_text":"Victoria vynn gel polish fashion follower 8 pack + Color Chart","src":"https:\/\/i0.wp.com\/victoriavynn.ca\/wp-content\/uploads\/2025\/11\/victoria-vynn-gel-polish-fashion-follower-8-pack-color-chart-.webp?fit=750%2C1000&ssl=1&resize=350%2C200","width":350,"height":200,"srcset":"https:\/\/i0.wp.com\/victoriavynn.ca\/wp-content\/uploads\/2025\/11\/victoria-vynn-gel-polish-fashion-follower-8-pack-color-chart-.webp?fit=750%2C1000&ssl=1&resize=350%2C200 1x, https:\/\/i0.wp.com\/victoriavynn.ca\/wp-content\/uploads\/2025\/11\/victoria-vynn-gel-polish-fashion-follower-8-pack-color-chart-.webp?fit=750%2C1000&ssl=1&resize=525%2C300 1.5x, https:\/\/i0.wp.com\/victoriavynn.ca\/wp-content\/uploads\/2025\/11\/victoria-vynn-gel-polish-fashion-follower-8-pack-color-chart-.webp?fit=750%2C1000&ssl=1&resize=700%2C400 2x"},"classes":[]},{"id":41585,"url":"https:\/\/victoriavynn.ca\/fr\/product\/victoria-vynn-gel-polish-no-437-hellovynn\/","url_meta":{"origin":41567,"position":1},"title":"Victoria VYNN Gel Polish No. 437 HelloVynn","author":"Serge Sahakian","date":"novembre 19, 2025","format":false,"excerpt":"Un rose-brun (brun-rose) sensuel qui incarne le \u201cluxe tranquille\u201d. \u00c9l\u00e9gant, doux et tr\u00e8s polyvalent, il est parfait pour les manucures nude raffin\u00e9es, les salons de coiffure accueillants pour les clientes et toutes les personnes qui aiment les couleurs sophistiqu\u00e9es et discr\u00e8tes, tout en conservant un aspect haut de gamme. Collection : Fashion Follower Sp\u00e9cifications du produit :                 Consistance : moyennement \u00e9pais, avec une finition \"auto-nivelante\"....","rel":"","context":"Similar post","block_context":{"text":"Similar post","link":""},"img":{"alt_text":"Victoria vynn gel polish fashion follower no. 437 Hello VYNN","src":"https:\/\/i0.wp.com\/victoriavynn.ca\/wp-content\/uploads\/2025\/11\/victoria-vynn-gel-polish-fashion-follower-no.-437-hello-vynn-.webp?fit=750%2C1000&ssl=1&resize=350%2C200","width":350,"height":200,"srcset":"https:\/\/i0.wp.com\/victoriavynn.ca\/wp-content\/uploads\/2025\/11\/victoria-vynn-gel-polish-fashion-follower-no.-437-hello-vynn-.webp?fit=750%2C1000&ssl=1&resize=350%2C200 1x, https:\/\/i0.wp.com\/victoriavynn.ca\/wp-content\/uploads\/2025\/11\/victoria-vynn-gel-polish-fashion-follower-no.-437-hello-vynn-.webp?fit=750%2C1000&ssl=1&resize=525%2C300 1.5x, https:\/\/i0.wp.com\/victoriavynn.ca\/wp-content\/uploads\/2025\/11\/victoria-vynn-gel-polish-fashion-follower-no.-437-hello-vynn-.webp?fit=750%2C1000&ssl=1&resize=700%2C400 2x"},"classes":[]},{"id":41583,"url":"https:\/\/victoriavynn.ca\/fr\/product\/victoria-vynn-gel-polish-no-436-rouge-rebel\/","url_meta":{"origin":41567,"position":2},"title":"Victoria VYNN Gel Polish No. 436 Rouge Rebel","author":"Serge Sahakian","date":"novembre 19, 2025","format":false,"excerpt":"Un rose-brun (brun-rose) sensuel qui incarne le \u201cluxe tranquille\u201d. \u00c9l\u00e9gant, doux et tr\u00e8s polyvalent, il est parfait pour les manucures nude raffin\u00e9es, les salons de coiffure accueillants pour les clientes et pour toutes les personnes qui aiment les couleurs sophistiqu\u00e9es et discr\u00e8tes, tout en conservant un aspect haut de gamme. Collection : Fashion Follower Sp\u00e9cifications du produit :               Consistance : moyennement \u00e9pais, avec une finition \"auto-nivelante\". Couverture...","rel":"","context":"Similar post","block_context":{"text":"Similar post","link":""},"img":{"alt_text":"Victoria vynn gel polish fashion follower no. 436 Rouge Rebel","src":"https:\/\/i0.wp.com\/victoriavynn.ca\/wp-content\/uploads\/2025\/11\/victoria-vynn-gel-polish-fashion-follower-no.-436-rouge-rebel-1-1.webp?fit=750%2C1000&ssl=1&resize=350%2C200","width":350,"height":200,"srcset":"https:\/\/i0.wp.com\/victoriavynn.ca\/wp-content\/uploads\/2025\/11\/victoria-vynn-gel-polish-fashion-follower-no.-436-rouge-rebel-1-1.webp?fit=750%2C1000&ssl=1&resize=350%2C200 1x, https:\/\/i0.wp.com\/victoriavynn.ca\/wp-content\/uploads\/2025\/11\/victoria-vynn-gel-polish-fashion-follower-no.-436-rouge-rebel-1-1.webp?fit=750%2C1000&ssl=1&resize=525%2C300 1.5x, https:\/\/i0.wp.com\/victoriavynn.ca\/wp-content\/uploads\/2025\/11\/victoria-vynn-gel-polish-fashion-follower-no.-436-rouge-rebel-1-1.webp?fit=750%2C1000&ssl=1&resize=700%2C400 2x"},"classes":[]},{"id":41579,"url":"https:\/\/victoriavynn.ca\/fr\/product\/victoria-vynn-gel-polish-no-434-blush-rush\/","url_meta":{"origin":41567,"position":3},"title":"Victoria VYNN Gel Polish No. 434 Blush Rush","author":"Serge Sahakian","date":"novembre 19, 2025","format":false,"excerpt":"Un rose-brun (brun-rose) sensuel qui incarne le \u201cluxe tranquille\u201d. \u00c9l\u00e9gant, doux et tr\u00e8s polyvalent, il est parfait pour les manucures nude raffin\u00e9es, les salons de coiffure accueillants pour les clientes et toutes les personnes qui aiment les couleurs sophistiqu\u00e9es et discr\u00e8tes, tout en conservant un aspect haut de gamme. Collection : Fashion Follower Sp\u00e9cifications du produit :           Consistance : moyennement \u00e9pais, avec une finition \"auto-nivelante\". Couvrance et fixation :...","rel":"","context":"Similar post","block_context":{"text":"Similar post","link":""},"img":{"alt_text":"Victoria vynn gel polish fashion follower no. 434 Blush Rush","src":"https:\/\/i0.wp.com\/victoriavynn.ca\/wp-content\/uploads\/2025\/11\/victoria-vynn-gel-polish-fashion-follower-no.-434-blush-rush.webp?fit=750%2C1000&ssl=1&resize=350%2C200","width":350,"height":200,"srcset":"https:\/\/i0.wp.com\/victoriavynn.ca\/wp-content\/uploads\/2025\/11\/victoria-vynn-gel-polish-fashion-follower-no.-434-blush-rush.webp?fit=750%2C1000&ssl=1&resize=350%2C200 1x, https:\/\/i0.wp.com\/victoriavynn.ca\/wp-content\/uploads\/2025\/11\/victoria-vynn-gel-polish-fashion-follower-no.-434-blush-rush.webp?fit=750%2C1000&ssl=1&resize=525%2C300 1.5x, https:\/\/i0.wp.com\/victoriavynn.ca\/wp-content\/uploads\/2025\/11\/victoria-vynn-gel-polish-fashion-follower-no.-434-blush-rush.webp?fit=750%2C1000&ssl=1&resize=700%2C400 2x"},"classes":[]},{"id":41581,"url":"https:\/\/victoriavynn.ca\/fr\/product\/victoria-vynn-gel-polish-no-435-berry-hot\/","url_meta":{"origin":41567,"position":4},"title":"Victoria VYNN Gel Polish No. 435 Berry Hot","author":"Serge Sahakian","date":"novembre 19, 2025","format":false,"excerpt":"Un rose-brun (brun-rose) sensuel qui incarne le \u201cluxe tranquille\u201d. \u00c9l\u00e9gant, doux et tr\u00e8s polyvalent, il est parfait pour les manucures nude raffin\u00e9es, les salons de coiffure accueillants pour les clientes et toutes les personnes qui aiment les couleurs sophistiqu\u00e9es et discr\u00e8tes, tout en conservant un aspect haut de gamme. Collection : Fashion Follower Sp\u00e9cifications du produit :                 Consistance : moyennement \u00e9pais, avec une finition \"auto-nivelante\"....","rel":"","context":"Similar post","block_context":{"text":"Similar post","link":""},"img":{"alt_text":"Victoria vynn gel polish fashion follower no. 435 Berry Hot","src":"https:\/\/i0.wp.com\/victoriavynn.ca\/wp-content\/uploads\/2025\/11\/victoria-vynn-gel-polish-fashion-follower-no.-435-berry-hot-.webp?fit=750%2C1000&ssl=1&resize=350%2C200","width":350,"height":200,"srcset":"https:\/\/i0.wp.com\/victoriavynn.ca\/wp-content\/uploads\/2025\/11\/victoria-vynn-gel-polish-fashion-follower-no.-435-berry-hot-.webp?fit=750%2C1000&ssl=1&resize=350%2C200 1x, https:\/\/i0.wp.com\/victoriavynn.ca\/wp-content\/uploads\/2025\/11\/victoria-vynn-gel-polish-fashion-follower-no.-435-berry-hot-.webp?fit=750%2C1000&ssl=1&resize=525%2C300 1.5x, https:\/\/i0.wp.com\/victoriavynn.ca\/wp-content\/uploads\/2025\/11\/victoria-vynn-gel-polish-fashion-follower-no.-435-berry-hot-.webp?fit=750%2C1000&ssl=1&resize=700%2C400 2x"},"classes":[]},{"id":41573,"url":"https:\/\/victoriavynn.ca\/fr\/product\/victoria-vynn-gel-polish-no-431-earl-grey-t\/","url_meta":{"origin":41567,"position":5},"title":"Victoria VYNN Gel Polish No. 431 Earl Grey-t","author":"Serge Sahakian","date":"novembre 19, 2025","format":false,"excerpt":"Un gris moyen froid inspir\u00e9 par le style urbain \u00e9pur\u00e9. Id\u00e9al pour les ongles professionnels et les manucures d'affaires. Il est subtil mais pas ennuyeux - un neutre polyvalent et moderne qui se porte tous les jours et qui est consid\u00e9r\u00e9 comme une nuance incontournable pour la saison A\/W 2025\/26. Collection : Fashion Follower Sp\u00e9cifications du produit :  ...","rel":"","context":"Similar post","block_context":{"text":"Similar post","link":""},"img":{"alt_text":"Victoria vynn gel polish fashion follower no. 431 earl Grey-T","src":"https:\/\/i0.wp.com\/victoriavynn.ca\/wp-content\/uploads\/2025\/11\/victoria-vynn-gel-polish-fashion-follower-no.-431-earl-grey-t.webp?fit=750%2C1000&ssl=1&resize=350%2C200","width":350,"height":200,"srcset":"https:\/\/i0.wp.com\/victoriavynn.ca\/wp-content\/uploads\/2025\/11\/victoria-vynn-gel-polish-fashion-follower-no.-431-earl-grey-t.webp?fit=750%2C1000&ssl=1&resize=350%2C200 1x, https:\/\/i0.wp.com\/victoriavynn.ca\/wp-content\/uploads\/2025\/11\/victoria-vynn-gel-polish-fashion-follower-no.-431-earl-grey-t.webp?fit=750%2C1000&ssl=1&resize=525%2C300 1.5x, https:\/\/i0.wp.com\/victoriavynn.ca\/wp-content\/uploads\/2025\/11\/victoria-vynn-gel-polish-fashion-follower-no.-431-earl-grey-t.webp?fit=750%2C1000&ssl=1&resize=700%2C400 2x"},"classes":[]}],"jetpack_sharing_enabled":true,"_links":{"self":[{"href":"https:\/\/victoriavynn.ca\/fr\/wp-json\/wp\/v2\/product\/41567","targetHints":{"allow":["GET"]}}],"collection":[{"href":"https:\/\/victoriavynn.ca\/fr\/wp-json\/wp\/v2\/product"}],"about":[{"href":"https:\/\/victoriavynn.ca\/fr\/wp-json\/wp\/v2\/types\/product"}],"replies":[{"embeddable":true,"href":"https:\/\/victoriavynn.ca\/fr\/wp-json\/wp\/v2\/comments?post=41567"}],"wp:featuredmedia":[{"embeddable":true,"href":"https:\/\/victoriavynn.ca\/fr\/wp-json\/wp\/v2\/media\/42828"}],"wp:attachment":[{"href":"https:\/\/victoriavynn.ca\/fr\/wp-json\/wp\/v2\/media?parent=41567"}],"wp:term":[{"taxonomy":"product_brand","embeddable":true,"href":"https:\/\/victoriavynn.ca\/fr\/wp-json\/wp\/v2\/product_brand?post=41567"},{"taxonomy":"product_cat","embeddable":true,"href":"https:\/\/victoriavynn.ca\/fr\/wp-json\/wp\/v2\/product_cat?post=41567"},{"taxonomy":"product_tag","embeddable":true,"href":"https:\/\/victoriavynn.ca\/fr\/wp-json\/wp\/v2\/product_tag?post=41567"}],"curies":[{"name":"wp","href":"https:\/\/api.w.org\/{rel}","templated":true}]}}