{"id":41595,"date":"2025-11-19T19:26:49","date_gmt":"2025-11-20T00:26:49","guid":{"rendered":"https:\/\/victoriavynn.ca\/product\/victoria-vynn-luna-glass-gel-polish-collection-display\/"},"modified":"2026-02-13T18:31:50","modified_gmt":"2026-02-13T23:31:50","slug":"victoria-vynn-luna-glass-gel-polish-collection-display","status":"publish","type":"product","link":"https:\/\/victoriavynn.ca\/fr\/product\/victoria-vynn-luna-glass-gel-polish-collection-display\/","title":{"rendered":"Victoria VYNN Luna Glass Gel Polish Collection Display"},"content":{"rendered":"","protected":false},"excerpt":{"rendered":"","protected":false},"featured_media":41596,"comment_status":"open","ping_status":"closed","template":"","meta":{"jetpack_post_was_ever_published":false,"jetpack_publicize_message":"","jetpack_publicize_feature_enabled":true,"jetpack_social_post_already_shared":true,"jetpack_social_options":{"image_generator_settings":{"template":"highway","default_image_id":0,"font":"","enabled":false},"version":2}},"product_brand":[922],"product_cat":[31],"product_tag":[],"class_list":{"0":"post-41595","1":"product","2":"type-product","3":"status-publish","4":"has-post-thumbnail","6":"product_brand-victoria-vynn","7":"product_cat-nail-tools-and-accessories","9":"first","10":"instock","11":"taxable","12":"shipping-taxable","13":"purchasable","14":"product-type-simple"},"jetpack_publicize_connections":[],"jetpack-related-posts":[{"id":21534,"url":"https:\/\/victoriavynn.ca\/fr\/product\/victoria-vynn-gel-polish-glass-no-409-kryptonite\/","url_meta":{"origin":41595,"position":0},"title":"Victoria VYNN Gel Polish Glass No. 409 Kryptonite","author":"Serge Sahakian","date":"avril 25, 2025","format":false,"excerpt":"Laissez-vous inspirer par l'espace et d\u00e9passez les horizons de la Terre. LUNAglass est un voyage au-del\u00e0 de l'atmosph\u00e8re terrestre, o\u00f9 la lumi\u00e8re argent\u00e9e de la lune \u00e9blouit et hypnotise. Pr\u00e9parez-vous \u00e0 une collection qui va intriguer et cr\u00e9er de nouvelles tendances en mati\u00e8re de manucure. Collection : Salon Gel Polish Collection Luna Glass...","rel":"","context":"Similar post","block_context":{"text":"Similar post","link":""},"img":{"alt_text":"victoria vynn salon gel polish no. 409 kryptonite luna glass","src":"https:\/\/i0.wp.com\/victoriavynn.ca\/wp-content\/uploads\/2025\/04\/victoria-vynn-salon-gel-polish-no.-409-kryptonite-luna-glass-.webp?fit=750%2C1000&ssl=1&resize=350%2C200","width":350,"height":200,"srcset":"https:\/\/i0.wp.com\/victoriavynn.ca\/wp-content\/uploads\/2025\/04\/victoria-vynn-salon-gel-polish-no.-409-kryptonite-luna-glass-.webp?fit=750%2C1000&ssl=1&resize=350%2C200 1x, https:\/\/i0.wp.com\/victoriavynn.ca\/wp-content\/uploads\/2025\/04\/victoria-vynn-salon-gel-polish-no.-409-kryptonite-luna-glass-.webp?fit=750%2C1000&ssl=1&resize=525%2C300 1.5x, https:\/\/i0.wp.com\/victoriavynn.ca\/wp-content\/uploads\/2025\/04\/victoria-vynn-salon-gel-polish-no.-409-kryptonite-luna-glass-.webp?fit=750%2C1000&ssl=1&resize=700%2C400 2x"},"classes":[]},{"id":21536,"url":"https:\/\/victoriavynn.ca\/fr\/product\/victoria-vynn-gel-polish-glass-no-410-deep-space\/","url_meta":{"origin":41595,"position":1},"title":"Victoria VYNN Gel Polish Glass No. 410 Deep Space","author":"Serge Sahakian","date":"avril 25, 2025","format":false,"excerpt":"Get inspired by space and reach far beyond the horizons of Earth. LUNAglass is a journey beyond the Earth's atmosphere, where the silver light of the moon dazzles and hypnotizes. Prepare yourself for a collection that will intrigue and set new trends in manicure. Collection: Salon Gel Polish Luna Glass\u2026","rel":"","context":"Similar post","block_context":{"text":"Similar post","link":""},"img":{"alt_text":"victoria vynn salon gel polish no. 410 deep space luna glass","src":"https:\/\/i0.wp.com\/victoriavynn.ca\/wp-content\/uploads\/2025\/04\/victoria-vynn-salon-gel-polish-no.-410-deep-space-luna-glass-.webp?fit=750%2C1000&ssl=1&resize=350%2C200","width":350,"height":200,"srcset":"https:\/\/i0.wp.com\/victoriavynn.ca\/wp-content\/uploads\/2025\/04\/victoria-vynn-salon-gel-polish-no.-410-deep-space-luna-glass-.webp?fit=750%2C1000&ssl=1&resize=350%2C200 1x, https:\/\/i0.wp.com\/victoriavynn.ca\/wp-content\/uploads\/2025\/04\/victoria-vynn-salon-gel-polish-no.-410-deep-space-luna-glass-.webp?fit=750%2C1000&ssl=1&resize=525%2C300 1.5x, https:\/\/i0.wp.com\/victoriavynn.ca\/wp-content\/uploads\/2025\/04\/victoria-vynn-salon-gel-polish-no.-410-deep-space-luna-glass-.webp?fit=750%2C1000&ssl=1&resize=700%2C400 2x"},"classes":[]},{"id":21538,"url":"https:\/\/victoriavynn.ca\/fr\/product\/victoria-vynn-gel-polish-glass-no-411-dark-matter\/","url_meta":{"origin":41595,"position":2},"title":"Victoria VYNN Gel Polish Glass No. 411 Dark Matter","author":"Serge Sahakian","date":"avril 25, 2025","format":false,"excerpt":"Laissez-vous inspirer par l'espace et d\u00e9passez les horizons de la Terre. LUNAglass est un voyage au-del\u00e0 de l'atmosph\u00e8re terrestre, o\u00f9 la lumi\u00e8re argent\u00e9e de la lune \u00e9blouit et hypnotise. Pr\u00e9parez-vous \u00e0 une collection qui va intriguer et cr\u00e9er de nouvelles tendances en mati\u00e8re de manucure. Collection : Salon Gel Polish Collection Luna Glass...","rel":"","context":"Similar post","block_context":{"text":"Similar post","link":""},"img":{"alt_text":"victoria vynn salon gel polish no. 411 dark matter luna glass","src":"https:\/\/i0.wp.com\/victoriavynn.ca\/wp-content\/uploads\/2025\/04\/victoria-vynn-salon-gel-polish-no.-411-dark-matter-luna-glass-.webp?fit=750%2C1000&ssl=1&resize=350%2C200","width":350,"height":200,"srcset":"https:\/\/i0.wp.com\/victoriavynn.ca\/wp-content\/uploads\/2025\/04\/victoria-vynn-salon-gel-polish-no.-411-dark-matter-luna-glass-.webp?fit=750%2C1000&ssl=1&resize=350%2C200 1x, https:\/\/i0.wp.com\/victoriavynn.ca\/wp-content\/uploads\/2025\/04\/victoria-vynn-salon-gel-polish-no.-411-dark-matter-luna-glass-.webp?fit=750%2C1000&ssl=1&resize=525%2C300 1.5x, https:\/\/i0.wp.com\/victoriavynn.ca\/wp-content\/uploads\/2025\/04\/victoria-vynn-salon-gel-polish-no.-411-dark-matter-luna-glass-.webp?fit=750%2C1000&ssl=1&resize=700%2C400 2x"},"classes":[]},{"id":21544,"url":"https:\/\/victoriavynn.ca\/fr\/product\/victoria-vynn-gel-polish-glass-no-414-solar-halo\/","url_meta":{"origin":41595,"position":3},"title":"Victoria VYNN Gel Polish Glass No. 414 Solar Halo","author":"Serge Sahakian","date":"avril 25, 2025","format":false,"excerpt":"Laissez-vous inspirer par l'espace et d\u00e9passez les horizons de la Terre. LUNAglass est un voyage au-del\u00e0 de l'atmosph\u00e8re terrestre, o\u00f9 la lumi\u00e8re argent\u00e9e de la lune \u00e9blouit et hypnotise. Pr\u00e9parez-vous \u00e0 une collection qui va intriguer et cr\u00e9er de nouvelles tendances en mati\u00e8re de manucure. Collection : Salon Gel Polish Collection Luna Glass...","rel":"","context":"Similar post","block_context":{"text":"Similar post","link":""},"img":{"alt_text":"victoria vynn salon gel polish no. 414 Solar Halo luna glass","src":"https:\/\/i0.wp.com\/victoriavynn.ca\/wp-content\/uploads\/2025\/04\/victoria-vynn-salon-gel-polish-no.-414-solar-halo-luna-glass-.webp?fit=750%2C1000&ssl=1&resize=350%2C200","width":350,"height":200,"srcset":"https:\/\/i0.wp.com\/victoriavynn.ca\/wp-content\/uploads\/2025\/04\/victoria-vynn-salon-gel-polish-no.-414-solar-halo-luna-glass-.webp?fit=750%2C1000&ssl=1&resize=350%2C200 1x, https:\/\/i0.wp.com\/victoriavynn.ca\/wp-content\/uploads\/2025\/04\/victoria-vynn-salon-gel-polish-no.-414-solar-halo-luna-glass-.webp?fit=750%2C1000&ssl=1&resize=525%2C300 1.5x, https:\/\/i0.wp.com\/victoriavynn.ca\/wp-content\/uploads\/2025\/04\/victoria-vynn-salon-gel-polish-no.-414-solar-halo-luna-glass-.webp?fit=750%2C1000&ssl=1&resize=700%2C400 2x"},"classes":[]},{"id":21540,"url":"https:\/\/victoriavynn.ca\/fr\/product\/victoria-vynn-gel-polish-glass-no-412-supernova-pink\/","url_meta":{"origin":41595,"position":4},"title":"Victoria VYNN Gel Polish Glass No. 412 Supernova Pink","author":"Serge Sahakian","date":"avril 25, 2025","format":false,"excerpt":"Laissez-vous inspirer par l'espace et d\u00e9passez les horizons de la Terre. LUNAglass est un voyage au-del\u00e0 de l'atmosph\u00e8re terrestre, o\u00f9 la lumi\u00e8re argent\u00e9e de la lune \u00e9blouit et hypnotise. Pr\u00e9parez-vous \u00e0 une collection qui va intriguer et cr\u00e9er de nouvelles tendances en mati\u00e8re de manucure. Collection : Salon Gel Polish Collection Luna Glass...","rel":"","context":"Similar post","block_context":{"text":"Similar post","link":""},"img":{"alt_text":"victoria vynn salon gel polish no. 412 speronva pink luna glass","src":"https:\/\/i0.wp.com\/victoriavynn.ca\/wp-content\/uploads\/2025\/04\/victoria-vynn-salon-gel-polish-no.-412-speronva-pink-luna-glass-.webp?fit=750%2C1000&ssl=1&resize=350%2C200","width":350,"height":200,"srcset":"https:\/\/i0.wp.com\/victoriavynn.ca\/wp-content\/uploads\/2025\/04\/victoria-vynn-salon-gel-polish-no.-412-speronva-pink-luna-glass-.webp?fit=750%2C1000&ssl=1&resize=350%2C200 1x, https:\/\/i0.wp.com\/victoriavynn.ca\/wp-content\/uploads\/2025\/04\/victoria-vynn-salon-gel-polish-no.-412-speronva-pink-luna-glass-.webp?fit=750%2C1000&ssl=1&resize=525%2C300 1.5x, https:\/\/i0.wp.com\/victoriavynn.ca\/wp-content\/uploads\/2025\/04\/victoria-vynn-salon-gel-polish-no.-412-speronva-pink-luna-glass-.webp?fit=750%2C1000&ssl=1&resize=700%2C400 2x"},"classes":[]},{"id":21542,"url":"https:\/\/victoriavynn.ca\/fr\/product\/victoria-vynn-gel-polish-glass-no-413-blood-moon\/","url_meta":{"origin":41595,"position":5},"title":"Victoria VYNN Gel Polish Glass No. 413 Blood Moon","author":"Serge Sahakian","date":"avril 25, 2025","format":false,"excerpt":"Laissez-vous inspirer par l'espace et d\u00e9passez les horizons de la Terre. LUNAglass est un voyage au-del\u00e0 de l'atmosph\u00e8re terrestre, o\u00f9 la lumi\u00e8re argent\u00e9e de la lune \u00e9blouit et hypnotise. Pr\u00e9parez-vous \u00e0 une collection qui va intriguer et cr\u00e9er de nouvelles tendances en mati\u00e8re de manucure. Collection : Salon Gel Polish Collection Luna Glass...","rel":"","context":"Similar post","block_context":{"text":"Similar post","link":""},"img":{"alt_text":"victoria vynn salon gel polish no. 413 Blood Moon luna glass","src":"https:\/\/i0.wp.com\/victoriavynn.ca\/wp-content\/uploads\/2025\/04\/victoria-vynn-salon-gel-polish-no.-413-blood-moon-luna-glass-.webp?fit=750%2C1000&ssl=1&resize=350%2C200","width":350,"height":200,"srcset":"https:\/\/i0.wp.com\/victoriavynn.ca\/wp-content\/uploads\/2025\/04\/victoria-vynn-salon-gel-polish-no.-413-blood-moon-luna-glass-.webp?fit=750%2C1000&ssl=1&resize=350%2C200 1x, https:\/\/i0.wp.com\/victoriavynn.ca\/wp-content\/uploads\/2025\/04\/victoria-vynn-salon-gel-polish-no.-413-blood-moon-luna-glass-.webp?fit=750%2C1000&ssl=1&resize=525%2C300 1.5x, https:\/\/i0.wp.com\/victoriavynn.ca\/wp-content\/uploads\/2025\/04\/victoria-vynn-salon-gel-polish-no.-413-blood-moon-luna-glass-.webp?fit=750%2C1000&ssl=1&resize=700%2C400 2x"},"classes":[]}],"jetpack_sharing_enabled":true,"_links":{"self":[{"href":"https:\/\/victoriavynn.ca\/fr\/wp-json\/wp\/v2\/product\/41595","targetHints":{"allow":["GET"]}}],"collection":[{"href":"https:\/\/victoriavynn.ca\/fr\/wp-json\/wp\/v2\/product"}],"about":[{"href":"https:\/\/victoriavynn.ca\/fr\/wp-json\/wp\/v2\/types\/product"}],"replies":[{"embeddable":true,"href":"https:\/\/victoriavynn.ca\/fr\/wp-json\/wp\/v2\/comments?post=41595"}],"wp:featuredmedia":[{"embeddable":true,"href":"https:\/\/victoriavynn.ca\/fr\/wp-json\/wp\/v2\/media\/41596"}],"wp:attachment":[{"href":"https:\/\/victoriavynn.ca\/fr\/wp-json\/wp\/v2\/media?parent=41595"}],"wp:term":[{"taxonomy":"product_brand","embeddable":true,"href":"https:\/\/victoriavynn.ca\/fr\/wp-json\/wp\/v2\/product_brand?post=41595"},{"taxonomy":"product_cat","embeddable":true,"href":"https:\/\/victoriavynn.ca\/fr\/wp-json\/wp\/v2\/product_cat?post=41595"},{"taxonomy":"product_tag","embeddable":true,"href":"https:\/\/victoriavynn.ca\/fr\/wp-json\/wp\/v2\/product_tag?post=41595"}],"curies":[{"name":"wp","href":"https:\/\/api.w.org\/{rel}","templated":true}]}}