{"id":41598,"date":"2025-11-19T19:31:38","date_gmt":"2025-11-20T00:31:38","guid":{"rendered":"https:\/\/victoriavynn.ca\/product\/pharm-foot-spa-ritual-rice-milk-cherry-blossom-scrub-and-butter-for-feet-hands-and-body\/"},"modified":"2026-02-13T18:31:49","modified_gmt":"2026-02-13T23:31:49","slug":"pharm-spa-rituel-de-gommage-au-lait-de-riz-et-au-beurre-de-fleurs-de-cerisier-pour-les-pieds-les-mains-et-le-corps","status":"publish","type":"product","link":"https:\/\/victoriavynn.ca\/fr\/product\/pharm-foot-spa-ritual-rice-milk-cherry-blossom-scrub-and-butter-for-feet-hands-and-body\/","title":{"rendered":"Pharm Foot SPA Ritual Rice Milk &amp; Cherry Blossom Scrub and Butter for Feet Hands and body (gommage et beurre pour les pieds, les mains et le corps)"},"content":{"rendered":"","protected":false},"excerpt":{"rendered":"","protected":false},"featured_media":41599,"comment_status":"open","ping_status":"closed","template":"","meta":{"jetpack_post_was_ever_published":false,"jetpack_publicize_message":"","jetpack_publicize_feature_enabled":true,"jetpack_social_post_already_shared":true,"jetpack_social_options":{"image_generator_settings":{"template":"highway","default_image_id":0,"font":"","enabled":false},"version":2}},"product_brand":[],"product_cat":[572],"product_tag":[],"class_list":{"0":"post-41598","1":"product","2":"type-product","3":"status-publish","4":"has-post-thumbnail","6":"product_cat-spa-ritual-paradise-touch","8":"first","9":"outofstock","10":"taxable","11":"shipping-taxable","12":"purchasable","13":"product-type-simple"},"jetpack_publicize_connections":[],"jetpack-related-posts":[{"id":41600,"url":"https:\/\/victoriavynn.ca\/fr\/product\/pharm-foot-spa-ritual-orange-clove-scrub-and-butter-for-feet-hands-and-body-with-natural-oils\/","url_meta":{"origin":41598,"position":0},"title":"Pharm Foot SPA Ritual Orange &amp; Clove Scrub and Butter for Feet Hands and body with natural oils (gommage et beurre pour les pieds, les mains et le corps avec des huiles naturelles)","author":"Serge Sahakian","date":"novembre 19, 2025","format":false,"excerpt":"","rel":"","context":"Similar post","block_context":{"text":"Similar post","link":""},"img":{"alt_text":"","src":"https:\/\/i0.wp.com\/victoriavynn.ca\/wp-content\/uploads\/2025\/11\/spa-ritual-set-orange-clove-4.jpg?fit=1200%2C1200&ssl=1&resize=350%2C200","width":350,"height":200,"srcset":"https:\/\/i0.wp.com\/victoriavynn.ca\/wp-content\/uploads\/2025\/11\/spa-ritual-set-orange-clove-4.jpg?fit=1200%2C1200&ssl=1&resize=350%2C200 1x, https:\/\/i0.wp.com\/victoriavynn.ca\/wp-content\/uploads\/2025\/11\/spa-ritual-set-orange-clove-4.jpg?fit=1200%2C1200&ssl=1&resize=525%2C300 1.5x, https:\/\/i0.wp.com\/victoriavynn.ca\/wp-content\/uploads\/2025\/11\/spa-ritual-set-orange-clove-4.jpg?fit=1200%2C1200&ssl=1&resize=700%2C400 2x, https:\/\/i0.wp.com\/victoriavynn.ca\/wp-content\/uploads\/2025\/11\/spa-ritual-set-orange-clove-4.jpg?fit=1200%2C1200&ssl=1&resize=1050%2C600 3x"},"classes":[]},{"id":42982,"url":"https:\/\/victoriavynn.ca\/fr\/product\/ulka-hand-rest-without-legs-white\/","url_meta":{"origin":41598,"position":1},"title":"\u00dcLKA Repose-mains sans pieds","author":"Serge Sahakian","date":"D\u00e9cembre 10, 2025","format":false,"excerpt":"Repose-mains ergonomique sans pieds, con\u00e7u pour un travail de pr\u00e9cision et le confort du client. Parfait pour les services professionnels d'onglerie. Dimensions nettes : 400mm x 150 mm x 30 mm Poids net : 0.536 Kg","rel":"","context":"Similar post","block_context":{"text":"Similar post","link":""},"img":{"alt_text":"ulka without legs hand rest white","src":"https:\/\/i0.wp.com\/victoriavynn.ca\/wp-content\/uploads\/2025\/12\/ulka-without-legs-hand-rest-white-.webp?fit=750%2C1000&ssl=1&resize=350%2C200","width":350,"height":200,"srcset":"https:\/\/i0.wp.com\/victoriavynn.ca\/wp-content\/uploads\/2025\/12\/ulka-without-legs-hand-rest-white-.webp?fit=750%2C1000&ssl=1&resize=350%2C200 1x, https:\/\/i0.wp.com\/victoriavynn.ca\/wp-content\/uploads\/2025\/12\/ulka-without-legs-hand-rest-white-.webp?fit=750%2C1000&ssl=1&resize=525%2C300 1.5x, https:\/\/i0.wp.com\/victoriavynn.ca\/wp-content\/uploads\/2025\/12\/ulka-without-legs-hand-rest-white-.webp?fit=750%2C1000&ssl=1&resize=700%2C400 2x"},"classes":[]},{"id":41569,"url":"https:\/\/victoriavynn.ca\/fr\/product\/pharm-foot-luxury-touch-100ml\/","url_meta":{"origin":41598,"position":2},"title":"Pharm Foot Luxury Touch 100ml","author":"Serge Sahakian","date":"novembre 19, 2025","format":false,"excerpt":"","rel":"","context":"Similar post","block_context":{"text":"Similar post","link":""},"img":{"alt_text":"","src":"https:\/\/i0.wp.com\/victoriavynn.ca\/wp-content\/uploads\/2025\/11\/luxury-touch-2f-100-ml.jpg?fit=1200%2C1200&ssl=1&resize=350%2C200","width":350,"height":200,"srcset":"https:\/\/i0.wp.com\/victoriavynn.ca\/wp-content\/uploads\/2025\/11\/luxury-touch-2f-100-ml.jpg?fit=1200%2C1200&ssl=1&resize=350%2C200 1x, https:\/\/i0.wp.com\/victoriavynn.ca\/wp-content\/uploads\/2025\/11\/luxury-touch-2f-100-ml.jpg?fit=1200%2C1200&ssl=1&resize=525%2C300 1.5x, https:\/\/i0.wp.com\/victoriavynn.ca\/wp-content\/uploads\/2025\/11\/luxury-touch-2f-100-ml.jpg?fit=1200%2C1200&ssl=1&resize=700%2C400 2x, https:\/\/i0.wp.com\/victoriavynn.ca\/wp-content\/uploads\/2025\/11\/luxury-touch-2f-100-ml.jpg?fit=1200%2C1200&ssl=1&resize=1050%2C600 3x"},"classes":[]},{"id":42975,"url":"https:\/\/victoriavynn.ca\/fr\/product\/ulka-elbow-support-white\/","url_meta":{"origin":41598,"position":3},"title":"\u00dcLKA Coudi\u00e8re","author":"Serge Sahakian","date":"D\u00e9cembre 10, 2025","format":false,"excerpt":"Un coussin moelleux sauve les coudes du ma\u00eetre des ongles de la peau rugueuse et de la fatigue des mains. Il a une structure confortable, des accessoires de haute qualit\u00e9 et une large palette de couleurs. Il deviendra un assistant indispensable pour la manucure et la cliente. Ce petit coussin pour...","rel":"","context":"Similar post","block_context":{"text":"Similar post","link":""},"img":{"alt_text":"ulka White round elbow support cushion","src":"https:\/\/i0.wp.com\/victoriavynn.ca\/wp-content\/uploads\/2025\/12\/ulka-elbow-support-white.webp?fit=750%2C1000&ssl=1&resize=350%2C200","width":350,"height":200,"srcset":"https:\/\/i0.wp.com\/victoriavynn.ca\/wp-content\/uploads\/2025\/12\/ulka-elbow-support-white.webp?fit=750%2C1000&ssl=1&resize=350%2C200 1x, https:\/\/i0.wp.com\/victoriavynn.ca\/wp-content\/uploads\/2025\/12\/ulka-elbow-support-white.webp?fit=750%2C1000&ssl=1&resize=525%2C300 1.5x, https:\/\/i0.wp.com\/victoriavynn.ca\/wp-content\/uploads\/2025\/12\/ulka-elbow-support-white.webp?fit=750%2C1000&ssl=1&resize=700%2C400 2x"},"classes":[]},{"id":48270,"url":"https:\/\/victoriavynn.ca\/fr\/product\/daichong-dreamer-4th-gen-shake-switch-nail-drill\/","url_meta":{"origin":41598,"position":4},"title":"Daichong Dreamer Nail Drill Shake Switch 4\u00e8me g\u00e9n\u00e9ration","author":"Serge Sahakian","date":"f\u00e9vrier 5, 2026","format":false,"excerpt":"D\u00e9couvrez la perceuse \u00e0 ongles professionnelle Daichong Dreamer 4th Gen. Interrupteur innovant, puissance douce, faible vibration, r\u00e9sultats dignes d'un salon de coiffure. Sp\u00e9cifications du produit : \u00a0 \u00a0 \u00a0 \u00a0 \u00a0 \u00a0","rel":"","context":"Similar post","block_context":{"text":"Similar post","link":""},"img":{"alt_text":"daichong nail drill gen 4","src":"https:\/\/i0.wp.com\/victoriavynn.ca\/wp-content\/uploads\/2026\/02\/daichong-nail-drill-gen-4.webp?fit=750%2C1000&ssl=1&resize=350%2C200","width":350,"height":200,"srcset":"https:\/\/i0.wp.com\/victoriavynn.ca\/wp-content\/uploads\/2026\/02\/daichong-nail-drill-gen-4.webp?fit=750%2C1000&ssl=1&resize=350%2C200 1x, https:\/\/i0.wp.com\/victoriavynn.ca\/wp-content\/uploads\/2026\/02\/daichong-nail-drill-gen-4.webp?fit=750%2C1000&ssl=1&resize=525%2C300 1.5x, https:\/\/i0.wp.com\/victoriavynn.ca\/wp-content\/uploads\/2026\/02\/daichong-nail-drill-gen-4.webp?fit=750%2C1000&ssl=1&resize=700%2C400 2x"},"classes":[]},{"id":52734,"url":"https:\/\/victoriavynn.ca\/fr\/product\/victoria-vynn-5-pack-inside-color-pure-vegan-creamy-273-277-pastel\/","url_meta":{"origin":41598,"position":5},"title":"Victoria VYNN 5 Pack Inside Color Pure Vegan Creamy 273-277 (Pastel)","author":"Serge Sahakian","date":"mars 20, 2026","format":false,"excerpt":"\ud83c\udf38 Pure Vegan Creamy Hybrid \u2013 Pastel Collection (5-Pack Sets) Step into a world of softness, elegance, and modern nail artistry with the Pure Vegan Creamy Hybrid Pastel Collection by Victoria VYNN. Designed for professionals and beauty lovers alike, these curated 5-piece pastel sets deliver a perfectly balanced palette of\u2026","rel":"","context":"Similar post","block_context":{"text":"Similar post","link":""},"img":{"alt_text":"pastel final 5 pack in the lan ionside collection","src":"https:\/\/i0.wp.com\/victoriavynn.ca\/wp-content\/uploads\/2026\/03\/pastel-final-5-pack-in-the-lan-ionside-collection.webp?fit=750%2C1000&ssl=1&resize=350%2C200","width":350,"height":200,"srcset":"https:\/\/i0.wp.com\/victoriavynn.ca\/wp-content\/uploads\/2026\/03\/pastel-final-5-pack-in-the-lan-ionside-collection.webp?fit=750%2C1000&ssl=1&resize=350%2C200 1x, https:\/\/i0.wp.com\/victoriavynn.ca\/wp-content\/uploads\/2026\/03\/pastel-final-5-pack-in-the-lan-ionside-collection.webp?fit=750%2C1000&ssl=1&resize=525%2C300 1.5x, https:\/\/i0.wp.com\/victoriavynn.ca\/wp-content\/uploads\/2026\/03\/pastel-final-5-pack-in-the-lan-ionside-collection.webp?fit=750%2C1000&ssl=1&resize=700%2C400 2x"},"classes":[]}],"jetpack_sharing_enabled":true,"_links":{"self":[{"href":"https:\/\/victoriavynn.ca\/fr\/wp-json\/wp\/v2\/product\/41598","targetHints":{"allow":["GET"]}}],"collection":[{"href":"https:\/\/victoriavynn.ca\/fr\/wp-json\/wp\/v2\/product"}],"about":[{"href":"https:\/\/victoriavynn.ca\/fr\/wp-json\/wp\/v2\/types\/product"}],"replies":[{"embeddable":true,"href":"https:\/\/victoriavynn.ca\/fr\/wp-json\/wp\/v2\/comments?post=41598"}],"wp:featuredmedia":[{"embeddable":true,"href":"https:\/\/victoriavynn.ca\/fr\/wp-json\/wp\/v2\/media\/41599"}],"wp:attachment":[{"href":"https:\/\/victoriavynn.ca\/fr\/wp-json\/wp\/v2\/media?parent=41598"}],"wp:term":[{"taxonomy":"product_brand","embeddable":true,"href":"https:\/\/victoriavynn.ca\/fr\/wp-json\/wp\/v2\/product_brand?post=41598"},{"taxonomy":"product_cat","embeddable":true,"href":"https:\/\/victoriavynn.ca\/fr\/wp-json\/wp\/v2\/product_cat?post=41598"},{"taxonomy":"product_tag","embeddable":true,"href":"https:\/\/victoriavynn.ca\/fr\/wp-json\/wp\/v2\/product_tag?post=41598"}],"curies":[{"name":"wp","href":"https:\/\/api.w.org\/{rel}","templated":true}]}}