{"id":41633,"date":"2025-11-20T07:46:29","date_gmt":"2025-11-20T12:46:29","guid":{"rendered":"https:\/\/victoriavynn.ca\/product\/staleks-pro-diamond-nail-drill-bit-pointed-pear-red-expert-head-diameter-4-mm-working-part-12-mm\/"},"modified":"2026-03-04T18:40:35","modified_gmt":"2026-03-04T23:40:35","slug":"staleks-pro-diamond-nail-drill-bit-pointed-pear-red-expert-head-diameter-4-mm-working-part-12-mm","status":"publish","type":"product","link":"https:\/\/victoriavynn.ca\/fr\/product\/staleks-pro-diamond-nail-drill-bit-pointed-pear-red-expert-head-diameter-4-mm-working-part-12-mm\/","title":{"rendered":"Staleks PRO Foret \u00e0 ongles diamant\u00e9 pointu poire rouge EXPERT t\u00eate diam\u00e8tre 4 mm \/ partie travaillante 12 mm"},"content":{"rendered":"","protected":false},"excerpt":{"rendered":"<p>FA100R040\/12<\/p>","protected":false},"featured_media":41634,"comment_status":"open","ping_status":"closed","template":"","meta":{"jetpack_post_was_ever_published":false,"jetpack_publicize_message":"","jetpack_publicize_feature_enabled":true,"jetpack_social_post_already_shared":true,"jetpack_social_options":{"image_generator_settings":{"template":"highway","default_image_id":0,"font":"","enabled":false},"version":2}},"product_brand":[935],"product_cat":[365],"product_tag":[946],"class_list":{"0":"post-41633","1":"product","2":"type-product","3":"status-publish","4":"has-post-thumbnail","6":"product_brand-staleks","7":"product_cat-staleks-nail-bits","8":"product_tag-diamond-nail-drill-bit-pointed-pear","10":"first","11":"instock","12":"taxable","13":"shipping-taxable","14":"purchasable","15":"product-type-simple"},"jetpack_publicize_connections":[],"jetpack-related-posts":[{"id":43010,"url":"https:\/\/victoriavynn.ca\/fr\/product\/ulka-diamond-nail-drill-bit-flame-red-head-diameter-2-1-mm-working-part-8-mm-f218-f-2\/","url_meta":{"origin":41633,"position":0},"title":"\u00dcLKA M\u00e8che \u00e0 clouer diamant\u00e9e flamme rouge t\u00eate diam\u00e8tre 2.1 mm \/ partie travaillante 8 mm (F218-F)","author":"Serge Sahakian","date":"D\u00e9cembre 10, 2025","format":false,"excerpt":"","rel":"","context":"Similar post","block_context":{"text":"Similar post","link":""},"img":{"alt_text":"","src":"https:\/\/i0.wp.com\/victoriavynn.ca\/wp-content\/uploads\/2025\/12\/diamond_nail_drill_bit_flame_f218-f-scaled-2.jpg?fit=1200%2C1200&ssl=1&resize=350%2C200","width":350,"height":200,"srcset":"https:\/\/i0.wp.com\/victoriavynn.ca\/wp-content\/uploads\/2025\/12\/diamond_nail_drill_bit_flame_f218-f-scaled-2.jpg?fit=1200%2C1200&ssl=1&resize=350%2C200 1x, https:\/\/i0.wp.com\/victoriavynn.ca\/wp-content\/uploads\/2025\/12\/diamond_nail_drill_bit_flame_f218-f-scaled-2.jpg?fit=1200%2C1200&ssl=1&resize=525%2C300 1.5x, https:\/\/i0.wp.com\/victoriavynn.ca\/wp-content\/uploads\/2025\/12\/diamond_nail_drill_bit_flame_f218-f-scaled-2.jpg?fit=1200%2C1200&ssl=1&resize=700%2C400 2x, https:\/\/i0.wp.com\/victoriavynn.ca\/wp-content\/uploads\/2025\/12\/diamond_nail_drill_bit_flame_f218-f-scaled-2.jpg?fit=1200%2C1200&ssl=1&resize=1050%2C600 3x"},"classes":[]},{"id":43014,"url":"https:\/\/victoriavynn.ca\/fr\/product\/ulka-diamond-nail-drill-bit-flame-red-head-diameter-2-3-mm-working-part-8-mm-f238-f-2\/","url_meta":{"origin":41633,"position":1},"title":"\u00dcLKA M\u00e8che \u00e0 clouer diamant\u00e9e flamme rouge t\u00eate diam\u00e8tre 2.3 mm \/ partie travaillante 8 mm (F238-F)","author":"Serge Sahakian","date":"D\u00e9cembre 10, 2025","format":false,"excerpt":"F238-F","rel":"","context":"Similar post","block_context":{"text":"Similar post","link":""},"img":{"alt_text":"","src":"https:\/\/i0.wp.com\/victoriavynn.ca\/wp-content\/uploads\/2025\/12\/diamond_nail_drill_bit_flame_f238-f-scaled-2.jpg?fit=1200%2C1200&ssl=1&resize=350%2C200","width":350,"height":200,"srcset":"https:\/\/i0.wp.com\/victoriavynn.ca\/wp-content\/uploads\/2025\/12\/diamond_nail_drill_bit_flame_f238-f-scaled-2.jpg?fit=1200%2C1200&ssl=1&resize=350%2C200 1x, https:\/\/i0.wp.com\/victoriavynn.ca\/wp-content\/uploads\/2025\/12\/diamond_nail_drill_bit_flame_f238-f-scaled-2.jpg?fit=1200%2C1200&ssl=1&resize=525%2C300 1.5x, https:\/\/i0.wp.com\/victoriavynn.ca\/wp-content\/uploads\/2025\/12\/diamond_nail_drill_bit_flame_f238-f-scaled-2.jpg?fit=1200%2C1200&ssl=1&resize=700%2C400 2x, https:\/\/i0.wp.com\/victoriavynn.ca\/wp-content\/uploads\/2025\/12\/diamond_nail_drill_bit_flame_f238-f-scaled-2.jpg?fit=1200%2C1200&ssl=1&resize=1050%2C600 3x"},"classes":[]},{"id":43018,"url":"https:\/\/victoriavynn.ca\/fr\/product\/ulka-diamond-nail-drill-bit-flame-red-head-diameter-2-1-mm-working-part-10-mm-f2110-f-2\/","url_meta":{"origin":41633,"position":2},"title":"\u00dcLKA M\u00e8che \u00e0 clouer diamant\u00e9e flamme rouge t\u00eate diam\u00e8tre 2.1 mm \/ partie travaillante 10 mm (F2110-F)","author":"Serge Sahakian","date":"D\u00e9cembre 10, 2025","format":false,"excerpt":"F2110-F","rel":"","context":"Similar post","block_context":{"text":"Similar post","link":""},"img":{"alt_text":"","src":"https:\/\/i0.wp.com\/victoriavynn.ca\/wp-content\/uploads\/2025\/12\/diamond_nail_drill_bit_flame_f2110-f-scaled-2.jpg?fit=1200%2C1200&ssl=1&resize=350%2C200","width":350,"height":200,"srcset":"https:\/\/i0.wp.com\/victoriavynn.ca\/wp-content\/uploads\/2025\/12\/diamond_nail_drill_bit_flame_f2110-f-scaled-2.jpg?fit=1200%2C1200&ssl=1&resize=350%2C200 1x, https:\/\/i0.wp.com\/victoriavynn.ca\/wp-content\/uploads\/2025\/12\/diamond_nail_drill_bit_flame_f2110-f-scaled-2.jpg?fit=1200%2C1200&ssl=1&resize=525%2C300 1.5x, https:\/\/i0.wp.com\/victoriavynn.ca\/wp-content\/uploads\/2025\/12\/diamond_nail_drill_bit_flame_f2110-f-scaled-2.jpg?fit=1200%2C1200&ssl=1&resize=700%2C400 2x, https:\/\/i0.wp.com\/victoriavynn.ca\/wp-content\/uploads\/2025\/12\/diamond_nail_drill_bit_flame_f2110-f-scaled-2.jpg?fit=1200%2C1200&ssl=1&resize=1050%2C600 3x"},"classes":[]},{"id":43022,"url":"https:\/\/victoriavynn.ca\/fr\/product\/ulka-diamond-nail-drill-bit-flame-red-head-diameter-2-3-mm-working-part-10-mm-f2310-f-2\/","url_meta":{"origin":41633,"position":3},"title":"\u00dcLKA M\u00e8che \u00e0 clouer diamant\u00e9e flamme rouge t\u00eate diam\u00e8tre 2.3 mm \/ partie travaillante 10 mm (F2310-F)","author":"Serge Sahakian","date":"D\u00e9cembre 10, 2025","format":false,"excerpt":"F2310-F","rel":"","context":"Similar post","block_context":{"text":"Similar post","link":""},"img":{"alt_text":"","src":"https:\/\/i0.wp.com\/victoriavynn.ca\/wp-content\/uploads\/2025\/12\/diamond_nail_drill_bit_flame_f2310-f-1-scaled-2.jpg?fit=1200%2C1200&ssl=1&resize=350%2C200","width":350,"height":200,"srcset":"https:\/\/i0.wp.com\/victoriavynn.ca\/wp-content\/uploads\/2025\/12\/diamond_nail_drill_bit_flame_f2310-f-1-scaled-2.jpg?fit=1200%2C1200&ssl=1&resize=350%2C200 1x, https:\/\/i0.wp.com\/victoriavynn.ca\/wp-content\/uploads\/2025\/12\/diamond_nail_drill_bit_flame_f2310-f-1-scaled-2.jpg?fit=1200%2C1200&ssl=1&resize=525%2C300 1.5x, https:\/\/i0.wp.com\/victoriavynn.ca\/wp-content\/uploads\/2025\/12\/diamond_nail_drill_bit_flame_f2310-f-1-scaled-2.jpg?fit=1200%2C1200&ssl=1&resize=700%2C400 2x, https:\/\/i0.wp.com\/victoriavynn.ca\/wp-content\/uploads\/2025\/12\/diamond_nail_drill_bit_flame_f2310-f-1-scaled-2.jpg?fit=1200%2C1200&ssl=1&resize=1050%2C600 3x"},"classes":[]},{"id":43026,"url":"https:\/\/victoriavynn.ca\/fr\/product\/ulka-diamond-nail-drill-bit-ball-red-head-diameter-4-mm-b040-f-2\/","url_meta":{"origin":41633,"position":4},"title":"\u00dcLKA M\u00e8che \u00e0 clous diamant\u00e9e t\u00eate rouge diam\u00e8tre 4 mm (B040-F)","author":"Serge Sahakian","date":"D\u00e9cembre 10, 2025","format":false,"excerpt":"B040-F","rel":"","context":"Similar post","block_context":{"text":"Similar post","link":""},"img":{"alt_text":"","src":"https:\/\/i0.wp.com\/victoriavynn.ca\/wp-content\/uploads\/2025\/12\/diamond_nail_drill_bit_ball_b040-f-scaled-2.jpg?fit=1200%2C1200&ssl=1&resize=350%2C200","width":350,"height":200,"srcset":"https:\/\/i0.wp.com\/victoriavynn.ca\/wp-content\/uploads\/2025\/12\/diamond_nail_drill_bit_ball_b040-f-scaled-2.jpg?fit=1200%2C1200&ssl=1&resize=350%2C200 1x, https:\/\/i0.wp.com\/victoriavynn.ca\/wp-content\/uploads\/2025\/12\/diamond_nail_drill_bit_ball_b040-f-scaled-2.jpg?fit=1200%2C1200&ssl=1&resize=525%2C300 1.5x, https:\/\/i0.wp.com\/victoriavynn.ca\/wp-content\/uploads\/2025\/12\/diamond_nail_drill_bit_ball_b040-f-scaled-2.jpg?fit=1200%2C1200&ssl=1&resize=700%2C400 2x, https:\/\/i0.wp.com\/victoriavynn.ca\/wp-content\/uploads\/2025\/12\/diamond_nail_drill_bit_ball_b040-f-scaled-2.jpg?fit=1200%2C1200&ssl=1&resize=1050%2C600 3x"},"classes":[]},{"id":43012,"url":"https:\/\/victoriavynn.ca\/fr\/product\/ulka-diamond-nail-drill-bit-flame-blue-head-diameter-2-1-mm-working-part-8-mm-f218-m-2\/","url_meta":{"origin":41633,"position":5},"title":"\u00dcLKA M\u00e8che \u00e0 clous diamant\u00e9e flamme bleue diam\u00e8tre de la t\u00eate 2,1 mm \/ partie travaillante 8 mm (F218-M)","author":"Serge Sahakian","date":"D\u00e9cembre 10, 2025","format":false,"excerpt":"F218-M","rel":"","context":"Similar post","block_context":{"text":"Similar post","link":""},"img":{"alt_text":"","src":"https:\/\/i0.wp.com\/victoriavynn.ca\/wp-content\/uploads\/2025\/12\/diamond_nail_drill_bit_flame_f218-m-scaled-2.jpg?fit=1200%2C1200&ssl=1&resize=350%2C200","width":350,"height":200,"srcset":"https:\/\/i0.wp.com\/victoriavynn.ca\/wp-content\/uploads\/2025\/12\/diamond_nail_drill_bit_flame_f218-m-scaled-2.jpg?fit=1200%2C1200&ssl=1&resize=350%2C200 1x, https:\/\/i0.wp.com\/victoriavynn.ca\/wp-content\/uploads\/2025\/12\/diamond_nail_drill_bit_flame_f218-m-scaled-2.jpg?fit=1200%2C1200&ssl=1&resize=525%2C300 1.5x, https:\/\/i0.wp.com\/victoriavynn.ca\/wp-content\/uploads\/2025\/12\/diamond_nail_drill_bit_flame_f218-m-scaled-2.jpg?fit=1200%2C1200&ssl=1&resize=700%2C400 2x, https:\/\/i0.wp.com\/victoriavynn.ca\/wp-content\/uploads\/2025\/12\/diamond_nail_drill_bit_flame_f218-m-scaled-2.jpg?fit=1200%2C1200&ssl=1&resize=1050%2C600 3x"},"classes":[]}],"jetpack_sharing_enabled":true,"_links":{"self":[{"href":"https:\/\/victoriavynn.ca\/fr\/wp-json\/wp\/v2\/product\/41633","targetHints":{"allow":["GET"]}}],"collection":[{"href":"https:\/\/victoriavynn.ca\/fr\/wp-json\/wp\/v2\/product"}],"about":[{"href":"https:\/\/victoriavynn.ca\/fr\/wp-json\/wp\/v2\/types\/product"}],"replies":[{"embeddable":true,"href":"https:\/\/victoriavynn.ca\/fr\/wp-json\/wp\/v2\/comments?post=41633"}],"wp:featuredmedia":[{"embeddable":true,"href":"https:\/\/victoriavynn.ca\/fr\/wp-json\/wp\/v2\/media\/41634"}],"wp:attachment":[{"href":"https:\/\/victoriavynn.ca\/fr\/wp-json\/wp\/v2\/media?parent=41633"}],"wp:term":[{"taxonomy":"product_brand","embeddable":true,"href":"https:\/\/victoriavynn.ca\/fr\/wp-json\/wp\/v2\/product_brand?post=41633"},{"taxonomy":"product_cat","embeddable":true,"href":"https:\/\/victoriavynn.ca\/fr\/wp-json\/wp\/v2\/product_cat?post=41633"},{"taxonomy":"product_tag","embeddable":true,"href":"https:\/\/victoriavynn.ca\/fr\/wp-json\/wp\/v2\/product_tag?post=41633"}],"curies":[{"name":"wp","href":"https:\/\/api.w.org\/{rel}","templated":true}]}}