{"id":42372,"date":"2025-12-02T17:02:30","date_gmt":"2025-12-02T22:02:30","guid":{"rendered":"https:\/\/victoriavynn.ca\/product\/staleks-eyebrow-tweezers-beauty-care-11-type-5-point\/"},"modified":"2026-03-04T18:50:10","modified_gmt":"2026-03-04T23:50:10","slug":"staleks-eyebrow-tweezers-beauty-care-11-type-5-point","status":"publish","type":"product","link":"https:\/\/victoriavynn.ca\/fr\/product\/staleks-eyebrow-tweezers-beauty-care-11-type-5-point\/","title":{"rendered":"Staleks Pince \u00e0 sourcils BEAUTY &amp; CARE 11 TYPE 5 (point)"},"content":{"rendered":"","protected":false},"excerpt":{"rendered":"<p>TBC-11\/5<\/p>","protected":false},"featured_media":42480,"comment_status":"open","ping_status":"closed","template":"","meta":{"jetpack_post_was_ever_published":false,"jetpack_publicize_message":"","jetpack_publicize_feature_enabled":true,"jetpack_social_post_already_shared":true,"jetpack_social_options":{"image_generator_settings":{"template":"highway","default_image_id":0,"font":"","enabled":false},"version":2}},"product_brand":[935],"product_cat":[944],"product_tag":[945],"class_list":{"0":"post-42372","1":"product","2":"type-product","3":"status-publish","4":"has-post-thumbnail","6":"product_brand-staleks","7":"product_cat-staleks-eyebrow-tweezers","8":"product_tag-eyebrow-tweezers","10":"first","11":"instock","12":"taxable","13":"shipping-taxable","14":"purchasable","15":"product-type-simple"},"jetpack_publicize_connections":[],"jetpack-related-posts":[{"id":51507,"url":"https:\/\/victoriavynn.ca\/fr\/product\/staleks-eyebrow-tweezers-expert-10-type-7-pointed-slant\/","url_meta":{"origin":42372,"position":0},"title":"Staleks Pince \u00e0 sourcils EXPERT 10 TYPE 7 (pointue et inclin\u00e9e)","author":"Serge Sahakian","date":"mars 4, 2026","format":false,"excerpt":"TE-10\/7","rel":"","context":"Similar post","block_context":{"text":"Similar post","link":""},"img":{"alt_text":"","src":"https:\/\/i0.wp.com\/victoriavynn.ca\/wp-content\/uploads\/2026\/03\/6ef7dbe5e9ec0e8670183f526df9284f.jpg?fit=1200%2C1200&ssl=1&resize=350%2C200","width":350,"height":200,"srcset":"https:\/\/i0.wp.com\/victoriavynn.ca\/wp-content\/uploads\/2026\/03\/6ef7dbe5e9ec0e8670183f526df9284f.jpg?fit=1200%2C1200&ssl=1&resize=350%2C200 1x, https:\/\/i0.wp.com\/victoriavynn.ca\/wp-content\/uploads\/2026\/03\/6ef7dbe5e9ec0e8670183f526df9284f.jpg?fit=1200%2C1200&ssl=1&resize=525%2C300 1.5x, https:\/\/i0.wp.com\/victoriavynn.ca\/wp-content\/uploads\/2026\/03\/6ef7dbe5e9ec0e8670183f526df9284f.jpg?fit=1200%2C1200&ssl=1&resize=700%2C400 2x, https:\/\/i0.wp.com\/victoriavynn.ca\/wp-content\/uploads\/2026\/03\/6ef7dbe5e9ec0e8670183f526df9284f.jpg?fit=1200%2C1200&ssl=1&resize=1050%2C600 3x"},"classes":[]},{"id":18048,"url":"https:\/\/victoriavynn.ca\/fr\/product\/staleks-pro-professional-eyelash-tweezers-expert-40-type-11-curved\/","url_meta":{"origin":42372,"position":1},"title":"Staleks PRO Pince \u00e0 \u00e9piler professionnelle pour cils EXPERT 40 TYPE 11 (courb\u00e9e)","author":"Serge Sahakian","date":"mai 29, 2024","format":false,"excerpt":"TE-40\/11","rel":"","context":"Similar post","block_context":{"text":"Similar post","link":""},"img":{"alt_text":"","src":"https:\/\/i0.wp.com\/victoriavynn.ca\/wp-content\/uploads\/2024\/05\/pinczet-professionalnyj-dlya-resnicz-te-40-11-1-800x800-1.jpg?fit=800%2C800&ssl=1&resize=350%2C200","width":350,"height":200,"srcset":"https:\/\/i0.wp.com\/victoriavynn.ca\/wp-content\/uploads\/2024\/05\/pinczet-professionalnyj-dlya-resnicz-te-40-11-1-800x800-1.jpg?fit=800%2C800&ssl=1&resize=350%2C200 1x, https:\/\/i0.wp.com\/victoriavynn.ca\/wp-content\/uploads\/2024\/05\/pinczet-professionalnyj-dlya-resnicz-te-40-11-1-800x800-1.jpg?fit=800%2C800&ssl=1&resize=525%2C300 1.5x, https:\/\/i0.wp.com\/victoriavynn.ca\/wp-content\/uploads\/2024\/05\/pinczet-professionalnyj-dlya-resnicz-te-40-11-1-800x800-1.jpg?fit=800%2C800&ssl=1&resize=700%2C400 2x"},"classes":[]},{"id":17991,"url":"https:\/\/victoriavynn.ca\/fr\/product\/staleks-beauty-care-11-type-3-pink-multi-purpose-scissors\/","url_meta":{"origin":42372,"position":2},"title":"Staleks Beauty &amp; Care 11 Type 3 Pink Multi Purpose Scissors (ciseaux \u00e0 usages multiples)","author":"Serge Sahakian","date":"mai 28, 2024","format":false,"excerpt":"SBC-11\/3","rel":"","context":"Similar post","block_context":{"text":"Similar post","link":""},"img":{"alt_text":"","src":"https:\/\/i0.wp.com\/victoriavynn.ca\/wp-content\/uploads\/2024\/05\/nozhniczy-universalnye-sbc-11-3_2-1.jpg?fit=1200%2C1200&ssl=1&resize=350%2C200","width":350,"height":200,"srcset":"https:\/\/i0.wp.com\/victoriavynn.ca\/wp-content\/uploads\/2024\/05\/nozhniczy-universalnye-sbc-11-3_2-1.jpg?fit=1200%2C1200&ssl=1&resize=350%2C200 1x, https:\/\/i0.wp.com\/victoriavynn.ca\/wp-content\/uploads\/2024\/05\/nozhniczy-universalnye-sbc-11-3_2-1.jpg?fit=1200%2C1200&ssl=1&resize=525%2C300 1.5x, https:\/\/i0.wp.com\/victoriavynn.ca\/wp-content\/uploads\/2024\/05\/nozhniczy-universalnye-sbc-11-3_2-1.jpg?fit=1200%2C1200&ssl=1&resize=700%2C400 2x, https:\/\/i0.wp.com\/victoriavynn.ca\/wp-content\/uploads\/2024\/05\/nozhniczy-universalnye-sbc-11-3_2-1.jpg?fit=1200%2C1200&ssl=1&resize=1050%2C600 3x"},"classes":[]},{"id":21042,"url":"https:\/\/victoriavynn.ca\/fr\/product\/staleks-podology-splinter-tweezers-small-podo-11\/","url_meta":{"origin":42372,"position":3},"title":"Staleks Podology Pince \u00e0 \u00e9piler pour \u00e9chardes Petite PODO 11","author":"Serge Sahakian","date":"mars 14, 2025","format":false,"excerpt":"TP-11,Staleks Podologie Pince \u00e0 \u00e9piler Splinter Small PODO 11 1,Staleks Podologie Pince \u00e0 \u00e9piler Splinter Small PODO 11 2","rel":"","context":"Similar post","block_context":{"text":"Similar post","link":""},"img":{"alt_text":"","src":"https:\/\/i0.wp.com\/victoriavynn.ca\/wp-content\/uploads\/2025\/03\/podologysplintertweezerssmallpodo112.jpg?fit=1100%2C1100&ssl=1&resize=350%2C200","width":350,"height":200,"srcset":"https:\/\/i0.wp.com\/victoriavynn.ca\/wp-content\/uploads\/2025\/03\/podologysplintertweezerssmallpodo112.jpg?fit=1100%2C1100&ssl=1&resize=350%2C200 1x, https:\/\/i0.wp.com\/victoriavynn.ca\/wp-content\/uploads\/2025\/03\/podologysplintertweezerssmallpodo112.jpg?fit=1100%2C1100&ssl=1&resize=525%2C300 1.5x, https:\/\/i0.wp.com\/victoriavynn.ca\/wp-content\/uploads\/2025\/03\/podologysplintertweezerssmallpodo112.jpg?fit=1100%2C1100&ssl=1&resize=700%2C400 2x, https:\/\/i0.wp.com\/victoriavynn.ca\/wp-content\/uploads\/2025\/03\/podologysplintertweezerssmallpodo112.jpg?fit=1100%2C1100&ssl=1&resize=1050%2C600 3x"},"classes":[]},{"id":10475,"url":"https:\/\/victoriavynn.ca\/fr\/product\/staleks-pink-nail-cuticle-scissors-bc-11\/","url_meta":{"origin":42372,"position":4},"title":"Staleks Beauty &amp; Care 11 Type 1 Ciseaux \u00e0 cuticules roses","author":"Serge Sahakian","date":"f\u00e9vrier 4, 2023","format":false,"excerpt":"Ciseaux \u00e0 cuticules professionnels de haute qualit\u00e9. Staleks se consacre \u00e0 la qualit\u00e9 de ses produits. L'acier utilis\u00e9 pour la production des embouts est exceptionnellement r\u00e9sistant \u00e0 la corrosion et d'une duret\u00e9 in\u00e9gal\u00e9e, garantissant un tranchant durable. Nous nous sommes associ\u00e9s \u00e0 Staleks au Canada pour fournir un ensemble complet de produits professionnels...","rel":"","context":"Similar post","block_context":{"text":"Similar post","link":""},"img":{"alt_text":"STALEKS BEAUTY & CARE Nail Cuticle Scissors 11 Type 1","src":"https:\/\/i0.wp.com\/victoriavynn.ca\/wp-content\/uploads\/2023\/02\/STALEKS-BEAUTY-CARE-Nail-Cuticle-Scissors-11-Type-1.webp?fit=750%2C1000&ssl=1&resize=350%2C200","width":350,"height":200,"srcset":"https:\/\/i0.wp.com\/victoriavynn.ca\/wp-content\/uploads\/2023\/02\/STALEKS-BEAUTY-CARE-Nail-Cuticle-Scissors-11-Type-1.webp?fit=750%2C1000&ssl=1&resize=350%2C200 1x, https:\/\/i0.wp.com\/victoriavynn.ca\/wp-content\/uploads\/2023\/02\/STALEKS-BEAUTY-CARE-Nail-Cuticle-Scissors-11-Type-1.webp?fit=750%2C1000&ssl=1&resize=525%2C300 1.5x, https:\/\/i0.wp.com\/victoriavynn.ca\/wp-content\/uploads\/2023\/02\/STALEKS-BEAUTY-CARE-Nail-Cuticle-Scissors-11-Type-1.webp?fit=750%2C1000&ssl=1&resize=700%2C400 2x"},"classes":[]},{"id":14583,"url":"https:\/\/victoriavynn.ca\/fr\/product\/staleks-beauty-care-11-large-nail-clipper\/","url_meta":{"origin":42372,"position":5},"title":"Staleks Beauty &amp; Care 11 Grand coupe-ongles","author":"Serge Sahakian","date":"juillet 12, 2023","format":false,"excerpt":"Staleks Beauty & Care High Quality Large Nail Clipper. Staleks dedicates itself to the product quality. The Steel used for the production of the bits is exceptionally resistant to corrosion and has unmatched hardness, ensuring long-lasting sharpness. We have Partnered with Staleks in Canada to provide a Full Professional Package\u2026","rel":"","context":"Similar post","block_context":{"text":"Similar post","link":""},"img":{"alt_text":"Staleks LARGE nail clipper beauty & care 11 KBC-11_","src":"https:\/\/i0.wp.com\/victoriavynn.ca\/wp-content\/uploads\/2023\/07\/staleks-large-nail-clipper-beauty-care-11-kbc-11_-1-1.webp?fit=750%2C1000&ssl=1&resize=350%2C200","width":350,"height":200,"srcset":"https:\/\/i0.wp.com\/victoriavynn.ca\/wp-content\/uploads\/2023\/07\/staleks-large-nail-clipper-beauty-care-11-kbc-11_-1-1.webp?fit=750%2C1000&ssl=1&resize=350%2C200 1x, https:\/\/i0.wp.com\/victoriavynn.ca\/wp-content\/uploads\/2023\/07\/staleks-large-nail-clipper-beauty-care-11-kbc-11_-1-1.webp?fit=750%2C1000&ssl=1&resize=525%2C300 1.5x, https:\/\/i0.wp.com\/victoriavynn.ca\/wp-content\/uploads\/2023\/07\/staleks-large-nail-clipper-beauty-care-11-kbc-11_-1-1.webp?fit=750%2C1000&ssl=1&resize=700%2C400 2x"},"classes":[]}],"jetpack_sharing_enabled":true,"_links":{"self":[{"href":"https:\/\/victoriavynn.ca\/fr\/wp-json\/wp\/v2\/product\/42372","targetHints":{"allow":["GET"]}}],"collection":[{"href":"https:\/\/victoriavynn.ca\/fr\/wp-json\/wp\/v2\/product"}],"about":[{"href":"https:\/\/victoriavynn.ca\/fr\/wp-json\/wp\/v2\/types\/product"}],"replies":[{"embeddable":true,"href":"https:\/\/victoriavynn.ca\/fr\/wp-json\/wp\/v2\/comments?post=42372"}],"wp:featuredmedia":[{"embeddable":true,"href":"https:\/\/victoriavynn.ca\/fr\/wp-json\/wp\/v2\/media\/42480"}],"wp:attachment":[{"href":"https:\/\/victoriavynn.ca\/fr\/wp-json\/wp\/v2\/media?parent=42372"}],"wp:term":[{"taxonomy":"product_brand","embeddable":true,"href":"https:\/\/victoriavynn.ca\/fr\/wp-json\/wp\/v2\/product_brand?post=42372"},{"taxonomy":"product_cat","embeddable":true,"href":"https:\/\/victoriavynn.ca\/fr\/wp-json\/wp\/v2\/product_cat?post=42372"},{"taxonomy":"product_tag","embeddable":true,"href":"https:\/\/victoriavynn.ca\/fr\/wp-json\/wp\/v2\/product_tag?post=42372"}],"curies":[{"name":"wp","href":"https:\/\/api.w.org\/{rel}","templated":true}]}}