{"id":42374,"date":"2025-12-02T17:02:32","date_gmt":"2025-12-02T22:02:32","guid":{"rendered":"https:\/\/victoriavynn.ca\/product\/staleks-eyebrow-tweezers-beauty-care-20-type-4-narrow-beveled\/"},"modified":"2026-03-04T18:40:48","modified_gmt":"2026-03-04T23:40:48","slug":"staleks-eyebrow-tweezers-beauty-care-20-type-4-narrow-beveled","status":"publish","type":"product","link":"https:\/\/victoriavynn.ca\/fr\/product\/staleks-eyebrow-tweezers-beauty-care-20-type-4-narrow-beveled\/","title":{"rendered":"Staleks Pince \u00e0 \u00e9piler pour sourcils BEAUTY &amp; CARE 20 TYPE 4 (biseau \u00e9troit)"},"content":{"rendered":"","protected":false},"excerpt":{"rendered":"<p>TBC-20\/4<\/p>","protected":false},"featured_media":42484,"comment_status":"open","ping_status":"closed","template":"","meta":{"jetpack_post_was_ever_published":false,"jetpack_publicize_message":"","jetpack_publicize_feature_enabled":true,"jetpack_social_post_already_shared":true,"jetpack_social_options":{"image_generator_settings":{"template":"highway","default_image_id":0,"font":"","enabled":false},"version":2}},"product_brand":[935],"product_cat":[944],"product_tag":[945],"class_list":{"0":"post-42374","1":"product","2":"type-product","3":"status-publish","4":"has-post-thumbnail","6":"product_brand-staleks","7":"product_cat-staleks-eyebrow-tweezers","8":"product_tag-eyebrow-tweezers","10":"first","11":"instock","12":"taxable","13":"shipping-taxable","14":"purchasable","15":"product-type-simple"},"jetpack_publicize_connections":[],"jetpack-related-posts":[{"id":51507,"url":"https:\/\/victoriavynn.ca\/fr\/product\/staleks-eyebrow-tweezers-expert-10-type-7-pointed-slant\/","url_meta":{"origin":42374,"position":0},"title":"Staleks Pince \u00e0 sourcils EXPERT 10 TYPE 7 (pointue et inclin\u00e9e)","author":"Serge Sahakian","date":"mars 4, 2026","format":false,"excerpt":"TE-10\/7","rel":"","context":"Similar post","block_context":{"text":"Similar post","link":""},"img":{"alt_text":"","src":"https:\/\/i0.wp.com\/victoriavynn.ca\/wp-content\/uploads\/2026\/03\/6ef7dbe5e9ec0e8670183f526df9284f.jpg?fit=1200%2C1200&ssl=1&resize=350%2C200","width":350,"height":200,"srcset":"https:\/\/i0.wp.com\/victoriavynn.ca\/wp-content\/uploads\/2026\/03\/6ef7dbe5e9ec0e8670183f526df9284f.jpg?fit=1200%2C1200&ssl=1&resize=350%2C200 1x, https:\/\/i0.wp.com\/victoriavynn.ca\/wp-content\/uploads\/2026\/03\/6ef7dbe5e9ec0e8670183f526df9284f.jpg?fit=1200%2C1200&ssl=1&resize=525%2C300 1.5x, https:\/\/i0.wp.com\/victoriavynn.ca\/wp-content\/uploads\/2026\/03\/6ef7dbe5e9ec0e8670183f526df9284f.jpg?fit=1200%2C1200&ssl=1&resize=700%2C400 2x, https:\/\/i0.wp.com\/victoriavynn.ca\/wp-content\/uploads\/2026\/03\/6ef7dbe5e9ec0e8670183f526df9284f.jpg?fit=1200%2C1200&ssl=1&resize=1050%2C600 3x"},"classes":[]},{"id":18129,"url":"https:\/\/victoriavynn.ca\/fr\/product\/staleks-pro-cosmetology-double-ended-loop-beauty-care-20-type-1\/","url_meta":{"origin":42374,"position":1},"title":"STALEKS PRO Cosm\u00e9tologie boucle \u00e0 double extr\u00e9mit\u00e9 BEAUTY &amp; CARE 20 TYPE 1","author":"Serge Sahakian","date":"mai 30, 2024","format":false,"excerpt":"ZBC-20\/1","rel":"","context":"Similar post","block_context":{"text":"Similar post","link":""},"img":{"alt_text":"","src":"https:\/\/i0.wp.com\/victoriavynn.ca\/wp-content\/uploads\/2024\/05\/d37935d9a947004a9cf0b2e60a2c1019-800x800-1.jpg?fit=800%2C800&ssl=1&resize=350%2C200","width":350,"height":200,"srcset":"https:\/\/i0.wp.com\/victoriavynn.ca\/wp-content\/uploads\/2024\/05\/d37935d9a947004a9cf0b2e60a2c1019-800x800-1.jpg?fit=800%2C800&ssl=1&resize=350%2C200 1x, https:\/\/i0.wp.com\/victoriavynn.ca\/wp-content\/uploads\/2024\/05\/d37935d9a947004a9cf0b2e60a2c1019-800x800-1.jpg?fit=800%2C800&ssl=1&resize=525%2C300 1.5x, https:\/\/i0.wp.com\/victoriavynn.ca\/wp-content\/uploads\/2024\/05\/d37935d9a947004a9cf0b2e60a2c1019-800x800-1.jpg?fit=800%2C800&ssl=1&resize=700%2C400 2x"},"classes":[]},{"id":18123,"url":"https:\/\/victoriavynn.ca\/fr\/product\/staleks-pro-cosmetology-double-ended-tool-expert-20-type-4-uno-spoon-and-vidal-needle-straight\/","url_meta":{"origin":42374,"position":2},"title":"STALEKS PRO Outil de cosm\u00e9tologie \u00e0 double extr\u00e9mit\u00e9 EXPERT 20 TYPE 4 (cuill\u00e8re Uno et aiguille Vidal droite)","author":"Serge Sahakian","date":"mai 30, 2024","format":false,"excerpt":"ZE-20\/4","rel":"","context":"Similar post","block_context":{"text":"Similar post","link":""},"img":{"alt_text":"","src":"https:\/\/i0.wp.com\/victoriavynn.ca\/wp-content\/uploads\/2024\/05\/88054d8367328eb73e60a762078ecbfd-800x800-1.jpg?fit=800%2C800&ssl=1&resize=350%2C200","width":350,"height":200,"srcset":"https:\/\/i0.wp.com\/victoriavynn.ca\/wp-content\/uploads\/2024\/05\/88054d8367328eb73e60a762078ecbfd-800x800-1.jpg?fit=800%2C800&ssl=1&resize=350%2C200 1x, https:\/\/i0.wp.com\/victoriavynn.ca\/wp-content\/uploads\/2024\/05\/88054d8367328eb73e60a762078ecbfd-800x800-1.jpg?fit=800%2C800&ssl=1&resize=525%2C300 1.5x, https:\/\/i0.wp.com\/victoriavynn.ca\/wp-content\/uploads\/2024\/05\/88054d8367328eb73e60a762078ecbfd-800x800-1.jpg?fit=800%2C800&ssl=1&resize=700%2C400 2x"},"classes":[]},{"id":18100,"url":"https:\/\/victoriavynn.ca\/fr\/product\/staleks-pro-manicure-pusher-gummy-with-silicone-handle-uniq-10-type-2-rounded-narrow-and-beveled-pusher\/","url_meta":{"origin":42374,"position":3},"title":"Staleks PRO Poussoir \u00e0 manucure Gomme avec manche en silicone UNIQ 10 TYPE 2 (poussoir arrondi \u00e9troit et biseaut\u00e9)","author":"Serge Sahakian","date":"mai 30, 2024","format":false,"excerpt":"PQ-10\/2","rel":"","context":"Similar post","block_context":{"text":"Similar post","link":""},"img":{"alt_text":"","src":"https:\/\/i0.wp.com\/victoriavynn.ca\/wp-content\/uploads\/2024\/05\/pq-10-2_result-800x800-1.jpg?fit=800%2C800&ssl=1&resize=350%2C200","width":350,"height":200,"srcset":"https:\/\/i0.wp.com\/victoriavynn.ca\/wp-content\/uploads\/2024\/05\/pq-10-2_result-800x800-1.jpg?fit=800%2C800&ssl=1&resize=350%2C200 1x, https:\/\/i0.wp.com\/victoriavynn.ca\/wp-content\/uploads\/2024\/05\/pq-10-2_result-800x800-1.jpg?fit=800%2C800&ssl=1&resize=525%2C300 1.5x, https:\/\/i0.wp.com\/victoriavynn.ca\/wp-content\/uploads\/2024\/05\/pq-10-2_result-800x800-1.jpg?fit=800%2C800&ssl=1&resize=700%2C400 2x"},"classes":[]},{"id":17989,"url":"https:\/\/victoriavynn.ca\/fr\/product\/staleks-beauty-care-10-type-4-matte-nail-scissors-for-kids\/","url_meta":{"origin":42374,"position":4},"title":"Staleks Beauty &amp; Care 10 Type 4 Matte Ciseaux \u00e0 ongles pour enfants","author":"Serge Sahakian","date":"mai 28, 2024","format":false,"excerpt":"SBC-10\/4","rel":"","context":"Similar post","block_context":{"text":"Similar post","link":""},"img":{"alt_text":"","src":"https:\/\/i0.wp.com\/victoriavynn.ca\/wp-content\/uploads\/2024\/05\/sbc-10-4-800x800-1.jpg?fit=800%2C800&ssl=1&resize=350%2C200","width":350,"height":200,"srcset":"https:\/\/i0.wp.com\/victoriavynn.ca\/wp-content\/uploads\/2024\/05\/sbc-10-4-800x800-1.jpg?fit=800%2C800&ssl=1&resize=350%2C200 1x, https:\/\/i0.wp.com\/victoriavynn.ca\/wp-content\/uploads\/2024\/05\/sbc-10-4-800x800-1.jpg?fit=800%2C800&ssl=1&resize=525%2C300 1.5x, https:\/\/i0.wp.com\/victoriavynn.ca\/wp-content\/uploads\/2024\/05\/sbc-10-4-800x800-1.jpg?fit=800%2C800&ssl=1&resize=700%2C400 2x"},"classes":[]},{"id":15125,"url":"https:\/\/victoriavynn.ca\/fr\/product\/staleks-beauty-care-20-3mm-quarter-jaw-cuticle-nipper\/","url_meta":{"origin":42374,"position":5},"title":"Staleks Beauty &amp; Care 20 3mm Quarter Jaw Cuticle Nipper","author":"Serge Sahakian","date":"septembre 9, 2023","format":false,"excerpt":"NBC-20-3","rel":"","context":"Similar post","block_context":{"text":"Similar post","link":""},"img":{"alt_text":"","src":"https:\/\/i0.wp.com\/victoriavynn.ca\/wp-content\/uploads\/2023\/09\/staleks-beauty-care-cuticle-nipper-20_.png?fit=750%2C1000&ssl=1&resize=350%2C200","width":350,"height":200,"srcset":"https:\/\/i0.wp.com\/victoriavynn.ca\/wp-content\/uploads\/2023\/09\/staleks-beauty-care-cuticle-nipper-20_.png?fit=750%2C1000&ssl=1&resize=350%2C200 1x, https:\/\/i0.wp.com\/victoriavynn.ca\/wp-content\/uploads\/2023\/09\/staleks-beauty-care-cuticle-nipper-20_.png?fit=750%2C1000&ssl=1&resize=525%2C300 1.5x, https:\/\/i0.wp.com\/victoriavynn.ca\/wp-content\/uploads\/2023\/09\/staleks-beauty-care-cuticle-nipper-20_.png?fit=750%2C1000&ssl=1&resize=700%2C400 2x"},"classes":[]}],"jetpack_sharing_enabled":true,"_links":{"self":[{"href":"https:\/\/victoriavynn.ca\/fr\/wp-json\/wp\/v2\/product\/42374","targetHints":{"allow":["GET"]}}],"collection":[{"href":"https:\/\/victoriavynn.ca\/fr\/wp-json\/wp\/v2\/product"}],"about":[{"href":"https:\/\/victoriavynn.ca\/fr\/wp-json\/wp\/v2\/types\/product"}],"replies":[{"embeddable":true,"href":"https:\/\/victoriavynn.ca\/fr\/wp-json\/wp\/v2\/comments?post=42374"}],"wp:featuredmedia":[{"embeddable":true,"href":"https:\/\/victoriavynn.ca\/fr\/wp-json\/wp\/v2\/media\/42484"}],"wp:attachment":[{"href":"https:\/\/victoriavynn.ca\/fr\/wp-json\/wp\/v2\/media?parent=42374"}],"wp:term":[{"taxonomy":"product_brand","embeddable":true,"href":"https:\/\/victoriavynn.ca\/fr\/wp-json\/wp\/v2\/product_brand?post=42374"},{"taxonomy":"product_cat","embeddable":true,"href":"https:\/\/victoriavynn.ca\/fr\/wp-json\/wp\/v2\/product_cat?post=42374"},{"taxonomy":"product_tag","embeddable":true,"href":"https:\/\/victoriavynn.ca\/fr\/wp-json\/wp\/v2\/product_tag?post=42374"}],"curies":[{"name":"wp","href":"https:\/\/api.w.org\/{rel}","templated":true}]}}