{"id":42395,"date":"2025-12-02T17:36:36","date_gmt":"2025-12-02T22:36:36","guid":{"rendered":"https:\/\/victoriavynn.ca\/product\/staleks-eyebrow-tweezers-expert-10-type-5-point\/"},"modified":"2026-03-04T18:40:47","modified_gmt":"2026-03-04T23:40:47","slug":"pince-a-sourcils-staleks-expert-10-type-5-point","status":"publish","type":"product","link":"https:\/\/victoriavynn.ca\/fr\/product\/staleks-eyebrow-tweezers-expert-10-type-5-point\/","title":{"rendered":"Staleks Pince \u00e0 sourcils EXPERT 10 TYPE 5 (point)"},"content":{"rendered":"","protected":false},"excerpt":{"rendered":"","protected":false},"featured_media":42503,"comment_status":"open","ping_status":"closed","template":"","meta":{"jetpack_post_was_ever_published":false,"jetpack_publicize_message":"","jetpack_publicize_feature_enabled":true,"jetpack_social_post_already_shared":true,"jetpack_social_options":{"image_generator_settings":{"template":"highway","default_image_id":0,"font":"","enabled":false},"version":2}},"product_brand":[935],"product_cat":[944],"product_tag":[945],"class_list":{"0":"post-42395","1":"product","2":"type-product","3":"status-publish","4":"has-post-thumbnail","6":"product_brand-staleks","7":"product_cat-staleks-eyebrow-tweezers","8":"product_tag-eyebrow-tweezers","10":"first","11":"instock","12":"taxable","13":"shipping-taxable","14":"purchasable","15":"product-type-simple"},"jetpack_publicize_connections":[],"jetpack-related-posts":[{"id":42405,"url":"https:\/\/victoriavynn.ca\/fr\/product\/staleks-eyebrow-tweezers-black-expert-11-type-5b-point\/","url_meta":{"origin":42395,"position":0},"title":"Staleks Pince \u00e0 sourcils noire EXPERT 11 TYPE 5b (point)","author":"Serge Sahakian","date":"D\u00e9cembre 2, 2025","format":false,"excerpt":"","rel":"","context":"Similar post","block_context":{"text":"Similar post","link":""},"img":{"alt_text":"Eyebrow tweezers black EXPERT 11 TYPE 5b (point)","src":"https:\/\/i0.wp.com\/victoriavynn.ca\/wp-content\/uploads\/2025\/12\/eyebrow-tweezers-black-expert-11-type-5b-point.webp?fit=750%2C1000&ssl=1&resize=350%2C200","width":350,"height":200,"srcset":"https:\/\/i0.wp.com\/victoriavynn.ca\/wp-content\/uploads\/2025\/12\/eyebrow-tweezers-black-expert-11-type-5b-point.webp?fit=750%2C1000&ssl=1&resize=350%2C200 1x, https:\/\/i0.wp.com\/victoriavynn.ca\/wp-content\/uploads\/2025\/12\/eyebrow-tweezers-black-expert-11-type-5b-point.webp?fit=750%2C1000&ssl=1&resize=525%2C300 1.5x, https:\/\/i0.wp.com\/victoriavynn.ca\/wp-content\/uploads\/2025\/12\/eyebrow-tweezers-black-expert-11-type-5b-point.webp?fit=750%2C1000&ssl=1&resize=700%2C400 2x"},"classes":[]},{"id":42469,"url":"https:\/\/victoriavynn.ca\/fr\/product\/staleks-eyebrow-tweezers-red-expert-11-type-5r-point\/","url_meta":{"origin":42395,"position":1},"title":"Staleks Pince \u00e0 sourcils rouge EXPERT 11 TYPE 5r (point)","author":"Serge Sahakian","date":"D\u00e9cembre 3, 2025","format":false,"excerpt":"TE-11\/5r","rel":"","context":"Similar post","block_context":{"text":"Similar post","link":""},"img":{"alt_text":"Eyebrow tweezers red EXPERT 11 TYPE 5r (point)","src":"https:\/\/i0.wp.com\/victoriavynn.ca\/wp-content\/uploads\/2025\/12\/eyebrow-tweezers-red-expert-11-type-5r-point-.webp?fit=750%2C1000&ssl=1&resize=350%2C200","width":350,"height":200,"srcset":"https:\/\/i0.wp.com\/victoriavynn.ca\/wp-content\/uploads\/2025\/12\/eyebrow-tweezers-red-expert-11-type-5r-point-.webp?fit=750%2C1000&ssl=1&resize=350%2C200 1x, https:\/\/i0.wp.com\/victoriavynn.ca\/wp-content\/uploads\/2025\/12\/eyebrow-tweezers-red-expert-11-type-5r-point-.webp?fit=750%2C1000&ssl=1&resize=525%2C300 1.5x, https:\/\/i0.wp.com\/victoriavynn.ca\/wp-content\/uploads\/2025\/12\/eyebrow-tweezers-red-expert-11-type-5r-point-.webp?fit=750%2C1000&ssl=1&resize=700%2C400 2x"},"classes":[]},{"id":42391,"url":"https:\/\/victoriavynn.ca\/fr\/product\/staleks-eyebrow-tweezers-expert-10-type-3-wide-beveled\/","url_meta":{"origin":42395,"position":2},"title":"Staleks Pince \u00e0 sourcils EXPERT 10 TYPE 3 (large biseau)","author":"Serge Sahakian","date":"D\u00e9cembre 2, 2025","format":false,"excerpt":"","rel":"","context":"Similar post","block_context":{"text":"Similar post","link":""},"img":{"alt_text":"Eyebrow tweezers EXPERT 10 TYPE 3 (wide beveled)","src":"https:\/\/i0.wp.com\/victoriavynn.ca\/wp-content\/uploads\/2025\/12\/eyebrow-tweezers-expert-10-type-3-wide-beveled.webp?fit=750%2C1000&ssl=1&resize=350%2C200","width":350,"height":200,"srcset":"https:\/\/i0.wp.com\/victoriavynn.ca\/wp-content\/uploads\/2025\/12\/eyebrow-tweezers-expert-10-type-3-wide-beveled.webp?fit=750%2C1000&ssl=1&resize=350%2C200 1x, https:\/\/i0.wp.com\/victoriavynn.ca\/wp-content\/uploads\/2025\/12\/eyebrow-tweezers-expert-10-type-3-wide-beveled.webp?fit=750%2C1000&ssl=1&resize=525%2C300 1.5x, https:\/\/i0.wp.com\/victoriavynn.ca\/wp-content\/uploads\/2025\/12\/eyebrow-tweezers-expert-10-type-3-wide-beveled.webp?fit=750%2C1000&ssl=1&resize=700%2C400 2x"},"classes":[]},{"id":42387,"url":"https:\/\/victoriavynn.ca\/fr\/product\/staleks-eyebrow-tweezers-expert-10-type-1-wide-straight\/","url_meta":{"origin":42395,"position":3},"title":"Staleks Pince \u00e0 sourcils EXPERT 10 TYPE 1 (large et droite)","author":"Serge Sahakian","date":"D\u00e9cembre 2, 2025","format":false,"excerpt":"TE-10\/1","rel":"","context":"Similar post","block_context":{"text":"Similar post","link":""},"img":{"alt_text":"Eyebrow tweezers EXPERT 10 TYPE 1 (wide straight)","src":"https:\/\/i0.wp.com\/victoriavynn.ca\/wp-content\/uploads\/2025\/12\/eyebrow-tweezers-expert-10-type-1-wide-straight.webp?fit=750%2C1000&ssl=1&resize=350%2C200","width":350,"height":200,"srcset":"https:\/\/i0.wp.com\/victoriavynn.ca\/wp-content\/uploads\/2025\/12\/eyebrow-tweezers-expert-10-type-1-wide-straight.webp?fit=750%2C1000&ssl=1&resize=350%2C200 1x, https:\/\/i0.wp.com\/victoriavynn.ca\/wp-content\/uploads\/2025\/12\/eyebrow-tweezers-expert-10-type-1-wide-straight.webp?fit=750%2C1000&ssl=1&resize=525%2C300 1.5x, https:\/\/i0.wp.com\/victoriavynn.ca\/wp-content\/uploads\/2025\/12\/eyebrow-tweezers-expert-10-type-1-wide-straight.webp?fit=750%2C1000&ssl=1&resize=700%2C400 2x"},"classes":[]},{"id":42389,"url":"https:\/\/victoriavynn.ca\/fr\/product\/staleks-eyebrow-tweezers-expert-10-type-2-narrow-straight\/","url_meta":{"origin":42395,"position":4},"title":"Staleks Pince \u00e0 sourcils EXPERT 10 TYPE 2 (droite \u00e9troite)","author":"Serge Sahakian","date":"D\u00e9cembre 2, 2025","format":false,"excerpt":"TE-10\/2","rel":"","context":"Similar post","block_context":{"text":"Similar post","link":""},"img":{"alt_text":"Eyebrow tweezers EXPERT 10 TYPE 2 (narrow straight)","src":"https:\/\/i0.wp.com\/victoriavynn.ca\/wp-content\/uploads\/2025\/12\/eyebrow-tweezers-expert-10-type-2-narrow-straight.webp?fit=750%2C1000&ssl=1&resize=350%2C200","width":350,"height":200,"srcset":"https:\/\/i0.wp.com\/victoriavynn.ca\/wp-content\/uploads\/2025\/12\/eyebrow-tweezers-expert-10-type-2-narrow-straight.webp?fit=750%2C1000&ssl=1&resize=350%2C200 1x, https:\/\/i0.wp.com\/victoriavynn.ca\/wp-content\/uploads\/2025\/12\/eyebrow-tweezers-expert-10-type-2-narrow-straight.webp?fit=750%2C1000&ssl=1&resize=525%2C300 1.5x, https:\/\/i0.wp.com\/victoriavynn.ca\/wp-content\/uploads\/2025\/12\/eyebrow-tweezers-expert-10-type-2-narrow-straight.webp?fit=750%2C1000&ssl=1&resize=700%2C400 2x"},"classes":[]},{"id":42393,"url":"https:\/\/victoriavynn.ca\/fr\/product\/staleks-eyebrow-tweezers-expert-10-type-4-narrow-beveled\/","url_meta":{"origin":42395,"position":5},"title":"Staleks Pince \u00e0 sourcils EXPERT 10 TYPE 4 (biseau \u00e9troit)","author":"Serge Sahakian","date":"D\u00e9cembre 2, 2025","format":false,"excerpt":"TE-10\/4","rel":"","context":"Similar post","block_context":{"text":"Similar post","link":""},"img":{"alt_text":"Eyebrow tweezers EXPERT 10 TYPE 4 (narrow beveled)","src":"https:\/\/i0.wp.com\/victoriavynn.ca\/wp-content\/uploads\/2025\/12\/eyebrow-tweezers-expert-10-type-4-narrow-beveled.webp?fit=750%2C1000&ssl=1&resize=350%2C200","width":350,"height":200,"srcset":"https:\/\/i0.wp.com\/victoriavynn.ca\/wp-content\/uploads\/2025\/12\/eyebrow-tweezers-expert-10-type-4-narrow-beveled.webp?fit=750%2C1000&ssl=1&resize=350%2C200 1x, https:\/\/i0.wp.com\/victoriavynn.ca\/wp-content\/uploads\/2025\/12\/eyebrow-tweezers-expert-10-type-4-narrow-beveled.webp?fit=750%2C1000&ssl=1&resize=525%2C300 1.5x, https:\/\/i0.wp.com\/victoriavynn.ca\/wp-content\/uploads\/2025\/12\/eyebrow-tweezers-expert-10-type-4-narrow-beveled.webp?fit=750%2C1000&ssl=1&resize=700%2C400 2x"},"classes":[]}],"jetpack_sharing_enabled":true,"_links":{"self":[{"href":"https:\/\/victoriavynn.ca\/fr\/wp-json\/wp\/v2\/product\/42395","targetHints":{"allow":["GET"]}}],"collection":[{"href":"https:\/\/victoriavynn.ca\/fr\/wp-json\/wp\/v2\/product"}],"about":[{"href":"https:\/\/victoriavynn.ca\/fr\/wp-json\/wp\/v2\/types\/product"}],"replies":[{"embeddable":true,"href":"https:\/\/victoriavynn.ca\/fr\/wp-json\/wp\/v2\/comments?post=42395"}],"wp:featuredmedia":[{"embeddable":true,"href":"https:\/\/victoriavynn.ca\/fr\/wp-json\/wp\/v2\/media\/42503"}],"wp:attachment":[{"href":"https:\/\/victoriavynn.ca\/fr\/wp-json\/wp\/v2\/media?parent=42395"}],"wp:term":[{"taxonomy":"product_brand","embeddable":true,"href":"https:\/\/victoriavynn.ca\/fr\/wp-json\/wp\/v2\/product_brand?post=42395"},{"taxonomy":"product_cat","embeddable":true,"href":"https:\/\/victoriavynn.ca\/fr\/wp-json\/wp\/v2\/product_cat?post=42395"},{"taxonomy":"product_tag","embeddable":true,"href":"https:\/\/victoriavynn.ca\/fr\/wp-json\/wp\/v2\/product_tag?post=42395"}],"curies":[{"name":"wp","href":"https:\/\/api.w.org\/{rel}","templated":true}]}}