{"id":42405,"date":"2025-12-02T17:42:34","date_gmt":"2025-12-02T22:42:34","guid":{"rendered":"https:\/\/victoriavynn.ca\/product\/staleks-eyebrow-tweezers-black-expert-11-type-5b-point\/"},"modified":"2026-03-04T18:40:47","modified_gmt":"2026-03-04T23:40:47","slug":"pince-a-sourcils-staleks-black-expert-11-type-5b-point","status":"publish","type":"product","link":"https:\/\/victoriavynn.ca\/fr\/product\/staleks-eyebrow-tweezers-black-expert-11-type-5b-point\/","title":{"rendered":"Staleks Pince \u00e0 sourcils noire EXPERT 11 TYPE 5b (point)"},"content":{"rendered":"","protected":false},"excerpt":{"rendered":"","protected":false},"featured_media":42514,"comment_status":"open","ping_status":"closed","template":"","meta":{"jetpack_post_was_ever_published":false,"jetpack_publicize_message":"","jetpack_publicize_feature_enabled":true,"jetpack_social_post_already_shared":true,"jetpack_social_options":{"image_generator_settings":{"template":"highway","default_image_id":0,"font":"","enabled":false},"version":2}},"product_brand":[935],"product_cat":[944],"product_tag":[945],"class_list":{"0":"post-42405","1":"product","2":"type-product","3":"status-publish","4":"has-post-thumbnail","6":"product_brand-staleks","7":"product_cat-staleks-eyebrow-tweezers","8":"product_tag-eyebrow-tweezers","10":"first","11":"instock","12":"taxable","13":"shipping-taxable","14":"purchasable","15":"product-type-simple"},"jetpack_publicize_connections":[],"jetpack-related-posts":[{"id":42397,"url":"https:\/\/victoriavynn.ca\/fr\/product\/staleks-eyebrow-tweezers-black-expert-11-type-3b-wide-beveled\/","url_meta":{"origin":42405,"position":0},"title":"Staleks Pince \u00e0 sourcils noire EXPERT 11 TYPE 3b (large biseau)","author":"Serge Sahakian","date":"D\u00e9cembre 2, 2025","format":false,"excerpt":"TE-11\/3b","rel":"","context":"Similar post","block_context":{"text":"Similar post","link":""},"img":{"alt_text":"Eyebrow tweezers black EXPERT 11 TYPE 3b (wide beveled)","src":"https:\/\/i0.wp.com\/victoriavynn.ca\/wp-content\/uploads\/2025\/12\/eyebrow-tweezers-black-expert-11-type-3b-wide-beveled.webp?fit=750%2C1000&ssl=1&resize=350%2C200","width":350,"height":200,"srcset":"https:\/\/i0.wp.com\/victoriavynn.ca\/wp-content\/uploads\/2025\/12\/eyebrow-tweezers-black-expert-11-type-3b-wide-beveled.webp?fit=750%2C1000&ssl=1&resize=350%2C200 1x, https:\/\/i0.wp.com\/victoriavynn.ca\/wp-content\/uploads\/2025\/12\/eyebrow-tweezers-black-expert-11-type-3b-wide-beveled.webp?fit=750%2C1000&ssl=1&resize=525%2C300 1.5x, https:\/\/i0.wp.com\/victoriavynn.ca\/wp-content\/uploads\/2025\/12\/eyebrow-tweezers-black-expert-11-type-3b-wide-beveled.webp?fit=750%2C1000&ssl=1&resize=700%2C400 2x"},"classes":[]},{"id":42401,"url":"https:\/\/victoriavynn.ca\/fr\/product\/staleks-eyebrow-tweezers-black-expert-11-type-4b-narrow-beveled\/","url_meta":{"origin":42405,"position":1},"title":"Staleks Pince \u00e0 sourcils noire EXPERT 11 TYPE 4b (biseau \u00e9troit)","author":"Serge Sahakian","date":"D\u00e9cembre 2, 2025","format":false,"excerpt":"TE-11\/4b","rel":"","context":"Similar post","block_context":{"text":"Similar post","link":""},"img":{"alt_text":"Eyebrow tweezers black EXPERT 11 TYPE 4b (narrow beveled)","src":"https:\/\/i0.wp.com\/victoriavynn.ca\/wp-content\/uploads\/2025\/12\/eyebrow-tweezers-black-expert-11-type-4b-narrow-beveled.webp?fit=750%2C1000&ssl=1&resize=350%2C200","width":350,"height":200,"srcset":"https:\/\/i0.wp.com\/victoriavynn.ca\/wp-content\/uploads\/2025\/12\/eyebrow-tweezers-black-expert-11-type-4b-narrow-beveled.webp?fit=750%2C1000&ssl=1&resize=350%2C200 1x, https:\/\/i0.wp.com\/victoriavynn.ca\/wp-content\/uploads\/2025\/12\/eyebrow-tweezers-black-expert-11-type-4b-narrow-beveled.webp?fit=750%2C1000&ssl=1&resize=525%2C300 1.5x, https:\/\/i0.wp.com\/victoriavynn.ca\/wp-content\/uploads\/2025\/12\/eyebrow-tweezers-black-expert-11-type-4b-narrow-beveled.webp?fit=750%2C1000&ssl=1&resize=700%2C400 2x"},"classes":[]},{"id":42469,"url":"https:\/\/victoriavynn.ca\/fr\/product\/staleks-eyebrow-tweezers-red-expert-11-type-5r-point\/","url_meta":{"origin":42405,"position":2},"title":"Staleks Pince \u00e0 sourcils rouge EXPERT 11 TYPE 5r (point)","author":"Serge Sahakian","date":"D\u00e9cembre 3, 2025","format":false,"excerpt":"TE-11\/5r","rel":"","context":"Similar post","block_context":{"text":"Similar post","link":""},"img":{"alt_text":"Eyebrow tweezers red EXPERT 11 TYPE 5r (point)","src":"https:\/\/i0.wp.com\/victoriavynn.ca\/wp-content\/uploads\/2025\/12\/eyebrow-tweezers-red-expert-11-type-5r-point-.webp?fit=750%2C1000&ssl=1&resize=350%2C200","width":350,"height":200,"srcset":"https:\/\/i0.wp.com\/victoriavynn.ca\/wp-content\/uploads\/2025\/12\/eyebrow-tweezers-red-expert-11-type-5r-point-.webp?fit=750%2C1000&ssl=1&resize=350%2C200 1x, https:\/\/i0.wp.com\/victoriavynn.ca\/wp-content\/uploads\/2025\/12\/eyebrow-tweezers-red-expert-11-type-5r-point-.webp?fit=750%2C1000&ssl=1&resize=525%2C300 1.5x, https:\/\/i0.wp.com\/victoriavynn.ca\/wp-content\/uploads\/2025\/12\/eyebrow-tweezers-red-expert-11-type-5r-point-.webp?fit=750%2C1000&ssl=1&resize=700%2C400 2x"},"classes":[]},{"id":42395,"url":"https:\/\/victoriavynn.ca\/fr\/product\/staleks-eyebrow-tweezers-expert-10-type-5-point\/","url_meta":{"origin":42405,"position":3},"title":"Staleks Pince \u00e0 sourcils EXPERT 10 TYPE 5 (point)","author":"Serge Sahakian","date":"D\u00e9cembre 2, 2025","format":false,"excerpt":"","rel":"","context":"Similar post","block_context":{"text":"Similar post","link":""},"img":{"alt_text":"Eyebrow tweezers EXPERT 10 TYPE 5 (point)","src":"https:\/\/i0.wp.com\/victoriavynn.ca\/wp-content\/uploads\/2025\/12\/eyebrow-tweezers-expert-10-type-5-point.webp?fit=750%2C1000&ssl=1&resize=350%2C200","width":350,"height":200,"srcset":"https:\/\/i0.wp.com\/victoriavynn.ca\/wp-content\/uploads\/2025\/12\/eyebrow-tweezers-expert-10-type-5-point.webp?fit=750%2C1000&ssl=1&resize=350%2C200 1x, https:\/\/i0.wp.com\/victoriavynn.ca\/wp-content\/uploads\/2025\/12\/eyebrow-tweezers-expert-10-type-5-point.webp?fit=750%2C1000&ssl=1&resize=525%2C300 1.5x, https:\/\/i0.wp.com\/victoriavynn.ca\/wp-content\/uploads\/2025\/12\/eyebrow-tweezers-expert-10-type-5-point.webp?fit=750%2C1000&ssl=1&resize=700%2C400 2x"},"classes":[]},{"id":42399,"url":"https:\/\/victoriavynn.ca\/fr\/product\/staleks-eyebrow-tweezers-red-expert-11-type-3r-wide-beveled\/","url_meta":{"origin":42405,"position":4},"title":"Staleks Pince \u00e0 sourcils rouge EXPERT 11 TYPE 3r (large biseau)","author":"Serge Sahakian","date":"D\u00e9cembre 2, 2025","format":false,"excerpt":"TE-11\/3r","rel":"","context":"Similar post","block_context":{"text":"Similar post","link":""},"img":{"alt_text":"Eyebrow tweezers red EXPERT 11 TYPE 3r (wide beveled)","src":"https:\/\/i0.wp.com\/victoriavynn.ca\/wp-content\/uploads\/2025\/12\/eyebrow-tweezers-red-expert-11-type-3r-wide-beveled.webp?fit=750%2C1000&ssl=1&resize=350%2C200","width":350,"height":200,"srcset":"https:\/\/i0.wp.com\/victoriavynn.ca\/wp-content\/uploads\/2025\/12\/eyebrow-tweezers-red-expert-11-type-3r-wide-beveled.webp?fit=750%2C1000&ssl=1&resize=350%2C200 1x, https:\/\/i0.wp.com\/victoriavynn.ca\/wp-content\/uploads\/2025\/12\/eyebrow-tweezers-red-expert-11-type-3r-wide-beveled.webp?fit=750%2C1000&ssl=1&resize=525%2C300 1.5x, https:\/\/i0.wp.com\/victoriavynn.ca\/wp-content\/uploads\/2025\/12\/eyebrow-tweezers-red-expert-11-type-3r-wide-beveled.webp?fit=750%2C1000&ssl=1&resize=700%2C400 2x"},"classes":[]},{"id":42403,"url":"https:\/\/victoriavynn.ca\/fr\/product\/staleks-eyebrow-tweezers-red-expert-11-type-4r-narrow-beveled\/","url_meta":{"origin":42405,"position":5},"title":"Staleks Pince \u00e0 sourcils rouge EXPERT 11 TYPE 4r (biseau \u00e9troit)","author":"Serge Sahakian","date":"D\u00e9cembre 2, 2025","format":false,"excerpt":"TE-11\/4r","rel":"","context":"Similar post","block_context":{"text":"Similar post","link":""},"img":{"alt_text":"Eyebrow tweezers red EXPERT 11 TYPE 4r (narrow beveled)","src":"https:\/\/i0.wp.com\/victoriavynn.ca\/wp-content\/uploads\/2025\/12\/eyebrow-tweezers-red-expert-11-type-4r-narrow-beveled.webp?fit=750%2C1000&ssl=1&resize=350%2C200","width":350,"height":200,"srcset":"https:\/\/i0.wp.com\/victoriavynn.ca\/wp-content\/uploads\/2025\/12\/eyebrow-tweezers-red-expert-11-type-4r-narrow-beveled.webp?fit=750%2C1000&ssl=1&resize=350%2C200 1x, https:\/\/i0.wp.com\/victoriavynn.ca\/wp-content\/uploads\/2025\/12\/eyebrow-tweezers-red-expert-11-type-4r-narrow-beveled.webp?fit=750%2C1000&ssl=1&resize=525%2C300 1.5x, https:\/\/i0.wp.com\/victoriavynn.ca\/wp-content\/uploads\/2025\/12\/eyebrow-tweezers-red-expert-11-type-4r-narrow-beveled.webp?fit=750%2C1000&ssl=1&resize=700%2C400 2x"},"classes":[]}],"jetpack_sharing_enabled":true,"_links":{"self":[{"href":"https:\/\/victoriavynn.ca\/fr\/wp-json\/wp\/v2\/product\/42405","targetHints":{"allow":["GET"]}}],"collection":[{"href":"https:\/\/victoriavynn.ca\/fr\/wp-json\/wp\/v2\/product"}],"about":[{"href":"https:\/\/victoriavynn.ca\/fr\/wp-json\/wp\/v2\/types\/product"}],"replies":[{"embeddable":true,"href":"https:\/\/victoriavynn.ca\/fr\/wp-json\/wp\/v2\/comments?post=42405"}],"wp:featuredmedia":[{"embeddable":true,"href":"https:\/\/victoriavynn.ca\/fr\/wp-json\/wp\/v2\/media\/42514"}],"wp:attachment":[{"href":"https:\/\/victoriavynn.ca\/fr\/wp-json\/wp\/v2\/media?parent=42405"}],"wp:term":[{"taxonomy":"product_brand","embeddable":true,"href":"https:\/\/victoriavynn.ca\/fr\/wp-json\/wp\/v2\/product_brand?post=42405"},{"taxonomy":"product_cat","embeddable":true,"href":"https:\/\/victoriavynn.ca\/fr\/wp-json\/wp\/v2\/product_cat?post=42405"},{"taxonomy":"product_tag","embeddable":true,"href":"https:\/\/victoriavynn.ca\/fr\/wp-json\/wp\/v2\/product_tag?post=42405"}],"curies":[{"name":"wp","href":"https:\/\/api.w.org\/{rel}","templated":true}]}}